{"id":200037,"date":"2024-07-24T08:19:32","date_gmt":"2024-07-24T06:19:32","guid":{"rendered":"https:\/\/www.livespace.io\/?page_id=200037"},"modified":"2026-03-31T10:46:05","modified_gmt":"2026-03-31T08:46:05","slug":"webinarii","status":"publish","type":"page","link":"https:\/\/www.livespace.io\/ro\/webinarii\/","title":{"rendered":"Webinars"},"content":{"rendered":"<div  class='flex_column av-dal040k-aa2c325d7575a1ab344db6edf6d7edb6 av_one_fifth  avia-builder-el-0  el_before_av_three_fifth  avia-builder-el-first  first flex_column_div  '     ><\/div>\n\n<style type=\"text\/css\" data-created_by=\"avia_inline_auto\" id=\"style-css-av-magm5zi5-d4d0b9843c9668412ba9e880f710c08e\">\n.flex_column.av-magm5zi5-d4d0b9843c9668412ba9e880f710c08e{\npadding:0 0 0 0;\n}\n\n@media only screen and (min-width: 990px){ \n.flex_column.av-magm5zi5-d4d0b9843c9668412ba9e880f710c08e{\npadding:0 0 0 0;\n}\n}\n\n@media only screen and (max-width: 479px){ \n.flex_column.av-magm5zi5-d4d0b9843c9668412ba9e880f710c08e{\npadding:0 0 0 0;\n}\n}\n<\/style>\n<div  class='flex_column av-magm5zi5-d4d0b9843c9668412ba9e880f710c08e av_three_fifth  avia-builder-el-1  el_after_av_one_fifth  el_before_av_one_fifth  flex_column_div av-zero-column-padding  '     ><section  class='av_textblock_section av-magm56mk-f5a50bf87e547ce91dcbe607ab7867b8 '   itemscope=\"itemscope\" itemtype=\"https:\/\/schema.org\/CreativeWork\" ><div class='avia_textblock'  itemprop=\"text\" ><article class=\"text-token-text-primary w-full focus:outline-none scroll-mt-&#091;calc(var(--header-height)+min(200px,max(70px,20svh)))&#093;\" dir=\"auto\" tabindex=\"-1\" data-turn-id=\"d7615635-fc3b-488d-a17c-99bf34a8e670\" data-testid=\"conversation-turn-6\" data-scroll-anchor=\"true\" data-turn=\"assistant\">\n<div class=\"text-base my-auto mx-auto pb-10 &#091;--thread-content-margin:--spacing(4)&#093; thread-sm:&#091;--thread-content-margin:--spacing(6)&#093; thread-lg:&#091;--thread-content-margin:--spacing(16)&#093; px-(--thread-content-margin)\">\n<div class=\"&#091;--thread-content-max-width:40rem&#093; thread-lg:&#091;--thread-content-max-width:48rem&#093; mx-auto max-w-(--thread-content-max-width) flex-1 group\/turn-messages focus-visible:outline-hidden relative flex w-full min-w-0 flex-col agent-turn\" tabindex=\"-1\">\n<div class=\"flex max-w-full flex-col grow\">\n<div class=\"min-h-8 text-message relative flex w-full flex-col items-end gap-2 text-start break-words whitespace-normal &#091;.text-message+&amp;&#093;:mt-5\" dir=\"auto\" data-message-author-role=\"assistant\" data-message-id=\"75b1c38b-65a3-43da-92be-27397b066acb\" data-message-model-slug=\"gpt-5-thinking\">\n<div class=\"flex w-full flex-col gap-1 empty:hidden first:pt-&#091;3px&#093;\">\n<div class=\"markdown prose dark:prose-invert w-full break-words light markdown-new-styling\">\n<p style=\"text-align: center;\" data-start=\"0\" data-end=\"73\" data-is-last-node=\"\" data-is-only-node=\"\"><strong>R\u0103m\u00e2i la curent cu viitoarele webinarii. Las\u0103-\u021bi adresa de email mai jos.<\/strong><\/p>\n<\/div>\n<\/div>\n<\/div>\n<\/div>\n<\/div>\n<\/div>\n<\/article>\n<\/div><\/section><br \/>\n<\/p><\/div>\n<div  class='flex_column av-92edbdg-6933f464578f4f896761e3911a465c06 av_one_fifth  avia-builder-el-4  el_after_av_three_fifth  el_before_av_hr  flex_column_div  '     ><\/div>\n\n<style type=\"text\/css\" data-created_by=\"avia_inline_auto\" id=\"style-css-av-magm9nvq-19b378553f0491ba7a1b2f2f58dcbe7f\">\n#top .hr.hr-invisible.av-magm9nvq-19b378553f0491ba7a1b2f2f58dcbe7f{\nheight:80px;\n}\n<\/style>\n<div  class='hr av-magm9nvq-19b378553f0491ba7a1b2f2f58dcbe7f hr-invisible  avia-builder-el-5  el_after_av_one_fifth  el_before_av_one_half '><span class='hr-inner '><span class=\"hr-inner-style\"><\/span><\/span><\/div>\n<div  class='flex_column av-1ar6rh0-286687b65e3b7fe7fb020138cededaab av_one_half  avia-builder-el-6  el_after_av_hr  el_before_av_one_full  first flex_column_div  '     ><style type=\"text\/css\" data-created_by=\"avia_inline_auto\" id=\"style-css-av-m3zx7vxs-92576bddd83ae96aeba85a1a13068b44\">\n.avia-image-container.av-m3zx7vxs-92576bddd83ae96aeba85a1a13068b44 img.avia_image{\nbox-shadow:none;\n}\n.avia-image-container.av-m3zx7vxs-92576bddd83ae96aeba85a1a13068b44 .av-image-caption-overlay-center{\ncolor:#ffffff;\n}\n<\/style>\n<div  class='avia-image-container av-m3zx7vxs-92576bddd83ae96aeba85a1a13068b44 av-styling- av-img-linked avia-align-center  avia-builder-el-7  avia-builder-el-no-sibling '   itemprop=\"image\" itemscope=\"itemscope\" itemtype=\"https:\/\/schema.org\/ImageObject\" ><div class=\"avia-image-container-inner\"><div class=\"avia-image-overlay-wrap\"><a href=\"https:\/\/www.livespace.io\/ro\/webinarii\/lead-uri-de-calitate\" class='avia_image '  aria-label='Ghid-practic-pentru-T4-2025-cover-on-demand'><img decoding=\"async\" fetchpriority=\"high\" class='wp-image-200118 avia-img-lazy-loading-not-200118 avia_image ' src=\"https:\/\/www.livespace.io\/wp-content\/uploads\/2025\/09\/Ghid-practic-pentru-T4-2025-cover-on-demand.webp\" alt='' title='Ghid-practic-pentru-T4-2025-cover-on-demand'  height=\"785\" width=\"1500\"  itemprop=\"thumbnailUrl\" srcset=\"https:\/\/www.livespace.io\/wp-content\/uploads\/2025\/09\/Ghid-practic-pentru-T4-2025-cover-on-demand.webp 1500w, https:\/\/www.livespace.io\/wp-content\/uploads\/2025\/09\/Ghid-practic-pentru-T4-2025-cover-on-demand-300x157.webp 300w, https:\/\/www.livespace.io\/wp-content\/uploads\/2025\/09\/Ghid-practic-pentru-T4-2025-cover-on-demand-1030x539.webp 1030w, https:\/\/www.livespace.io\/wp-content\/uploads\/2025\/09\/Ghid-practic-pentru-T4-2025-cover-on-demand-768x402.webp 768w, https:\/\/www.livespace.io\/wp-content\/uploads\/2025\/09\/Ghid-practic-pentru-T4-2025-cover-on-demand-705x369.webp 705w\" sizes=\"(max-width: 1500px) 100vw, 1500px\" \/><\/a><\/div><\/div><\/div><\/div>\n<div  class='flex_column av-8ivttjo-dc325d97117fbcf797dabc9d94e2b240 av_one_full  avia-builder-el-8  el_after_av_one_half  avia-builder-el-last  first flex_column_div  column-top-margin'     ><style type=\"text\/css\" data-created_by=\"avia_inline_auto\" id=\"style-css-av-m3zzpbce-cb1fc5b44a109758c4c37c4103275488\">\n#top .hr.hr-invisible.av-m3zzpbce-cb1fc5b44a109758c4c37c4103275488{\nheight:50px;\n}\n<\/style>\n<div  class='hr av-m3zzpbce-cb1fc5b44a109758c4c37c4103275488 hr-invisible  avia-builder-el-9  avia-builder-el-no-sibling '><span class='hr-inner '><span class=\"hr-inner-style\"><\/span><\/span><\/div><\/div>\n<div style='text-align:center' class='yasr-auto-insert-visitor'><\/div>","protected":false},"excerpt":{"rendered":"","protected":false},"author":94,"featured_media":0,"parent":0,"menu_order":0,"comment_status":"open","ping_status":"closed","template":"","meta":{"_acf_changed":false,"inline_featured_image":false,"yasr_overall_rating":0,"yasr_post_is_review":"","yasr_auto_insert_disabled":"","yasr_review_type":"","footnotes":""},"class_list":["post-200037","page","type-page","status-publish","hentry"],"yasr_visitor_votes":{"stars_attributes":{"read_only":false,"span_bottom":false},"number_of_votes":0,"sum_votes":0},"acf":[],"yoast_head":"<!-- This site is optimized with the Yoast SEO plugin v27.3 - https:\/\/yoast.com\/product\/yoast-seo-wordpress\/ -->\n<title>Webinarii de v\u00e2nz\u0103ri B2B | Livespace CRM<\/title>\n<meta name=\"description\" content=\"Webinarii pentru v\u00e2nz\u0103tori B2B sus\u021binute de exper\u021bi Livespace \u0219i invita\u021bi speciali.\" \/>\n<meta name=\"robots\" content=\"index, follow, max-snippet:-1, max-image-preview:large, max-video-preview:-1\" \/>\n<link rel=\"canonical\" href=\"https:\/\/www.livespace.io\/ro\/webinarii\/\" \/>\n<meta property=\"og:locale\" content=\"ro_RO\" \/>\n<meta property=\"og:type\" content=\"article\" \/>\n<meta property=\"og:title\" content=\"Webinarii de v\u00e2nz\u0103ri B2B | Livespace CRM\" \/>\n<meta property=\"og:description\" content=\"Webinarii pentru v\u00e2nz\u0103tori B2B sus\u021binute de exper\u021bi Livespace \u0219i invita\u021bi speciali.\" \/>\n<meta property=\"og:url\" content=\"https:\/\/www.livespace.io\/ro\/webinarii\/\" \/>\n<meta property=\"og:site_name\" content=\"Livespace CRM\" \/>\n<meta property=\"article:modified_time\" content=\"2026-03-31T08:46:05+00:00\" \/>\n<meta property=\"og:image\" content=\"https:\/\/www.livespace.io\/wp-content\/uploads\/2022\/06\/Livespace-sell-smarter-crm.png\" \/>\n\t<meta property=\"og:image:width\" content=\"1200\" \/>\n\t<meta property=\"og:image:height\" content=\"628\" \/>\n\t<meta property=\"og:image:type\" content=\"image\/png\" \/>\n<meta name=\"twitter:card\" content=\"summary_large_image\" \/>\n<meta name=\"twitter:label1\" content=\"Timp estimat pentru citire\" \/>\n\t<meta name=\"twitter:data1\" content=\"1 minut\" \/>\n<script type=\"application\/ld+json\" class=\"yoast-schema-graph\">{\"@context\":\"https:\\\/\\\/schema.org\",\"@graph\":[{\"@type\":\"WebPage\",\"@id\":\"https:\\\/\\\/www.livespace.io\\\/ro\\\/webinarii\\\/\",\"url\":\"https:\\\/\\\/www.livespace.io\\\/ro\\\/webinarii\\\/\",\"name\":\"Webinarii de v\u00e2nz\u0103ri B2B | Livespace CRM\",\"isPartOf\":{\"@id\":\"https:\\\/\\\/www.livespace.io\\\/ro\\\/#website\"},\"datePublished\":\"2024-07-24T06:19:32+00:00\",\"dateModified\":\"2026-03-31T08:46:05+00:00\",\"description\":\"Webinarii pentru v\u00e2nz\u0103tori B2B sus\u021binute de exper\u021bi Livespace \u0219i invita\u021bi speciali.\",\"inLanguage\":\"ro-RO\",\"potentialAction\":[{\"@type\":\"ReadAction\",\"target\":[\"https:\\\/\\\/www.livespace.io\\\/ro\\\/webinarii\\\/\"]}]},{\"@type\":\"WebSite\",\"@id\":\"https:\\\/\\\/www.livespace.io\\\/ro\\\/#website\",\"url\":\"https:\\\/\\\/www.livespace.io\\\/ro\\\/\",\"name\":\"Livespace CRM\",\"description\":\"sell smarter\",\"publisher\":{\"@id\":\"https:\\\/\\\/www.livespace.io\\\/ro\\\/#organization\"},\"potentialAction\":[{\"@type\":\"SearchAction\",\"target\":{\"@type\":\"EntryPoint\",\"urlTemplate\":\"https:\\\/\\\/www.livespace.io\\\/ro\\\/?s={search_term_string}\"},\"query-input\":{\"@type\":\"PropertyValueSpecification\",\"valueRequired\":true,\"valueName\":\"search_term_string\"}}],\"inLanguage\":\"ro-RO\"},{\"@type\":\"Organization\",\"@id\":\"https:\\\/\\\/www.livespace.io\\\/ro\\\/#organization\",\"name\":\"Livespace.io\",\"url\":\"https:\\\/\\\/www.livespace.io\\\/ro\\\/\",\"logo\":{\"@type\":\"ImageObject\",\"inLanguage\":\"ro-RO\",\"@id\":\"https:\\\/\\\/www.livespace.io\\\/ro\\\/#\\\/schema\\\/logo\\\/image\\\/\",\"url\":\"https:\\\/\\\/www.livespace.io\\\/wp-content\\\/uploads\\\/2021\\\/09\\\/livespace-logo.png\",\"contentUrl\":\"https:\\\/\\\/www.livespace.io\\\/wp-content\\\/uploads\\\/2021\\\/09\\\/livespace-logo.png\",\"width\":204,\"height\":54,\"caption\":\"Livespace.io\"},\"image\":{\"@id\":\"https:\\\/\\\/www.livespace.io\\\/ro\\\/#\\\/schema\\\/logo\\\/image\\\/\"}}]}<\/script>\n<!-- \/ Yoast SEO plugin. -->","yoast_head_json":{"title":"Webinarii de v\u00e2nz\u0103ri B2B | Livespace CRM","description":"Webinarii pentru v\u00e2nz\u0103tori B2B sus\u021binute de exper\u021bi Livespace \u0219i invita\u021bi speciali.","robots":{"index":"index","follow":"follow","max-snippet":"max-snippet:-1","max-image-preview":"max-image-preview:large","max-video-preview":"max-video-preview:-1"},"canonical":"https:\/\/www.livespace.io\/ro\/webinarii\/","og_locale":"ro_RO","og_type":"article","og_title":"Webinarii de v\u00e2nz\u0103ri B2B | Livespace CRM","og_description":"Webinarii pentru v\u00e2nz\u0103tori B2B sus\u021binute de exper\u021bi Livespace \u0219i invita\u021bi speciali.","og_url":"https:\/\/www.livespace.io\/ro\/webinarii\/","og_site_name":"Livespace CRM","article_modified_time":"2026-03-31T08:46:05+00:00","og_image":[{"width":1200,"height":628,"url":"https:\/\/www.livespace.io\/wp-content\/uploads\/2022\/06\/Livespace-sell-smarter-crm.png","type":"image\/png"}],"twitter_card":"summary_large_image","twitter_misc":{"Timp estimat pentru citire":"1 minut"},"schema":{"@context":"https:\/\/schema.org","@graph":[{"@type":"WebPage","@id":"https:\/\/www.livespace.io\/ro\/webinarii\/","url":"https:\/\/www.livespace.io\/ro\/webinarii\/","name":"Webinarii de v\u00e2nz\u0103ri B2B | Livespace CRM","isPartOf":{"@id":"https:\/\/www.livespace.io\/ro\/#website"},"datePublished":"2024-07-24T06:19:32+00:00","dateModified":"2026-03-31T08:46:05+00:00","description":"Webinarii pentru v\u00e2nz\u0103tori B2B sus\u021binute de exper\u021bi Livespace \u0219i invita\u021bi speciali.","inLanguage":"ro-RO","potentialAction":[{"@type":"ReadAction","target":["https:\/\/www.livespace.io\/ro\/webinarii\/"]}]},{"@type":"WebSite","@id":"https:\/\/www.livespace.io\/ro\/#website","url":"https:\/\/www.livespace.io\/ro\/","name":"Livespace CRM","description":"sell smarter","publisher":{"@id":"https:\/\/www.livespace.io\/ro\/#organization"},"potentialAction":[{"@type":"SearchAction","target":{"@type":"EntryPoint","urlTemplate":"https:\/\/www.livespace.io\/ro\/?s={search_term_string}"},"query-input":{"@type":"PropertyValueSpecification","valueRequired":true,"valueName":"search_term_string"}}],"inLanguage":"ro-RO"},{"@type":"Organization","@id":"https:\/\/www.livespace.io\/ro\/#organization","name":"Livespace.io","url":"https:\/\/www.livespace.io\/ro\/","logo":{"@type":"ImageObject","inLanguage":"ro-RO","@id":"https:\/\/www.livespace.io\/ro\/#\/schema\/logo\/image\/","url":"https:\/\/www.livespace.io\/wp-content\/uploads\/2021\/09\/livespace-logo.png","contentUrl":"https:\/\/www.livespace.io\/wp-content\/uploads\/2021\/09\/livespace-logo.png","width":204,"height":54,"caption":"Livespace.io"},"image":{"@id":"https:\/\/www.livespace.io\/ro\/#\/schema\/logo\/image\/"}}]}},"_links":{"self":[{"href":"https:\/\/www.livespace.io\/ro\/wp-json\/wp\/v2\/pages\/200037","targetHints":{"allow":["GET"]}}],"collection":[{"href":"https:\/\/www.livespace.io\/ro\/wp-json\/wp\/v2\/pages"}],"about":[{"href":"https:\/\/www.livespace.io\/ro\/wp-json\/wp\/v2\/types\/page"}],"author":[{"embeddable":true,"href":"https:\/\/www.livespace.io\/ro\/wp-json\/wp\/v2\/users\/94"}],"replies":[{"embeddable":true,"href":"https:\/\/www.livespace.io\/ro\/wp-json\/wp\/v2\/comments?post=200037"}],"version-history":[{"count":8,"href":"https:\/\/www.livespace.io\/ro\/wp-json\/wp\/v2\/pages\/200037\/revisions"}],"predecessor-version":[{"id":201157,"href":"https:\/\/www.livespace.io\/ro\/wp-json\/wp\/v2\/pages\/200037\/revisions\/201157"}],"wp:attachment":[{"href":"https:\/\/www.livespace.io\/ro\/wp-json\/wp\/v2\/media?parent=200037"}],"curies":[{"name":"wp","href":"https:\/\/api.w.org\/{rel}","templated":true}]}}