{"id":199551,"date":"2025-07-29T15:44:47","date_gmt":"2025-07-29T13:44:47","guid":{"rendered":"https:\/\/www.livespace.io\/live-newsletter-copy\/"},"modified":"2026-03-31T13:10:21","modified_gmt":"2026-03-31T11:10:21","slug":"lista-de-asteptare","status":"publish","type":"page","link":"https:\/\/www.livespace.io\/ro\/lista-de-asteptare\/","title":{"rendered":"Al\u0103tur\u0103-te comunit\u0103\u021bii noastre!"},"content":{"rendered":"\n<\/div><\/div><\/div><!-- close content main div --><\/div><\/div><div id='av-layout-grid-1'  class='av-layout-grid-container av-65d3jpy-4b0f622863be338d0bd737d29cbd4e69 entry-content-wrapper main_color av-flex-cells  avia-builder-el-1  el_after_av_codeblock  el_before_av_one_full  shd-container ls-content-container grid-row-not-first  container_wrap fullsize'  >\n\n<style type=\"text\/css\" data-created_by=\"avia_inline_auto\" id=\"style-css-av-1hwdz6t-ed895aff6bfa8750f7254168e90f6308\">\n.flex_cell.av-1hwdz6t-ed895aff6bfa8750f7254168e90f6308{\nvertical-align:top;\n}\n.responsive #top #wrap_all .flex_cell.av-1hwdz6t-ed895aff6bfa8750f7254168e90f6308{\npadding:30px 30px 30px 30px !important;\n}\n<\/style>\n<div class='flex_cell av-1hwdz6t-ed895aff6bfa8750f7254168e90f6308 av-gridrow-cell av_one_half no_margin  avia-builder-el-2  el_before_av_cell_one_half  avia-builder-el-first  content-align-top'  ><div class='flex_cell_inner'><section  class='av_textblock_section av-e0ap06-d4d9d0bcddde88fd936177eaacef63cd '   itemscope=\"itemscope\" itemtype=\"https:\/\/schema.org\/CreativeWork\" ><div class='avia_textblock'  itemprop=\"text\" ><h2 style=\"text-align: center;\">Completeaz\u0103 formularul<\/h2>\n<p style=\"text-align: center;\">Prime\u0219te notific\u0103ri despre urm\u0103toarele evenimente<\/p>\n<\/div><\/section><br \/>\n<section  class='av_textblock_section av-a6vuen9-76521ed7ad388d2d9b554be6046c4887 '   itemscope=\"itemscope\" itemtype=\"https:\/\/schema.org\/CreativeWork\" ><div class='avia_textblock'  itemprop=\"text\" ><div class=\"wpforms-container wpforms-container-full\" id=\"wpforms-199453\"><form id=\"wpforms-form-199453\" class=\"wpforms-validate wpforms-form wpforms-ajax-form\" data-formid=\"199453\" method=\"post\" enctype=\"multipart\/form-data\" action=\"\/ro\/wp-json\/wp\/v2\/pages\/199551\" data-token=\"b068dabd0ac51673854e7235f7d9597a\" data-token-time=\"1777636440\"><noscript class=\"wpforms-error-noscript\">Please enable JavaScript in your browser to complete this form.<\/noscript><div class=\"wpforms-field-container\"><div id=\"wpforms-199453-field_1-container\" class=\"wpforms-field wpforms-field-name\" data-field-id=\"1\"><label class=\"wpforms-field-label wpforms-label-hide\" for=\"wpforms-199453-field_1\">Nume \u0219i prenume <span class=\"wpforms-required-label\">*<\/span><\/label><input type=\"text\" id=\"wpforms-199453-field_1\" class=\"wpforms-field-large wpforms-field-required\" name=\"wpforms[fields][1]\" placeholder=\"Nume \u0219i prenume\" required><\/div><div id=\"wpforms-199453-field_2-container\" class=\"wpforms-field wpforms-field-email\" data-field-id=\"2\"><label class=\"wpforms-field-label wpforms-label-hide\" for=\"wpforms-199453-field_2\">Adres\u0103 de email profesional\u0103 <span class=\"wpforms-required-label\">*<\/span><\/label><input type=\"email\" id=\"wpforms-199453-field_2\" class=\"wpforms-field-large wpforms-field-required\" name=\"wpforms[fields][2]\" placeholder=\"Adres\u0103 de email profesional\u0103\" spellcheck=\"false\" required><\/div><div id=\"wpforms-199453-field_3-container\" class=\"wpforms-field wpforms-field-text\" data-field-id=\"3\"><label class=\"wpforms-field-label wpforms-label-hide\" for=\"wpforms-199453-field_3\">Numele companiei <span class=\"wpforms-required-label\">*<\/span><\/label><input type=\"text\" id=\"wpforms-199453-field_3\" class=\"wpforms-field-large wpforms-field-required\" name=\"wpforms[fields][3]\" placeholder=\"Numele companiei\" required><\/div><div id=\"wpforms-199453-field_6-container\" class=\"wpforms-field wpforms-field-checkbox\" data-field-id=\"6\"><label class=\"wpforms-field-label wpforms-label-hide\">Consim\u021b\u0103m\u00e2nt pentru comunicare prin e-mail <span class=\"wpforms-required-label\">*<\/span><\/label><ul id=\"wpforms-199453-field_6\" class=\"wpforms-field-required\"><li class=\"choice-1 depth-1\"><input type=\"checkbox\" id=\"wpforms-199453-field_6_1\" name=\"wpforms[fields][6][]\" value=\"Consim\u021b\u0103m\u00e2nt pentru comunicare prin e-mail\" required ><label class=\"wpforms-field-label-inline\" for=\"wpforms-199453-field_6_1\">Consim\u021b\u0103m\u00e2nt pentru comunicare prin e-mail <span class=\"wpforms-required-label\">*<\/span><\/label><\/li><\/ul><div class=\"wpforms-field-description wpforms-disclaimer-description\"><small>Operatorul datelor cu caracter personal este Livespace S.A., cu sediul \u00een Var\u0219ovia. Datele tale vor fi prelucrate \u00een scopuri de comunicare de marketing \u0219i educa\u021bional\u0103.<\/small><br \/>\r\n<\/div><\/div><\/div><!-- .wpforms-field-container --><div class=\"wpforms-submit-container\" ><input type=\"hidden\" name=\"wpforms[id]\" value=\"199453\"><input type=\"hidden\" name=\"page_title\" value=\"\"><input type=\"hidden\" name=\"page_url\" value=\"https:\/\/www.livespace.io\/ro\/wp-json\/wp\/v2\/pages\/199551\"><input type=\"hidden\" name=\"url_referer\" value=\"\"><button type=\"submit\" name=\"wpforms[submit]\" id=\"wpforms-submit-199453\" class=\"wpforms-submit\" data-alt-text=\"Se trimite\u2026\" data-submit-text=\"M\u0103 \u00eenscriu!\" aria-live=\"assertive\" value=\"wpforms-submit\">M\u0103 \u00eenscriu!<\/button><img decoding=\"async\" src=\"https:\/\/www.livespace.io\/wp-content\/plugins\/wpforms\/assets\/images\/submit-spin.svg\" class=\"wpforms-submit-spinner\" style=\"display: none;\" width=\"26\" height=\"26\" alt=\"Loading\"><\/div><\/form><\/div>  <!-- .wpforms-container -->\n<\/div><\/section><br \/>\n\n<style type=\"text\/css\" data-created_by=\"avia_inline_auto\" id=\"style-css-av-2vjy7xy-e987c711f8923c36059e1b8cfa7947b2\">\n.flex_column.av-2vjy7xy-e987c711f8923c36059e1b8cfa7947b2{\nborder-radius:0px 0px 0px 0px;\npadding:0px 0px 0px 0px;\n}\n<\/style>\n<div  class='flex_column av-2vjy7xy-e987c711f8923c36059e1b8cfa7947b2 av_one_full  avia-builder-el-5  el_after_av_textblock  avia-builder-el-last  ls-content-form-box first flex_column_div av-zero-column-padding  column-top-margin'     ><\/div><\/p>\n<\/div><\/div>\n<style type=\"text\/css\" data-created_by=\"avia_inline_auto\" id=\"style-css-av-3errwvq-0955fac23fbc5c592cddc7617f7e8b9e\">\n.flex_cell.av-3errwvq-0955fac23fbc5c592cddc7617f7e8b9e{\nvertical-align:top;\n}\n.responsive #top #wrap_all .flex_cell.av-3errwvq-0955fac23fbc5c592cddc7617f7e8b9e{\npadding:30px 30px 30px 30px !important;\n}\n<\/style>\n<div class='flex_cell av-3errwvq-0955fac23fbc5c592cddc7617f7e8b9e av-gridrow-cell av_one_half no_margin  avia-builder-el-6  el_after_av_cell_one_half  avia-builder-el-last  ls-content-right-col content-align-top'  ><div class='flex_cell_inner'><div  class='av_promobox av-1xu1imu-1741bbd8a534b924f2bb8a0902cdaf51 avia-button-no  avia-builder-el-7  avia-builder-el-no-sibling '><div class='avia-promocontent'><p>\n<img decoding=\"async\" class=\" wp-image-107186 aligncenter\" src=\"https:\/\/www.livespace.io\/wp-content\/uploads\/2023\/07\/powiadomienia.png\" alt=\"\" width=\"80\" height=\"80\" srcset=\"https:\/\/www.livespace.io\/wp-content\/uploads\/2023\/07\/powiadomienia.png 136w, https:\/\/www.livespace.io\/wp-content\/uploads\/2023\/07\/powiadomienia-80x80.png 80w, https:\/\/www.livespace.io\/wp-content\/uploads\/2023\/07\/powiadomienia-36x36.png 36w\" sizes=\"(max-width: 80px) 100vw, 80px\" \/><\/p>\n<h6 style=\"text-align: center;\">Notific\u0103ri despre evenimentele organizate de Livespace<\/h6>\n<p><img decoding=\"async\" class=\"wp-image-107188 aligncenter\" src=\"https:\/\/www.livespace.io\/wp-content\/uploads\/2023\/07\/edukacja.png\" alt=\"\" width=\"80\" height=\"80\" srcset=\"https:\/\/www.livespace.io\/wp-content\/uploads\/2023\/07\/edukacja.png 136w, https:\/\/www.livespace.io\/wp-content\/uploads\/2023\/07\/edukacja-80x80.png 80w, https:\/\/www.livespace.io\/wp-content\/uploads\/2023\/07\/edukacja-36x36.png 36w\" sizes=\"(max-width: 80px) 100vw, 80px\" \/><\/p>\n<h6 style=\"text-align: center;\">Expertiz\u0103 \u0219i ghiduri practice despre v\u00e2nz\u0103ri<\/h6>\n<p><img decoding=\"async\" class=\" wp-image-107190 aligncenter\" src=\"https:\/\/www.livespace.io\/wp-content\/uploads\/2023\/07\/wzrost-1.png\" alt=\"\" width=\"80\" height=\"80\" srcset=\"https:\/\/www.livespace.io\/wp-content\/uploads\/2023\/07\/wzrost-1.png 136w, https:\/\/www.livespace.io\/wp-content\/uploads\/2023\/07\/wzrost-1-80x80.png 80w, https:\/\/www.livespace.io\/wp-content\/uploads\/2023\/07\/wzrost-1-36x36.png 36w\" sizes=\"(max-width: 80px) 100vw, 80px\" \/><\/p>\n<h6 style=\"text-align: center;\">Nout\u0103\u021bi \u0219i tendin\u021be despre procesele de v\u00e2nzare B2B<\/h6>\n<p>\n<\/div><\/div>\n<\/div><\/div>\n<\/div><div id='after_grid_row_1'  class='main_color av_default_container_wrap container_wrap fullsize'  ><div class='container av-section-cont-open' ><div class='template-page content  av-content-full alpha units'><div class='post-entry post-entry-type-page post-entry-199551'><div class='entry-content-wrapper clearfix'>\n<div  class='flex_column av-5hrm9sm-f783110da26d8ba0a602fb6b657d6055 av_one_full  avia-builder-el-8  el_after_av_layout_row  el_before_av_one_full  avia-builder-el-first  first flex_column_div  '     ><section  class='av_textblock_section av-lk2l2tl7-471d70840ab50b187798db9921b92aa5 '   itemscope=\"itemscope\" itemtype=\"https:\/\/schema.org\/CreativeWork\" ><div class='avia_textblock'  itemprop=\"text\" ><p>Abon\u00e2ndu-te la newsletterul Livespace, \u00een inboxul t\u0103u vor ajunge direct:<\/p>\n<p class=\"p1\"><b>Expertiz\u0103 \u0219i ghiduri practice despre v\u00e2nz\u0103ri: <\/b><b><\/b>Fiecare edi\u021bie a newsletterului nostru con\u021bine con\u021binut educa\u021bional valoros, care te va ajuta s\u0103 \u00een\u021belegi \u0219i s\u0103 gestionezi eficient procesul t\u0103u de v\u00e2nzare. Oferim sfaturi practice, studii de caz \u0219i analize detaliate \u2013 tot ce ai nevoie pentru a naviga cu succes \u00een lumea v\u00e2nz\u0103rilor B2B!<\/p>\n<p><strong>I<\/strong><b>nforma\u021bii \u0219i \u00eenregistr\u0103ri de la evenimentele noastre: <\/b><b><\/b>Ai ratat ultimul nostru webinar sau live? Nicio problem\u0103! Cu ajutorul newsletterului nostru nu vei mai rata niciun eveniment. Vei primi toate detaliile despre sesiunile viitoare, precum \u0219i acces la \u00eenregistr\u0103rile celor anterioare.<\/p>\n<p class=\"p1\"><b>Instrumente pentru optimizarea proceselor de v\u00e2nzare: <\/b><b><\/b>\u00ce\u021bi trimitem metode \u0219i tehnici testate care te ajut\u0103 s\u0103 \u00ee\u021bi \u00eembun\u0103t\u0103\u021be\u0219ti procesele de v\u00e2nzare, cresc\u00e2nd eficien\u021ba \u0219i profitabilitatea acestora.<\/p>\n<p class=\"p1\"><b>Nout\u0103\u021bi din industrie: <\/b><b><\/b>R\u0103m\u00e2i la curent cu cele mai recente tendin\u021be \u0219i \u0219tiri din domeniu, care te vor ajuta s\u0103 \u00ee\u021bi men\u021bii avantajul competitiv.<\/p>\n<\/div><\/section><\/div>\n\n<style type=\"text\/css\" data-created_by=\"avia_inline_auto\" id=\"style-css-av-8gng99h-b75e3bc2811b62caef63a141c7c975b2\">\n.flex_column.av-8gng99h-b75e3bc2811b62caef63a141c7c975b2{\nborder-radius:0px 0px 0px 0px;\npadding:0px 0px 0px 0px;\n}\n<\/style>\n<div  class='flex_column av-8gng99h-b75e3bc2811b62caef63a141c7c975b2 av_one_full  avia-builder-el-10  el_after_av_one_full  avia-builder-el-last  first flex_column_div av-zero-column-padding  column-top-margin'     ><\/div>\n<div style='text-align:center' class='yasr-auto-insert-visitor'><\/div>","protected":false},"excerpt":{"rendered":"","protected":false},"author":77,"featured_media":0,"parent":0,"menu_order":0,"comment_status":"open","ping_status":"open","template":"","meta":{"_acf_changed":false,"inline_featured_image":false,"yasr_overall_rating":0,"yasr_post_is_review":"","yasr_auto_insert_disabled":"","yasr_review_type":"","footnotes":""},"class_list":["post-199551","page","type-page","status-publish","hentry"],"yasr_visitor_votes":{"stars_attributes":{"read_only":false,"span_bottom":false},"number_of_votes":0,"sum_votes":0},"acf":[],"yoast_head":"<!-- This site is optimized with the Yoast SEO plugin v27.3 - https:\/\/yoast.com\/product\/yoast-seo-wordpress\/ -->\n<title>Newsletter Livespace \u2013 V\u00e2nz\u0103ri B2B, tendin\u021be \u0219i evenimente utile<\/title>\n<meta name=\"description\" content=\"Prime\u0219te sfaturi de v\u00e2nz\u0103ri B2B, tendin\u021be din industrie \u0219i notific\u0103ri despre evenimentele Livespace \u2013 direct \u00een inboxul t\u0103u.\" \/>\n<meta name=\"robots\" content=\"noindex, follow\" \/>\n<meta property=\"og:locale\" content=\"ro_RO\" \/>\n<meta property=\"og:type\" content=\"article\" \/>\n<meta property=\"og:title\" content=\"Newsletter Livespace \u2013 V\u00e2nz\u0103ri B2B, tendin\u021be \u0219i evenimente utile\" \/>\n<meta property=\"og:description\" content=\"Prime\u0219te sfaturi de v\u00e2nz\u0103ri B2B, tendin\u021be din industrie \u0219i notific\u0103ri despre evenimentele Livespace \u2013 direct \u00een inboxul t\u0103u.\" \/>\n<meta property=\"og:url\" content=\"https:\/\/www.livespace.io\/ro\/lista-de-asteptare\/\" \/>\n<meta property=\"og:site_name\" content=\"Livespace CRM\" \/>\n<meta property=\"article:modified_time\" content=\"2026-03-31T11:10:21+00:00\" \/>\n<meta property=\"og:image\" content=\"https:\/\/www.livespace.io\/wp-content\/uploads\/2023\/07\/powiadomienia.png\" \/>\n<meta name=\"twitter:card\" content=\"summary_large_image\" \/>\n<meta name=\"twitter:label1\" content=\"Timp estimat pentru citire\" \/>\n\t<meta name=\"twitter:data1\" content=\"2 minute\" \/>\n<script type=\"application\/ld+json\" class=\"yoast-schema-graph\">{\"@context\":\"https:\\\/\\\/schema.org\",\"@graph\":[{\"@type\":\"WebPage\",\"@id\":\"https:\\\/\\\/www.livespace.io\\\/ro\\\/lista-de-asteptare\\\/\",\"url\":\"https:\\\/\\\/www.livespace.io\\\/ro\\\/lista-de-asteptare\\\/\",\"name\":\"Newsletter Livespace \u2013 V\u00e2nz\u0103ri B2B, tendin\u021be \u0219i evenimente utile\",\"isPartOf\":{\"@id\":\"https:\\\/\\\/www.livespace.io\\\/ro\\\/#website\"},\"primaryImageOfPage\":{\"@id\":\"https:\\\/\\\/www.livespace.io\\\/ro\\\/lista-de-asteptare\\\/#primaryimage\"},\"image\":{\"@id\":\"https:\\\/\\\/www.livespace.io\\\/ro\\\/lista-de-asteptare\\\/#primaryimage\"},\"thumbnailUrl\":\"https:\\\/\\\/www.livespace.io\\\/wp-content\\\/uploads\\\/2023\\\/07\\\/powiadomienia.png\",\"datePublished\":\"2025-07-29T13:44:47+00:00\",\"dateModified\":\"2026-03-31T11:10:21+00:00\",\"description\":\"Prime\u0219te sfaturi de v\u00e2nz\u0103ri B2B, tendin\u021be din industrie \u0219i notific\u0103ri despre evenimentele Livespace \u2013 direct \u00een inboxul t\u0103u.\",\"inLanguage\":\"ro-RO\",\"potentialAction\":[{\"@type\":\"ReadAction\",\"target\":[\"https:\\\/\\\/www.livespace.io\\\/ro\\\/lista-de-asteptare\\\/\"]}]},{\"@type\":\"ImageObject\",\"inLanguage\":\"ro-RO\",\"@id\":\"https:\\\/\\\/www.livespace.io\\\/ro\\\/lista-de-asteptare\\\/#primaryimage\",\"url\":\"https:\\\/\\\/www.livespace.io\\\/wp-content\\\/uploads\\\/2023\\\/07\\\/powiadomienia.png\",\"contentUrl\":\"https:\\\/\\\/www.livespace.io\\\/wp-content\\\/uploads\\\/2023\\\/07\\\/powiadomienia.png\"},{\"@type\":\"WebSite\",\"@id\":\"https:\\\/\\\/www.livespace.io\\\/ro\\\/#website\",\"url\":\"https:\\\/\\\/www.livespace.io\\\/ro\\\/\",\"name\":\"Livespace CRM\",\"description\":\"sell smarter\",\"publisher\":{\"@id\":\"https:\\\/\\\/www.livespace.io\\\/ro\\\/#organization\"},\"potentialAction\":[{\"@type\":\"SearchAction\",\"target\":{\"@type\":\"EntryPoint\",\"urlTemplate\":\"https:\\\/\\\/www.livespace.io\\\/ro\\\/?s={search_term_string}\"},\"query-input\":{\"@type\":\"PropertyValueSpecification\",\"valueRequired\":true,\"valueName\":\"search_term_string\"}}],\"inLanguage\":\"ro-RO\"},{\"@type\":\"Organization\",\"@id\":\"https:\\\/\\\/www.livespace.io\\\/ro\\\/#organization\",\"name\":\"Livespace.io\",\"url\":\"https:\\\/\\\/www.livespace.io\\\/ro\\\/\",\"logo\":{\"@type\":\"ImageObject\",\"inLanguage\":\"ro-RO\",\"@id\":\"https:\\\/\\\/www.livespace.io\\\/ro\\\/#\\\/schema\\\/logo\\\/image\\\/\",\"url\":\"https:\\\/\\\/www.livespace.io\\\/wp-content\\\/uploads\\\/2021\\\/09\\\/livespace-logo.png\",\"contentUrl\":\"https:\\\/\\\/www.livespace.io\\\/wp-content\\\/uploads\\\/2021\\\/09\\\/livespace-logo.png\",\"width\":204,\"height\":54,\"caption\":\"Livespace.io\"},\"image\":{\"@id\":\"https:\\\/\\\/www.livespace.io\\\/ro\\\/#\\\/schema\\\/logo\\\/image\\\/\"}}]}<\/script>\n<!-- \/ Yoast SEO plugin. -->","yoast_head_json":{"title":"Newsletter Livespace \u2013 V\u00e2nz\u0103ri B2B, tendin\u021be \u0219i evenimente utile","description":"Prime\u0219te sfaturi de v\u00e2nz\u0103ri B2B, tendin\u021be din industrie \u0219i notific\u0103ri despre evenimentele Livespace \u2013 direct \u00een inboxul t\u0103u.","robots":{"index":"noindex","follow":"follow"},"og_locale":"ro_RO","og_type":"article","og_title":"Newsletter Livespace \u2013 V\u00e2nz\u0103ri B2B, tendin\u021be \u0219i evenimente utile","og_description":"Prime\u0219te sfaturi de v\u00e2nz\u0103ri B2B, tendin\u021be din industrie \u0219i notific\u0103ri despre evenimentele Livespace \u2013 direct \u00een inboxul t\u0103u.","og_url":"https:\/\/www.livespace.io\/ro\/lista-de-asteptare\/","og_site_name":"Livespace CRM","article_modified_time":"2026-03-31T11:10:21+00:00","og_image":[{"url":"https:\/\/www.livespace.io\/wp-content\/uploads\/2023\/07\/powiadomienia.png","type":"","width":"","height":""}],"twitter_card":"summary_large_image","twitter_misc":{"Timp estimat pentru citire":"2 minute"},"schema":{"@context":"https:\/\/schema.org","@graph":[{"@type":"WebPage","@id":"https:\/\/www.livespace.io\/ro\/lista-de-asteptare\/","url":"https:\/\/www.livespace.io\/ro\/lista-de-asteptare\/","name":"Newsletter Livespace \u2013 V\u00e2nz\u0103ri B2B, tendin\u021be \u0219i evenimente utile","isPartOf":{"@id":"https:\/\/www.livespace.io\/ro\/#website"},"primaryImageOfPage":{"@id":"https:\/\/www.livespace.io\/ro\/lista-de-asteptare\/#primaryimage"},"image":{"@id":"https:\/\/www.livespace.io\/ro\/lista-de-asteptare\/#primaryimage"},"thumbnailUrl":"https:\/\/www.livespace.io\/wp-content\/uploads\/2023\/07\/powiadomienia.png","datePublished":"2025-07-29T13:44:47+00:00","dateModified":"2026-03-31T11:10:21+00:00","description":"Prime\u0219te sfaturi de v\u00e2nz\u0103ri B2B, tendin\u021be din industrie \u0219i notific\u0103ri despre evenimentele Livespace \u2013 direct \u00een inboxul t\u0103u.","inLanguage":"ro-RO","potentialAction":[{"@type":"ReadAction","target":["https:\/\/www.livespace.io\/ro\/lista-de-asteptare\/"]}]},{"@type":"ImageObject","inLanguage":"ro-RO","@id":"https:\/\/www.livespace.io\/ro\/lista-de-asteptare\/#primaryimage","url":"https:\/\/www.livespace.io\/wp-content\/uploads\/2023\/07\/powiadomienia.png","contentUrl":"https:\/\/www.livespace.io\/wp-content\/uploads\/2023\/07\/powiadomienia.png"},{"@type":"WebSite","@id":"https:\/\/www.livespace.io\/ro\/#website","url":"https:\/\/www.livespace.io\/ro\/","name":"Livespace CRM","description":"sell smarter","publisher":{"@id":"https:\/\/www.livespace.io\/ro\/#organization"},"potentialAction":[{"@type":"SearchAction","target":{"@type":"EntryPoint","urlTemplate":"https:\/\/www.livespace.io\/ro\/?s={search_term_string}"},"query-input":{"@type":"PropertyValueSpecification","valueRequired":true,"valueName":"search_term_string"}}],"inLanguage":"ro-RO"},{"@type":"Organization","@id":"https:\/\/www.livespace.io\/ro\/#organization","name":"Livespace.io","url":"https:\/\/www.livespace.io\/ro\/","logo":{"@type":"ImageObject","inLanguage":"ro-RO","@id":"https:\/\/www.livespace.io\/ro\/#\/schema\/logo\/image\/","url":"https:\/\/www.livespace.io\/wp-content\/uploads\/2021\/09\/livespace-logo.png","contentUrl":"https:\/\/www.livespace.io\/wp-content\/uploads\/2021\/09\/livespace-logo.png","width":204,"height":54,"caption":"Livespace.io"},"image":{"@id":"https:\/\/www.livespace.io\/ro\/#\/schema\/logo\/image\/"}}]}},"_links":{"self":[{"href":"https:\/\/www.livespace.io\/ro\/wp-json\/wp\/v2\/pages\/199551","targetHints":{"allow":["GET"]}}],"collection":[{"href":"https:\/\/www.livespace.io\/ro\/wp-json\/wp\/v2\/pages"}],"about":[{"href":"https:\/\/www.livespace.io\/ro\/wp-json\/wp\/v2\/types\/page"}],"author":[{"embeddable":true,"href":"https:\/\/www.livespace.io\/ro\/wp-json\/wp\/v2\/users\/77"}],"replies":[{"embeddable":true,"href":"https:\/\/www.livespace.io\/ro\/wp-json\/wp\/v2\/comments?post=199551"}],"version-history":[{"count":5,"href":"https:\/\/www.livespace.io\/ro\/wp-json\/wp\/v2\/pages\/199551\/revisions"}],"predecessor-version":[{"id":201284,"href":"https:\/\/www.livespace.io\/ro\/wp-json\/wp\/v2\/pages\/199551\/revisions\/201284"}],"wp:attachment":[{"href":"https:\/\/www.livespace.io\/ro\/wp-json\/wp\/v2\/media?parent=199551"}],"curies":[{"name":"wp","href":"https:\/\/api.w.org\/{rel}","templated":true}]}}