{"id":98729,"date":"2021-11-17T15:41:19","date_gmt":"2021-11-17T14:41:19","guid":{"rendered":"https:\/\/www.livespace.io\/prezentacja-on-line-copy\/"},"modified":"2022-02-16T17:30:21","modified_gmt":"2022-02-16T16:30:21","slug":"livespace-kongres-pro-ngo","status":"publish","type":"page","link":"https:\/\/www.livespace.io\/pl\/livespace-kongres-pro-ngo\/","title":{"rendered":"Oferta dla uczestnik\u00f3w Kongresu Pro NGO 2021"},"content":{"rendered":"\n<style type=\"text\/css\" data-created_by=\"avia_inline_auto\" id=\"style-css-av-1hey45k-973a4cdc1aa9d645862f9283a8b26655\">\n.avia-section.av-1hey45k-973a4cdc1aa9d645862f9283a8b26655{\nbackground-color:#8ac13d;\nbackground-image:url(https:\/\/www.livespace.io\/wp-content\/uploads\/2019\/06\/zapisz-sie-na-demo_banner_img.jpg);\nbackground-repeat:no-repeat;\nbackground-position:50% 50%;\nbackground-attachment:scroll;\n}\n<\/style>\n<div id='av_section_1'  class='avia-section av-1hey45k-973a4cdc1aa9d645862f9283a8b26655 main_color avia-section-no-padding avia-no-border-styling  avia-builder-el-0  el_before_av_three_fifth  avia-builder-el-first  no-bg-color bg-cover avia-bg-style-scroll av-minimum-height av-minimum-height-custom av-height-custom  container_wrap fullsize'  data-section-bg-repeat='no-repeat' data-av_minimum_height_px='212'><div class='container av-section-cont-open' style='height:212px'><main  role=\"main\" itemprop=\"mainContentOfPage\"  class='template-page content  av-content-full alpha units'><div class='post-entry post-entry-type-page post-entry-98729'><div class='entry-content-wrapper clearfix'>\n<section  class='av_textblock_section av-1fus2y0-dece721d7c1e6acccc950222906db52d '   itemscope=\"itemscope\" itemtype=\"https:\/\/schema.org\/CreativeWork\" ><div class='avia_textblock'  itemprop=\"text\" ><h1 style=\"text-align: center;\">Oferta dla uczestnik\u00f3w Kongresu Pro\u00a0NGO\u00a02021<\/h1>\n<\/div><\/section>\n<\/div><\/div><\/main><!-- close content main element --><\/div><\/div><div id='after_section_1'  class='main_color av_default_container_wrap container_wrap fullsize'  ><div class='container av-section-cont-open' ><div class='template-page content  av-content-full alpha units'><div class='post-entry post-entry-type-page post-entry-98729'><div class='entry-content-wrapper clearfix'>\n<div  class='flex_column av-18vgss8-91bc619e9482e30c6f24d4d8a462194a av_three_fifth  avia-builder-el-2  el_after_av_section  el_before_av_two_fifth  avia-builder-el-first  first flex_column_div  '     ><section  class='av_textblock_section av-kw3o0uk3-f3abc27dbe7cd36c58bf15369ffbd53d '   itemscope=\"itemscope\" itemtype=\"https:\/\/schema.org\/CreativeWork\" ><div class='avia_textblock'  itemprop=\"text\" ><h3>Zapisz si\u0119 na\u00a0darmowy test i\u00a0skorzystaj z\u00a0rabatu\u00a050% na\u00a0pierwszy rok korzystania z\u00a0Livespace.<\/h3>\n<p>Livespace pomo\u017ce Ci:<\/p>\n<ul>\n<li>utrzyma\u0107 jedn\u0105, aktualn\u0105 baz\u0119 kontakt\u00f3w z\u00a0histori\u0105 komunikacji,<\/li>\n<li>pozyskiwa\u0107 darczy\u0144c\u00f3w w\u00a0uporz\u0105dkowany i skuteczny spos\u00f3b,<\/li>\n<li>planowa\u0107 i\u00a0automatyzowa\u0107 dzia\u0142ania,<\/li>\n<li>zadba\u0107 o\u00a0bezpiecze\u0144stwo danych Twoich kontrahent\u00f3w.<\/li>\n<\/ul>\n<p>Aby skorzysta\u0107 z oferty, w\u00a0trakcie zak\u0142adania konta, <strong>wystarczy wpisa\u0107 kod rabatowy<\/strong> podany podczas\u00a0Kongresu Pro\u00a0NGO\u00a02021. Kod\u00a0znajdziesz r\u00f3wnie\u017c w\u00a0wiadomo\u015bci od\u00a0Fundacji Pro\u00a0NGO podsumowuj\u0105cej wydarzenie.<\/p>\n<p>Rabat w\u00a0wysoko\u015bci\u00a050% naliczy si\u0119 automatycznie po\u00a0przed\u0142u\u017ceniu konta, po\u00a0darmowym 14-dniowym okresie testowym.<\/p>\n<p>Kod rabatowy jest wa\u017cny do\u00a028\u00a0lutego 2022 roku.<\/p>\n<\/div><\/section><br \/>\n\n<style type=\"text\/css\" data-created_by=\"avia_inline_auto\" id=\"style-css-av-y9bifs-020535292f5f558421616942d8f7f9f8\">\n#top .hr.hr-invisible.av-y9bifs-020535292f5f558421616942d8f7f9f8{\nheight:30px;\n}\n<\/style>\n<div  class='hr av-y9bifs-020535292f5f558421616942d8f7f9f8 hr-invisible  avia-builder-el-4  el_after_av_textblock  avia-builder-el-last '><span class='hr-inner '><span class=\"hr-inner-style\"><\/span><\/span><\/div><\/p><\/div>\n\n<style type=\"text\/css\" data-created_by=\"avia_inline_auto\" id=\"style-css-av-1ii69ex-9ba1a4fdccc6188c0c6c2a8b4e3459ac\">\n.flex_column.av-1ii69ex-9ba1a4fdccc6188c0c6c2a8b4e3459ac{\nborder-radius:0px 0px 0px 0px;\npadding:40px 40px 40px 40px;\nbackground-color:#f5f7fa;\n}\n<\/style>\n<div  class='flex_column av-1ii69ex-9ba1a4fdccc6188c0c6c2a8b4e3459ac av_two_fifth  avia-builder-el-5  el_after_av_three_fifth  avia-builder-el-last  flex_column_div  '     ><section  class='av_textblock_section av-496syx-1b9e5c9855b70dc6b85178743f0ad765 '   itemscope=\"itemscope\" itemtype=\"https:\/\/schema.org\/CreativeWork\" ><div class='avia_textblock list-check max-width44'  itemprop=\"text\" ><h5 style=\"text-align: center;\">Przetestuj Livespace ju\u017c\u00a0teraz<\/h5>\n<p style=\"text-align: center;\">Wpisz kod rabatowy i\u00a0skorzystaj ze\u00a0zni\u017cki\u00a0dla\u00a0NGO<\/p>\n<\/div><\/section><br \/>\n\n<style type=\"text\/css\" data-created_by=\"avia_inline_auto\" id=\"style-css-av-vtz47d-f32a8e4931e8a4f23871f4cd0d81e880\">\n#top .hr.hr-invisible.av-vtz47d-f32a8e4931e8a4f23871f4cd0d81e880{\nheight:8px;\n}\n<\/style>\n<div  class='hr av-vtz47d-f32a8e4931e8a4f23871f4cd0d81e880 hr-invisible  avia-builder-el-7  el_after_av_textblock  el_before_av_button '><span class='hr-inner '><span class=\"hr-inner-style\"><\/span><\/span><\/div><br \/>\n<div  class='avia-button-wrap av-kw3pvu5f-1a5d4a7ff2ebd5c68e7d89d572742d74-wrap avia-button-center  avia-builder-el-8  el_after_av_hr  avia-builder-el-last '>\n<style type=\"text\/css\" data-created_by=\"avia_inline_auto\" id=\"style-css-av-kw3pvu5f-1a5d4a7ff2ebd5c68e7d89d572742d74\">\n#top #wrap_all .avia-button.av-kw3pvu5f-1a5d4a7ff2ebd5c68e7d89d572742d74{\nbackground-color:#01883a;\nborder-color:#01883a;\ncolor:#ffffff;\ntransition:all 0.4s ease-in-out;\n}\n#top #wrap_all .avia-button.av-kw3pvu5f-1a5d4a7ff2ebd5c68e7d89d572742d74 .avia-svg-icon svg:first-child{\nfill:#ffffff;\nstroke:#ffffff;\n}\n<\/style>\n<a href='https:\/\/www.livespace.io\/pl\/livespace-kongres-pro-ngo\/?utm_source=ProNGO&amp;utm_medium=LP&amp;utm_campaign=Kongres#reg'  class='avia-button av-kw3pvu5f-1a5d4a7ff2ebd5c68e7d89d572742d74 av-link-btn avia-icon_select-no avia-size-large avia-position-center'   aria-label=\"WYPR\u00d3BUJ LIVESPACE\"><span class='avia_iconbox_title' >WYPR\u00d3BUJ LIVESPACE<\/span><\/a><\/div><\/p><\/div>\n<div style='text-align:center' class='yasr-auto-insert-visitor'><\/div>","protected":false},"excerpt":{"rendered":"","protected":false},"author":2,"featured_media":0,"parent":0,"menu_order":0,"comment_status":"open","ping_status":"open","template":"","meta":{"_acf_changed":false,"inline_featured_image":false,"yasr_overall_rating":0,"yasr_post_is_review":"","yasr_auto_insert_disabled":"","yasr_review_type":"","footnotes":""},"class_list":["post-98729","page","type-page","status-publish","hentry"],"yasr_visitor_votes":{"stars_attributes":{"read_only":false,"span_bottom":false},"number_of_votes":0,"sum_votes":0},"acf":[],"yoast_head":"<!-- This site is optimized with the Yoast SEO plugin v27.3 - https:\/\/yoast.com\/product\/yoast-seo-wordpress\/ -->\n<title>Livespace CRM \u2013 oferta dla uczestnik\u00f3w Kongresu Pro NGO<\/title>\n<meta name=\"description\" content=\"Oferta przygotowana dla organizacji non-profit, kt\u00f3re uczestniczy\u0142y w Kongresie Pro NGO 2021\" \/>\n<meta name=\"robots\" content=\"index, follow, max-snippet:-1, max-image-preview:large, max-video-preview:-1\" \/>\n<link rel=\"canonical\" href=\"https:\/\/www.livespace.io\/pl\/livespace-kongres-pro-ngo\/\" \/>\n<meta property=\"og:locale\" content=\"pl_PL\" \/>\n<meta property=\"og:type\" content=\"article\" \/>\n<meta property=\"og:title\" content=\"Livespace CRM \u2013 oferta dla uczestnik\u00f3w Kongresu Pro NGO\" \/>\n<meta property=\"og:description\" content=\"Oferta przygotowana dla organizacji non-profit, kt\u00f3re uczestniczy\u0142y w Kongresie Pro NGO 2021\" \/>\n<meta property=\"og:url\" content=\"https:\/\/www.livespace.io\/pl\/livespace-kongres-pro-ngo\/\" \/>\n<meta property=\"og:site_name\" content=\"Livespace CRM\" \/>\n<meta property=\"article:modified_time\" content=\"2022-02-16T16:30:21+00:00\" \/>\n<meta property=\"og:image\" content=\"https:\/\/www.livespace.io\/wp-content\/uploads\/2022\/06\/Livespace-sell-smarter-crm.png\" \/>\n\t<meta property=\"og:image:width\" content=\"1200\" \/>\n\t<meta property=\"og:image:height\" content=\"628\" \/>\n\t<meta property=\"og:image:type\" content=\"image\/png\" \/>\n<meta name=\"twitter:card\" content=\"summary_large_image\" \/>\n<meta name=\"twitter:label1\" content=\"Szacowany czas czytania\" \/>\n\t<meta name=\"twitter:data1\" content=\"4 minuty\" \/>\n<script type=\"application\/ld+json\" class=\"yoast-schema-graph\">{\"@context\":\"https:\\\/\\\/schema.org\",\"@graph\":[{\"@type\":\"WebPage\",\"@id\":\"https:\\\/\\\/www.livespace.io\\\/pl\\\/livespace-kongres-pro-ngo\\\/\",\"url\":\"https:\\\/\\\/www.livespace.io\\\/pl\\\/livespace-kongres-pro-ngo\\\/\",\"name\":\"Livespace CRM \u2013 oferta dla uczestnik\u00f3w Kongresu Pro NGO\",\"isPartOf\":{\"@id\":\"https:\\\/\\\/www.livespace.io\\\/pl\\\/#website\"},\"datePublished\":\"2021-11-17T14:41:19+00:00\",\"dateModified\":\"2022-02-16T16:30:21+00:00\",\"description\":\"Oferta przygotowana dla organizacji non-profit, kt\u00f3re uczestniczy\u0142y w Kongresie Pro NGO 2021\",\"inLanguage\":\"pl-PL\",\"potentialAction\":[{\"@type\":\"ReadAction\",\"target\":[\"https:\\\/\\\/www.livespace.io\\\/pl\\\/livespace-kongres-pro-ngo\\\/\"]}]},{\"@type\":\"WebSite\",\"@id\":\"https:\\\/\\\/www.livespace.io\\\/pl\\\/#website\",\"url\":\"https:\\\/\\\/www.livespace.io\\\/pl\\\/\",\"name\":\"Livespace CRM\",\"description\":\"sell smarter\",\"publisher\":{\"@id\":\"https:\\\/\\\/www.livespace.io\\\/pl\\\/#organization\"},\"potentialAction\":[{\"@type\":\"SearchAction\",\"target\":{\"@type\":\"EntryPoint\",\"urlTemplate\":\"https:\\\/\\\/www.livespace.io\\\/pl\\\/?s={search_term_string}\"},\"query-input\":{\"@type\":\"PropertyValueSpecification\",\"valueRequired\":true,\"valueName\":\"search_term_string\"}}],\"inLanguage\":\"pl-PL\"},{\"@type\":\"Organization\",\"@id\":\"https:\\\/\\\/www.livespace.io\\\/pl\\\/#organization\",\"name\":\"Livespace.io\",\"url\":\"https:\\\/\\\/www.livespace.io\\\/pl\\\/\",\"logo\":{\"@type\":\"ImageObject\",\"inLanguage\":\"pl-PL\",\"@id\":\"https:\\\/\\\/www.livespace.io\\\/pl\\\/#\\\/schema\\\/logo\\\/image\\\/\",\"url\":\"https:\\\/\\\/www.livespace.io\\\/wp-content\\\/uploads\\\/2021\\\/09\\\/livespace-logo.png\",\"contentUrl\":\"https:\\\/\\\/www.livespace.io\\\/wp-content\\\/uploads\\\/2021\\\/09\\\/livespace-logo.png\",\"width\":204,\"height\":54,\"caption\":\"Livespace.io\"},\"image\":{\"@id\":\"https:\\\/\\\/www.livespace.io\\\/pl\\\/#\\\/schema\\\/logo\\\/image\\\/\"}}]}<\/script>\n<!-- \/ Yoast SEO plugin. -->","yoast_head_json":{"title":"Livespace CRM \u2013 oferta dla uczestnik\u00f3w Kongresu Pro NGO","description":"Oferta przygotowana dla organizacji non-profit, kt\u00f3re uczestniczy\u0142y w Kongresie Pro NGO 2021","robots":{"index":"index","follow":"follow","max-snippet":"max-snippet:-1","max-image-preview":"max-image-preview:large","max-video-preview":"max-video-preview:-1"},"canonical":"https:\/\/www.livespace.io\/pl\/livespace-kongres-pro-ngo\/","og_locale":"pl_PL","og_type":"article","og_title":"Livespace CRM \u2013 oferta dla uczestnik\u00f3w Kongresu Pro NGO","og_description":"Oferta przygotowana dla organizacji non-profit, kt\u00f3re uczestniczy\u0142y w Kongresie Pro NGO 2021","og_url":"https:\/\/www.livespace.io\/pl\/livespace-kongres-pro-ngo\/","og_site_name":"Livespace CRM","article_modified_time":"2022-02-16T16:30:21+00:00","og_image":[{"width":1200,"height":628,"url":"https:\/\/www.livespace.io\/wp-content\/uploads\/2022\/06\/Livespace-sell-smarter-crm.png","type":"image\/png"}],"twitter_card":"summary_large_image","twitter_misc":{"Szacowany czas czytania":"4 minuty"},"schema":{"@context":"https:\/\/schema.org","@graph":[{"@type":"WebPage","@id":"https:\/\/www.livespace.io\/pl\/livespace-kongres-pro-ngo\/","url":"https:\/\/www.livespace.io\/pl\/livespace-kongres-pro-ngo\/","name":"Livespace CRM \u2013 oferta dla uczestnik\u00f3w Kongresu Pro NGO","isPartOf":{"@id":"https:\/\/www.livespace.io\/pl\/#website"},"datePublished":"2021-11-17T14:41:19+00:00","dateModified":"2022-02-16T16:30:21+00:00","description":"Oferta przygotowana dla organizacji non-profit, kt\u00f3re uczestniczy\u0142y w Kongresie Pro NGO 2021","inLanguage":"pl-PL","potentialAction":[{"@type":"ReadAction","target":["https:\/\/www.livespace.io\/pl\/livespace-kongres-pro-ngo\/"]}]},{"@type":"WebSite","@id":"https:\/\/www.livespace.io\/pl\/#website","url":"https:\/\/www.livespace.io\/pl\/","name":"Livespace CRM","description":"sell smarter","publisher":{"@id":"https:\/\/www.livespace.io\/pl\/#organization"},"potentialAction":[{"@type":"SearchAction","target":{"@type":"EntryPoint","urlTemplate":"https:\/\/www.livespace.io\/pl\/?s={search_term_string}"},"query-input":{"@type":"PropertyValueSpecification","valueRequired":true,"valueName":"search_term_string"}}],"inLanguage":"pl-PL"},{"@type":"Organization","@id":"https:\/\/www.livespace.io\/pl\/#organization","name":"Livespace.io","url":"https:\/\/www.livespace.io\/pl\/","logo":{"@type":"ImageObject","inLanguage":"pl-PL","@id":"https:\/\/www.livespace.io\/pl\/#\/schema\/logo\/image\/","url":"https:\/\/www.livespace.io\/wp-content\/uploads\/2021\/09\/livespace-logo.png","contentUrl":"https:\/\/www.livespace.io\/wp-content\/uploads\/2021\/09\/livespace-logo.png","width":204,"height":54,"caption":"Livespace.io"},"image":{"@id":"https:\/\/www.livespace.io\/pl\/#\/schema\/logo\/image\/"}}]}},"_links":{"self":[{"href":"https:\/\/www.livespace.io\/pl\/wp-json\/wp\/v2\/pages\/98729","targetHints":{"allow":["GET"]}}],"collection":[{"href":"https:\/\/www.livespace.io\/pl\/wp-json\/wp\/v2\/pages"}],"about":[{"href":"https:\/\/www.livespace.io\/pl\/wp-json\/wp\/v2\/types\/page"}],"author":[{"embeddable":true,"href":"https:\/\/www.livespace.io\/pl\/wp-json\/wp\/v2\/users\/2"}],"replies":[{"embeddable":true,"href":"https:\/\/www.livespace.io\/pl\/wp-json\/wp\/v2\/comments?post=98729"}],"version-history":[{"count":0,"href":"https:\/\/www.livespace.io\/pl\/wp-json\/wp\/v2\/pages\/98729\/revisions"}],"wp:attachment":[{"href":"https:\/\/www.livespace.io\/pl\/wp-json\/wp\/v2\/media?parent=98729"}],"curies":[{"name":"wp","href":"https:\/\/api.w.org\/{rel}","templated":true}]}}