{"id":97460,"date":"2021-09-10T09:25:35","date_gmt":"2021-09-10T07:25:35","guid":{"rendered":"https:\/\/www.livespace.io\/?page_id=97460"},"modified":"2022-07-26T12:08:47","modified_gmt":"2022-07-26T10:08:47","slug":"raport-fotowoltaika","status":"publish","type":"page","link":"https:\/\/www.livespace.io\/pl\/raport-fotowoltaika\/","title":{"rendered":"Raport fotowoltaika"},"content":{"rendered":"\n<style type=\"text\/css\" data-created_by=\"avia_inline_auto\" id=\"style-css-av-260dmj8-a8232f0db8baa7fe2806d0e6ff05e54c\">\n.flex_column.av-260dmj8-a8232f0db8baa7fe2806d0e6ff05e54c{\nborder-radius:0px 0px 0px 0px;\npadding:0px 0px 0px 0px;\n}\n<\/style>\n<div  class='flex_column av-260dmj8-a8232f0db8baa7fe2806d0e6ff05e54c av_one_half  avia-builder-el-0  el_before_av_one_half  avia-builder-el-first  first flex_column_div av-zero-column-padding  '     ><section  class='av_textblock_section av-ktd0qfww-975d780ba38db2823bd01b59b380956f '   itemscope=\"itemscope\" itemtype=\"https:\/\/schema.org\/CreativeWork\" ><div class='avia_textblock'  itemprop=\"text\" ><h1 style=\"text-align: left;\">Jak ofertuje bran\u017ca fotowoltaiki w\u00a0Polsce?<\/h1>\n<\/div><\/section><br \/>\n<section  class='av_textblock_section av-ktd1u4rr-edff98ad1f735c61e841a7376291212d '   itemscope=\"itemscope\" itemtype=\"https:\/\/schema.org\/CreativeWork\" ><div class='avia_textblock'  itemprop=\"text\" ><div id=\"QI8bGy82lNXqmTO9npnFQclVXA3rTyaT\" class=\"widget widget-text\" style=\"text-align: left;\">\n<p><b>Z przeprowadzonego raportu wynika, \u017ce:<\/b><\/p>\n<ul>\n<li>klient bardzo cz\u0119sto jest ignorowany,<\/li>\n<li>czas przygotowania oferty jest bardzo d\u0142ugi,<\/li>\n<li>firmy nie dbaj\u0105 o to, \u017ceby wyr\u00f3\u017cni\u0107 si\u0119 na tle konkurencji,<\/li>\n<li>przedstawiciele NIE stosuj\u0105 follow-up&#8217;\u00f3w.<\/li>\n<\/ul>\n<\/div>\n<\/div><\/section><br \/>\n\n<style type=\"text\/css\" data-created_by=\"avia_inline_auto\" id=\"style-css-av-ktjugzxu-91a3903634ab1e7f7b5063c415f23f2d\">\n#top .hr.hr-invisible.av-ktjugzxu-91a3903634ab1e7f7b5063c415f23f2d{\nheight:50px;\n}\n<\/style>\n<div  class='hr av-ktjugzxu-91a3903634ab1e7f7b5063c415f23f2d hr-invisible  avia-builder-el-3  el_after_av_textblock  el_before_av_textblock '><span class='hr-inner '><span class=\"hr-inner-style\"><\/span><\/span><\/div><br \/>\n\n<style type=\"text\/css\" data-created_by=\"avia_inline_auto\" id=\"style-css-av-ktjufcjo-6c2c25997c6955febc39d82a2f8b7c96\">\n#top .av_textblock_section.av-ktjufcjo-6c2c25997c6955febc39d82a2f8b7c96 .avia_textblock{\nfont-size:12px;\n}\n<\/style>\n<section  class='av_textblock_section av-ktjufcjo-6c2c25997c6955febc39d82a2f8b7c96 '   itemscope=\"itemscope\" itemtype=\"https:\/\/schema.org\/CreativeWork\" ><div class='avia_textblock'  itemprop=\"text\" ><p><strong>Autorzy raportu:<\/strong><\/p>\n<p><img decoding=\"async\" class=\"alignnone wp-image-103955\" src=\"https:\/\/www.livespace.io\/wp-content\/uploads\/2022\/07\/autorzy-raportu-fotowoltaicznego.png\" alt=\"Jak oferuje bran\u017ca fotowoltaiczna w Polsce\" width=\"375\" height=\"26\" srcset=\"https:\/\/www.livespace.io\/wp-content\/uploads\/2022\/07\/autorzy-raportu-fotowoltaicznego.png 903w, https:\/\/www.livespace.io\/wp-content\/uploads\/2022\/07\/autorzy-raportu-fotowoltaicznego-300x21.png 300w, https:\/\/www.livespace.io\/wp-content\/uploads\/2022\/07\/autorzy-raportu-fotowoltaicznego-768x53.png 768w, https:\/\/www.livespace.io\/wp-content\/uploads\/2022\/07\/autorzy-raportu-fotowoltaicznego-705x48.png 705w\" sizes=\"(max-width: 375px) 100vw, 375px\" \/><\/p>\n<\/div><\/section><\/p><\/div>\n<style type=\"text\/css\" data-created_by=\"avia_inline_auto\" id=\"style-css-av-1ove4c4-4b7f5ecebdc731d1829beae92ef4d733\">\n.flex_column.av-1ove4c4-4b7f5ecebdc731d1829beae92ef4d733{\nborder-radius:0px 0px 0px 0px;\npadding:0px 0px 0px 0px;\n}\n<\/style>\n<div  class='flex_column av-1ove4c4-4b7f5ecebdc731d1829beae92ef4d733 av_one_half  avia-builder-el-5  el_after_av_one_half  el_before_av_one_full  flex_column_div av-zero-column-padding  '     ><style type=\"text\/css\" data-created_by=\"avia_inline_auto\" id=\"style-css-av-1753aok-6fad63dd586ce973118055677e83fdfb\">\n.avia-image-container.av-1753aok-6fad63dd586ce973118055677e83fdfb img.avia_image{\nbox-shadow:none;\n}\n.avia-image-container.av-1753aok-6fad63dd586ce973118055677e83fdfb .av-image-caption-overlay-center{\ncolor:#ffffff;\n}\n<\/style>\n<div  class='avia-image-container av-1753aok-6fad63dd586ce973118055677e83fdfb av-styling- avia-align-center  avia-builder-el-6  avia-builder-el-no-sibling '   itemprop=\"image\" itemscope=\"itemscope\" itemtype=\"https:\/\/schema.org\/ImageObject\" ><div class=\"avia-image-container-inner\"><div class=\"avia-image-overlay-wrap\"><img decoding=\"async\" fetchpriority=\"high\" class='wp-image-103962 avia-img-lazy-loading-not-103962 avia_image ' src=\"https:\/\/www.livespace.io\/wp-content\/uploads\/2022\/07\/Raport-o-sprzedazy-fotowoltaiki.png\" alt='Raport Livespace jak ofertuje bran\u017ca fotowoltaiczna' title='Raport-o-sprzedazy-fotowoltaiki'  height=\"880\" width=\"1100\"  itemprop=\"thumbnailUrl\" srcset=\"https:\/\/www.livespace.io\/wp-content\/uploads\/2022\/07\/Raport-o-sprzedazy-fotowoltaiki.png 1100w, https:\/\/www.livespace.io\/wp-content\/uploads\/2022\/07\/Raport-o-sprzedazy-fotowoltaiki-300x240.png 300w, https:\/\/www.livespace.io\/wp-content\/uploads\/2022\/07\/Raport-o-sprzedazy-fotowoltaiki-1030x824.png 1030w, https:\/\/www.livespace.io\/wp-content\/uploads\/2022\/07\/Raport-o-sprzedazy-fotowoltaiki-768x614.png 768w, https:\/\/www.livespace.io\/wp-content\/uploads\/2022\/07\/Raport-o-sprzedazy-fotowoltaiki-705x564.png 705w\" sizes=\"(max-width: 1100px) 100vw, 1100px\" \/><\/div><\/div><\/div><\/div>\n<style type=\"text\/css\" data-created_by=\"avia_inline_auto\" id=\"style-css-av-l61zpyv1-39d48e896e94864645694ee219271ab8\">\n.flex_column.av-l61zpyv1-39d48e896e94864645694ee219271ab8{\nborder-radius:0 0 0 0;\npadding:40px 40px 40px 40px;\nbackground-color:#f5f7fc;\n}\n<\/style>\n<div  class='flex_column av-l61zpyv1-39d48e896e94864645694ee219271ab8 av_one_full  avia-builder-el-7  el_after_av_one_half  avia-builder-el-last  first flex_column_div  column-top-margin'     ><section  class='av_textblock_section av-19rr7v8-99ed5378b3cc3e58b77054bec6a91239 '   itemscope=\"itemscope\" itemtype=\"https:\/\/schema.org\/CreativeWork\" ><div class='avia_textblock'  itemprop=\"text\" ><h4 style=\"text-align: center;\">Pobierz bezp\u0142atnie raport i sprawd\u017a, jakie s\u0105 wnioski z przebadania 204 firm z bran\u017cy fotowoltaicznej w Polsce<\/h4>\n<\/div><\/section><br \/>\n\n<style type=\"text\/css\" data-created_by=\"avia_inline_auto\" id=\"style-css-av-tk89v8-eff56b19663943f018bb24a922d61abd\">\n#top .hr.hr-invisible.av-tk89v8-eff56b19663943f018bb24a922d61abd{\nheight:16px;\n}\n<\/style>\n<div  class='hr av-tk89v8-eff56b19663943f018bb24a922d61abd hr-invisible  avia-builder-el-9  el_after_av_textblock  el_before_av_button '><span class='hr-inner '><span class=\"hr-inner-style\"><\/span><\/span><\/div><br \/>\n<div  class='avia-button-wrap av-l61znlqm-9118e84f456fa6a507498d0e62639dc7-wrap avia-button-center  avia-builder-el-10  el_after_av_hr  avia-builder-el-last '>\n<style type=\"text\/css\" data-created_by=\"avia_inline_auto\" id=\"style-css-av-l61znlqm-9118e84f456fa6a507498d0e62639dc7\">\n#top #wrap_all .avia-button.av-l61znlqm-9118e84f456fa6a507498d0e62639dc7{\nbackground-color:#01883a;\nborder-color:#01883a;\ntransition:all 0.4s ease-in-out;\n}\n#top #wrap_all .avia-button.av-l61znlqm-9118e84f456fa6a507498d0e62639dc7:hover{\ncolor:#ffffff;\ntransition:all 0.4s ease-in-out;\n}\n#top #wrap_all .avia-button.av-l61znlqm-9118e84f456fa6a507498d0e62639dc7:hover .avia-svg-icon svg:first-child{\nfill:#ffffff;\nstroke:#ffffff;\n}\n<\/style>\n<a href='https:\/\/l.sellizer.pl\/raport-fotowoltaika?utm_source=livespace&amp;utm_medium=raport&amp;utm_campaign=fotowoltaika'  class='avia-button av-l61znlqm-9118e84f456fa6a507498d0e62639dc7 av-link-btn avia-icon_select-no avia-size-medium avia-position-center avia-font-color-theme-color'   aria-label=\"Pobierz raport\"><span class='avia_iconbox_title' >Pobierz raport<\/span><span class='avia_button_background avia-button avia-color-theme-color-highlight' ><\/span><\/a><\/div><\/p><\/div><\/p>\n<div style='text-align:center' class='yasr-auto-insert-visitor'><\/div>","protected":false},"excerpt":{"rendered":"","protected":false},"author":76,"featured_media":103966,"parent":0,"menu_order":0,"comment_status":"closed","ping_status":"closed","template":"","meta":{"_acf_changed":false,"inline_featured_image":false,"yasr_overall_rating":0,"yasr_post_is_review":"","yasr_auto_insert_disabled":"","yasr_review_type":"","footnotes":""},"class_list":["post-97460","page","type-page","status-publish","has-post-thumbnail","hentry"],"yasr_visitor_votes":{"stars_attributes":{"read_only":false,"span_bottom":false},"number_of_votes":0,"sum_votes":0},"acf":[],"yoast_head":"<!-- This site is optimized with the Yoast SEO plugin v27.3 - https:\/\/yoast.com\/product\/yoast-seo-wordpress\/ -->\n<title>Jak ofertuje bran\u017ca fotowoltaiki w Polsce? - raport do pobrania<\/title>\n<meta name=\"description\" content=\"Jak ofertuje bran\u017ca fotowoltaiki w Polsce? Przebadali\u015bmy proces ofertowania 204 firm. Sprawd\u017a do jakich wniosk\u00f3w doszli\u015bmy.\" \/>\n<meta name=\"robots\" content=\"index, follow, max-snippet:-1, max-image-preview:large, max-video-preview:-1\" \/>\n<link rel=\"canonical\" href=\"https:\/\/www.livespace.io\/pl\/raport-fotowoltaika\/\" \/>\n<meta property=\"og:locale\" content=\"pl_PL\" \/>\n<meta property=\"og:type\" content=\"article\" \/>\n<meta property=\"og:title\" content=\"Jak ofertuje bran\u017ca fotowoltaiki w Polsce?\" \/>\n<meta property=\"og:description\" content=\"Zobacz, czego dowiedzieli\u015bmy si\u0119, badaj\u0105c 204 firmy z bran\u017cy fotowoltaiki w Polsce.\" \/>\n<meta property=\"og:url\" content=\"https:\/\/www.livespace.io\/pl\/raport-fotowoltaika\/\" \/>\n<meta property=\"og:site_name\" content=\"Livespace CRM\" \/>\n<meta property=\"article:modified_time\" content=\"2022-07-26T10:08:47+00:00\" \/>\n<meta property=\"og:image\" content=\"https:\/\/www.livespace.io\/wp-content\/uploads\/2022\/07\/Raport-fotowoltaiczny.png\" \/>\n\t<meta property=\"og:image:width\" content=\"1200\" \/>\n\t<meta property=\"og:image:height\" content=\"628\" \/>\n\t<meta property=\"og:image:type\" content=\"image\/png\" \/>\n<meta name=\"twitter:card\" content=\"summary_large_image\" \/>\n<meta name=\"twitter:title\" content=\"Jak ofertuje bran\u017ca fotowoltaiki w Polsce?\" \/>\n<meta name=\"twitter:description\" content=\"Zobacz, czego dowiedzieli\u015bmy si\u0119, badaj\u0105c 204 firmy z bran\u017cy fotowoltaiki w Polsce.\" \/>\n<meta name=\"twitter:image\" content=\"https:\/\/www.livespace.io\/wp-content\/uploads\/2022\/07\/Raport-fotowoltaiczny.png\" \/>\n<meta name=\"twitter:label1\" content=\"Szacowany czas czytania\" \/>\n\t<meta name=\"twitter:data1\" content=\"5 minut\" \/>\n<script type=\"application\/ld+json\" class=\"yoast-schema-graph\">{\"@context\":\"https:\\\/\\\/schema.org\",\"@graph\":[{\"@type\":\"WebPage\",\"@id\":\"https:\\\/\\\/www.livespace.io\\\/pl\\\/raport-fotowoltaika\\\/\",\"url\":\"https:\\\/\\\/www.livespace.io\\\/pl\\\/raport-fotowoltaika\\\/\",\"name\":\"Jak ofertuje bran\u017ca fotowoltaiki w Polsce? - raport do pobrania\",\"isPartOf\":{\"@id\":\"https:\\\/\\\/www.livespace.io\\\/pl\\\/#website\"},\"primaryImageOfPage\":{\"@id\":\"https:\\\/\\\/www.livespace.io\\\/pl\\\/raport-fotowoltaika\\\/#primaryimage\"},\"image\":{\"@id\":\"https:\\\/\\\/www.livespace.io\\\/pl\\\/raport-fotowoltaika\\\/#primaryimage\"},\"thumbnailUrl\":\"https:\\\/\\\/www.livespace.io\\\/wp-content\\\/uploads\\\/2022\\\/07\\\/Raport-fotowoltaiczny.png\",\"datePublished\":\"2021-09-10T07:25:35+00:00\",\"dateModified\":\"2022-07-26T10:08:47+00:00\",\"description\":\"Jak ofertuje bran\u017ca fotowoltaiki w Polsce? Przebadali\u015bmy proces ofertowania 204 firm. Sprawd\u017a do jakich wniosk\u00f3w doszli\u015bmy.\",\"inLanguage\":\"pl-PL\",\"potentialAction\":[{\"@type\":\"ReadAction\",\"target\":[\"https:\\\/\\\/www.livespace.io\\\/pl\\\/raport-fotowoltaika\\\/\"]}]},{\"@type\":\"ImageObject\",\"inLanguage\":\"pl-PL\",\"@id\":\"https:\\\/\\\/www.livespace.io\\\/pl\\\/raport-fotowoltaika\\\/#primaryimage\",\"url\":\"https:\\\/\\\/www.livespace.io\\\/wp-content\\\/uploads\\\/2022\\\/07\\\/Raport-fotowoltaiczny.png\",\"contentUrl\":\"https:\\\/\\\/www.livespace.io\\\/wp-content\\\/uploads\\\/2022\\\/07\\\/Raport-fotowoltaiczny.png\",\"width\":1200,\"height\":628,\"caption\":\"Raport Sellizera\"},{\"@type\":\"WebSite\",\"@id\":\"https:\\\/\\\/www.livespace.io\\\/pl\\\/#website\",\"url\":\"https:\\\/\\\/www.livespace.io\\\/pl\\\/\",\"name\":\"Livespace CRM\",\"description\":\"sell smarter\",\"publisher\":{\"@id\":\"https:\\\/\\\/www.livespace.io\\\/pl\\\/#organization\"},\"potentialAction\":[{\"@type\":\"SearchAction\",\"target\":{\"@type\":\"EntryPoint\",\"urlTemplate\":\"https:\\\/\\\/www.livespace.io\\\/pl\\\/?s={search_term_string}\"},\"query-input\":{\"@type\":\"PropertyValueSpecification\",\"valueRequired\":true,\"valueName\":\"search_term_string\"}}],\"inLanguage\":\"pl-PL\"},{\"@type\":\"Organization\",\"@id\":\"https:\\\/\\\/www.livespace.io\\\/pl\\\/#organization\",\"name\":\"Livespace.io\",\"url\":\"https:\\\/\\\/www.livespace.io\\\/pl\\\/\",\"logo\":{\"@type\":\"ImageObject\",\"inLanguage\":\"pl-PL\",\"@id\":\"https:\\\/\\\/www.livespace.io\\\/pl\\\/#\\\/schema\\\/logo\\\/image\\\/\",\"url\":\"https:\\\/\\\/www.livespace.io\\\/wp-content\\\/uploads\\\/2021\\\/09\\\/livespace-logo.png\",\"contentUrl\":\"https:\\\/\\\/www.livespace.io\\\/wp-content\\\/uploads\\\/2021\\\/09\\\/livespace-logo.png\",\"width\":204,\"height\":54,\"caption\":\"Livespace.io\"},\"image\":{\"@id\":\"https:\\\/\\\/www.livespace.io\\\/pl\\\/#\\\/schema\\\/logo\\\/image\\\/\"}}]}<\/script>\n<!-- \/ Yoast SEO plugin. -->","yoast_head_json":{"title":"Jak ofertuje bran\u017ca fotowoltaiki w Polsce? - raport do pobrania","description":"Jak ofertuje bran\u017ca fotowoltaiki w Polsce? Przebadali\u015bmy proces ofertowania 204 firm. Sprawd\u017a do jakich wniosk\u00f3w doszli\u015bmy.","robots":{"index":"index","follow":"follow","max-snippet":"max-snippet:-1","max-image-preview":"max-image-preview:large","max-video-preview":"max-video-preview:-1"},"canonical":"https:\/\/www.livespace.io\/pl\/raport-fotowoltaika\/","og_locale":"pl_PL","og_type":"article","og_title":"Jak ofertuje bran\u017ca fotowoltaiki w Polsce?","og_description":"Zobacz, czego dowiedzieli\u015bmy si\u0119, badaj\u0105c 204 firmy z bran\u017cy fotowoltaiki w Polsce.","og_url":"https:\/\/www.livespace.io\/pl\/raport-fotowoltaika\/","og_site_name":"Livespace CRM","article_modified_time":"2022-07-26T10:08:47+00:00","og_image":[{"width":1200,"height":628,"url":"https:\/\/www.livespace.io\/wp-content\/uploads\/2022\/07\/Raport-fotowoltaiczny.png","type":"image\/png"}],"twitter_card":"summary_large_image","twitter_title":"Jak ofertuje bran\u017ca fotowoltaiki w Polsce?","twitter_description":"Zobacz, czego dowiedzieli\u015bmy si\u0119, badaj\u0105c 204 firmy z bran\u017cy fotowoltaiki w Polsce.","twitter_image":"https:\/\/www.livespace.io\/wp-content\/uploads\/2022\/07\/Raport-fotowoltaiczny.png","twitter_misc":{"Szacowany czas czytania":"5 minut"},"schema":{"@context":"https:\/\/schema.org","@graph":[{"@type":"WebPage","@id":"https:\/\/www.livespace.io\/pl\/raport-fotowoltaika\/","url":"https:\/\/www.livespace.io\/pl\/raport-fotowoltaika\/","name":"Jak ofertuje bran\u017ca fotowoltaiki w Polsce? - raport do pobrania","isPartOf":{"@id":"https:\/\/www.livespace.io\/pl\/#website"},"primaryImageOfPage":{"@id":"https:\/\/www.livespace.io\/pl\/raport-fotowoltaika\/#primaryimage"},"image":{"@id":"https:\/\/www.livespace.io\/pl\/raport-fotowoltaika\/#primaryimage"},"thumbnailUrl":"https:\/\/www.livespace.io\/wp-content\/uploads\/2022\/07\/Raport-fotowoltaiczny.png","datePublished":"2021-09-10T07:25:35+00:00","dateModified":"2022-07-26T10:08:47+00:00","description":"Jak ofertuje bran\u017ca fotowoltaiki w Polsce? Przebadali\u015bmy proces ofertowania 204 firm. Sprawd\u017a do jakich wniosk\u00f3w doszli\u015bmy.","inLanguage":"pl-PL","potentialAction":[{"@type":"ReadAction","target":["https:\/\/www.livespace.io\/pl\/raport-fotowoltaika\/"]}]},{"@type":"ImageObject","inLanguage":"pl-PL","@id":"https:\/\/www.livespace.io\/pl\/raport-fotowoltaika\/#primaryimage","url":"https:\/\/www.livespace.io\/wp-content\/uploads\/2022\/07\/Raport-fotowoltaiczny.png","contentUrl":"https:\/\/www.livespace.io\/wp-content\/uploads\/2022\/07\/Raport-fotowoltaiczny.png","width":1200,"height":628,"caption":"Raport Sellizera"},{"@type":"WebSite","@id":"https:\/\/www.livespace.io\/pl\/#website","url":"https:\/\/www.livespace.io\/pl\/","name":"Livespace CRM","description":"sell smarter","publisher":{"@id":"https:\/\/www.livespace.io\/pl\/#organization"},"potentialAction":[{"@type":"SearchAction","target":{"@type":"EntryPoint","urlTemplate":"https:\/\/www.livespace.io\/pl\/?s={search_term_string}"},"query-input":{"@type":"PropertyValueSpecification","valueRequired":true,"valueName":"search_term_string"}}],"inLanguage":"pl-PL"},{"@type":"Organization","@id":"https:\/\/www.livespace.io\/pl\/#organization","name":"Livespace.io","url":"https:\/\/www.livespace.io\/pl\/","logo":{"@type":"ImageObject","inLanguage":"pl-PL","@id":"https:\/\/www.livespace.io\/pl\/#\/schema\/logo\/image\/","url":"https:\/\/www.livespace.io\/wp-content\/uploads\/2021\/09\/livespace-logo.png","contentUrl":"https:\/\/www.livespace.io\/wp-content\/uploads\/2021\/09\/livespace-logo.png","width":204,"height":54,"caption":"Livespace.io"},"image":{"@id":"https:\/\/www.livespace.io\/pl\/#\/schema\/logo\/image\/"}}]}},"_links":{"self":[{"href":"https:\/\/www.livespace.io\/pl\/wp-json\/wp\/v2\/pages\/97460","targetHints":{"allow":["GET"]}}],"collection":[{"href":"https:\/\/www.livespace.io\/pl\/wp-json\/wp\/v2\/pages"}],"about":[{"href":"https:\/\/www.livespace.io\/pl\/wp-json\/wp\/v2\/types\/page"}],"author":[{"embeddable":true,"href":"https:\/\/www.livespace.io\/pl\/wp-json\/wp\/v2\/users\/76"}],"replies":[{"embeddable":true,"href":"https:\/\/www.livespace.io\/pl\/wp-json\/wp\/v2\/comments?post=97460"}],"version-history":[{"count":0,"href":"https:\/\/www.livespace.io\/pl\/wp-json\/wp\/v2\/pages\/97460\/revisions"}],"wp:featuredmedia":[{"embeddable":true,"href":"https:\/\/www.livespace.io\/pl\/wp-json\/wp\/v2\/media\/103966"}],"wp:attachment":[{"href":"https:\/\/www.livespace.io\/pl\/wp-json\/wp\/v2\/media?parent=97460"}],"curies":[{"name":"wp","href":"https:\/\/api.w.org\/{rel}","templated":true}]}}