{"id":97124,"date":"2021-08-16T14:55:58","date_gmt":"2021-08-16T12:55:58","guid":{"rendered":"https:\/\/www.livespace.io\/szkolenia\/livespace-crm-w-praktyce-copy\/"},"modified":"2025-09-02T09:19:32","modified_gmt":"2025-09-02T07:19:32","slug":"zmien-pakiet-livespace","status":"publish","type":"page","link":"https:\/\/www.livespace.io\/pl\/zmien-pakiet-livespace\/","title":{"rendered":"Zmie\u0144 pakiet Livespace"},"content":{"rendered":"\n<style type=\"text\/css\" data-created_by=\"avia_inline_auto\" id=\"style-css-av-556yyu-14c7499d8cf4656d8d649be9c9f30848\">\n.flex_column.av-556yyu-14c7499d8cf4656d8d649be9c9f30848{\nborder-radius:0px 0px 0px 0px;\npadding:0px 0px 0px 0px;\n}\n<\/style>\n<div  class='flex_column av-556yyu-14c7499d8cf4656d8d649be9c9f30848 av_one_fifth  avia-builder-el-0  el_before_av_three_fifth  avia-builder-el-first  first flex_column_div av-zero-column-padding  '     ><\/div>\n\n<style type=\"text\/css\" data-created_by=\"avia_inline_auto\" id=\"style-css-av-16u3zs6-9c6cead93c3f17dc0b3262e73180732d\">\n.flex_column.av-16u3zs6-9c6cead93c3f17dc0b3262e73180732d{\nborder-radius:0px 0px 0px 0px;\npadding:0px 0px 0px 0px;\n}\n<\/style>\n<div  class='flex_column av-16u3zs6-9c6cead93c3f17dc0b3262e73180732d av_three_fifth  avia-builder-el-1  el_after_av_one_fifth  el_before_av_one_fifth  flex_column_div av-zero-column-padding  '     ><p>\n<style type=\"text\/css\" data-created_by=\"avia_inline_auto\" id=\"style-css-av-k5mys97m-f369371a91fe4f5554e78605bba7d93e\">\n.avia-image-container.av-k5mys97m-f369371a91fe4f5554e78605bba7d93e img.avia_image{\nbox-shadow:none;\n}\n.avia-image-container.av-k5mys97m-f369371a91fe4f5554e78605bba7d93e .av-image-caption-overlay-center{\ncolor:#ffffff;\n}\n<\/style>\n<div  class='avia-image-container av-k5mys97m-f369371a91fe4f5554e78605bba7d93e av-styling- avia-align-center  avia-builder-el-2  el_before_av_textblock  avia-builder-el-first '   itemprop=\"image\" itemscope=\"itemscope\" itemtype=\"https:\/\/schema.org\/ImageObject\" ><div class=\"avia-image-container-inner\"><div class=\"avia-image-overlay-wrap\"><img decoding=\"async\" fetchpriority=\"high\" class='wp-image-103880 avia-img-lazy-loading-not-103880 avia_image ' src=\"https:\/\/www.livespace.io\/wp-content\/uploads\/2022\/07\/informuj-duze-grupy.svg\" alt='masowa wysy\u0142ka informacji do klienta' title='informuj-duze-grupy-odbiorcow'  height=\"1030\" width=\"1030\"  itemprop=\"thumbnailUrl\"  \/><\/div><\/div><\/div><br \/>\n<section  class='av_textblock_section av-k0e63x8k-d3952e0f6b7276794a4acb7753d516ee '   itemscope=\"itemscope\" itemtype=\"https:\/\/schema.org\/CreativeWork\" ><div class='avia_textblock'  itemprop=\"text\" ><h4 style=\"text-align: center;\"><strong>ZMIANA PAKIETU LIVESPACE<\/strong><\/h4>\n<\/div><\/section><br \/>\n<section  class='av_textblock_section av-jyjvnnwg-9a5f13947e770cf5f6ac35fc48d555e1 '   itemscope=\"itemscope\" itemtype=\"https:\/\/schema.org\/CreativeWork\" ><div class='avia_textblock'  itemprop=\"text\" ><p>Zmieni\u0142y si\u0119 potrzeby Twojej firmy i potrzebujesz zmieni\u0107 pakiet? Mo\u017ce chcesz go rozszerzy\u0107 by zyska\u0107 dost\u0119p to wi\u0119cej niezb\u0119dnych funkcji?<\/p>\n<p>\u017baden problem! Jest to bardzo proste.<\/p>\n<p>Wype\u0142nij formularz i skontaktujemy si\u0119 w celu przetworzenia zmiany.<\/p>\n<\/div><\/section><br \/>\n<\/p><\/div>\n<style type=\"text\/css\" data-created_by=\"avia_inline_auto\" id=\"style-css-av-pjrl52-585d8fcdff6a69dae45009ee36cc7111\">\n.flex_column.av-pjrl52-585d8fcdff6a69dae45009ee36cc7111{\nborder-radius:0px 0px 0px 0px;\npadding:0px 0px 0px 0px;\n}\n<\/style>\n<div  class='flex_column av-pjrl52-585d8fcdff6a69dae45009ee36cc7111 av_one_fifth  avia-builder-el-6  el_after_av_three_fifth  avia-builder-el-last  flex_column_div av-zero-column-padding  '     ><\/div><\/p>\n<div style='text-align:center' class='yasr-auto-insert-visitor'><\/div>","protected":false},"excerpt":{"rendered":"","protected":false},"author":11,"featured_media":0,"parent":0,"menu_order":0,"comment_status":"closed","ping_status":"closed","template":"","meta":{"_acf_changed":false,"inline_featured_image":false,"yasr_overall_rating":0,"yasr_post_is_review":"","yasr_auto_insert_disabled":"","yasr_review_type":"","footnotes":""},"class_list":["post-97124","page","type-page","status-publish","hentry"],"yasr_visitor_votes":{"stars_attributes":{"read_only":false,"span_bottom":false},"number_of_votes":0,"sum_votes":0},"acf":[],"yoast_head":"<!-- This site is optimized with the Yoast SEO plugin v27.3 - https:\/\/yoast.com\/product\/yoast-seo-wordpress\/ -->\n<title>Zmie\u0144 sw\u00f3j pakiet | Livespace CRM<\/title>\n<meta name=\"description\" content=\"Zmieni\u0142y si\u0119 potrzeby Twojej firmy? \u017baden problem! Zmie\u0144 pakiet Livespace. Jest to bardzo proste.\" \/>\n<meta name=\"robots\" content=\"noindex, follow\" \/>\n<meta property=\"og:locale\" content=\"pl_PL\" \/>\n<meta property=\"og:type\" content=\"article\" \/>\n<meta property=\"og:title\" content=\"Zmie\u0144 sw\u00f3j pakiet | Livespace CRM\" \/>\n<meta property=\"og:description\" content=\"Zmieni\u0142y si\u0119 potrzeby Twojej firmy? \u017baden problem! Zmie\u0144 pakiet Livespace. Jest to bardzo proste.\" \/>\n<meta property=\"og:url\" content=\"https:\/\/www.livespace.io\/pl\/zmien-pakiet-livespace\/\" \/>\n<meta property=\"og:site_name\" content=\"Livespace CRM\" \/>\n<meta property=\"article:modified_time\" content=\"2025-09-02T07:19:32+00:00\" \/>\n<meta property=\"og:image\" content=\"https:\/\/www.livespace.io\/wp-content\/uploads\/2022\/06\/Livespace-sell-smarter-crm.png\" \/>\n\t<meta property=\"og:image:width\" content=\"1200\" \/>\n\t<meta property=\"og:image:height\" content=\"628\" \/>\n\t<meta property=\"og:image:type\" content=\"image\/png\" \/>\n<meta name=\"twitter:card\" content=\"summary_large_image\" \/>\n<meta name=\"twitter:label1\" content=\"Szacowany czas czytania\" \/>\n\t<meta name=\"twitter:data1\" content=\"1 minuta\" \/>\n<script type=\"application\/ld+json\" class=\"yoast-schema-graph\">{\"@context\":\"https:\\\/\\\/schema.org\",\"@graph\":[{\"@type\":\"WebPage\",\"@id\":\"https:\\\/\\\/www.livespace.io\\\/pl\\\/zmien-pakiet-livespace\\\/\",\"url\":\"https:\\\/\\\/www.livespace.io\\\/pl\\\/zmien-pakiet-livespace\\\/\",\"name\":\"Zmie\u0144 sw\u00f3j pakiet | Livespace CRM\",\"isPartOf\":{\"@id\":\"https:\\\/\\\/www.livespace.io\\\/pl\\\/#website\"},\"datePublished\":\"2021-08-16T12:55:58+00:00\",\"dateModified\":\"2025-09-02T07:19:32+00:00\",\"description\":\"Zmieni\u0142y si\u0119 potrzeby Twojej firmy? \u017baden problem! Zmie\u0144 pakiet Livespace. Jest to bardzo proste.\",\"inLanguage\":\"pl-PL\",\"potentialAction\":[{\"@type\":\"ReadAction\",\"target\":[\"https:\\\/\\\/www.livespace.io\\\/pl\\\/zmien-pakiet-livespace\\\/\"]}]},{\"@type\":\"WebSite\",\"@id\":\"https:\\\/\\\/www.livespace.io\\\/pl\\\/#website\",\"url\":\"https:\\\/\\\/www.livespace.io\\\/pl\\\/\",\"name\":\"Livespace CRM\",\"description\":\"sell smarter\",\"publisher\":{\"@id\":\"https:\\\/\\\/www.livespace.io\\\/pl\\\/#organization\"},\"potentialAction\":[{\"@type\":\"SearchAction\",\"target\":{\"@type\":\"EntryPoint\",\"urlTemplate\":\"https:\\\/\\\/www.livespace.io\\\/pl\\\/?s={search_term_string}\"},\"query-input\":{\"@type\":\"PropertyValueSpecification\",\"valueRequired\":true,\"valueName\":\"search_term_string\"}}],\"inLanguage\":\"pl-PL\"},{\"@type\":\"Organization\",\"@id\":\"https:\\\/\\\/www.livespace.io\\\/pl\\\/#organization\",\"name\":\"Livespace.io\",\"url\":\"https:\\\/\\\/www.livespace.io\\\/pl\\\/\",\"logo\":{\"@type\":\"ImageObject\",\"inLanguage\":\"pl-PL\",\"@id\":\"https:\\\/\\\/www.livespace.io\\\/pl\\\/#\\\/schema\\\/logo\\\/image\\\/\",\"url\":\"https:\\\/\\\/www.livespace.io\\\/wp-content\\\/uploads\\\/2021\\\/09\\\/livespace-logo.png\",\"contentUrl\":\"https:\\\/\\\/www.livespace.io\\\/wp-content\\\/uploads\\\/2021\\\/09\\\/livespace-logo.png\",\"width\":204,\"height\":54,\"caption\":\"Livespace.io\"},\"image\":{\"@id\":\"https:\\\/\\\/www.livespace.io\\\/pl\\\/#\\\/schema\\\/logo\\\/image\\\/\"}}]}<\/script>\n<!-- \/ Yoast SEO plugin. -->","yoast_head_json":{"title":"Zmie\u0144 sw\u00f3j pakiet | Livespace CRM","description":"Zmieni\u0142y si\u0119 potrzeby Twojej firmy? \u017baden problem! Zmie\u0144 pakiet Livespace. Jest to bardzo proste.","robots":{"index":"noindex","follow":"follow"},"og_locale":"pl_PL","og_type":"article","og_title":"Zmie\u0144 sw\u00f3j pakiet | Livespace CRM","og_description":"Zmieni\u0142y si\u0119 potrzeby Twojej firmy? \u017baden problem! Zmie\u0144 pakiet Livespace. Jest to bardzo proste.","og_url":"https:\/\/www.livespace.io\/pl\/zmien-pakiet-livespace\/","og_site_name":"Livespace CRM","article_modified_time":"2025-09-02T07:19:32+00:00","og_image":[{"width":1200,"height":628,"url":"https:\/\/www.livespace.io\/wp-content\/uploads\/2022\/06\/Livespace-sell-smarter-crm.png","type":"image\/png"}],"twitter_card":"summary_large_image","twitter_misc":{"Szacowany czas czytania":"1 minuta"},"schema":{"@context":"https:\/\/schema.org","@graph":[{"@type":"WebPage","@id":"https:\/\/www.livespace.io\/pl\/zmien-pakiet-livespace\/","url":"https:\/\/www.livespace.io\/pl\/zmien-pakiet-livespace\/","name":"Zmie\u0144 sw\u00f3j pakiet | Livespace CRM","isPartOf":{"@id":"https:\/\/www.livespace.io\/pl\/#website"},"datePublished":"2021-08-16T12:55:58+00:00","dateModified":"2025-09-02T07:19:32+00:00","description":"Zmieni\u0142y si\u0119 potrzeby Twojej firmy? \u017baden problem! Zmie\u0144 pakiet Livespace. Jest to bardzo proste.","inLanguage":"pl-PL","potentialAction":[{"@type":"ReadAction","target":["https:\/\/www.livespace.io\/pl\/zmien-pakiet-livespace\/"]}]},{"@type":"WebSite","@id":"https:\/\/www.livespace.io\/pl\/#website","url":"https:\/\/www.livespace.io\/pl\/","name":"Livespace CRM","description":"sell smarter","publisher":{"@id":"https:\/\/www.livespace.io\/pl\/#organization"},"potentialAction":[{"@type":"SearchAction","target":{"@type":"EntryPoint","urlTemplate":"https:\/\/www.livespace.io\/pl\/?s={search_term_string}"},"query-input":{"@type":"PropertyValueSpecification","valueRequired":true,"valueName":"search_term_string"}}],"inLanguage":"pl-PL"},{"@type":"Organization","@id":"https:\/\/www.livespace.io\/pl\/#organization","name":"Livespace.io","url":"https:\/\/www.livespace.io\/pl\/","logo":{"@type":"ImageObject","inLanguage":"pl-PL","@id":"https:\/\/www.livespace.io\/pl\/#\/schema\/logo\/image\/","url":"https:\/\/www.livespace.io\/wp-content\/uploads\/2021\/09\/livespace-logo.png","contentUrl":"https:\/\/www.livespace.io\/wp-content\/uploads\/2021\/09\/livespace-logo.png","width":204,"height":54,"caption":"Livespace.io"},"image":{"@id":"https:\/\/www.livespace.io\/pl\/#\/schema\/logo\/image\/"}}]}},"_links":{"self":[{"href":"https:\/\/www.livespace.io\/pl\/wp-json\/wp\/v2\/pages\/97124","targetHints":{"allow":["GET"]}}],"collection":[{"href":"https:\/\/www.livespace.io\/pl\/wp-json\/wp\/v2\/pages"}],"about":[{"href":"https:\/\/www.livespace.io\/pl\/wp-json\/wp\/v2\/types\/page"}],"author":[{"embeddable":true,"href":"https:\/\/www.livespace.io\/pl\/wp-json\/wp\/v2\/users\/11"}],"replies":[{"embeddable":true,"href":"https:\/\/www.livespace.io\/pl\/wp-json\/wp\/v2\/comments?post=97124"}],"version-history":[{"count":2,"href":"https:\/\/www.livespace.io\/pl\/wp-json\/wp\/v2\/pages\/97124\/revisions"}],"predecessor-version":[{"id":199897,"href":"https:\/\/www.livespace.io\/pl\/wp-json\/wp\/v2\/pages\/97124\/revisions\/199897"}],"wp:attachment":[{"href":"https:\/\/www.livespace.io\/pl\/wp-json\/wp\/v2\/media?parent=97124"}],"curies":[{"name":"wp","href":"https:\/\/api.w.org\/{rel}","templated":true}]}}