{"id":91590,"date":"2020-10-16T15:44:47","date_gmt":"2020-10-16T13:44:47","guid":{"rendered":"https:\/\/www.livespace.io\/case-studies\/case-study-q-broker-copy\/"},"modified":"2021-11-23T14:34:24","modified_gmt":"2021-11-23T13:34:24","slug":"hostersi-archive","status":"publish","type":"page","link":"https:\/\/www.livespace.io\/pl\/case-study\/hostersi-archive\/","title":{"rendered":"Case Study: Hostersi PL"},"content":{"rendered":"<div style='text-align:center' class='yasr-auto-insert-visitor'><\/div>","protected":false},"excerpt":{"rendered":"","protected":false},"author":94,"featured_media":0,"parent":91451,"menu_order":0,"comment_status":"closed","ping_status":"closed","template":"template-newtheme.php","meta":{"_acf_changed":false,"inline_featured_image":false,"yasr_overall_rating":0,"yasr_post_is_review":"","yasr_auto_insert_disabled":"","yasr_review_type":"","footnotes":""},"class_list":["post-91590","page","type-page","status-publish","hentry"],"yasr_visitor_votes":{"stars_attributes":{"read_only":false,"span_bottom":false},"number_of_votes":0,"sum_votes":0},"acf":[],"yoast_head":"<!-- This site is optimized with the Yoast SEO plugin v27.3 - https:\/\/yoast.com\/product\/yoast-seo-wordpress\/ -->\n<title>Jak firma IT osi\u0105gn\u0119\u0142a 85% wzrost sprzeda\u017cy \u2013 case study<\/title>\n<meta name=\"description\" content=\"Dowiedz si\u0119 wi\u0119cej, jak wdro\u017cenie CRM w firmie z bran\u017cy IT wp\u0142yn\u0119\u0142o na 85% wzrost sprzeda\u017cy. Sprawd\u017a case study.\" \/>\n<meta name=\"robots\" content=\"index, follow, max-snippet:-1, max-image-preview:large, max-video-preview:-1\" \/>\n<link rel=\"canonical\" href=\"https:\/\/www.livespace.io\/pl\/case-study\/hostersi-archive\/\" \/>\n<meta property=\"og:locale\" content=\"pl_PL\" \/>\n<meta property=\"og:type\" content=\"article\" \/>\n<meta property=\"og:title\" content=\"Jak firma IT osi\u0105gn\u0119\u0142a 85% wzrost sprzeda\u017cy \u2013 case study\" \/>\n<meta property=\"og:description\" content=\"Dowiedz si\u0119 wi\u0119cej, jak wdro\u017cenie CRM w firmie z bran\u017cy IT wp\u0142yn\u0119\u0142o na 85% wzrost sprzeda\u017cy.\" \/>\n<meta property=\"og:url\" content=\"https:\/\/www.livespace.io\/pl\/case-study\/hostersi-archive\/\" \/>\n<meta property=\"og:site_name\" content=\"Livespace CRM\" \/>\n<meta property=\"article:modified_time\" content=\"2021-11-23T13:34:24+00:00\" \/>\n<meta property=\"og:image\" content=\"https:\/\/www.livespace.io\/wp-content\/uploads\/2020\/10\/case-study-hostersi.png\" \/>\n\t<meta property=\"og:image:width\" content=\"770\" \/>\n\t<meta property=\"og:image:height\" content=\"402\" \/>\n\t<meta property=\"og:image:type\" content=\"image\/png\" \/>\n<meta name=\"twitter:card\" content=\"summary_large_image\" \/>\n<script type=\"application\/ld+json\" class=\"yoast-schema-graph\">{\"@context\":\"https:\\\/\\\/schema.org\",\"@graph\":[{\"@type\":\"WebPage\",\"@id\":\"https:\\\/\\\/www.livespace.io\\\/pl\\\/case-study\\\/hostersi-archive\\\/\",\"url\":\"https:\\\/\\\/www.livespace.io\\\/pl\\\/case-study\\\/hostersi-archive\\\/\",\"name\":\"Jak firma IT osi\u0105gn\u0119\u0142a 85% wzrost sprzeda\u017cy \u2013 case study\",\"isPartOf\":{\"@id\":\"https:\\\/\\\/www.livespace.io\\\/pl\\\/#website\"},\"datePublished\":\"2020-10-16T13:44:47+00:00\",\"dateModified\":\"2021-11-23T13:34:24+00:00\",\"description\":\"Dowiedz si\u0119 wi\u0119cej, jak wdro\u017cenie CRM w firmie z bran\u017cy IT wp\u0142yn\u0119\u0142o na 85% wzrost sprzeda\u017cy. Sprawd\u017a case study.\",\"breadcrumb\":{\"@id\":\"https:\\\/\\\/www.livespace.io\\\/pl\\\/case-study\\\/hostersi-archive\\\/#breadcrumb\"},\"inLanguage\":\"pl-PL\",\"potentialAction\":[{\"@type\":\"ReadAction\",\"target\":[\"https:\\\/\\\/www.livespace.io\\\/pl\\\/case-study\\\/hostersi-archive\\\/\"]}]},{\"@type\":\"BreadcrumbList\",\"@id\":\"https:\\\/\\\/www.livespace.io\\\/pl\\\/case-study\\\/hostersi-archive\\\/#breadcrumb\",\"itemListElement\":[{\"@type\":\"ListItem\",\"position\":1,\"name\":\"Case Studies\",\"item\":\"https:\\\/\\\/www.livespace.io\\\/pl\\\/case-study\\\/\"},{\"@type\":\"ListItem\",\"position\":2,\"name\":\"Case Study: Hostersi PL\"}]},{\"@type\":\"WebSite\",\"@id\":\"https:\\\/\\\/www.livespace.io\\\/pl\\\/#website\",\"url\":\"https:\\\/\\\/www.livespace.io\\\/pl\\\/\",\"name\":\"Livespace CRM\",\"description\":\"sell smarter\",\"publisher\":{\"@id\":\"https:\\\/\\\/www.livespace.io\\\/pl\\\/#organization\"},\"potentialAction\":[{\"@type\":\"SearchAction\",\"target\":{\"@type\":\"EntryPoint\",\"urlTemplate\":\"https:\\\/\\\/www.livespace.io\\\/pl\\\/?s={search_term_string}\"},\"query-input\":{\"@type\":\"PropertyValueSpecification\",\"valueRequired\":true,\"valueName\":\"search_term_string\"}}],\"inLanguage\":\"pl-PL\"},{\"@type\":\"Organization\",\"@id\":\"https:\\\/\\\/www.livespace.io\\\/pl\\\/#organization\",\"name\":\"Livespace.io\",\"url\":\"https:\\\/\\\/www.livespace.io\\\/pl\\\/\",\"logo\":{\"@type\":\"ImageObject\",\"inLanguage\":\"pl-PL\",\"@id\":\"https:\\\/\\\/www.livespace.io\\\/pl\\\/#\\\/schema\\\/logo\\\/image\\\/\",\"url\":\"https:\\\/\\\/www.livespace.io\\\/wp-content\\\/uploads\\\/2021\\\/09\\\/livespace-logo.png\",\"contentUrl\":\"https:\\\/\\\/www.livespace.io\\\/wp-content\\\/uploads\\\/2021\\\/09\\\/livespace-logo.png\",\"width\":204,\"height\":54,\"caption\":\"Livespace.io\"},\"image\":{\"@id\":\"https:\\\/\\\/www.livespace.io\\\/pl\\\/#\\\/schema\\\/logo\\\/image\\\/\"}}]}<\/script>\n<!-- \/ Yoast SEO plugin. -->","yoast_head_json":{"title":"Jak firma IT osi\u0105gn\u0119\u0142a 85% wzrost sprzeda\u017cy \u2013 case study","description":"Dowiedz si\u0119 wi\u0119cej, jak wdro\u017cenie CRM w firmie z bran\u017cy IT wp\u0142yn\u0119\u0142o na 85% wzrost sprzeda\u017cy. Sprawd\u017a case study.","robots":{"index":"index","follow":"follow","max-snippet":"max-snippet:-1","max-image-preview":"max-image-preview:large","max-video-preview":"max-video-preview:-1"},"canonical":"https:\/\/www.livespace.io\/pl\/case-study\/hostersi-archive\/","og_locale":"pl_PL","og_type":"article","og_title":"Jak firma IT osi\u0105gn\u0119\u0142a 85% wzrost sprzeda\u017cy \u2013 case study","og_description":"Dowiedz si\u0119 wi\u0119cej, jak wdro\u017cenie CRM w firmie z bran\u017cy IT wp\u0142yn\u0119\u0142o na 85% wzrost sprzeda\u017cy.","og_url":"https:\/\/www.livespace.io\/pl\/case-study\/hostersi-archive\/","og_site_name":"Livespace CRM","article_modified_time":"2021-11-23T13:34:24+00:00","og_image":[{"width":770,"height":402,"url":"https:\/\/www.livespace.io\/wp-content\/uploads\/2020\/10\/case-study-hostersi.png","type":"image\/png"}],"twitter_card":"summary_large_image","schema":{"@context":"https:\/\/schema.org","@graph":[{"@type":"WebPage","@id":"https:\/\/www.livespace.io\/pl\/case-study\/hostersi-archive\/","url":"https:\/\/www.livespace.io\/pl\/case-study\/hostersi-archive\/","name":"Jak firma IT osi\u0105gn\u0119\u0142a 85% wzrost sprzeda\u017cy \u2013 case study","isPartOf":{"@id":"https:\/\/www.livespace.io\/pl\/#website"},"datePublished":"2020-10-16T13:44:47+00:00","dateModified":"2021-11-23T13:34:24+00:00","description":"Dowiedz si\u0119 wi\u0119cej, jak wdro\u017cenie CRM w firmie z bran\u017cy IT wp\u0142yn\u0119\u0142o na 85% wzrost sprzeda\u017cy. Sprawd\u017a case study.","breadcrumb":{"@id":"https:\/\/www.livespace.io\/pl\/case-study\/hostersi-archive\/#breadcrumb"},"inLanguage":"pl-PL","potentialAction":[{"@type":"ReadAction","target":["https:\/\/www.livespace.io\/pl\/case-study\/hostersi-archive\/"]}]},{"@type":"BreadcrumbList","@id":"https:\/\/www.livespace.io\/pl\/case-study\/hostersi-archive\/#breadcrumb","itemListElement":[{"@type":"ListItem","position":1,"name":"Case Studies","item":"https:\/\/www.livespace.io\/pl\/case-study\/"},{"@type":"ListItem","position":2,"name":"Case Study: Hostersi PL"}]},{"@type":"WebSite","@id":"https:\/\/www.livespace.io\/pl\/#website","url":"https:\/\/www.livespace.io\/pl\/","name":"Livespace CRM","description":"sell smarter","publisher":{"@id":"https:\/\/www.livespace.io\/pl\/#organization"},"potentialAction":[{"@type":"SearchAction","target":{"@type":"EntryPoint","urlTemplate":"https:\/\/www.livespace.io\/pl\/?s={search_term_string}"},"query-input":{"@type":"PropertyValueSpecification","valueRequired":true,"valueName":"search_term_string"}}],"inLanguage":"pl-PL"},{"@type":"Organization","@id":"https:\/\/www.livespace.io\/pl\/#organization","name":"Livespace.io","url":"https:\/\/www.livespace.io\/pl\/","logo":{"@type":"ImageObject","inLanguage":"pl-PL","@id":"https:\/\/www.livespace.io\/pl\/#\/schema\/logo\/image\/","url":"https:\/\/www.livespace.io\/wp-content\/uploads\/2021\/09\/livespace-logo.png","contentUrl":"https:\/\/www.livespace.io\/wp-content\/uploads\/2021\/09\/livespace-logo.png","width":204,"height":54,"caption":"Livespace.io"},"image":{"@id":"https:\/\/www.livespace.io\/pl\/#\/schema\/logo\/image\/"}}]}},"_links":{"self":[{"href":"https:\/\/www.livespace.io\/pl\/wp-json\/wp\/v2\/pages\/91590","targetHints":{"allow":["GET"]}}],"collection":[{"href":"https:\/\/www.livespace.io\/pl\/wp-json\/wp\/v2\/pages"}],"about":[{"href":"https:\/\/www.livespace.io\/pl\/wp-json\/wp\/v2\/types\/page"}],"author":[{"embeddable":true,"href":"https:\/\/www.livespace.io\/pl\/wp-json\/wp\/v2\/users\/94"}],"replies":[{"embeddable":true,"href":"https:\/\/www.livespace.io\/pl\/wp-json\/wp\/v2\/comments?post=91590"}],"version-history":[{"count":1,"href":"https:\/\/www.livespace.io\/pl\/wp-json\/wp\/v2\/pages\/91590\/revisions"}],"predecessor-version":[{"id":201385,"href":"https:\/\/www.livespace.io\/pl\/wp-json\/wp\/v2\/pages\/91590\/revisions\/201385"}],"up":[{"embeddable":true,"href":"https:\/\/www.livespace.io\/pl\/wp-json\/wp\/v2\/pages\/91451"}],"wp:attachment":[{"href":"https:\/\/www.livespace.io\/pl\/wp-json\/wp\/v2\/media?parent=91590"}],"curies":[{"name":"wp","href":"https:\/\/api.w.org\/{rel}","templated":true}]}}