{"id":91451,"date":"2020-10-16T10:22:53","date_gmt":"2020-10-16T08:22:53","guid":{"rendered":"https:\/\/www.livespace.io\/?page_id=91451"},"modified":"2025-08-13T12:20:33","modified_gmt":"2025-08-13T10:20:33","slug":"case-study","status":"publish","type":"page","link":"https:\/\/www.livespace.io\/pl\/case-study\/","title":{"rendered":"Case Studies"},"content":{"rendered":"<div style='text-align:center' class='yasr-auto-insert-visitor'><\/div>","protected":false},"excerpt":{"rendered":"","protected":false},"author":94,"featured_media":102334,"parent":0,"menu_order":0,"comment_status":"closed","ping_status":"closed","template":"template-newtheme.php","meta":{"_acf_changed":false,"inline_featured_image":false,"yasr_overall_rating":0,"yasr_post_is_review":"","yasr_auto_insert_disabled":"","yasr_review_type":"","footnotes":""},"class_list":["post-91451","page","type-page","status-publish","has-post-thumbnail","hentry"],"yasr_visitor_votes":{"stars_attributes":{"read_only":false,"span_bottom":false},"number_of_votes":0,"sum_votes":0},"acf":[],"yoast_head":"<!-- This site is optimized with the Yoast SEO plugin v27.3 - https:\/\/yoast.com\/product\/yoast-seo-wordpress\/ -->\n<title>Historie sukcesu wdro\u017cenia Livespace CRM \u2013 case studies<\/title>\n<meta name=\"description\" content=\"Zobacz, jak wdro\u017cenie Livespace CRM wp\u0142yn\u0119\u0142o na wzrost sprzeda\u017cy w firmach z r\u00f3\u017cnych bran\u017c. Sprawd\u017a case studies.\" \/>\n<meta name=\"robots\" content=\"index, follow, max-snippet:-1, max-image-preview:large, max-video-preview:-1\" \/>\n<link rel=\"canonical\" href=\"https:\/\/www.livespace.io\/pl\/case-study\/\" \/>\n<meta property=\"og:locale\" content=\"pl_PL\" \/>\n<meta property=\"og:type\" content=\"article\" \/>\n<meta property=\"og:title\" content=\"Historie sukcesu wdro\u017cenia Livespace CRM \u2013 case studies\" \/>\n<meta property=\"og:description\" content=\"Zobacz, jak wdro\u017cenie Livespace CRM wp\u0142yn\u0119\u0142o na wzrost sprzeda\u017cy w firmach z r\u00f3\u017cnych bran\u017c. Sprawd\u017a case studies.\" \/>\n<meta property=\"og:url\" content=\"https:\/\/www.livespace.io\/pl\/case-study\/\" \/>\n<meta property=\"og:site_name\" content=\"Livespace CRM\" \/>\n<meta property=\"article:modified_time\" content=\"2025-08-13T10:20:33+00:00\" \/>\n<meta property=\"og:image\" content=\"https:\/\/www.livespace.io\/wp-content\/uploads\/2022\/03\/case-studies-livespace.png\" \/>\n\t<meta property=\"og:image:width\" content=\"2400\" \/>\n\t<meta property=\"og:image:height\" content=\"1200\" \/>\n\t<meta property=\"og:image:type\" content=\"image\/png\" \/>\n<meta name=\"twitter:card\" content=\"summary_large_image\" \/>\n<meta name=\"twitter:image\" content=\"https:\/\/www.livespace.io\/wp-content\/uploads\/2022\/03\/case-studies-livespace.png\" \/>\n<script type=\"application\/ld+json\" class=\"yoast-schema-graph\">{\"@context\":\"https:\\\/\\\/schema.org\",\"@graph\":[{\"@type\":\"WebPage\",\"@id\":\"https:\\\/\\\/www.livespace.io\\\/pl\\\/case-study\\\/\",\"url\":\"https:\\\/\\\/www.livespace.io\\\/pl\\\/case-study\\\/\",\"name\":\"Historie sukcesu wdro\u017cenia Livespace CRM \u2013 case studies\",\"isPartOf\":{\"@id\":\"https:\\\/\\\/www.livespace.io\\\/pl\\\/#website\"},\"primaryImageOfPage\":{\"@id\":\"https:\\\/\\\/www.livespace.io\\\/pl\\\/case-study\\\/#primaryimage\"},\"image\":{\"@id\":\"https:\\\/\\\/www.livespace.io\\\/pl\\\/case-study\\\/#primaryimage\"},\"thumbnailUrl\":\"https:\\\/\\\/www.livespace.io\\\/wp-content\\\/uploads\\\/2022\\\/06\\\/Livespace-CRM-Sell-Smarter-1.png\",\"datePublished\":\"2020-10-16T08:22:53+00:00\",\"dateModified\":\"2025-08-13T10:20:33+00:00\",\"description\":\"Zobacz, jak wdro\u017cenie Livespace CRM wp\u0142yn\u0119\u0142o na wzrost sprzeda\u017cy w firmach z r\u00f3\u017cnych bran\u017c. Sprawd\u017a case studies.\",\"inLanguage\":\"pl-PL\",\"potentialAction\":[{\"@type\":\"ReadAction\",\"target\":[\"https:\\\/\\\/www.livespace.io\\\/pl\\\/case-study\\\/\"]}]},{\"@type\":\"ImageObject\",\"inLanguage\":\"pl-PL\",\"@id\":\"https:\\\/\\\/www.livespace.io\\\/pl\\\/case-study\\\/#primaryimage\",\"url\":\"https:\\\/\\\/www.livespace.io\\\/wp-content\\\/uploads\\\/2022\\\/06\\\/Livespace-CRM-Sell-Smarter-1.png\",\"contentUrl\":\"https:\\\/\\\/www.livespace.io\\\/wp-content\\\/uploads\\\/2022\\\/06\\\/Livespace-CRM-Sell-Smarter-1.png\",\"width\":1200,\"height\":628,\"caption\":\"Skuteczna sprzeda\u017c dzi\u0119ki crm\"},{\"@type\":\"WebSite\",\"@id\":\"https:\\\/\\\/www.livespace.io\\\/pl\\\/#website\",\"url\":\"https:\\\/\\\/www.livespace.io\\\/pl\\\/\",\"name\":\"Livespace CRM\",\"description\":\"sell smarter\",\"publisher\":{\"@id\":\"https:\\\/\\\/www.livespace.io\\\/pl\\\/#organization\"},\"potentialAction\":[{\"@type\":\"SearchAction\",\"target\":{\"@type\":\"EntryPoint\",\"urlTemplate\":\"https:\\\/\\\/www.livespace.io\\\/pl\\\/?s={search_term_string}\"},\"query-input\":{\"@type\":\"PropertyValueSpecification\",\"valueRequired\":true,\"valueName\":\"search_term_string\"}}],\"inLanguage\":\"pl-PL\"},{\"@type\":\"Organization\",\"@id\":\"https:\\\/\\\/www.livespace.io\\\/pl\\\/#organization\",\"name\":\"Livespace.io\",\"url\":\"https:\\\/\\\/www.livespace.io\\\/pl\\\/\",\"logo\":{\"@type\":\"ImageObject\",\"inLanguage\":\"pl-PL\",\"@id\":\"https:\\\/\\\/www.livespace.io\\\/pl\\\/#\\\/schema\\\/logo\\\/image\\\/\",\"url\":\"https:\\\/\\\/www.livespace.io\\\/wp-content\\\/uploads\\\/2021\\\/09\\\/livespace-logo.png\",\"contentUrl\":\"https:\\\/\\\/www.livespace.io\\\/wp-content\\\/uploads\\\/2021\\\/09\\\/livespace-logo.png\",\"width\":204,\"height\":54,\"caption\":\"Livespace.io\"},\"image\":{\"@id\":\"https:\\\/\\\/www.livespace.io\\\/pl\\\/#\\\/schema\\\/logo\\\/image\\\/\"}}]}<\/script>\n<!-- \/ Yoast SEO plugin. -->","yoast_head_json":{"title":"Historie sukcesu wdro\u017cenia Livespace CRM \u2013 case studies","description":"Zobacz, jak wdro\u017cenie Livespace CRM wp\u0142yn\u0119\u0142o na wzrost sprzeda\u017cy w firmach z r\u00f3\u017cnych bran\u017c. Sprawd\u017a case studies.","robots":{"index":"index","follow":"follow","max-snippet":"max-snippet:-1","max-image-preview":"max-image-preview:large","max-video-preview":"max-video-preview:-1"},"canonical":"https:\/\/www.livespace.io\/pl\/case-study\/","og_locale":"pl_PL","og_type":"article","og_title":"Historie sukcesu wdro\u017cenia Livespace CRM \u2013 case studies","og_description":"Zobacz, jak wdro\u017cenie Livespace CRM wp\u0142yn\u0119\u0142o na wzrost sprzeda\u017cy w firmach z r\u00f3\u017cnych bran\u017c. Sprawd\u017a case studies.","og_url":"https:\/\/www.livespace.io\/pl\/case-study\/","og_site_name":"Livespace CRM","article_modified_time":"2025-08-13T10:20:33+00:00","og_image":[{"width":2400,"height":1200,"url":"https:\/\/www.livespace.io\/wp-content\/uploads\/2022\/03\/case-studies-livespace.png","type":"image\/png"}],"twitter_card":"summary_large_image","twitter_image":"https:\/\/www.livespace.io\/wp-content\/uploads\/2022\/03\/case-studies-livespace.png","schema":{"@context":"https:\/\/schema.org","@graph":[{"@type":"WebPage","@id":"https:\/\/www.livespace.io\/pl\/case-study\/","url":"https:\/\/www.livespace.io\/pl\/case-study\/","name":"Historie sukcesu wdro\u017cenia Livespace CRM \u2013 case studies","isPartOf":{"@id":"https:\/\/www.livespace.io\/pl\/#website"},"primaryImageOfPage":{"@id":"https:\/\/www.livespace.io\/pl\/case-study\/#primaryimage"},"image":{"@id":"https:\/\/www.livespace.io\/pl\/case-study\/#primaryimage"},"thumbnailUrl":"https:\/\/www.livespace.io\/wp-content\/uploads\/2022\/06\/Livespace-CRM-Sell-Smarter-1.png","datePublished":"2020-10-16T08:22:53+00:00","dateModified":"2025-08-13T10:20:33+00:00","description":"Zobacz, jak wdro\u017cenie Livespace CRM wp\u0142yn\u0119\u0142o na wzrost sprzeda\u017cy w firmach z r\u00f3\u017cnych bran\u017c. Sprawd\u017a case studies.","inLanguage":"pl-PL","potentialAction":[{"@type":"ReadAction","target":["https:\/\/www.livespace.io\/pl\/case-study\/"]}]},{"@type":"ImageObject","inLanguage":"pl-PL","@id":"https:\/\/www.livespace.io\/pl\/case-study\/#primaryimage","url":"https:\/\/www.livespace.io\/wp-content\/uploads\/2022\/06\/Livespace-CRM-Sell-Smarter-1.png","contentUrl":"https:\/\/www.livespace.io\/wp-content\/uploads\/2022\/06\/Livespace-CRM-Sell-Smarter-1.png","width":1200,"height":628,"caption":"Skuteczna sprzeda\u017c dzi\u0119ki crm"},{"@type":"WebSite","@id":"https:\/\/www.livespace.io\/pl\/#website","url":"https:\/\/www.livespace.io\/pl\/","name":"Livespace CRM","description":"sell smarter","publisher":{"@id":"https:\/\/www.livespace.io\/pl\/#organization"},"potentialAction":[{"@type":"SearchAction","target":{"@type":"EntryPoint","urlTemplate":"https:\/\/www.livespace.io\/pl\/?s={search_term_string}"},"query-input":{"@type":"PropertyValueSpecification","valueRequired":true,"valueName":"search_term_string"}}],"inLanguage":"pl-PL"},{"@type":"Organization","@id":"https:\/\/www.livespace.io\/pl\/#organization","name":"Livespace.io","url":"https:\/\/www.livespace.io\/pl\/","logo":{"@type":"ImageObject","inLanguage":"pl-PL","@id":"https:\/\/www.livespace.io\/pl\/#\/schema\/logo\/image\/","url":"https:\/\/www.livespace.io\/wp-content\/uploads\/2021\/09\/livespace-logo.png","contentUrl":"https:\/\/www.livespace.io\/wp-content\/uploads\/2021\/09\/livespace-logo.png","width":204,"height":54,"caption":"Livespace.io"},"image":{"@id":"https:\/\/www.livespace.io\/pl\/#\/schema\/logo\/image\/"}}]}},"_links":{"self":[{"href":"https:\/\/www.livespace.io\/pl\/wp-json\/wp\/v2\/pages\/91451","targetHints":{"allow":["GET"]}}],"collection":[{"href":"https:\/\/www.livespace.io\/pl\/wp-json\/wp\/v2\/pages"}],"about":[{"href":"https:\/\/www.livespace.io\/pl\/wp-json\/wp\/v2\/types\/page"}],"author":[{"embeddable":true,"href":"https:\/\/www.livespace.io\/pl\/wp-json\/wp\/v2\/users\/94"}],"replies":[{"embeddable":true,"href":"https:\/\/www.livespace.io\/pl\/wp-json\/wp\/v2\/comments?post=91451"}],"version-history":[{"count":5,"href":"https:\/\/www.livespace.io\/pl\/wp-json\/wp\/v2\/pages\/91451\/revisions"}],"predecessor-version":[{"id":201314,"href":"https:\/\/www.livespace.io\/pl\/wp-json\/wp\/v2\/pages\/91451\/revisions\/201314"}],"wp:featuredmedia":[{"embeddable":true,"href":"https:\/\/www.livespace.io\/pl\/wp-json\/wp\/v2\/media\/102334"}],"wp:attachment":[{"href":"https:\/\/www.livespace.io\/pl\/wp-json\/wp\/v2\/media?parent=91451"}],"curies":[{"name":"wp","href":"https:\/\/api.w.org\/{rel}","templated":true}]}}