{"id":7571,"date":"2016-08-24T00:17:31","date_gmt":"2016-08-23T22:17:31","guid":{"rendered":"http:\/\/www.livespace.app\/?page_id=7571"},"modified":"2025-09-01T17:01:15","modified_gmt":"2025-09-01T15:01:15","slug":"logowanie","status":"publish","type":"page","link":"https:\/\/www.livespace.io\/pl\/logowanie\/","title":{"rendered":"Logowanie"},"content":{"rendered":"<section  class='av_textblock_section av-e0862b-a91619aa7d039966c75e2ace7d5a49fb '   itemscope=\"itemscope\" itemtype=\"https:\/\/schema.org\/CreativeWork\" ><div class='avia_textblock'  itemprop=\"text\" ><p><iframe style=\"height: 400px; width: 100%;\" src=\"https:\/\/www.livespace.io\/_login\/?lang=pl\" width=\"300\" height=\"150\"><\/iframe><\/p>\n<\/div><\/section>\n\n<style type=\"text\/css\" data-created_by=\"avia_inline_auto\" id=\"style-css-av-2x2iyr-8be44cf869780f4096cf7e6860d6db17\">\n.flex_column.av-2x2iyr-8be44cf869780f4096cf7e6860d6db17{\nborder-radius:0px 0px 0px 0px;\npadding:0px 0px 0px 0px;\n}\n<\/style>\n<div  class='flex_column av-2x2iyr-8be44cf869780f4096cf7e6860d6db17 av_one_fourth  avia-builder-el-1  el_after_av_textblock  el_before_av_three_fifth  first flex_column_div av-zero-column-padding  column-top-margin'     ><\/div>\n\n<style type=\"text\/css\" data-created_by=\"avia_inline_auto\" id=\"style-css-av-b3s3er-d8cfb744d693ab34281e94909b651b0f\">\n.flex_column.av-b3s3er-d8cfb744d693ab34281e94909b651b0f{\nborder-radius:0px 0px 0px 0px;\npadding:0px 0px 0px 0px;\n}\n<\/style>\n<div  class='flex_column av-b3s3er-d8cfb744d693ab34281e94909b651b0f av_three_fifth  avia-builder-el-2  el_after_av_one_fourth  el_before_av_hr  hidden flex_column_div av-zero-column-padding  column-top-margin'     ><p>\n<style type=\"text\/css\" data-created_by=\"avia_inline_auto\" id=\"style-css-av-kfntq7qg-f28a4d5993be9af21ddaad046561ebe7\">\n#top .av-special-heading.av-kfntq7qg-f28a4d5993be9af21ddaad046561ebe7{\npadding-bottom:10px;\n}\nbody .av-special-heading.av-kfntq7qg-f28a4d5993be9af21ddaad046561ebe7 .av-special-heading-tag .heading-char{\nfont-size:25px;\n}\n.av-special-heading.av-kfntq7qg-f28a4d5993be9af21ddaad046561ebe7 .av-subheading{\nfont-size:15px;\n}\n<\/style>\n<div  class='av-special-heading av-kfntq7qg-f28a4d5993be9af21ddaad046561ebe7 av-special-heading-h3 blockquote modern-quote modern-centered  avia-builder-el-3  el_before_av_buttonrow  avia-builder-el-first  av-linked-heading'><h3 class='av-special-heading-tag '  itemprop=\"headline\"  >Lubisz korzysta\u0107 z Livespace? Daj zna\u0107!<\/h3><div class='av-subheading av-subheading_below'><p>Pom\u00f3\u017c szerzy\u0107 dobre s\u0142owo o Livespace CRM, aby u\u0142atwi\u0107 podj\u0119cie decyzji zakupowej innym praktykom sprzeda\u017cy. Prosimy, zostaw nam swoj\u0105 rekomendacj\u0119!<\/p>\n<\/div><div class=\"special-heading-border\"><div class=\"special-heading-inner-border\"><\/div><\/div><\/div><br \/>\n<div  class='avia-buttonrow-wrap av-9550hf-e2cea0a286e05c28f65cfe763f1f5da1 avia-buttonrow-center  avia-builder-el-4  el_after_av_heading  avia-builder-el-last '>\n\n<style type=\"text\/css\" data-created_by=\"avia_inline_auto\" id=\"style-css-av-57nkab-d274d88a74c727fc377fe778d57772f3\">\n#top #wrap_all .avia-button.av-57nkab-d274d88a74c727fc377fe778d57772f3{\nmargin-bottom:5px;\nmargin-right:3px;\nmargin-left:3px;\n}\n<\/style>\n<a href='https:\/\/www.facebook.com\/LivespaceCRM\/reviews\/'  class='avia-button av-57nkab-d274d88a74c727fc377fe778d57772f3 avia-icon_select-no avia-size-large avia-color-theme-color'  target=\"_blank\"  rel=\"noopener noreferrer\"  aria-label=\"Facebook\"><span class='avia_iconbox_title' >Facebook<\/span><\/a>\n\n<style type=\"text\/css\" data-created_by=\"avia_inline_auto\" id=\"style-css-av-3v38gz-f6ba7184b0f67ddc9480c167e6ba9064\">\n#top #wrap_all .avia-button.av-3v38gz-f6ba7184b0f67ddc9480c167e6ba9064{\nmargin-bottom:5px;\nmargin-right:3px;\nmargin-left:3px;\n}\n<\/style>\n<a href='https:\/\/www.google.com\/search?q=livespace+warszawa&amp;oq=livespace+warszawa#lrd=0x471ecce62f16eef3:0xb6aa021e3c6a7a5,1'  class='avia-button av-3v38gz-f6ba7184b0f67ddc9480c167e6ba9064 avia-icon_select-no avia-size-large avia-color-theme-color'  target=\"_blank\"  rel=\"noopener noreferrer\"  aria-label=\"Google\"><span class='avia_iconbox_title' >Google<\/span><\/a>\n\n<style type=\"text\/css\" data-created_by=\"avia_inline_auto\" id=\"style-css-av-2ocb8j-808f98a2809a2aaa7858c45bc2ebef93\">\n#top #wrap_all .avia-button.av-2ocb8j-808f98a2809a2aaa7858c45bc2ebef93{\nmargin-bottom:5px;\nmargin-right:3px;\nmargin-left:3px;\n}\n<\/style>\n<a href='https:\/\/www.g2.com\/products\/livespace-crm\/reviews'  class='avia-button av-2ocb8j-808f98a2809a2aaa7858c45bc2ebef93 avia-icon_select-no avia-size-large avia-color-theme-color'  target=\"_blank\"  rel=\"noopener noreferrer\"  aria-label=\"G2\"><span class='avia_iconbox_title' >G2<\/span><\/a>\n<\/div><\/p><\/div>\n\n<style type=\"text\/css\" data-created_by=\"avia_inline_auto\" id=\"style-css-av-l9o0xwdr-8af30a7867a8648e891d686fc1d79ee2\">\n#top .hr.hr-invisible.av-l9o0xwdr-8af30a7867a8648e891d686fc1d79ee2{\nheight:30px;\n}\n<\/style>\n<div  class='hr av-l9o0xwdr-8af30a7867a8648e891d686fc1d79ee2 hr-invisible  avia-builder-el-5  el_after_av_three_fifth  avia-builder-el-last '><span class='hr-inner '><span class=\"hr-inner-style\"><\/span><\/span><\/div>\n<div style='text-align:center' class='yasr-auto-insert-visitor'><\/div>","protected":false},"excerpt":{"rendered":"","protected":false},"author":2,"featured_media":0,"parent":0,"menu_order":0,"comment_status":"closed","ping_status":"closed","template":"","meta":{"_acf_changed":false,"inline_featured_image":false,"yasr_overall_rating":0,"yasr_post_is_review":"","yasr_auto_insert_disabled":"","yasr_review_type":"","footnotes":""},"class_list":["post-7571","page","type-page","status-publish","hentry"],"yasr_visitor_votes":{"stars_attributes":{"read_only":false,"span_bottom":false},"number_of_votes":0,"sum_votes":0},"acf":[],"yoast_head":"<!-- This site is optimized with the Yoast SEO plugin v27.3 - https:\/\/yoast.com\/product\/yoast-seo-wordpress\/ -->\n<title>Logowanie | Livespace CRM<\/title>\n<meta name=\"robots\" content=\"noindex, follow\" \/>\n<meta property=\"og:locale\" content=\"pl_PL\" \/>\n<meta property=\"og:type\" content=\"article\" \/>\n<meta property=\"og:title\" content=\"Logowanie | Livespace CRM\" \/>\n<meta property=\"og:url\" content=\"https:\/\/www.livespace.io\/pl\/logowanie\/\" \/>\n<meta property=\"og:site_name\" content=\"Livespace CRM\" \/>\n<meta property=\"article:modified_time\" content=\"2025-09-01T15:01:15+00:00\" \/>\n<meta property=\"og:image\" content=\"https:\/\/www.livespace.io\/wp-content\/uploads\/2022\/06\/Livespace-sell-smarter-crm.png\" \/>\n\t<meta property=\"og:image:width\" content=\"1200\" \/>\n\t<meta property=\"og:image:height\" content=\"628\" \/>\n\t<meta property=\"og:image:type\" content=\"image\/png\" \/>\n<meta name=\"twitter:card\" content=\"summary_large_image\" \/>\n<meta name=\"twitter:label1\" content=\"Szacowany czas czytania\" \/>\n\t<meta name=\"twitter:data1\" content=\"1 minuta\" \/>\n<script type=\"application\/ld+json\" class=\"yoast-schema-graph\">{\"@context\":\"https:\\\/\\\/schema.org\",\"@graph\":[{\"@type\":\"WebPage\",\"@id\":\"https:\\\/\\\/www.livespace.io\\\/pl\\\/logowanie\\\/\",\"url\":\"https:\\\/\\\/www.livespace.io\\\/pl\\\/logowanie\\\/\",\"name\":\"Logowanie | Livespace CRM\",\"isPartOf\":{\"@id\":\"https:\\\/\\\/www.livespace.io\\\/pl\\\/#website\"},\"datePublished\":\"2016-08-23T22:17:31+00:00\",\"dateModified\":\"2025-09-01T15:01:15+00:00\",\"inLanguage\":\"pl-PL\",\"potentialAction\":[{\"@type\":\"ReadAction\",\"target\":[\"https:\\\/\\\/www.livespace.io\\\/pl\\\/logowanie\\\/\"]}]},{\"@type\":\"WebSite\",\"@id\":\"https:\\\/\\\/www.livespace.io\\\/pl\\\/#website\",\"url\":\"https:\\\/\\\/www.livespace.io\\\/pl\\\/\",\"name\":\"Livespace CRM\",\"description\":\"sell smarter\",\"publisher\":{\"@id\":\"https:\\\/\\\/www.livespace.io\\\/pl\\\/#organization\"},\"potentialAction\":[{\"@type\":\"SearchAction\",\"target\":{\"@type\":\"EntryPoint\",\"urlTemplate\":\"https:\\\/\\\/www.livespace.io\\\/pl\\\/?s={search_term_string}\"},\"query-input\":{\"@type\":\"PropertyValueSpecification\",\"valueRequired\":true,\"valueName\":\"search_term_string\"}}],\"inLanguage\":\"pl-PL\"},{\"@type\":\"Organization\",\"@id\":\"https:\\\/\\\/www.livespace.io\\\/pl\\\/#organization\",\"name\":\"Livespace.io\",\"url\":\"https:\\\/\\\/www.livespace.io\\\/pl\\\/\",\"logo\":{\"@type\":\"ImageObject\",\"inLanguage\":\"pl-PL\",\"@id\":\"https:\\\/\\\/www.livespace.io\\\/pl\\\/#\\\/schema\\\/logo\\\/image\\\/\",\"url\":\"https:\\\/\\\/www.livespace.io\\\/wp-content\\\/uploads\\\/2021\\\/09\\\/livespace-logo.png\",\"contentUrl\":\"https:\\\/\\\/www.livespace.io\\\/wp-content\\\/uploads\\\/2021\\\/09\\\/livespace-logo.png\",\"width\":204,\"height\":54,\"caption\":\"Livespace.io\"},\"image\":{\"@id\":\"https:\\\/\\\/www.livespace.io\\\/pl\\\/#\\\/schema\\\/logo\\\/image\\\/\"}}]}<\/script>\n<!-- \/ Yoast SEO plugin. -->","yoast_head_json":{"title":"Logowanie | Livespace CRM","robots":{"index":"noindex","follow":"follow"},"og_locale":"pl_PL","og_type":"article","og_title":"Logowanie | Livespace CRM","og_url":"https:\/\/www.livespace.io\/pl\/logowanie\/","og_site_name":"Livespace CRM","article_modified_time":"2025-09-01T15:01:15+00:00","og_image":[{"width":1200,"height":628,"url":"https:\/\/www.livespace.io\/wp-content\/uploads\/2022\/06\/Livespace-sell-smarter-crm.png","type":"image\/png"}],"twitter_card":"summary_large_image","twitter_misc":{"Szacowany czas czytania":"1 minuta"},"schema":{"@context":"https:\/\/schema.org","@graph":[{"@type":"WebPage","@id":"https:\/\/www.livespace.io\/pl\/logowanie\/","url":"https:\/\/www.livespace.io\/pl\/logowanie\/","name":"Logowanie | Livespace CRM","isPartOf":{"@id":"https:\/\/www.livespace.io\/pl\/#website"},"datePublished":"2016-08-23T22:17:31+00:00","dateModified":"2025-09-01T15:01:15+00:00","inLanguage":"pl-PL","potentialAction":[{"@type":"ReadAction","target":["https:\/\/www.livespace.io\/pl\/logowanie\/"]}]},{"@type":"WebSite","@id":"https:\/\/www.livespace.io\/pl\/#website","url":"https:\/\/www.livespace.io\/pl\/","name":"Livespace CRM","description":"sell smarter","publisher":{"@id":"https:\/\/www.livespace.io\/pl\/#organization"},"potentialAction":[{"@type":"SearchAction","target":{"@type":"EntryPoint","urlTemplate":"https:\/\/www.livespace.io\/pl\/?s={search_term_string}"},"query-input":{"@type":"PropertyValueSpecification","valueRequired":true,"valueName":"search_term_string"}}],"inLanguage":"pl-PL"},{"@type":"Organization","@id":"https:\/\/www.livespace.io\/pl\/#organization","name":"Livespace.io","url":"https:\/\/www.livespace.io\/pl\/","logo":{"@type":"ImageObject","inLanguage":"pl-PL","@id":"https:\/\/www.livespace.io\/pl\/#\/schema\/logo\/image\/","url":"https:\/\/www.livespace.io\/wp-content\/uploads\/2021\/09\/livespace-logo.png","contentUrl":"https:\/\/www.livespace.io\/wp-content\/uploads\/2021\/09\/livespace-logo.png","width":204,"height":54,"caption":"Livespace.io"},"image":{"@id":"https:\/\/www.livespace.io\/pl\/#\/schema\/logo\/image\/"}}]}},"_links":{"self":[{"href":"https:\/\/www.livespace.io\/pl\/wp-json\/wp\/v2\/pages\/7571","targetHints":{"allow":["GET"]}}],"collection":[{"href":"https:\/\/www.livespace.io\/pl\/wp-json\/wp\/v2\/pages"}],"about":[{"href":"https:\/\/www.livespace.io\/pl\/wp-json\/wp\/v2\/types\/page"}],"author":[{"embeddable":true,"href":"https:\/\/www.livespace.io\/pl\/wp-json\/wp\/v2\/users\/2"}],"replies":[{"embeddable":true,"href":"https:\/\/www.livespace.io\/pl\/wp-json\/wp\/v2\/comments?post=7571"}],"version-history":[{"count":2,"href":"https:\/\/www.livespace.io\/pl\/wp-json\/wp\/v2\/pages\/7571\/revisions"}],"predecessor-version":[{"id":200381,"href":"https:\/\/www.livespace.io\/pl\/wp-json\/wp\/v2\/pages\/7571\/revisions\/200381"}],"wp:attachment":[{"href":"https:\/\/www.livespace.io\/pl\/wp-json\/wp\/v2\/media?parent=7571"}],"curies":[{"name":"wp","href":"https:\/\/api.w.org\/{rel}","templated":true}]}}