{"id":7091,"date":"2016-04-07T11:31:33","date_gmt":"2016-04-07T09:31:33","guid":{"rendered":"http:\/\/www.livespace.app\/?page_id=7091"},"modified":"2025-09-01T17:00:08","modified_gmt":"2025-09-01T15:00:08","slug":"livespace-kod-rabatowy","status":"publish","type":"page","link":"https:\/\/www.livespace.io\/pl\/livespace-kod-rabatowy\/","title":{"rendered":"Livespace &#8211; kod rabatowy"},"content":{"rendered":"<div id='av_section_1'  class='avia-section av-kc0lqr-8daa58ffa4063ccef47b45925b84da05 main_color avia-section-default avia-no-shadow  avia-builder-el-0  el_before_av_section  avia-builder-el-first  avia-bg-style-fixed container_wrap fullsize'  ><div class='container av-section-cont-open' ><main  role=\"main\" itemprop=\"mainContentOfPage\"  class='template-page content  av-content-full alpha units'><div class='post-entry post-entry-type-page post-entry-7091'><div class='entry-content-wrapper clearfix'>\n<section  class='av_textblock_section av-imxj2r-a6dbe0bb17ff3d5742578a326e2f9ebd '   itemscope=\"itemscope\" itemtype=\"https:\/\/schema.org\/CreativeWork\" ><div class='avia_textblock'  itemprop=\"text\" ><h1 style=\"text-align: center;\">Kod rabatowy Livespace<\/h1>\n<h2 style=\"text-align: center;\">30 dni bezp\u0142atnego okresu testowego<\/h2>\n<\/div><\/section>\n\n<\/div><\/div><\/main><!-- close content main element --><\/div><\/div><div id='av_section_2'  class='avia-section av-h7fbj7-1e2284119257084b395c699c5529b5de main_color avia-section-default avia-no-shadow  avia-builder-el-2  el_after_av_section  avia-builder-el-last  avia-bg-style-scroll container_wrap fullsize'  ><div class='container av-section-cont-open' ><div class='template-page content  av-content-full alpha units'><div class='post-entry post-entry-type-page post-entry-7091'><div class='entry-content-wrapper clearfix'>\n\n<style type=\"text\/css\" data-created_by=\"avia_inline_auto\" id=\"style-css-av-g8pqyr-7796430d9a809e06d7bf8ad55482f75f\">\n.flex_column.av-g8pqyr-7796430d9a809e06d7bf8ad55482f75f{\nborder-radius:0px 0px 0px 0px;\npadding:0px 0px 0px 0px;\n}\n<\/style>\n<div  class='flex_column av-g8pqyr-7796430d9a809e06d7bf8ad55482f75f av_one_half  avia-builder-el-3  el_before_av_one_half  avia-builder-el-first  first flex_column_div av-zero-column-padding  '     ><section  class='av_textblock_section av-dwtzjn-ed16ccbec2aaafea1b7572c0c97bc1c3 '   itemscope=\"itemscope\" itemtype=\"https:\/\/schema.org\/CreativeWork\" ><div class='avia_textblock'  itemprop=\"text\" ><h3>Je\u015bli szukasz kodu rabatowego Livespace &#8211; to jest w\u0142a\u015bciwe miejsce\u00a0\ud83d\ude42<\/h3>\n<\/div><\/section><br \/>\n<section  class='av_textblock_section av-bux8ib-ca5595124b40c8bf31dd7f155d09221f '   itemscope=\"itemscope\" itemtype=\"https:\/\/schema.org\/CreativeWork\" ><div class='avia_textblock'  itemprop=\"text\" ><p>Skoro po\u015bwi\u0119casz czas na poszukanie kodu rabatowego Livespace, to dla nas sygna\u0142, \u017ce naprawd\u0119 chcesz przetestowa\u0107 nasz produkt. Super!<\/p>\n<p>Dlatego mamy propozycj\u0119. Za\u0142\u00f3\u017c konto testowe z kodem rabatowym, a Tw\u00f3j bezp\u0142atny okres testowy wyniesie 30, a nie jedynie 14 dni. Serio!\u00a0\ud83d\ude42<\/p>\n<p>U\u017cyj kodu rabatowego w trakcie rejestracji. Pami\u0119taj &#8211; kod rabatowy jest tylko dla nowych kont.<\/p>\n<\/div><\/section><\/p><\/div>\n<style type=\"text\/css\" data-created_by=\"avia_inline_auto\" id=\"style-css-av-aqh1o3-e44a8e3ab4277107d6acd8d4551f3119\">\n.flex_column.av-aqh1o3-e44a8e3ab4277107d6acd8d4551f3119{\nborder-radius:0px 0px 0px 0px;\npadding:0px 0px 0px 0px;\n}\n<\/style>\n<div  class='flex_column av-aqh1o3-e44a8e3ab4277107d6acd8d4551f3119 av_one_half  avia-builder-el-6  el_after_av_one_half  avia-builder-el-last  flex_column_div av-zero-column-padding  '     ><section  class='av_textblock_section av-8qagab-e8e32ea93a48b513e2e3fa20fe51ea24 '   itemscope=\"itemscope\" itemtype=\"https:\/\/schema.org\/CreativeWork\" ><div class='avia_textblock'  itemprop=\"text\" ><h3 style=\"text-align: center;\">Tw\u00f3j tajny kod rabatowy:<\/h3>\n<\/div><\/section><br \/>\n<div  class='hr av-2vobn-01c6a6f97871cae0c49995c5bcec72b7 hr-short  avia-builder-el-8  el_after_av_textblock  el_before_av_image  hr-left'><span class='hr-inner '><span class=\"hr-inner-style\"><\/span><\/span><\/div><br \/>\n\n<style type=\"text\/css\" data-created_by=\"avia_inline_auto\" id=\"style-css-av-69lq0j-5ccf570b6729abc8ccb26fd3f9b0bfd0\">\n.avia-image-container.av-69lq0j-5ccf570b6729abc8ccb26fd3f9b0bfd0 img.avia_image{\nbox-shadow:none;\n}\n.avia-image-container.av-69lq0j-5ccf570b6729abc8ccb26fd3f9b0bfd0 .av-image-caption-overlay-center{\ncolor:#ffffff;\n}\n<\/style>\n<div  class='avia-image-container av-69lq0j-5ccf570b6729abc8ccb26fd3f9b0bfd0 av-styling-no-styling avia_animated_image av-animated-when-visible-95 left-to-right avia-align-  avia-builder-el-9  el_after_av_hr  el_before_av_hr  img-screen'   itemprop=\"image\" itemscope=\"itemscope\" itemtype=\"https:\/\/schema.org\/ImageObject\" ><div class=\"avia-image-container-inner\"><div class=\"avia-image-overlay-wrap\"><img decoding=\"async\" fetchpriority=\"high\" class='wp-image-97954 avia-img-lazy-loading-not-97954 avia_image ' src=\"https:\/\/www.livespace.io\/wp-content\/uploads\/2021\/10\/sprzedawaj_madrzej.png\" alt='' title='sprzedawaj_madrzej'  height=\"139\" width=\"460\"  itemprop=\"thumbnailUrl\" srcset=\"https:\/\/www.livespace.io\/wp-content\/uploads\/2021\/10\/sprzedawaj_madrzej.png 460w, https:\/\/www.livespace.io\/wp-content\/uploads\/2021\/10\/sprzedawaj_madrzej-300x91.png 300w\" sizes=\"(max-width: 460px) 100vw, 460px\" \/><\/div><\/div><\/div><br \/>\n<div  class='hr av-3hnwer-f89237bee29bc8be8c001c57925ca8ea hr-short  avia-builder-el-10  el_after_av_image  el_before_av_button  hr-left'><span class='hr-inner '><span class=\"hr-inner-style\"><\/span><\/span><\/div><br \/>\n<div  class='avia-button-wrap av-2hco83-e6907a0ff6683294bc1f68912d29a0c1-wrap avia-button-center  avia-builder-el-11  el_after_av_hr  avia-builder-el-last  register-form'>\n<style type=\"text\/css\" data-created_by=\"avia_inline_auto\" id=\"style-css-av-2hco83-e6907a0ff6683294bc1f68912d29a0c1\">\n#top #wrap_all .avia-button.av-2hco83-e6907a0ff6683294bc1f68912d29a0c1{\nbackground-color:#3b86ce;\nborder-color:#3b86ce;\ncolor:#ffffff;\ntransition:all 0.4s ease-in-out;\n}\n#top #wrap_all .avia-button.av-2hco83-e6907a0ff6683294bc1f68912d29a0c1 .avia-svg-icon svg:first-child{\nfill:#ffffff;\nstroke:#ffffff;\n}\n<\/style>\n<a href='#'  class='avia-button av-2hco83-e6907a0ff6683294bc1f68912d29a0c1 av-link-btn avia-icon_select-no avia-size-x-large avia-position-center'   aria-label=\"Za\u0142\u00f3\u017c konto\"><span class='avia_iconbox_title' >Za\u0142\u00f3\u017c konto<\/span><\/a><\/div><\/p><\/div>\n<div style='text-align:center' class='yasr-auto-insert-visitor'><\/div>","protected":false},"excerpt":{"rendered":"","protected":false},"author":1,"featured_media":0,"parent":0,"menu_order":0,"comment_status":"closed","ping_status":"closed","template":"","meta":{"_acf_changed":false,"inline_featured_image":false,"yasr_overall_rating":0,"yasr_post_is_review":"","yasr_auto_insert_disabled":"","yasr_review_type":"","footnotes":""},"class_list":["post-7091","page","type-page","status-publish","hentry"],"yasr_visitor_votes":{"stars_attributes":{"read_only":false,"span_bottom":false},"number_of_votes":0,"sum_votes":0},"acf":[],"yoast_head":"<!-- This site is optimized with the Yoast SEO plugin v27.3 - https:\/\/yoast.com\/product\/yoast-seo-wordpress\/ -->\n<title>Kod rabatowy Livespace 2020 na 30 dni test\u00f3w Livespace CRM<\/title>\n<meta name=\"description\" content=\"Wpisz aktualny kod rabatowy przy rejestracji i przed\u0142u\u017c okres testowy do 30 dni. Wypr\u00f3buj najlepszy polski CRM do zarz\u0105dzania zespo\u0142ami sprzeda\u017cy!\" \/>\n<meta name=\"robots\" content=\"noindex, follow\" \/>\n<meta property=\"og:locale\" content=\"pl_PL\" \/>\n<meta property=\"og:type\" content=\"article\" \/>\n<meta property=\"og:title\" content=\"Kod rabatowy Livespace 2020 na 30 dni test\u00f3w Livespace CRM\" \/>\n<meta property=\"og:description\" content=\"Wpisz aktualny kod rabatowy przy rejestracji i przed\u0142u\u017c okres testowy do 30 dni. Wypr\u00f3buj najlepszy polski CRM do zarz\u0105dzania zespo\u0142ami sprzeda\u017cy!\" \/>\n<meta property=\"og:url\" content=\"https:\/\/www.livespace.io\/pl\/livespace-kod-rabatowy\/\" \/>\n<meta property=\"og:site_name\" content=\"Livespace CRM\" \/>\n<meta property=\"article:modified_time\" content=\"2025-09-01T15:00:08+00:00\" \/>\n<meta property=\"og:image\" content=\"https:\/\/www.livespace.io\/wp-content\/uploads\/2022\/06\/Livespace-sell-smarter-crm.png\" \/>\n\t<meta property=\"og:image:width\" content=\"1200\" \/>\n\t<meta property=\"og:image:height\" content=\"628\" \/>\n\t<meta property=\"og:image:type\" content=\"image\/png\" \/>\n<meta name=\"twitter:card\" content=\"summary_large_image\" \/>\n<meta name=\"twitter:label1\" content=\"Szacowany czas czytania\" \/>\n\t<meta name=\"twitter:data1\" content=\"1 minuta\" \/>\n<script type=\"application\/ld+json\" class=\"yoast-schema-graph\">{\"@context\":\"https:\\\/\\\/schema.org\",\"@graph\":[{\"@type\":\"WebPage\",\"@id\":\"https:\\\/\\\/www.livespace.io\\\/pl\\\/livespace-kod-rabatowy\\\/\",\"url\":\"https:\\\/\\\/www.livespace.io\\\/pl\\\/livespace-kod-rabatowy\\\/\",\"name\":\"Kod rabatowy Livespace 2020 na 30 dni test\u00f3w Livespace CRM\",\"isPartOf\":{\"@id\":\"https:\\\/\\\/www.livespace.io\\\/pl\\\/#website\"},\"datePublished\":\"2016-04-07T09:31:33+00:00\",\"dateModified\":\"2025-09-01T15:00:08+00:00\",\"description\":\"Wpisz aktualny kod rabatowy przy rejestracji i przed\u0142u\u017c okres testowy do 30 dni. Wypr\u00f3buj najlepszy polski CRM do zarz\u0105dzania zespo\u0142ami sprzeda\u017cy!\",\"inLanguage\":\"pl-PL\",\"potentialAction\":[{\"@type\":\"ReadAction\",\"target\":[\"https:\\\/\\\/www.livespace.io\\\/pl\\\/livespace-kod-rabatowy\\\/\"]}]},{\"@type\":\"WebSite\",\"@id\":\"https:\\\/\\\/www.livespace.io\\\/pl\\\/#website\",\"url\":\"https:\\\/\\\/www.livespace.io\\\/pl\\\/\",\"name\":\"Livespace CRM\",\"description\":\"sell smarter\",\"publisher\":{\"@id\":\"https:\\\/\\\/www.livespace.io\\\/pl\\\/#organization\"},\"potentialAction\":[{\"@type\":\"SearchAction\",\"target\":{\"@type\":\"EntryPoint\",\"urlTemplate\":\"https:\\\/\\\/www.livespace.io\\\/pl\\\/?s={search_term_string}\"},\"query-input\":{\"@type\":\"PropertyValueSpecification\",\"valueRequired\":true,\"valueName\":\"search_term_string\"}}],\"inLanguage\":\"pl-PL\"},{\"@type\":\"Organization\",\"@id\":\"https:\\\/\\\/www.livespace.io\\\/pl\\\/#organization\",\"name\":\"Livespace.io\",\"url\":\"https:\\\/\\\/www.livespace.io\\\/pl\\\/\",\"logo\":{\"@type\":\"ImageObject\",\"inLanguage\":\"pl-PL\",\"@id\":\"https:\\\/\\\/www.livespace.io\\\/pl\\\/#\\\/schema\\\/logo\\\/image\\\/\",\"url\":\"https:\\\/\\\/www.livespace.io\\\/wp-content\\\/uploads\\\/2021\\\/09\\\/livespace-logo.png\",\"contentUrl\":\"https:\\\/\\\/www.livespace.io\\\/wp-content\\\/uploads\\\/2021\\\/09\\\/livespace-logo.png\",\"width\":204,\"height\":54,\"caption\":\"Livespace.io\"},\"image\":{\"@id\":\"https:\\\/\\\/www.livespace.io\\\/pl\\\/#\\\/schema\\\/logo\\\/image\\\/\"}}]}<\/script>\n<!-- \/ Yoast SEO plugin. -->","yoast_head_json":{"title":"Kod rabatowy Livespace 2020 na 30 dni test\u00f3w Livespace CRM","description":"Wpisz aktualny kod rabatowy przy rejestracji i przed\u0142u\u017c okres testowy do 30 dni. Wypr\u00f3buj najlepszy polski CRM do zarz\u0105dzania zespo\u0142ami sprzeda\u017cy!","robots":{"index":"noindex","follow":"follow"},"og_locale":"pl_PL","og_type":"article","og_title":"Kod rabatowy Livespace 2020 na 30 dni test\u00f3w Livespace CRM","og_description":"Wpisz aktualny kod rabatowy przy rejestracji i przed\u0142u\u017c okres testowy do 30 dni. Wypr\u00f3buj najlepszy polski CRM do zarz\u0105dzania zespo\u0142ami sprzeda\u017cy!","og_url":"https:\/\/www.livespace.io\/pl\/livespace-kod-rabatowy\/","og_site_name":"Livespace CRM","article_modified_time":"2025-09-01T15:00:08+00:00","og_image":[{"width":1200,"height":628,"url":"https:\/\/www.livespace.io\/wp-content\/uploads\/2022\/06\/Livespace-sell-smarter-crm.png","type":"image\/png"}],"twitter_card":"summary_large_image","twitter_misc":{"Szacowany czas czytania":"1 minuta"},"schema":{"@context":"https:\/\/schema.org","@graph":[{"@type":"WebPage","@id":"https:\/\/www.livespace.io\/pl\/livespace-kod-rabatowy\/","url":"https:\/\/www.livespace.io\/pl\/livespace-kod-rabatowy\/","name":"Kod rabatowy Livespace 2020 na 30 dni test\u00f3w Livespace CRM","isPartOf":{"@id":"https:\/\/www.livespace.io\/pl\/#website"},"datePublished":"2016-04-07T09:31:33+00:00","dateModified":"2025-09-01T15:00:08+00:00","description":"Wpisz aktualny kod rabatowy przy rejestracji i przed\u0142u\u017c okres testowy do 30 dni. Wypr\u00f3buj najlepszy polski CRM do zarz\u0105dzania zespo\u0142ami sprzeda\u017cy!","inLanguage":"pl-PL","potentialAction":[{"@type":"ReadAction","target":["https:\/\/www.livespace.io\/pl\/livespace-kod-rabatowy\/"]}]},{"@type":"WebSite","@id":"https:\/\/www.livespace.io\/pl\/#website","url":"https:\/\/www.livespace.io\/pl\/","name":"Livespace CRM","description":"sell smarter","publisher":{"@id":"https:\/\/www.livespace.io\/pl\/#organization"},"potentialAction":[{"@type":"SearchAction","target":{"@type":"EntryPoint","urlTemplate":"https:\/\/www.livespace.io\/pl\/?s={search_term_string}"},"query-input":{"@type":"PropertyValueSpecification","valueRequired":true,"valueName":"search_term_string"}}],"inLanguage":"pl-PL"},{"@type":"Organization","@id":"https:\/\/www.livespace.io\/pl\/#organization","name":"Livespace.io","url":"https:\/\/www.livespace.io\/pl\/","logo":{"@type":"ImageObject","inLanguage":"pl-PL","@id":"https:\/\/www.livespace.io\/pl\/#\/schema\/logo\/image\/","url":"https:\/\/www.livespace.io\/wp-content\/uploads\/2021\/09\/livespace-logo.png","contentUrl":"https:\/\/www.livespace.io\/wp-content\/uploads\/2021\/09\/livespace-logo.png","width":204,"height":54,"caption":"Livespace.io"},"image":{"@id":"https:\/\/www.livespace.io\/pl\/#\/schema\/logo\/image\/"}}]}},"_links":{"self":[{"href":"https:\/\/www.livespace.io\/pl\/wp-json\/wp\/v2\/pages\/7091","targetHints":{"allow":["GET"]}}],"collection":[{"href":"https:\/\/www.livespace.io\/pl\/wp-json\/wp\/v2\/pages"}],"about":[{"href":"https:\/\/www.livespace.io\/pl\/wp-json\/wp\/v2\/types\/page"}],"author":[{"embeddable":true,"href":"https:\/\/www.livespace.io\/pl\/wp-json\/wp\/v2\/users\/1"}],"replies":[{"embeddable":true,"href":"https:\/\/www.livespace.io\/pl\/wp-json\/wp\/v2\/comments?post=7091"}],"version-history":[{"count":2,"href":"https:\/\/www.livespace.io\/pl\/wp-json\/wp\/v2\/pages\/7091\/revisions"}],"predecessor-version":[{"id":199855,"href":"https:\/\/www.livespace.io\/pl\/wp-json\/wp\/v2\/pages\/7091\/revisions\/199855"}],"wp:attachment":[{"href":"https:\/\/www.livespace.io\/pl\/wp-json\/wp\/v2\/media?parent=7091"}],"curies":[{"name":"wp","href":"https:\/\/api.w.org\/{rel}","templated":true}]}}