{"id":64213,"date":"2020-04-02T10:27:28","date_gmt":"2020-04-02T08:27:28","guid":{"rendered":"https:\/\/www.livespace.io\/webinaria\/integracja-zapier-zapis-copy\/"},"modified":"2025-09-01T17:02:13","modified_gmt":"2025-09-01T15:02:13","slug":"newsletter-2","status":"publish","type":"page","link":"https:\/\/www.livespace.io\/pl\/newsletter-2\/","title":{"rendered":"Livespace newsletter \u2013 zapisy"},"content":{"rendered":"<div id='av_section_1'  class='avia-section av-99siey9-e5d560b1bb7679ecdbd7b32da08442d2 main_color avia-section-small avia-no-shadow  avia-builder-el-0  el_before_av_codeblock  avia-builder-el-first  avia-bg-style-fixed container_wrap fullsize'  ><div class='container av-section-cont-open' ><main  role=\"main\" itemprop=\"mainContentOfPage\"  class='template-page content  av-content-full alpha units'><div class='post-entry post-entry-type-page post-entry-64213'><div class='entry-content-wrapper clearfix'>\n<section  class='av_textblock_section av-8tcrosx-854f17635679cf2c8f94dc2028c6d290 '   itemscope=\"itemscope\" itemtype=\"https:\/\/schema.org\/CreativeWork\" ><div class='avia_textblock'  itemprop=\"text\" ><h1 style=\"text-align: center;\">Newsletter Livespace<\/h1>\n<\/div><\/section>\n<\/div><\/div><\/main><!-- close content main element --><\/div><\/div><div id='after_section_1'  class='main_color av_default_container_wrap container_wrap fullsize'  ><div class='container av-section-cont-open' ><div class='template-page content  av-content-full alpha units'><div class='post-entry post-entry-type-page post-entry-64213'><div class='entry-content-wrapper clearfix'>\n\n<\/div><\/div><\/div><!-- close content main div --><\/div><\/div><div id='av-layout-grid-1'  class='av-layout-grid-container av-sovbkh-17bd569134e838542d25c53cd738cc20 entry-content-wrapper main_color av-flex-cells  avia-builder-el-3  el_after_av_codeblock  avia-builder-el-last  ls-content-container grid-row-not-first  container_wrap fullsize'  >\n\n<style type=\"text\/css\" data-created_by=\"avia_inline_auto\" id=\"style-css-av-7prbo9d-4eac654ade46632f45faa2add3e0b787\">\n.flex_cell.av-7prbo9d-4eac654ade46632f45faa2add3e0b787{\nvertical-align:top;\n}\n.responsive #top #wrap_all .flex_cell.av-7prbo9d-4eac654ade46632f45faa2add3e0b787{\npadding:0 30px 30px 30px !important;\n}\n<\/style>\n<div class='flex_cell av-7prbo9d-4eac654ade46632f45faa2add3e0b787 av-gridrow-cell av_three_fifth no_margin  avia-builder-el-4  el_before_av_cell_two_fifth  avia-builder-el-first  content-align-top'  ><div class='flex_cell_inner'>\n<style type=\"text\/css\" data-created_by=\"avia_inline_auto\" id=\"style-css-av-72rvfpt-9eb83ac151b51d23aa6693a9d73d8b08\">\n.flex_column.av-72rvfpt-9eb83ac151b51d23aa6693a9d73d8b08{\nborder-radius:0px 0px 0px 0px;\npadding:0px 0px 0px 0px;\n}\n<\/style>\n<div  class='flex_column av-72rvfpt-9eb83ac151b51d23aa6693a9d73d8b08 av_one_full  avia-builder-el-5  avia-builder-el-no-sibling  first flex_column_div av-zero-column-padding  '     ><p><section  class='av_textblock_section av-6dl248h-8f18e795b974c140d78f4ccab3abad57 '   itemscope=\"itemscope\" itemtype=\"https:\/\/schema.org\/CreativeWork\" ><div class='avia_textblock'  itemprop=\"text\" ><p><img decoding=\"async\" class=\"aligncenter wp-image-62579 size-thumbnail\" src=\"https:\/\/www.livespace.io\/wp-content\/uploads\/2019\/11\/Dobre-praktyki-i-narz\u0119dzia-09-80x80.png\" alt=\"\" width=\"80\" height=\"80\" srcset=\"https:\/\/www.livespace.io\/wp-content\/uploads\/2019\/11\/Dobre-praktyki-i-narz\u0119dzia-09-80x80.png 80w, https:\/\/www.livespace.io\/wp-content\/uploads\/2019\/11\/Dobre-praktyki-i-narz\u0119dzia-09-36x36.png 36w, https:\/\/www.livespace.io\/wp-content\/uploads\/2019\/11\/Dobre-praktyki-i-narz\u0119dzia-09-180x180.png 180w, https:\/\/www.livespace.io\/wp-content\/uploads\/2019\/11\/Dobre-praktyki-i-narz\u0119dzia-09-120x120.png 120w\" sizes=\"(max-width: 80px) 100vw, 80px\" \/><\/p>\n<\/div><\/section><br \/>\n<section  class='av_textblock_section av-6dl248h-8f18e795b974c140d78f4ccab3abad57 '   itemscope=\"itemscope\" itemtype=\"https:\/\/schema.org\/CreativeWork\" ><div class='avia_textblock'  itemprop=\"text\" ><section class=\"av_textblock_section \">\n<div class=\"avia_textblock \">\n<section class=\"av_textblock_section \">\n<div class=\"avia_textblock \">\n<p style=\"text-align: center;\"><strong>wysy\u0142amy sprzeda\u017cowe wskaz\u00f3wki<\/strong><\/p>\n<\/div>\n<\/section>\n<\/div>\n<\/section>\n<\/div><\/section><br \/>\n<section  class='av_textblock_section av-6dl248h-8f18e795b974c140d78f4ccab3abad57 '   itemscope=\"itemscope\" itemtype=\"https:\/\/schema.org\/CreativeWork\" ><div class='avia_textblock'  itemprop=\"text\" ><section class=\"av_textblock_section \">\n<div class=\"avia_textblock \">\n<section class=\"av_textblock_section \">\n<div class=\"avia_textblock \">\n<p style=\"text-align: center;\"><img decoding=\"async\" class=\"aligncenter size-thumbnail wp-image-62498\" src=\"https:\/\/www.livespace.io\/wp-content\/uploads\/2019\/11\/ZARZ\u0104DZANIE-SPRZEDA\u017b\u0104-06-80x80.png\" alt=\"\" width=\"80\" height=\"80\" srcset=\"https:\/\/www.livespace.io\/wp-content\/uploads\/2019\/11\/ZARZ\u0104DZANIE-SPRZEDA\u017b\u0104-06-80x80.png 80w, https:\/\/www.livespace.io\/wp-content\/uploads\/2019\/11\/ZARZ\u0104DZANIE-SPRZEDA\u017b\u0104-06-36x36.png 36w, https:\/\/www.livespace.io\/wp-content\/uploads\/2019\/11\/ZARZ\u0104DZANIE-SPRZEDA\u017b\u0104-06-180x180.png 180w, https:\/\/www.livespace.io\/wp-content\/uploads\/2019\/11\/ZARZ\u0104DZANIE-SPRZEDA\u017b\u0104-06-120x120.png 120w\" sizes=\"(max-width: 80px) 100vw, 80px\" \/><\/p>\n<\/div>\n<\/section>\n<\/div>\n<\/section>\n<\/div><\/section><br \/>\n<section  class='av_textblock_section av-6dl248h-8f18e795b974c140d78f4ccab3abad57 '   itemscope=\"itemscope\" itemtype=\"https:\/\/schema.org\/CreativeWork\" ><div class='avia_textblock'  itemprop=\"text\" ><section class=\"av_textblock_section \">\n<div class=\"avia_textblock \">\n<section class=\"av_textblock_section \">\n<div class=\"avia_textblock \">\n<p style=\"text-align: center;\"><strong>dzielimy si\u0119 praktyczn\u0105 wiedz\u0105<\/strong><\/p>\n<\/div>\n<\/section>\n<\/div>\n<\/section>\n<\/div><\/section><br \/>\n<section  class='av_textblock_section av-6dl248h-8f18e795b974c140d78f4ccab3abad57 '   itemscope=\"itemscope\" itemtype=\"https:\/\/schema.org\/CreativeWork\" ><div class='avia_textblock'  itemprop=\"text\" ><section class=\"av_textblock_section \">\n<div class=\"avia_textblock \">\n<section class=\"av_textblock_section \">\n<div class=\"avia_textblock \">\n<p style=\"text-align: center;\"><strong><img decoding=\"async\" class=\"aligncenter size-thumbnail wp-image-62517\" src=\"https:\/\/www.livespace.io\/wp-content\/uploads\/2019\/11\/Techniki-Sprzeda\u017cy-03-80x80.png\" alt=\"\" width=\"80\" height=\"80\" srcset=\"https:\/\/www.livespace.io\/wp-content\/uploads\/2019\/11\/Techniki-Sprzeda\u017cy-03-80x80.png 80w, https:\/\/www.livespace.io\/wp-content\/uploads\/2019\/11\/Techniki-Sprzeda\u017cy-03-36x36.png 36w, https:\/\/www.livespace.io\/wp-content\/uploads\/2019\/11\/Techniki-Sprzeda\u017cy-03-180x180.png 180w, https:\/\/www.livespace.io\/wp-content\/uploads\/2019\/11\/Techniki-Sprzeda\u017cy-03-120x120.png 120w\" sizes=\"(max-width: 80px) 100vw, 80px\" \/><\/strong><\/p>\n<\/div>\n<\/section>\n<\/div>\n<\/section>\n<\/div><\/section><br \/>\n<section  class='av_textblock_section av-6dl248h-8f18e795b974c140d78f4ccab3abad57 '   itemscope=\"itemscope\" itemtype=\"https:\/\/schema.org\/CreativeWork\" ><div class='avia_textblock'  itemprop=\"text\" ><section class=\"av_textblock_section \">\n<div class=\"avia_textblock \">\n<section class=\"av_textblock_section \">\n<div class=\"avia_textblock \">\n<p style=\"text-align: center;\"><strong>nie wysy\u0142amy spamu<\/strong><\/p>\n<\/div>\n<\/section>\n<\/div>\n<\/section>\n<\/div><\/section><\/p><\/div>\n<\/div><\/div>\n<style type=\"text\/css\" data-created_by=\"avia_inline_auto\" id=\"style-css-av-5kcm66p-6e5e5540d5cc188d5142f7cb38fc7a5e\">\n.flex_cell.av-5kcm66p-6e5e5540d5cc188d5142f7cb38fc7a5e{\nvertical-align:top;\n}\n.responsive #top #wrap_all .flex_cell.av-5kcm66p-6e5e5540d5cc188d5142f7cb38fc7a5e{\npadding:0 30px 30px 30px !important;\n}\n<\/style>\n<div class='flex_cell av-5kcm66p-6e5e5540d5cc188d5142f7cb38fc7a5e av-gridrow-cell av_two_fifth no_margin  avia-builder-el-12  el_after_av_cell_three_fifth  avia-builder-el-last  ls-content-right-col content-align-top'  ><div class='flex_cell_inner'><p>\n<style type=\"text\/css\" data-created_by=\"avia_inline_auto\" id=\"style-css-av-5h01w6p-979ae132eb53aa95f9dc1cc7b9e1e35c\">\n.flex_column.av-5h01w6p-979ae132eb53aa95f9dc1cc7b9e1e35c{\nborder-radius:0px 0px 0px 0px;\npadding:0px 0px 0px 0px;\n}\n<\/style>\n<div  class='flex_column av-5h01w6p-979ae132eb53aa95f9dc1cc7b9e1e35c av_one_full  avia-builder-el-13  el_before_av_one_full  avia-builder-el-first  ls-content-form-box first flex_column_div av-zero-column-padding  '     ><p><section  class='av_textblock_section av-4yfx94h-635308ffbdfafe4c251f46fc7abea96b '   itemscope=\"itemscope\" itemtype=\"https:\/\/schema.org\/CreativeWork\" ><div class='avia_textblock'  itemprop=\"text\" ><p><strong>Zapisz si\u0119 na newsletter:<\/strong><\/p>\n<p><span style=\"color: #444444;\"><small>Zapis na newsletter jest nieodp\u0142atny. W zamian jednak chcieliby\u015bmy mie\u0107 mo\u017cliwo\u015b\u0107 wysy\u0142ania do Ciebie drog\u0105 elektroniczn\u0105 informacji o naszych innych materia\u0142ach, us\u0142ugach lub szkoleniach.<\/small><\/span><\/p>\n<\/div><\/section><br \/>\n<div  class='av_promobox av-4ixzy4x-aef7d30407c26866da233e1a80438ca3 avia-button-no  avia-builder-el-15  el_after_av_textblock  avia-builder-el-last '><div class='avia-promocontent'><p>\n<div class=\"wpforms-container wpforms-container-full\" id=\"wpforms-108453\"><form id=\"wpforms-form-108453\" class=\"wpforms-validate wpforms-form wpforms-ajax-form\" data-formid=\"108453\" method=\"post\" enctype=\"multipart\/form-data\" action=\"\/pl\/wp-json\/wp\/v2\/pages\/64213\" data-token=\"06efab0d0f186bb4b9cde109761b8ccc\" data-token-time=\"1777513532\"><noscript class=\"wpforms-error-noscript\">Aby wype\u0142ni\u0107 ten formularz, w\u0142\u0105cz obs\u0142ug\u0119 JavaScript w przegl\u0105darce.<\/noscript><div class=\"wpforms-field-container\"><div id=\"wpforms-108453-field_1-container\" class=\"wpforms-field wpforms-field-name\" data-field-id=\"1\"><label class=\"wpforms-field-label wpforms-label-hide\" for=\"wpforms-108453-field_1\">Imi\u0119 i nazwisko <span class=\"wpforms-required-label\">*<\/span><\/label><input type=\"text\" id=\"wpforms-108453-field_1\" class=\"wpforms-field-large wpforms-field-required\" name=\"wpforms[fields][1]\" placeholder=\"Imi\u0119 i nazwisko\" required><\/div><div id=\"wpforms-108453-field_2-container\" class=\"wpforms-field wpforms-field-email\" data-field-id=\"2\"><label class=\"wpforms-field-label wpforms-label-hide\" for=\"wpforms-108453-field_2\">Biznesowy adres email <span class=\"wpforms-required-label\">*<\/span><\/label><input type=\"email\" id=\"wpforms-108453-field_2\" class=\"wpforms-field-large wpforms-field-required\" name=\"wpforms[fields][2]\" placeholder=\"S\u0142u\u017cbowy adres email\" spellcheck=\"false\" required><\/div><div id=\"wpforms-108453-field_3-container\" class=\"wpforms-field wpforms-field-text\" data-field-id=\"3\"><label class=\"wpforms-field-label wpforms-label-hide\" for=\"wpforms-108453-field_3\">Nazwa firmy <span class=\"wpforms-required-label\">*<\/span><\/label><input type=\"text\" id=\"wpforms-108453-field_3\" class=\"wpforms-field-large wpforms-field-required\" name=\"wpforms[fields][3]\" placeholder=\"Nazwa firmy\" required><\/div><div id=\"wpforms-108453-field_4-container\" class=\"wpforms-field wpforms-field-checkbox\" data-field-id=\"4\"><label class=\"wpforms-field-label wpforms-label-hide\">Zgoda na komunikacj\u0119 email <span class=\"wpforms-required-label\">*<\/span><\/label><ul id=\"wpforms-108453-field_4\" class=\"wpforms-field-required\"><li class=\"choice-1 depth-1\"><input type=\"checkbox\" id=\"wpforms-108453-field_4_1\" name=\"wpforms[fields][4][]\" value=\"Zgoda na komunikacj\u0119 email\" required ><label class=\"wpforms-field-label-inline\" for=\"wpforms-108453-field_4_1\">Zgoda na komunikacj\u0119 email <span class=\"wpforms-required-label\">*<\/span><\/label><\/li><\/ul><div class=\"wpforms-field-description wpforms-disclaimer-description\"><small>Wyra\u017cam zgod\u0119 na otrzymywanie drog\u0105 elektroniczn\u0105 na podany adres e-mail informacji handlowych w rozumieniu art. 10 ust. 1 ustawy z dnia 18 lipca 2002 roku o \u015bwiadczeniu us\u0142ug drog\u0105 elektroniczn\u0105 od firmy Livespace S.A. z siedzib\u0105 w Warszawie, ul. Rejtana 17\/38, 02-516 Warszawa.<\/small><\/div><\/div><\/div><!-- .wpforms-field-container --><div class=\"wpforms-submit-container\" ><input type=\"hidden\" name=\"wpforms[id]\" value=\"108453\"><input type=\"hidden\" name=\"page_title\" value=\"\"><input type=\"hidden\" name=\"page_url\" value=\"https:\/\/www.livespace.io\/pl\/wp-json\/wp\/v2\/pages\/64213\"><input type=\"hidden\" name=\"url_referer\" value=\"\"><button type=\"submit\" name=\"wpforms[submit]\" id=\"wpforms-submit-108453\" class=\"wpforms-submit\" data-alt-text=\"Wysy\u0142am zg\u0142oszenie...\" data-submit-text=\"Zapisuj\u0119\u00a0si\u0119!\" aria-live=\"assertive\" value=\"wpforms-submit\">Zapisuj\u0119\u00a0si\u0119!<\/button><img decoding=\"async\" src=\"https:\/\/www.livespace.io\/wp-content\/plugins\/wpforms\/assets\/images\/submit-spin.svg\" class=\"wpforms-submit-spinner\" style=\"display: none;\" width=\"26\" height=\"26\" alt=\"Wczytywanie\"><\/div><\/form><\/div>  <!-- .wpforms-container --><\/p>\n<\/div><\/div><\/p><\/div>\n<style type=\"text\/css\" data-created_by=\"avia_inline_auto\" id=\"style-css-av-3t7lgup-7e2dc71a5d9bac038c654abed0242fb4\">\n.flex_column.av-3t7lgup-7e2dc71a5d9bac038c654abed0242fb4{\nborder-radius:0px 0px 0px 0px;\npadding:0px 0px 0px 0px;\n}\n<\/style>\n<div  class='flex_column av-3t7lgup-7e2dc71a5d9bac038c654abed0242fb4 av_one_full  avia-builder-el-16  el_after_av_one_full  avia-builder-el-last  ls-content-form-thankyou first flex_column_div av-zero-column-padding  column-top-margin'     ><section  class='av_textblock_section av-310hefl-9da86fefc09c2dc47f4eea314f2a8e72 '   itemscope=\"itemscope\" itemtype=\"https:\/\/schema.org\/CreativeWork\" ><div class='avia_textblock'  itemprop=\"text\" ><p style=\"text-align: center;\"><img decoding=\"async\" class=\"alignnone wp-image-102163\" src=\"https:\/\/www.livespace.io\/wp-content\/uploads\/2022\/06\/Livespace-Logo-Navy-1-300x75.png\" alt=\"\" width=\"156\" height=\"39\" srcset=\"https:\/\/www.livespace.io\/wp-content\/uploads\/2022\/06\/Livespace-Logo-Navy-1-300x75.png 300w, https:\/\/www.livespace.io\/wp-content\/uploads\/2022\/06\/Livespace-Logo-Navy-1-768x192.png 768w, https:\/\/www.livespace.io\/wp-content\/uploads\/2022\/06\/Livespace-Logo-Navy-1-705x176.png 705w, https:\/\/www.livespace.io\/wp-content\/uploads\/2022\/06\/Livespace-Logo-Navy-1.png 800w\" sizes=\"(max-width: 156px) 100vw, 156px\" \/><\/p>\n<p style=\"text-align: center;\">Najlepszy CRM do pouk\u0142adania pracy zespo\u0142u sprzedaz\u0307y, tak by kaz\u0307dy zna\u0142 swo\u0301j kolejny krok do wygrania zlecenia.<\/p>\n<\/div><\/section><br \/>\n<div  class='avia-button-wrap av-2fmq2ep-919ee377c9a0627f94ea20c9b5d552c8-wrap avia-button-center  avia-builder-el-18  el_after_av_textblock  avia-builder-el-last '>\n<style type=\"text\/css\" data-created_by=\"avia_inline_auto\" id=\"style-css-av-2fmq2ep-919ee377c9a0627f94ea20c9b5d552c8\">\n#top #wrap_all .avia-button.av-2fmq2ep-919ee377c9a0627f94ea20c9b5d552c8{\nbackground-color:#3b86ce;\nborder-color:#3b86ce;\ncolor:#ffffff;\ntransition:all 0.4s ease-in-out;\n}\n#top #wrap_all .avia-button.av-2fmq2ep-919ee377c9a0627f94ea20c9b5d552c8 .avia-svg-icon svg:first-child{\nfill:#ffffff;\nstroke:#ffffff;\n}\n<\/style>\n<a href=''  class='avia-button av-2fmq2ep-919ee377c9a0627f94ea20c9b5d552c8 av-link-btn avia-icon_select-no avia-size-large avia-position-center'   aria-label=\"Poznaj Livespace\"><span class='avia_iconbox_title' >Poznaj Livespace<\/span><\/a><\/div><\/p><\/div><\/p>\n<\/div><\/div><\/div>\n<div style='text-align:center' class='yasr-auto-insert-visitor'><\/div>","protected":false},"excerpt":{"rendered":"","protected":false},"author":10,"featured_media":0,"parent":0,"menu_order":0,"comment_status":"open","ping_status":"closed","template":"","meta":{"_acf_changed":false,"inline_featured_image":false,"yasr_overall_rating":0,"yasr_post_is_review":"","yasr_auto_insert_disabled":"","yasr_review_type":"","footnotes":""},"class_list":["post-64213","page","type-page","status-publish","hentry"],"yasr_visitor_votes":{"stars_attributes":{"read_only":false,"span_bottom":false},"number_of_votes":0,"sum_votes":0},"acf":[],"yoast_head":"<!-- This site is optimized with the Yoast SEO plugin v27.3 - https:\/\/yoast.com\/product\/yoast-seo-wordpress\/ -->\n<title>Newsletter Livespace<\/title>\n<meta name=\"description\" content=\"Zapisz si\u0119 na newsletter dla profesjonalist\u00f3w sprzeda\u017cy.\" \/>\n<meta name=\"robots\" content=\"noindex, follow\" \/>\n<meta property=\"og:locale\" content=\"pl_PL\" \/>\n<meta property=\"og:type\" content=\"article\" \/>\n<meta property=\"og:title\" content=\"Newsletter Livespace\" \/>\n<meta property=\"og:description\" content=\"Zapisz si\u0119 na newsletter dla profesjonalist\u00f3w sprzeda\u017cy.\" \/>\n<meta property=\"og:url\" content=\"https:\/\/www.livespace.io\/pl\/newsletter-2\/\" \/>\n<meta property=\"og:site_name\" content=\"Livespace CRM\" \/>\n<meta property=\"article:modified_time\" content=\"2025-09-01T15:02:13+00:00\" \/>\n<meta property=\"og:image\" content=\"https:\/\/www.livespace.io\/wp-content\/uploads\/2020\/01\/szkolenia-warsztaty-livespace.png\" \/>\n\t<meta property=\"og:image:width\" content=\"1200\" \/>\n\t<meta property=\"og:image:height\" content=\"628\" \/>\n\t<meta property=\"og:image:type\" content=\"image\/png\" \/>\n<meta name=\"twitter:card\" content=\"summary_large_image\" \/>\n<meta name=\"twitter:label1\" content=\"Szacowany czas czytania\" \/>\n\t<meta name=\"twitter:data1\" content=\"2 minuty\" \/>\n<script type=\"application\/ld+json\" class=\"yoast-schema-graph\">{\"@context\":\"https:\\\/\\\/schema.org\",\"@graph\":[{\"@type\":\"WebPage\",\"@id\":\"https:\\\/\\\/www.livespace.io\\\/pl\\\/newsletter-2\\\/\",\"url\":\"https:\\\/\\\/www.livespace.io\\\/pl\\\/newsletter-2\\\/\",\"name\":\"Newsletter Livespace\",\"isPartOf\":{\"@id\":\"https:\\\/\\\/www.livespace.io\\\/pl\\\/#website\"},\"primaryImageOfPage\":{\"@id\":\"https:\\\/\\\/www.livespace.io\\\/pl\\\/newsletter-2\\\/#primaryimage\"},\"image\":{\"@id\":\"https:\\\/\\\/www.livespace.io\\\/pl\\\/newsletter-2\\\/#primaryimage\"},\"thumbnailUrl\":\"https:\\\/\\\/www.livespace.io\\\/wp-content\\\/uploads\\\/2022\\\/06\\\/Livespace-Logo-Navy-1-300x75.png\",\"datePublished\":\"2020-04-02T08:27:28+00:00\",\"dateModified\":\"2025-09-01T15:02:13+00:00\",\"description\":\"Zapisz si\u0119 na newsletter dla profesjonalist\u00f3w sprzeda\u017cy.\",\"inLanguage\":\"pl-PL\",\"potentialAction\":[{\"@type\":\"ReadAction\",\"target\":[\"https:\\\/\\\/www.livespace.io\\\/pl\\\/newsletter-2\\\/\"]}]},{\"@type\":\"ImageObject\",\"inLanguage\":\"pl-PL\",\"@id\":\"https:\\\/\\\/www.livespace.io\\\/pl\\\/newsletter-2\\\/#primaryimage\",\"url\":\"https:\\\/\\\/www.livespace.io\\\/wp-content\\\/uploads\\\/2022\\\/06\\\/Livespace-Logo-Navy-1-300x75.png\",\"contentUrl\":\"https:\\\/\\\/www.livespace.io\\\/wp-content\\\/uploads\\\/2022\\\/06\\\/Livespace-Logo-Navy-1-300x75.png\"},{\"@type\":\"WebSite\",\"@id\":\"https:\\\/\\\/www.livespace.io\\\/pl\\\/#website\",\"url\":\"https:\\\/\\\/www.livespace.io\\\/pl\\\/\",\"name\":\"Livespace CRM\",\"description\":\"sell smarter\",\"publisher\":{\"@id\":\"https:\\\/\\\/www.livespace.io\\\/pl\\\/#organization\"},\"potentialAction\":[{\"@type\":\"SearchAction\",\"target\":{\"@type\":\"EntryPoint\",\"urlTemplate\":\"https:\\\/\\\/www.livespace.io\\\/pl\\\/?s={search_term_string}\"},\"query-input\":{\"@type\":\"PropertyValueSpecification\",\"valueRequired\":true,\"valueName\":\"search_term_string\"}}],\"inLanguage\":\"pl-PL\"},{\"@type\":\"Organization\",\"@id\":\"https:\\\/\\\/www.livespace.io\\\/pl\\\/#organization\",\"name\":\"Livespace.io\",\"url\":\"https:\\\/\\\/www.livespace.io\\\/pl\\\/\",\"logo\":{\"@type\":\"ImageObject\",\"inLanguage\":\"pl-PL\",\"@id\":\"https:\\\/\\\/www.livespace.io\\\/pl\\\/#\\\/schema\\\/logo\\\/image\\\/\",\"url\":\"https:\\\/\\\/www.livespace.io\\\/wp-content\\\/uploads\\\/2021\\\/09\\\/livespace-logo.png\",\"contentUrl\":\"https:\\\/\\\/www.livespace.io\\\/wp-content\\\/uploads\\\/2021\\\/09\\\/livespace-logo.png\",\"width\":204,\"height\":54,\"caption\":\"Livespace.io\"},\"image\":{\"@id\":\"https:\\\/\\\/www.livespace.io\\\/pl\\\/#\\\/schema\\\/logo\\\/image\\\/\"}}]}<\/script>\n<!-- \/ Yoast SEO plugin. -->","yoast_head_json":{"title":"Newsletter Livespace","description":"Zapisz si\u0119 na newsletter dla profesjonalist\u00f3w sprzeda\u017cy.","robots":{"index":"noindex","follow":"follow"},"og_locale":"pl_PL","og_type":"article","og_title":"Newsletter Livespace","og_description":"Zapisz si\u0119 na newsletter dla profesjonalist\u00f3w sprzeda\u017cy.","og_url":"https:\/\/www.livespace.io\/pl\/newsletter-2\/","og_site_name":"Livespace CRM","article_modified_time":"2025-09-01T15:02:13+00:00","og_image":[{"width":1200,"height":628,"url":"https:\/\/www.livespace.io\/wp-content\/uploads\/2020\/01\/szkolenia-warsztaty-livespace.png","type":"image\/png"}],"twitter_card":"summary_large_image","twitter_misc":{"Szacowany czas czytania":"2 minuty"},"schema":{"@context":"https:\/\/schema.org","@graph":[{"@type":"WebPage","@id":"https:\/\/www.livespace.io\/pl\/newsletter-2\/","url":"https:\/\/www.livespace.io\/pl\/newsletter-2\/","name":"Newsletter Livespace","isPartOf":{"@id":"https:\/\/www.livespace.io\/pl\/#website"},"primaryImageOfPage":{"@id":"https:\/\/www.livespace.io\/pl\/newsletter-2\/#primaryimage"},"image":{"@id":"https:\/\/www.livespace.io\/pl\/newsletter-2\/#primaryimage"},"thumbnailUrl":"https:\/\/www.livespace.io\/wp-content\/uploads\/2022\/06\/Livespace-Logo-Navy-1-300x75.png","datePublished":"2020-04-02T08:27:28+00:00","dateModified":"2025-09-01T15:02:13+00:00","description":"Zapisz si\u0119 na newsletter dla profesjonalist\u00f3w sprzeda\u017cy.","inLanguage":"pl-PL","potentialAction":[{"@type":"ReadAction","target":["https:\/\/www.livespace.io\/pl\/newsletter-2\/"]}]},{"@type":"ImageObject","inLanguage":"pl-PL","@id":"https:\/\/www.livespace.io\/pl\/newsletter-2\/#primaryimage","url":"https:\/\/www.livespace.io\/wp-content\/uploads\/2022\/06\/Livespace-Logo-Navy-1-300x75.png","contentUrl":"https:\/\/www.livespace.io\/wp-content\/uploads\/2022\/06\/Livespace-Logo-Navy-1-300x75.png"},{"@type":"WebSite","@id":"https:\/\/www.livespace.io\/pl\/#website","url":"https:\/\/www.livespace.io\/pl\/","name":"Livespace CRM","description":"sell smarter","publisher":{"@id":"https:\/\/www.livespace.io\/pl\/#organization"},"potentialAction":[{"@type":"SearchAction","target":{"@type":"EntryPoint","urlTemplate":"https:\/\/www.livespace.io\/pl\/?s={search_term_string}"},"query-input":{"@type":"PropertyValueSpecification","valueRequired":true,"valueName":"search_term_string"}}],"inLanguage":"pl-PL"},{"@type":"Organization","@id":"https:\/\/www.livespace.io\/pl\/#organization","name":"Livespace.io","url":"https:\/\/www.livespace.io\/pl\/","logo":{"@type":"ImageObject","inLanguage":"pl-PL","@id":"https:\/\/www.livespace.io\/pl\/#\/schema\/logo\/image\/","url":"https:\/\/www.livespace.io\/wp-content\/uploads\/2021\/09\/livespace-logo.png","contentUrl":"https:\/\/www.livespace.io\/wp-content\/uploads\/2021\/09\/livespace-logo.png","width":204,"height":54,"caption":"Livespace.io"},"image":{"@id":"https:\/\/www.livespace.io\/pl\/#\/schema\/logo\/image\/"}}]}},"_links":{"self":[{"href":"https:\/\/www.livespace.io\/pl\/wp-json\/wp\/v2\/pages\/64213","targetHints":{"allow":["GET"]}}],"collection":[{"href":"https:\/\/www.livespace.io\/pl\/wp-json\/wp\/v2\/pages"}],"about":[{"href":"https:\/\/www.livespace.io\/pl\/wp-json\/wp\/v2\/types\/page"}],"author":[{"embeddable":true,"href":"https:\/\/www.livespace.io\/pl\/wp-json\/wp\/v2\/users\/10"}],"replies":[{"embeddable":true,"href":"https:\/\/www.livespace.io\/pl\/wp-json\/wp\/v2\/comments?post=64213"}],"version-history":[{"count":2,"href":"https:\/\/www.livespace.io\/pl\/wp-json\/wp\/v2\/pages\/64213\/revisions"}],"predecessor-version":[{"id":201413,"href":"https:\/\/www.livespace.io\/pl\/wp-json\/wp\/v2\/pages\/64213\/revisions\/201413"}],"wp:attachment":[{"href":"https:\/\/www.livespace.io\/pl\/wp-json\/wp\/v2\/media?parent=64213"}],"curies":[{"name":"wp","href":"https:\/\/api.w.org\/{rel}","templated":true}]}}