{"id":62469,"date":"2019-11-26T14:31:43","date_gmt":"2019-11-26T13:31:43","guid":{"rendered":"https:\/\/www.livespace.io\/?page_id=62469"},"modified":"2024-07-24T09:15:46","modified_gmt":"2024-07-24T07:15:46","slug":"wiedza","status":"publish","type":"page","link":"https:\/\/www.livespace.io\/pl\/wiedza\/","title":{"rendered":"Wiedza"},"content":{"rendered":"<div style='text-align:center' class='yasr-auto-insert-visitor'><\/div>","protected":false},"excerpt":{"rendered":"","protected":false},"author":46,"featured_media":102334,"parent":0,"menu_order":0,"comment_status":"closed","ping_status":"closed","template":"template-newtheme.php","meta":{"_acf_changed":false,"inline_featured_image":false,"yasr_overall_rating":0,"yasr_post_is_review":"","yasr_auto_insert_disabled":"","yasr_review_type":"","footnotes":""},"class_list":["post-62469","page","type-page","status-publish","has-post-thumbnail","hentry"],"yasr_visitor_votes":{"stars_attributes":{"read_only":false,"span_bottom":false},"number_of_votes":0,"sum_votes":0},"acf":[],"yoast_head":"<!-- This site is optimized with the Yoast SEO plugin v27.3 - https:\/\/yoast.com\/product\/yoast-seo-wordpress\/ -->\n<title>Centrum wiedzy o sprzeda\u017cy B2B \u2013 Livespace CRM<\/title>\n<meta name=\"description\" content=\"Wszystko, co musisz wiedzie\u0107 o sprzeda\u017cy B2B \u2013 od zarz\u0105dzania zespo\u0142em przez zarz\u0105dzanie procesem po techniki sprzeda\u017cowe.\" \/>\n<meta name=\"robots\" content=\"index, follow, max-snippet:-1, max-image-preview:large, max-video-preview:-1\" \/>\n<link rel=\"canonical\" href=\"https:\/\/www.livespace.io\/pl\/wiedza\/\" \/>\n<meta property=\"og:locale\" content=\"pl_PL\" \/>\n<meta property=\"og:type\" content=\"article\" \/>\n<meta property=\"og:title\" content=\"Centrum wiedzy o sprzeda\u017cy B2B \u2013 Livespace CRM\" \/>\n<meta property=\"og:description\" content=\"Wszystko, co musisz wiedzie\u0107 o sprzeda\u017cy B2B \u2013 od zarz\u0105dzania zespo\u0142em przez zarz\u0105dzanie procesem po techniki sprzeda\u017cowe.\" \/>\n<meta property=\"og:url\" content=\"https:\/\/www.livespace.io\/pl\/wiedza\/\" \/>\n<meta property=\"og:site_name\" content=\"Livespace CRM\" \/>\n<meta property=\"article:modified_time\" content=\"2024-07-24T07:15:46+00:00\" \/>\n<meta property=\"og:image\" content=\"https:\/\/www.livespace.io\/wp-content\/uploads\/2019\/10\/Livespace.io_.png\" \/>\n\t<meta property=\"og:image:width\" content=\"1200\" \/>\n\t<meta property=\"og:image:height\" content=\"628\" \/>\n\t<meta property=\"og:image:type\" content=\"image\/png\" \/>\n<meta name=\"twitter:card\" content=\"summary_large_image\" \/>\n<script type=\"application\/ld+json\" class=\"yoast-schema-graph\">{\"@context\":\"https:\\\/\\\/schema.org\",\"@graph\":[{\"@type\":\"WebPage\",\"@id\":\"https:\\\/\\\/www.livespace.io\\\/pl\\\/wiedza\\\/\",\"url\":\"https:\\\/\\\/www.livespace.io\\\/pl\\\/wiedza\\\/\",\"name\":\"Centrum wiedzy o sprzeda\u017cy B2B \u2013 Livespace CRM\",\"isPartOf\":{\"@id\":\"https:\\\/\\\/www.livespace.io\\\/pl\\\/#website\"},\"primaryImageOfPage\":{\"@id\":\"https:\\\/\\\/www.livespace.io\\\/pl\\\/wiedza\\\/#primaryimage\"},\"image\":{\"@id\":\"https:\\\/\\\/www.livespace.io\\\/pl\\\/wiedza\\\/#primaryimage\"},\"thumbnailUrl\":\"https:\\\/\\\/www.livespace.io\\\/wp-content\\\/uploads\\\/2022\\\/06\\\/Livespace-CRM-Sell-Smarter-1.png\",\"datePublished\":\"2019-11-26T13:31:43+00:00\",\"dateModified\":\"2024-07-24T07:15:46+00:00\",\"description\":\"Wszystko, co musisz wiedzie\u0107 o sprzeda\u017cy B2B \u2013 od zarz\u0105dzania zespo\u0142em przez zarz\u0105dzanie procesem po techniki sprzeda\u017cowe.\",\"inLanguage\":\"pl-PL\",\"potentialAction\":[{\"@type\":\"ReadAction\",\"target\":[\"https:\\\/\\\/www.livespace.io\\\/pl\\\/wiedza\\\/\"]}]},{\"@type\":\"ImageObject\",\"inLanguage\":\"pl-PL\",\"@id\":\"https:\\\/\\\/www.livespace.io\\\/pl\\\/wiedza\\\/#primaryimage\",\"url\":\"https:\\\/\\\/www.livespace.io\\\/wp-content\\\/uploads\\\/2022\\\/06\\\/Livespace-CRM-Sell-Smarter-1.png\",\"contentUrl\":\"https:\\\/\\\/www.livespace.io\\\/wp-content\\\/uploads\\\/2022\\\/06\\\/Livespace-CRM-Sell-Smarter-1.png\",\"width\":1200,\"height\":628,\"caption\":\"Skuteczna sprzeda\u017c dzi\u0119ki crm\"},{\"@type\":\"WebSite\",\"@id\":\"https:\\\/\\\/www.livespace.io\\\/pl\\\/#website\",\"url\":\"https:\\\/\\\/www.livespace.io\\\/pl\\\/\",\"name\":\"Livespace CRM\",\"description\":\"sell smarter\",\"publisher\":{\"@id\":\"https:\\\/\\\/www.livespace.io\\\/pl\\\/#organization\"},\"potentialAction\":[{\"@type\":\"SearchAction\",\"target\":{\"@type\":\"EntryPoint\",\"urlTemplate\":\"https:\\\/\\\/www.livespace.io\\\/pl\\\/?s={search_term_string}\"},\"query-input\":{\"@type\":\"PropertyValueSpecification\",\"valueRequired\":true,\"valueName\":\"search_term_string\"}}],\"inLanguage\":\"pl-PL\"},{\"@type\":\"Organization\",\"@id\":\"https:\\\/\\\/www.livespace.io\\\/pl\\\/#organization\",\"name\":\"Livespace.io\",\"url\":\"https:\\\/\\\/www.livespace.io\\\/pl\\\/\",\"logo\":{\"@type\":\"ImageObject\",\"inLanguage\":\"pl-PL\",\"@id\":\"https:\\\/\\\/www.livespace.io\\\/pl\\\/#\\\/schema\\\/logo\\\/image\\\/\",\"url\":\"https:\\\/\\\/www.livespace.io\\\/wp-content\\\/uploads\\\/2021\\\/09\\\/livespace-logo.png\",\"contentUrl\":\"https:\\\/\\\/www.livespace.io\\\/wp-content\\\/uploads\\\/2021\\\/09\\\/livespace-logo.png\",\"width\":204,\"height\":54,\"caption\":\"Livespace.io\"},\"image\":{\"@id\":\"https:\\\/\\\/www.livespace.io\\\/pl\\\/#\\\/schema\\\/logo\\\/image\\\/\"}}]}<\/script>\n<!-- \/ Yoast SEO plugin. -->","yoast_head_json":{"title":"Centrum wiedzy o sprzeda\u017cy B2B \u2013 Livespace CRM","description":"Wszystko, co musisz wiedzie\u0107 o sprzeda\u017cy B2B \u2013 od zarz\u0105dzania zespo\u0142em przez zarz\u0105dzanie procesem po techniki sprzeda\u017cowe.","robots":{"index":"index","follow":"follow","max-snippet":"max-snippet:-1","max-image-preview":"max-image-preview:large","max-video-preview":"max-video-preview:-1"},"canonical":"https:\/\/www.livespace.io\/pl\/wiedza\/","og_locale":"pl_PL","og_type":"article","og_title":"Centrum wiedzy o sprzeda\u017cy B2B \u2013 Livespace CRM","og_description":"Wszystko, co musisz wiedzie\u0107 o sprzeda\u017cy B2B \u2013 od zarz\u0105dzania zespo\u0142em przez zarz\u0105dzanie procesem po techniki sprzeda\u017cowe.","og_url":"https:\/\/www.livespace.io\/pl\/wiedza\/","og_site_name":"Livespace CRM","article_modified_time":"2024-07-24T07:15:46+00:00","og_image":[{"width":1200,"height":628,"url":"https:\/\/www.livespace.io\/wp-content\/uploads\/2019\/10\/Livespace.io_.png","type":"image\/png"}],"twitter_card":"summary_large_image","schema":{"@context":"https:\/\/schema.org","@graph":[{"@type":"WebPage","@id":"https:\/\/www.livespace.io\/pl\/wiedza\/","url":"https:\/\/www.livespace.io\/pl\/wiedza\/","name":"Centrum wiedzy o sprzeda\u017cy B2B \u2013 Livespace CRM","isPartOf":{"@id":"https:\/\/www.livespace.io\/pl\/#website"},"primaryImageOfPage":{"@id":"https:\/\/www.livespace.io\/pl\/wiedza\/#primaryimage"},"image":{"@id":"https:\/\/www.livespace.io\/pl\/wiedza\/#primaryimage"},"thumbnailUrl":"https:\/\/www.livespace.io\/wp-content\/uploads\/2022\/06\/Livespace-CRM-Sell-Smarter-1.png","datePublished":"2019-11-26T13:31:43+00:00","dateModified":"2024-07-24T07:15:46+00:00","description":"Wszystko, co musisz wiedzie\u0107 o sprzeda\u017cy B2B \u2013 od zarz\u0105dzania zespo\u0142em przez zarz\u0105dzanie procesem po techniki sprzeda\u017cowe.","inLanguage":"pl-PL","potentialAction":[{"@type":"ReadAction","target":["https:\/\/www.livespace.io\/pl\/wiedza\/"]}]},{"@type":"ImageObject","inLanguage":"pl-PL","@id":"https:\/\/www.livespace.io\/pl\/wiedza\/#primaryimage","url":"https:\/\/www.livespace.io\/wp-content\/uploads\/2022\/06\/Livespace-CRM-Sell-Smarter-1.png","contentUrl":"https:\/\/www.livespace.io\/wp-content\/uploads\/2022\/06\/Livespace-CRM-Sell-Smarter-1.png","width":1200,"height":628,"caption":"Skuteczna sprzeda\u017c dzi\u0119ki crm"},{"@type":"WebSite","@id":"https:\/\/www.livespace.io\/pl\/#website","url":"https:\/\/www.livespace.io\/pl\/","name":"Livespace CRM","description":"sell smarter","publisher":{"@id":"https:\/\/www.livespace.io\/pl\/#organization"},"potentialAction":[{"@type":"SearchAction","target":{"@type":"EntryPoint","urlTemplate":"https:\/\/www.livespace.io\/pl\/?s={search_term_string}"},"query-input":{"@type":"PropertyValueSpecification","valueRequired":true,"valueName":"search_term_string"}}],"inLanguage":"pl-PL"},{"@type":"Organization","@id":"https:\/\/www.livespace.io\/pl\/#organization","name":"Livespace.io","url":"https:\/\/www.livespace.io\/pl\/","logo":{"@type":"ImageObject","inLanguage":"pl-PL","@id":"https:\/\/www.livespace.io\/pl\/#\/schema\/logo\/image\/","url":"https:\/\/www.livespace.io\/wp-content\/uploads\/2021\/09\/livespace-logo.png","contentUrl":"https:\/\/www.livespace.io\/wp-content\/uploads\/2021\/09\/livespace-logo.png","width":204,"height":54,"caption":"Livespace.io"},"image":{"@id":"https:\/\/www.livespace.io\/pl\/#\/schema\/logo\/image\/"}}]}},"_links":{"self":[{"href":"https:\/\/www.livespace.io\/pl\/wp-json\/wp\/v2\/pages\/62469","targetHints":{"allow":["GET"]}}],"collection":[{"href":"https:\/\/www.livespace.io\/pl\/wp-json\/wp\/v2\/pages"}],"about":[{"href":"https:\/\/www.livespace.io\/pl\/wp-json\/wp\/v2\/types\/page"}],"author":[{"embeddable":true,"href":"https:\/\/www.livespace.io\/pl\/wp-json\/wp\/v2\/users\/46"}],"replies":[{"embeddable":true,"href":"https:\/\/www.livespace.io\/pl\/wp-json\/wp\/v2\/comments?post=62469"}],"version-history":[{"count":0,"href":"https:\/\/www.livespace.io\/pl\/wp-json\/wp\/v2\/pages\/62469\/revisions"}],"wp:featuredmedia":[{"embeddable":true,"href":"https:\/\/www.livespace.io\/pl\/wp-json\/wp\/v2\/media\/102334"}],"wp:attachment":[{"href":"https:\/\/www.livespace.io\/pl\/wp-json\/wp\/v2\/media?parent=62469"}],"curies":[{"name":"wp","href":"https:\/\/api.w.org\/{rel}","templated":true}]}}