{"id":53321,"date":"2019-07-16T20:22:48","date_gmt":"2019-07-16T18:22:48","guid":{"rendered":"https:\/\/www.livespace.io\/webinaria\/sales-hacking-week\/certyfikat-sales-hacking-week-copy\/"},"modified":"2023-02-13T16:10:09","modified_gmt":"2023-02-13T15:10:09","slug":"certyfikat","status":"publish","type":"page","link":"https:\/\/www.livespace.io\/pl\/certyfikat\/","title":{"rendered":"Certyfikat Akademii Livespace"},"content":{"rendered":"<div id='av_section_1'  class='avia-section av-f4yda0-1f8a663a65ef2f5cdc41124c092c5f61 main_color avia-section-default avia-no-shadow  avia-builder-el-0  el_before_av_one_full  avia-builder-el-first  avia-bg-style-scroll container_wrap fullsize'  ><div class='container av-section-cont-open' ><main  role=\"main\" itemprop=\"mainContentOfPage\"  class='template-page content  av-content-full alpha units'><div class='post-entry post-entry-type-page post-entry-53321'><div class='entry-content-wrapper clearfix'>\n<section  class='av_textblock_section av-3uoztrs-6d6846ea93c4a5d4dc587a992492b652 '   itemscope=\"itemscope\" itemtype=\"https:\/\/schema.org\/CreativeWork\" ><div class='avia_textblock'  itemprop=\"text\" ><h1 style=\"text-align: center;\"><span style=\"color: #161616;\">Poznaj Livespace. Zdob\u0105d\u017a Certyfikat.<\/span><\/h1>\n<\/div><\/section>\n\n<\/div><\/div><\/main><!-- close content main element --><\/div><\/div><div id='after_section_1'  class='main_color av_default_container_wrap container_wrap fullsize'  ><div class='container av-section-cont-open' ><div class='template-page content  av-content-full alpha units'><div class='post-entry post-entry-type-page post-entry-53321'><div class='entry-content-wrapper clearfix'>\n\n<style type=\"text\/css\" data-created_by=\"avia_inline_auto\" id=\"style-css-av-2ud2s1k-5bfed0255d8d290559d2958f33e34bfd\">\n.flex_column.av-2ud2s1k-5bfed0255d8d290559d2958f33e34bfd{\nborder-radius:0px 0px 0px 0px;\npadding:0px 0px 0px 0px;\n}\n<\/style>\n<div  class='flex_column av-2ud2s1k-5bfed0255d8d290559d2958f33e34bfd av_one_full  avia-builder-el-3  el_after_av_section  el_before_av_one_third  avia-builder-el-first  shd-certificate-text first flex_column_div av-zero-column-padding  '     ><section  class='av_textblock_section av-2f7jafs-9c66cee5b664022a4d69f54eec58bbdc '   itemscope=\"itemscope\" itemtype=\"https:\/\/schema.org\/CreativeWork\" ><div class='avia_textblock'  itemprop=\"text\" ><h2><\/h2>\n<h3 style=\"text-align: center;\"><span style=\"color: #161616;\">We\u017a udzia\u0142 w programie certyfikuj\u0105cym, kt\u00f3ry potwierdza znajomo\u015b\u0107 Livespace CRM \u2013 narz\u0119dzia niezb\u0119dnego w pracy ka\u017cdego zespo\u0142u sprzeda\u017cy.<\/span><\/h3>\n<\/div><\/section><br \/>\n<div  class='hr av-jy67vs4g-6093eeda8b411576834abfe4982fe766 hr-default  avia-builder-el-5  el_after_av_textblock  el_before_av_textblock '><span class='hr-inner '><span class=\"hr-inner-style\"><\/span><\/span><\/div><br \/>\n<section  class='av_textblock_section av-2f7jafs-9c66cee5b664022a4d69f54eec58bbdc '   itemscope=\"itemscope\" itemtype=\"https:\/\/schema.org\/CreativeWork\" ><div class='avia_textblock'  itemprop=\"text\" ><h2><\/h2>\n<h2 class=\"p1\" style=\"text-align: center;\"><span style=\"color: #161616;\"><b>Dlaczego warto zdoby\u0107 certyfikat\u00a0<\/b><\/span><\/h2>\n<h4 class=\"p1\" style=\"text-align: center;\"><\/h4>\n<\/div><\/section><\/p><\/div>\n\n<style type=\"text\/css\" data-created_by=\"avia_inline_auto\" id=\"style-css-av-2ud2s1k-5bfed0255d8d290559d2958f33e34bfd\">\n.flex_column.av-2ud2s1k-5bfed0255d8d290559d2958f33e34bfd{\nborder-radius:0px 0px 0px 0px;\npadding:0px 0px 0px 0px;\n}\n<\/style>\n<div  class='flex_column av-2ud2s1k-5bfed0255d8d290559d2958f33e34bfd av_one_third  avia-builder-el-7  el_after_av_one_full  el_before_av_one_third  shd-certificate-text first flex_column_div av-zero-column-padding  column-top-margin'     ><p>\n<style type=\"text\/css\" data-created_by=\"avia_inline_auto\" id=\"style-css-av-jy664swq-b3761e55bbfe7e39e32c72acd8ecb2ae\">\n.avia-image-container.av-jy664swq-b3761e55bbfe7e39e32c72acd8ecb2ae img.avia_image{\nbox-shadow:none;\n}\n.avia-image-container.av-jy664swq-b3761e55bbfe7e39e32c72acd8ecb2ae .av-image-caption-overlay-center{\ncolor:#ffffff;\n}\n<\/style>\n<div  class='avia-image-container av-jy664swq-b3761e55bbfe7e39e32c72acd8ecb2ae av-styling- avia-align-center  avia-builder-el-8  el_before_av_textblock  avia-builder-el-first '   itemprop=\"image\" itemscope=\"itemscope\" itemtype=\"https:\/\/schema.org\/ImageObject\" ><div class=\"avia-image-container-inner\"><div class=\"avia-image-overlay-wrap\"><img decoding=\"async\" fetchpriority=\"high\" class='wp-image-102934 avia-img-lazy-loading-not-102934 avia_image ' src=\"https:\/\/www.livespace.io\/wp-content\/uploads\/2022\/07\/poznaj-livespace-1-180x180.png\" alt='Certyfikat Livespace' title='poznaj-livespace'  height=\"180\" width=\"180\"  itemprop=\"thumbnailUrl\" srcset=\"https:\/\/www.livespace.io\/wp-content\/uploads\/2022\/07\/poznaj-livespace-1-180x180.png 180w, https:\/\/www.livespace.io\/wp-content\/uploads\/2022\/07\/poznaj-livespace-1-300x300.png 300w, https:\/\/www.livespace.io\/wp-content\/uploads\/2022\/07\/poznaj-livespace-1-80x80.png 80w, https:\/\/www.livespace.io\/wp-content\/uploads\/2022\/07\/poznaj-livespace-1-36x36.png 36w, https:\/\/www.livespace.io\/wp-content\/uploads\/2022\/07\/poznaj-livespace-1.png 408w\" sizes=\"(max-width: 180px) 100vw, 180px\" \/><\/div><\/div><\/div><br \/>\n<section  class='av_textblock_section av-2f7jafs-9c66cee5b664022a4d69f54eec58bbdc '   itemscope=\"itemscope\" itemtype=\"https:\/\/schema.org\/CreativeWork\" ><div class='avia_textblock'  itemprop=\"text\" ><h2 style=\"text-align: center;\"><\/h2>\n<p style=\"text-align: center;\"><span style=\"color: #161616;\"><b>Poznaj Livespace<\/b><\/span><\/p>\n<p style=\"text-align: center;\"><span style=\"color: #161616;\">Poznaj niezawodne narz\u0119dzie, z kt\u00f3rego codziennie korzystaj\u0105 setki firm oraz tysi\u0105ce sprzedawc\u00f3w w Polsce i na \u015bwiecie.<\/span><\/p>\n<\/div><\/section><\/p><\/div>\n<style type=\"text\/css\" data-created_by=\"avia_inline_auto\" id=\"style-css-av-2ud2s1k-b25e278d50a48ee7914b8cb59ff9c859\">\n.flex_column.av-2ud2s1k-b25e278d50a48ee7914b8cb59ff9c859{\nborder-radius:0px 0px 0px 0px;\npadding:0px 0px 0px 0px;\n}\n<\/style>\n<div  class='flex_column av-2ud2s1k-b25e278d50a48ee7914b8cb59ff9c859 av_one_third  avia-builder-el-10  el_after_av_one_third  el_before_av_one_third  shd-certificate-text flex_column_div av-zero-column-padding  column-top-margin'     ><p>\n<style type=\"text\/css\" data-created_by=\"avia_inline_auto\" id=\"style-css-av-jy663qvl-053d06bbdb223aff7cfbc838d0a228ad\">\n.avia-image-container.av-jy663qvl-053d06bbdb223aff7cfbc838d0a228ad img.avia_image{\nbox-shadow:none;\n}\n.avia-image-container.av-jy663qvl-053d06bbdb223aff7cfbc838d0a228ad .av-image-caption-overlay-center{\ncolor:#ffffff;\n}\n<\/style>\n<div  class='avia-image-container av-jy663qvl-053d06bbdb223aff7cfbc838d0a228ad av-styling- avia-align-center  avia-builder-el-11  el_before_av_textblock  avia-builder-el-first '   itemprop=\"image\" itemscope=\"itemscope\" itemtype=\"https:\/\/schema.org\/ImageObject\" ><div class=\"avia-image-container-inner\"><div class=\"avia-image-overlay-wrap\"><img decoding=\"async\" fetchpriority=\"high\" class='wp-image-102932 avia-img-lazy-loading-not-102932 avia_image ' src=\"https:\/\/www.livespace.io\/wp-content\/uploads\/2022\/07\/zdobadz-kompentencje-180x180.png\" alt='wiedza sprzeda\u017cowa' title='zdobadz-kompentencje'  height=\"180\" width=\"180\"  itemprop=\"thumbnailUrl\" srcset=\"https:\/\/www.livespace.io\/wp-content\/uploads\/2022\/07\/zdobadz-kompentencje-180x180.png 180w, https:\/\/www.livespace.io\/wp-content\/uploads\/2022\/07\/zdobadz-kompentencje-300x300.png 300w, https:\/\/www.livespace.io\/wp-content\/uploads\/2022\/07\/zdobadz-kompentencje-80x80.png 80w, https:\/\/www.livespace.io\/wp-content\/uploads\/2022\/07\/zdobadz-kompentencje-36x36.png 36w, https:\/\/www.livespace.io\/wp-content\/uploads\/2022\/07\/zdobadz-kompentencje.png 408w\" sizes=\"(max-width: 180px) 100vw, 180px\" \/><\/div><\/div><\/div><br \/>\n<section  class='av_textblock_section av-2f7jafs-9c66cee5b664022a4d69f54eec58bbdc '   itemscope=\"itemscope\" itemtype=\"https:\/\/schema.org\/CreativeWork\" ><div class='avia_textblock'  itemprop=\"text\" ><h2 style=\"text-align: center;\"><\/h2>\n<p style=\"text-align: center;\"><span style=\"color: #161616;\"><b>Zdob\u0105d\u017a kompetencje<\/b><\/span><\/p>\n<p style=\"text-align: center;\"><span style=\"color: #161616;\">Sprawd\u017a swoj\u0105 wiedz\u0119 w praktyce, rozwi\u0105\u017c test i otrzymaj certyfikat potwierdzaj\u0105cy znajomo\u015b\u0107 Livespace CRM.<\/span><\/p>\n<\/div><\/section><\/p><\/div>\n<style type=\"text\/css\" data-created_by=\"avia_inline_auto\" id=\"style-css-av-2ud2s1k-b25e278d50a48ee7914b8cb59ff9c859\">\n.flex_column.av-2ud2s1k-b25e278d50a48ee7914b8cb59ff9c859{\nborder-radius:0px 0px 0px 0px;\npadding:0px 0px 0px 0px;\n}\n<\/style>\n<div  class='flex_column av-2ud2s1k-b25e278d50a48ee7914b8cb59ff9c859 av_one_third  avia-builder-el-13  el_after_av_one_third  el_before_av_hr  shd-certificate-text flex_column_div av-zero-column-padding  column-top-margin'     ><p>\n<style type=\"text\/css\" data-created_by=\"avia_inline_auto\" id=\"style-css-av-jy66vghl-4fd9acd42d7f3043d37818635da6a3d4\">\n.avia-image-container.av-jy66vghl-4fd9acd42d7f3043d37818635da6a3d4 img.avia_image{\nbox-shadow:none;\n}\n.avia-image-container.av-jy66vghl-4fd9acd42d7f3043d37818635da6a3d4 .av-image-caption-overlay-center{\ncolor:#ffffff;\n}\n<\/style>\n<div  class='avia-image-container av-jy66vghl-4fd9acd42d7f3043d37818635da6a3d4 av-styling- avia-align-center  avia-builder-el-14  el_before_av_textblock  avia-builder-el-first '   itemprop=\"image\" itemscope=\"itemscope\" itemtype=\"https:\/\/schema.org\/ImageObject\" ><div class=\"avia-image-container-inner\"><div class=\"avia-image-overlay-wrap\"><img decoding=\"async\" fetchpriority=\"high\" class='wp-image-102930 avia-img-lazy-loading-not-102930 avia_image ' src=\"https:\/\/www.livespace.io\/wp-content\/uploads\/2022\/07\/wyroznij-sie-180x180.png\" alt='ponadstandardowa wiedza o crm' title='wyroznij-sie'  height=\"180\" width=\"180\"  itemprop=\"thumbnailUrl\" srcset=\"https:\/\/www.livespace.io\/wp-content\/uploads\/2022\/07\/wyroznij-sie-180x180.png 180w, https:\/\/www.livespace.io\/wp-content\/uploads\/2022\/07\/wyroznij-sie-300x300.png 300w, https:\/\/www.livespace.io\/wp-content\/uploads\/2022\/07\/wyroznij-sie-80x80.png 80w, https:\/\/www.livespace.io\/wp-content\/uploads\/2022\/07\/wyroznij-sie-36x36.png 36w, https:\/\/www.livespace.io\/wp-content\/uploads\/2022\/07\/wyroznij-sie.png 408w\" sizes=\"(max-width: 180px) 100vw, 180px\" \/><\/div><\/div><\/div><br \/>\n<section  class='av_textblock_section av-2f7jafs-9c66cee5b664022a4d69f54eec58bbdc '   itemscope=\"itemscope\" itemtype=\"https:\/\/schema.org\/CreativeWork\" ><div class='avia_textblock'  itemprop=\"text\" ><h2 style=\"text-align: center;\"><\/h2>\n<p style=\"text-align: center;\"><span style=\"color: #161616;\"><b>Wyr\u00f3\u017cnij si\u0119<\/b><\/span><\/p>\n<p style=\"text-align: center;\"><span style=\"color: #161616;\">Obs\u0142uga CRM to standard oczekiwany przez pracodawc\u00f3w. Wpisz zdobyty certyfikat w swoim CV i zyskaj przewag\u0119 na rynku pracy.<\/span><\/p>\n<\/div><\/section><\/p><\/div><div  class='hr av-jy67vs4g-6093eeda8b411576834abfe4982fe766 hr-default  avia-builder-el-16  el_after_av_one_third  el_before_av_textblock '><span class='hr-inner '><span class=\"hr-inner-style\"><\/span><\/span><\/div><\/p>\n<section  class='av_textblock_section av-2f7jafs-9c66cee5b664022a4d69f54eec58bbdc '   itemscope=\"itemscope\" itemtype=\"https:\/\/schema.org\/CreativeWork\" ><div class='avia_textblock'  itemprop=\"text\" ><h2><\/h2>\n<h2 class=\"p1\" style=\"text-align: center;\"><span style=\"color: #161616;\"><b>Certyfikat handlowca nowej generacji<\/b><\/span><\/h2>\n<h4 class=\"p1\" style=\"text-align: center;\"><\/h4>\n<\/div><\/section>\n\n<style type=\"text\/css\" data-created_by=\"avia_inline_auto\" id=\"style-css-av-2ud2s1k-5bfed0255d8d290559d2958f33e34bfd\">\n.flex_column.av-2ud2s1k-5bfed0255d8d290559d2958f33e34bfd{\nborder-radius:0px 0px 0px 0px;\npadding:0px 0px 0px 0px;\n}\n<\/style>\n<div  class='flex_column av-2ud2s1k-5bfed0255d8d290559d2958f33e34bfd av_one_half  avia-builder-el-18  el_after_av_textblock  el_before_av_one_half  shd-certificate-text first flex_column_div av-zero-column-padding  column-top-margin'     ><style type=\"text\/css\" data-created_by=\"avia_inline_auto\" id=\"style-css-av-2f7jafs-90ced63313207ebe756b48f28ff64da3\">\n#top .av_textblock_section.av-2f7jafs-90ced63313207ebe756b48f28ff64da3 .avia_textblock{\nfont-size:18px;\n}\n<\/style>\n<section  class='av_textblock_section av-2f7jafs-90ced63313207ebe756b48f28ff64da3 '   itemscope=\"itemscope\" itemtype=\"https:\/\/schema.org\/CreativeWork\" ><div class='avia_textblock'  itemprop=\"text\" ><h3><span style=\"color: #161616;\"><strong>Jak zdoby\u0107 certyfikat?<\/strong><\/span><\/h3>\n<ol>\n<li><span style=\"color: #161616;\">Obejrzyj szkolenia online na temat korzystania z Livespace CRM (<a href=\"https:\/\/www.livespace.io\/pl\/kursy-produktowe\/\" target=\"_blank\" rel=\"noopener\">zobacz<\/a>).<\/span><\/li>\n<li><span style=\"color: #161616;\">Rozwi\u0105\u017c <a href=\"https:\/\/www.flexiquiz.com\/SC\/N\/certyfikat-livespace\" target=\"_blank\" rel=\"noopener\">test<\/a> sprawdzaj\u0105cy wiedz\u0119 dotycz\u0105c\u0105 zagadnie\u0144 om\u00f3wionych podczas webinari\u00f3w.<\/span><\/li>\n<\/ol>\n<\/div><\/section><\/div>\n\n<style type=\"text\/css\" data-created_by=\"avia_inline_auto\" id=\"style-css-av-2ud2s1k-b25e278d50a48ee7914b8cb59ff9c859\">\n.flex_column.av-2ud2s1k-b25e278d50a48ee7914b8cb59ff9c859{\nborder-radius:0px 0px 0px 0px;\npadding:0px 0px 0px 0px;\n}\n<\/style>\n<div  class='flex_column av-2ud2s1k-b25e278d50a48ee7914b8cb59ff9c859 av_one_half  avia-builder-el-20  el_after_av_one_half  el_before_av_button  shd-certificate-text flex_column_div av-zero-column-padding  column-top-margin'     ><style type=\"text\/css\" data-created_by=\"avia_inline_auto\" id=\"style-css-av-2f7jafs-90ced63313207ebe756b48f28ff64da3\">\n#top .av_textblock_section.av-2f7jafs-90ced63313207ebe756b48f28ff64da3 .avia_textblock{\nfont-size:18px;\n}\n<\/style>\n<section  class='av_textblock_section av-2f7jafs-90ced63313207ebe756b48f28ff64da3 '   itemscope=\"itemscope\" itemtype=\"https:\/\/schema.org\/CreativeWork\" ><div class='avia_textblock'  itemprop=\"text\" ><h3><span style=\"color: #161616;\">Przydatne informacje:<\/span><\/h3>\n<ul>\n<li><span style=\"color: #161616;\">Udzia\u0142 w certyfikacji jest bezp\u0142atny.<\/span><\/li>\n<li><span style=\"color: #161616;\">Test mo\u017cna wype\u0142ni\u0107 wielokrotnie.<\/span><\/li>\n<li><span style=\"color: #161616;\">Certyfikaty w formie elektronicznej otrzymaj\u0105 osoby, kt\u00f3re pozytywnie zdadz\u0105 test.<\/span><\/li>\n<li><span style=\"color: #161616;\">Aby zdoby\u0107 certyfikat, nale\u017cy udzieli\u0107 minimum 75% poprawnych odpowiedzi.<\/span><\/li>\n<\/ul>\n<\/div><\/section><\/div>\n<div  class='avia-button-wrap av-1q4pkpk-5b3eac53bb5fca19ee7dd48b25fca4fd-wrap avia-button-center  avia-builder-el-22  el_after_av_one_half  el_before_av_hr '>\n<style type=\"text\/css\" data-created_by=\"avia_inline_auto\" id=\"style-css-av-1q4pkpk-5b3eac53bb5fca19ee7dd48b25fca4fd\">\n#top #wrap_all .avia-button.av-1q4pkpk-5b3eac53bb5fca19ee7dd48b25fca4fd{\nbackground-color:#01883a;\nborder-color:#01883a;\ncolor:#ffffff;\ntransition:all 0.4s ease-in-out;\n}\n#top #wrap_all .avia-button.av-1q4pkpk-5b3eac53bb5fca19ee7dd48b25fca4fd .avia-svg-icon svg:first-child{\nfill:#ffffff;\nstroke:#ffffff;\n}\n<\/style>\n<a href='https:\/\/www.flexiquiz.com\/SC\/N\/certyfikat-livespace'  class='avia-button av-1q4pkpk-5b3eac53bb5fca19ee7dd48b25fca4fd av-link-btn avia-icon_select-no avia-size-x-large avia-position-center'  target=\"_blank\"  rel=\"noopener noreferrer\"  aria-label=\"Rozwi\u0105\u017c test\"><span class='avia_iconbox_title' >Rozwi\u0105\u017c test<\/span><\/a><\/div>\n<div  class='hr av-jy67vs4g-6093eeda8b411576834abfe4982fe766 hr-default  avia-builder-el-23  el_after_av_button  el_before_av_one_full '><span class='hr-inner '><span class=\"hr-inner-style\"><\/span><\/span><\/div>\n\n<style type=\"text\/css\" data-created_by=\"avia_inline_auto\" id=\"style-css-av-2ud2s1k-5bfed0255d8d290559d2958f33e34bfd\">\n.flex_column.av-2ud2s1k-5bfed0255d8d290559d2958f33e34bfd{\nborder-radius:0px 0px 0px 0px;\npadding:0px 0px 0px 0px;\n}\n<\/style>\n<div  class='flex_column av-2ud2s1k-5bfed0255d8d290559d2958f33e34bfd av_one_full  avia-builder-el-24  el_after_av_hr  avia-builder-el-last  shd-certificate-text first flex_column_div av-zero-column-padding  '     ><section  class='av_textblock_section av-2f7jafs-9c66cee5b664022a4d69f54eec58bbdc '   itemscope=\"itemscope\" itemtype=\"https:\/\/schema.org\/CreativeWork\" ><div class='avia_textblock'  itemprop=\"text\" ><h2 style=\"text-align: center;\"><\/h2>\n<h3 class=\"av-special-heading-tag \" style=\"text-align: center;\">Chcesz sprawdzi\u0107 Livespace w praktyce?<\/h3>\n<p class=\"av-special-heading-tag \" style=\"text-align: center;\">Za\u0142\u00f3\u017c darmowe konto w 30 sekund i testuj przez 14 dni.<br \/>\nBez zobowi\u0105za\u0144. Zrezygnuj, kiedy chcesz.<\/p>\n<\/div><\/section><br \/>\n<div  class='avia-button-wrap av-1q4pkpk-ad1aa15b4f84ca98fdbf00cb5b0db1ec-wrap avia-button-center  avia-builder-el-26  el_after_av_textblock  avia-builder-el-last '>\n<style type=\"text\/css\" data-created_by=\"avia_inline_auto\" id=\"style-css-av-1q4pkpk-ad1aa15b4f84ca98fdbf00cb5b0db1ec\">\n#top #wrap_all .avia-button.av-1q4pkpk-ad1aa15b4f84ca98fdbf00cb5b0db1ec{\nbackground-color:#01883a;\nborder-color:#01883a;\ncolor:#ffffff;\ntransition:all 0.4s ease-in-out;\n}\n#top #wrap_all .avia-button.av-1q4pkpk-ad1aa15b4f84ca98fdbf00cb5b0db1ec .avia-svg-icon svg:first-child{\nfill:#ffffff;\nstroke:#ffffff;\n}\n<\/style>\n<a href='https:\/\/www.livespace.io\/pl\/#rejestracja'  class='avia-button av-1q4pkpk-ad1aa15b4f84ca98fdbf00cb5b0db1ec av-link-btn avia-icon_select-no avia-size-x-large avia-position-center'  target=\"_blank\"  rel=\"noopener noreferrer\"  aria-label=\"Za\u0142\u00f3\u017c konto\"><span class='avia_iconbox_title' >Za\u0142\u00f3\u017c konto<\/span><\/a><\/div><\/p><\/div>\n<div style='text-align:center' class='yasr-auto-insert-visitor'><\/div>","protected":false},"excerpt":{"rendered":"","protected":false},"author":10,"featured_media":0,"parent":0,"menu_order":0,"comment_status":"closed","ping_status":"closed","template":"","meta":{"_acf_changed":false,"inline_featured_image":false,"yasr_overall_rating":0,"yasr_post_is_review":"","yasr_auto_insert_disabled":"","yasr_review_type":"","footnotes":""},"class_list":["post-53321","page","type-page","status-publish","hentry"],"yasr_visitor_votes":{"stars_attributes":{"read_only":false,"span_bottom":false},"number_of_votes":0,"sum_votes":0},"acf":[],"yoast_head":"<!-- This site is optimized with the Yoast SEO plugin v27.3 - https:\/\/yoast.com\/product\/yoast-seo-wordpress\/ -->\n<title>Certyfikat Akademii Livespace | Livespace CRM | Edukacja<\/title>\n<meta name=\"description\" content=\"Zdob\u0105d\u017a certyfikat potwierdzaj\u0105cy znajomo\u015b\u0107 Livespace CRM, a nasze narz\u0119dzie nie b\u0119dzie mia\u0142o przed Tob\u0105 tajemnic.\" \/>\n<meta name=\"robots\" content=\"index, follow, max-snippet:-1, max-image-preview:large, max-video-preview:-1\" \/>\n<link rel=\"canonical\" href=\"https:\/\/www.livespace.io\/pl\/certyfikat\/\" \/>\n<meta property=\"og:locale\" content=\"pl_PL\" \/>\n<meta property=\"og:type\" content=\"article\" \/>\n<meta property=\"og:title\" content=\"Certyfikat Livespace CRM\" \/>\n<meta property=\"og:description\" content=\"Zdob\u0105d\u017a certyfikat potiwerdzaj\u0105cy znajomo\u015b\u0107 narz\u0119dzia Livespace CRM.\" \/>\n<meta property=\"og:url\" content=\"https:\/\/www.livespace.io\/pl\/certyfikat\/\" \/>\n<meta property=\"og:site_name\" content=\"Livespace CRM\" \/>\n<meta property=\"article:modified_time\" content=\"2023-02-13T15:10:09+00:00\" \/>\n<meta property=\"og:image\" content=\"https:\/\/www.livespace.io\/wp-content\/uploads\/2019\/06\/prospecting.png\" \/>\n\t<meta property=\"og:image:width\" content=\"1500\" \/>\n\t<meta property=\"og:image:height\" content=\"785\" \/>\n\t<meta property=\"og:image:type\" content=\"image\/png\" \/>\n<meta name=\"twitter:card\" content=\"summary_large_image\" \/>\n<meta name=\"twitter:label1\" content=\"Szacowany czas czytania\" \/>\n\t<meta name=\"twitter:data1\" content=\"8 minut\" \/>\n<script type=\"application\/ld+json\" class=\"yoast-schema-graph\">{\"@context\":\"https:\\\/\\\/schema.org\",\"@graph\":[{\"@type\":\"WebPage\",\"@id\":\"https:\\\/\\\/www.livespace.io\\\/pl\\\/certyfikat\\\/\",\"url\":\"https:\\\/\\\/www.livespace.io\\\/pl\\\/certyfikat\\\/\",\"name\":\"Certyfikat Akademii Livespace | Livespace CRM | Edukacja\",\"isPartOf\":{\"@id\":\"https:\\\/\\\/www.livespace.io\\\/pl\\\/#website\"},\"datePublished\":\"2019-07-16T18:22:48+00:00\",\"dateModified\":\"2023-02-13T15:10:09+00:00\",\"description\":\"Zdob\u0105d\u017a certyfikat potwierdzaj\u0105cy znajomo\u015b\u0107 Livespace CRM, a nasze narz\u0119dzie nie b\u0119dzie mia\u0142o przed Tob\u0105 tajemnic.\",\"inLanguage\":\"pl-PL\",\"potentialAction\":[{\"@type\":\"ReadAction\",\"target\":[\"https:\\\/\\\/www.livespace.io\\\/pl\\\/certyfikat\\\/\"]}]},{\"@type\":\"WebSite\",\"@id\":\"https:\\\/\\\/www.livespace.io\\\/pl\\\/#website\",\"url\":\"https:\\\/\\\/www.livespace.io\\\/pl\\\/\",\"name\":\"Livespace CRM\",\"description\":\"sell smarter\",\"publisher\":{\"@id\":\"https:\\\/\\\/www.livespace.io\\\/pl\\\/#organization\"},\"potentialAction\":[{\"@type\":\"SearchAction\",\"target\":{\"@type\":\"EntryPoint\",\"urlTemplate\":\"https:\\\/\\\/www.livespace.io\\\/pl\\\/?s={search_term_string}\"},\"query-input\":{\"@type\":\"PropertyValueSpecification\",\"valueRequired\":true,\"valueName\":\"search_term_string\"}}],\"inLanguage\":\"pl-PL\"},{\"@type\":\"Organization\",\"@id\":\"https:\\\/\\\/www.livespace.io\\\/pl\\\/#organization\",\"name\":\"Livespace.io\",\"url\":\"https:\\\/\\\/www.livespace.io\\\/pl\\\/\",\"logo\":{\"@type\":\"ImageObject\",\"inLanguage\":\"pl-PL\",\"@id\":\"https:\\\/\\\/www.livespace.io\\\/pl\\\/#\\\/schema\\\/logo\\\/image\\\/\",\"url\":\"https:\\\/\\\/www.livespace.io\\\/wp-content\\\/uploads\\\/2021\\\/09\\\/livespace-logo.png\",\"contentUrl\":\"https:\\\/\\\/www.livespace.io\\\/wp-content\\\/uploads\\\/2021\\\/09\\\/livespace-logo.png\",\"width\":204,\"height\":54,\"caption\":\"Livespace.io\"},\"image\":{\"@id\":\"https:\\\/\\\/www.livespace.io\\\/pl\\\/#\\\/schema\\\/logo\\\/image\\\/\"}}]}<\/script>\n<!-- \/ Yoast SEO plugin. -->","yoast_head_json":{"title":"Certyfikat Akademii Livespace | Livespace CRM | Edukacja","description":"Zdob\u0105d\u017a certyfikat potwierdzaj\u0105cy znajomo\u015b\u0107 Livespace CRM, a nasze narz\u0119dzie nie b\u0119dzie mia\u0142o przed Tob\u0105 tajemnic.","robots":{"index":"index","follow":"follow","max-snippet":"max-snippet:-1","max-image-preview":"max-image-preview:large","max-video-preview":"max-video-preview:-1"},"canonical":"https:\/\/www.livespace.io\/pl\/certyfikat\/","og_locale":"pl_PL","og_type":"article","og_title":"Certyfikat Livespace CRM","og_description":"Zdob\u0105d\u017a certyfikat potiwerdzaj\u0105cy znajomo\u015b\u0107 narz\u0119dzia Livespace CRM.","og_url":"https:\/\/www.livespace.io\/pl\/certyfikat\/","og_site_name":"Livespace CRM","article_modified_time":"2023-02-13T15:10:09+00:00","og_image":[{"width":1500,"height":785,"url":"https:\/\/www.livespace.io\/wp-content\/uploads\/2019\/06\/prospecting.png","type":"image\/png"}],"twitter_card":"summary_large_image","twitter_misc":{"Szacowany czas czytania":"8 minut"},"schema":{"@context":"https:\/\/schema.org","@graph":[{"@type":"WebPage","@id":"https:\/\/www.livespace.io\/pl\/certyfikat\/","url":"https:\/\/www.livespace.io\/pl\/certyfikat\/","name":"Certyfikat Akademii Livespace | Livespace CRM | Edukacja","isPartOf":{"@id":"https:\/\/www.livespace.io\/pl\/#website"},"datePublished":"2019-07-16T18:22:48+00:00","dateModified":"2023-02-13T15:10:09+00:00","description":"Zdob\u0105d\u017a certyfikat potwierdzaj\u0105cy znajomo\u015b\u0107 Livespace CRM, a nasze narz\u0119dzie nie b\u0119dzie mia\u0142o przed Tob\u0105 tajemnic.","inLanguage":"pl-PL","potentialAction":[{"@type":"ReadAction","target":["https:\/\/www.livespace.io\/pl\/certyfikat\/"]}]},{"@type":"WebSite","@id":"https:\/\/www.livespace.io\/pl\/#website","url":"https:\/\/www.livespace.io\/pl\/","name":"Livespace CRM","description":"sell smarter","publisher":{"@id":"https:\/\/www.livespace.io\/pl\/#organization"},"potentialAction":[{"@type":"SearchAction","target":{"@type":"EntryPoint","urlTemplate":"https:\/\/www.livespace.io\/pl\/?s={search_term_string}"},"query-input":{"@type":"PropertyValueSpecification","valueRequired":true,"valueName":"search_term_string"}}],"inLanguage":"pl-PL"},{"@type":"Organization","@id":"https:\/\/www.livespace.io\/pl\/#organization","name":"Livespace.io","url":"https:\/\/www.livespace.io\/pl\/","logo":{"@type":"ImageObject","inLanguage":"pl-PL","@id":"https:\/\/www.livespace.io\/pl\/#\/schema\/logo\/image\/","url":"https:\/\/www.livespace.io\/wp-content\/uploads\/2021\/09\/livespace-logo.png","contentUrl":"https:\/\/www.livespace.io\/wp-content\/uploads\/2021\/09\/livespace-logo.png","width":204,"height":54,"caption":"Livespace.io"},"image":{"@id":"https:\/\/www.livespace.io\/pl\/#\/schema\/logo\/image\/"}}]}},"_links":{"self":[{"href":"https:\/\/www.livespace.io\/pl\/wp-json\/wp\/v2\/pages\/53321","targetHints":{"allow":["GET"]}}],"collection":[{"href":"https:\/\/www.livespace.io\/pl\/wp-json\/wp\/v2\/pages"}],"about":[{"href":"https:\/\/www.livespace.io\/pl\/wp-json\/wp\/v2\/types\/page"}],"author":[{"embeddable":true,"href":"https:\/\/www.livespace.io\/pl\/wp-json\/wp\/v2\/users\/10"}],"replies":[{"embeddable":true,"href":"https:\/\/www.livespace.io\/pl\/wp-json\/wp\/v2\/comments?post=53321"}],"version-history":[{"count":0,"href":"https:\/\/www.livespace.io\/pl\/wp-json\/wp\/v2\/pages\/53321\/revisions"}],"wp:attachment":[{"href":"https:\/\/www.livespace.io\/pl\/wp-json\/wp\/v2\/media?parent=53321"}],"curies":[{"name":"wp","href":"https:\/\/api.w.org\/{rel}","templated":true}]}}