{"id":51133,"date":"2019-06-03T08:25:54","date_gmt":"2019-06-03T06:25:54","guid":{"rendered":"https:\/\/www.livespace.io\/?page_id=51133"},"modified":"2026-04-02T07:47:25","modified_gmt":"2026-04-02T05:47:25","slug":"efektywne-technologie-w-sprzedaz","status":"publish","type":"page","link":"https:\/\/www.livespace.io\/pl\/webinaria\/efektywne-technologie-w-sprzedaz\/","title":{"rendered":"Efektywne technologie w sprzeda\u017cy"},"content":{"rendered":"<div id='av_section_1'  class='avia-section av-99siey9-d688f9d86b177b9782bfb96ba75cd0b2 main_color avia-section-small avia-no-shadow  avia-builder-el-0  el_before_av_codeblock  avia-builder-el-first  av-desktop-hide av-medium-hide av-small-hide av-mini-hide avia-bg-style-fixed container_wrap fullsize'  ><div class='container av-section-cont-open' ><main  role=\"main\" itemprop=\"mainContentOfPage\"  class='template-page content  av-content-full alpha units'><div class='post-entry post-entry-type-page post-entry-51133'><div class='entry-content-wrapper clearfix'>\n<\/div><\/div><\/main><!-- close content main element --><\/div><\/div><div id='after_section_1'  class='main_color av_default_container_wrap container_wrap fullsize'  ><div class='container av-section-cont-open' ><div class='template-page content  av-content-full alpha units'><div class='post-entry post-entry-type-page post-entry-51133'><div class='entry-content-wrapper clearfix'><\/p>\n<\/div><\/div><\/div><!-- close content main div --><\/div><\/div><div id='av-layout-grid-1'  class='av-layout-grid-container av-sovbkh-17bd569134e838542d25c53cd738cc20 entry-content-wrapper main_color av-flex-cells  avia-builder-el-2  el_after_av_codeblock  el_before_av_one_full  ls-content-container grid-row-not-first  container_wrap fullsize'  >\n\n<style type=\"text\/css\" data-created_by=\"avia_inline_auto\" id=\"style-css-av-7prbo9d-4eac654ade46632f45faa2add3e0b787\">\n.flex_cell.av-7prbo9d-4eac654ade46632f45faa2add3e0b787{\nvertical-align:top;\n}\n.responsive #top #wrap_all .flex_cell.av-7prbo9d-4eac654ade46632f45faa2add3e0b787{\npadding:0 30px 30px 30px !important;\n}\n<\/style>\n<div class='flex_cell av-7prbo9d-4eac654ade46632f45faa2add3e0b787 av-gridrow-cell av_three_fifth no_margin  avia-builder-el-3  el_before_av_cell_two_fifth  avia-builder-el-first  content-align-top'  ><div class='flex_cell_inner'>\n<style type=\"text\/css\" data-created_by=\"avia_inline_auto\" id=\"style-css-av-72rvfpt-9eb83ac151b51d23aa6693a9d73d8b08\">\n.flex_column.av-72rvfpt-9eb83ac151b51d23aa6693a9d73d8b08{\nborder-radius:0px 0px 0px 0px;\npadding:0px 0px 0px 0px;\n}\n<\/style>\n<div  class='flex_column av-72rvfpt-9eb83ac151b51d23aa6693a9d73d8b08 av_one_full  avia-builder-el-4  avia-builder-el-no-sibling  first flex_column_div av-zero-column-padding  '     ><p><section  class='av_textblock_section av-6vxi9ld-65071f624670966ccc0a697a20b7617d '   itemscope=\"itemscope\" itemtype=\"https:\/\/schema.org\/CreativeWork\" ><div class='avia_textblock'  itemprop=\"text\" ><p><strong>Webinarium dla praktyk\u00f3w sprzeda\u017cy<\/strong><\/p>\n<\/div><\/section><br \/>\n<section  class='av_textblock_section av-6dl248h-8f18e795b974c140d78f4ccab3abad57 '   itemscope=\"itemscope\" itemtype=\"https:\/\/schema.org\/CreativeWork\" ><div class='avia_textblock'  itemprop=\"text\" ><p><strong>Ze szkolenia dowiesz si\u0119:<\/strong><\/p>\n<ol>\n<li>Kt\u00f3re obszary w sprzeda\u017cy mo\u017cna zautomatyzowa\u0107,<\/li>\n<li>Jak technologia mo\u017ce wp\u0142ywa\u0107 na oszcz\u0119dno\u015bci,<u><\/u><\/li>\n<li>Jakie narz\u0119dzia s\u0105 najbardziej przydatne w pracy handlowca.<\/li>\n<\/ol>\n<p>Szkolenie jest nagraniem wyst\u0105pienia w ramach wydarzenia Sales Hacking Meetup #15, kt\u00f3re mia\u0142o miejsce 28 maja 2019 r. w Warszawie.<\/p>\n<p><strong>Szkolenie prowadzi:<\/strong><\/p>\n<p><b><img decoding=\"async\" class=\"size-square wp-image-51137 alignleft\" src=\"https:\/\/www.livespace.io\/wp-content\/uploads\/2019\/06\/sz_negacz-180x180.png\" alt=\"Szymon Negacz\" width=\"180\" height=\"180\" srcset=\"https:\/\/www.livespace.io\/wp-content\/uploads\/2019\/06\/sz_negacz-180x180.png 180w, https:\/\/www.livespace.io\/wp-content\/uploads\/2019\/06\/sz_negacz-80x80.png 80w, https:\/\/www.livespace.io\/wp-content\/uploads\/2019\/06\/sz_negacz-36x36.png 36w, https:\/\/www.livespace.io\/wp-content\/uploads\/2019\/06\/sz_negacz-120x120.png 120w, https:\/\/www.livespace.io\/wp-content\/uploads\/2019\/06\/sz_negacz.png 218w\" sizes=\"(max-width: 180px) 100vw, 180px\" \/>Szymon Negacz<br \/>\n<\/b><b>Trener Biznesu &amp; w\u0142a\u015bciciel Sellwise<\/b><br \/>\nOd samego pocz\u0105tku kariery zwi\u0105zany ze sprzeda\u017c\u0105 B2B. Wykorzystuj\u0105c wykszta\u0142cenie informatyczne i do\u015bwiadczenie we wsp\u00f3\u0142pracy ze sp\u00f3\u0142kami technologicznymi, w ostatnich latach rozwija dzia\u0142y sprzeda\u017cy w oparciu o nowoczesne technologie. Skutecznie wspiera klient\u00f3w Sellwise w realizacji swoich cel\u00f3w biznesowych. Do\u015bwiadczenie zdobywa\u0142, prowadz\u0105c kilkudziesi\u0119cioosobowe dzia\u0142y sprzeda\u017cy, kt\u00f3re dociera\u0142y do ponad 50 kraj\u00f3w w Europie i na \u015bwiecie, \u0142\u0105cznie generuj\u0105c ponad 700 milion\u00f3w z\u0142otych sprzeda\u017cy.<\/p>\n<\/div><\/section><\/p><\/div>\n<\/div><\/div>\n<style type=\"text\/css\" data-created_by=\"avia_inline_auto\" id=\"style-css-av-5kcm66p-6e5e5540d5cc188d5142f7cb38fc7a5e\">\n.flex_cell.av-5kcm66p-6e5e5540d5cc188d5142f7cb38fc7a5e{\nvertical-align:top;\n}\n.responsive #top #wrap_all .flex_cell.av-5kcm66p-6e5e5540d5cc188d5142f7cb38fc7a5e{\npadding:0 30px 30px 30px !important;\n}\n<\/style>\n<div class='flex_cell av-5kcm66p-6e5e5540d5cc188d5142f7cb38fc7a5e av-gridrow-cell av_two_fifth no_margin  avia-builder-el-7  el_after_av_cell_three_fifth  avia-builder-el-last  ls-content-right-col content-align-top'  ><div class='flex_cell_inner'><p>\n<style type=\"text\/css\" data-created_by=\"avia_inline_auto\" id=\"style-css-av-5h01w6p-979ae132eb53aa95f9dc1cc7b9e1e35c\">\n.flex_column.av-5h01w6p-979ae132eb53aa95f9dc1cc7b9e1e35c{\nborder-radius:0px 0px 0px 0px;\npadding:0px 0px 0px 0px;\n}\n<\/style>\n<div  class='flex_column av-5h01w6p-979ae132eb53aa95f9dc1cc7b9e1e35c av_one_full  avia-builder-el-8  el_before_av_one_full  avia-builder-el-first  ls-content-form-box first flex_column_div av-zero-column-padding  '     ><p><section  class='av_textblock_section av-4yfx94h-71eac64114e6409fa4736fef8e363806 '   itemscope=\"itemscope\" itemtype=\"https:\/\/schema.org\/CreativeWork\" ><div class='avia_textblock'  itemprop=\"text\" ><p><strong>Wype\u0142nij, aby obejrze\u0107 nagranie:<\/strong><\/p>\n<p><span style=\"color: #444444;\"><small>Dost\u0119p do materia\u0142u jest nieodp\u0142atny. W zamian jednak chcieliby\u015bmy mie\u0107 mo\u017cliwo\u015b\u0107 wysy\u0142ania do Ciebie drog\u0105 elektroniczn\u0105 informacji o naszych innych materia\u0142ach, us\u0142ugach lub szkoleniach.<\/small><\/span><\/p>\n<\/div><\/section><br \/>\n<div  class='av_promobox av-4ixzy4x-10c49fe9d6f66e1bd0ea357328f6c7c3 avia-button-no  avia-builder-el-10  el_after_av_textblock  avia-builder-el-last '><div class='avia-promocontent'><p>\n\n<div class=\"wpcf7 no-js\" id=\"wpcf7-f23536-o1\" lang=\"en-US\" dir=\"ltr\" data-wpcf7-id=\"23536\">\n<div class=\"screen-reader-response\"><p role=\"status\" aria-live=\"polite\" aria-atomic=\"true\"><\/p> <ul><\/ul><\/div>\n<form action=\"\/pl\/wp-json\/wp\/v2\/pages\/51133#wpcf7-f23536-o1\" method=\"post\" class=\"wpcf7-form init\" aria-label=\"Contact form\" novalidate=\"novalidate\" data-status=\"init\">\n<fieldset class=\"hidden-fields-container\"><input type=\"hidden\" name=\"_wpcf7\" value=\"23536\" \/><input type=\"hidden\" name=\"_wpcf7_version\" value=\"6.1.5\" \/><input type=\"hidden\" name=\"_wpcf7_locale\" value=\"en_US\" \/><input type=\"hidden\" name=\"_wpcf7_unit_tag\" value=\"wpcf7-f23536-o1\" \/><input type=\"hidden\" name=\"_wpcf7_container_post\" value=\"0\" \/><input type=\"hidden\" name=\"_wpcf7_posted_data_hash\" value=\"\" \/><input type=\"hidden\" name=\"_wpcf7dtx_version\" value=\"5.0.5\" \/>\n<\/fieldset>\n<p><span class=\"wpcf7-form-control-wrap\" data-name=\"contactname\"><input size=\"40\" maxlength=\"400\" class=\"wpcf7-form-control wpcf7-text\" aria-invalid=\"false\" placeholder=\"Imi\u0119 i nazwisko\" value=\"\" type=\"text\" name=\"contactname\" \/><\/span><span class=\"wpcf7-form-control-wrap\" data-name=\"email\"><input size=\"40\" maxlength=\"400\" class=\"wpcf7-form-control wpcf7-email wpcf7-text wpcf7-validates-as-email\" aria-invalid=\"false\" placeholder=\"Adres e-mail\" value=\"\" type=\"email\" name=\"email\" \/><\/span>\n<\/p>\n<p><input class=\"wpcf7-form-control wpcf7-submit has-spinner content-unlocked\" type=\"submit\" value=\"Pobierz\" \/>\n<\/p><div class=\"wpcf7-response-output\" aria-hidden=\"true\"><\/div>\n<\/form>\n<\/div>\n<\/p>\n<p>Administratorem danych osobowych jest Livespace sp. z o.o. z siedzib\u0105 w Warszawie. Twoje dane b\u0119d\u0105 przetwarzane w celach wysy\u0142ania naszych materia\u0142\u00f3w i naszych dzia\u0142a\u0144 marketingowych. Masz prawo m.in. do wyra\u017cenia sprzeciwu wobec przetwarzania Twoich danych. Wi\u0119cej informacji znajdziesz w <a href=\"https:\/\/www.livespace.io\/files\/pl\/Livespace_polityka_prywatnosci.pdf\" target=\"_blank\" rel=\"noopener\">Polityce Prywatno\u015bci<\/a><\/p>\n<\/div><\/div><\/p><\/div>\n<style type=\"text\/css\" data-created_by=\"avia_inline_auto\" id=\"style-css-av-3t7lgup-7e2dc71a5d9bac038c654abed0242fb4\">\n.flex_column.av-3t7lgup-7e2dc71a5d9bac038c654abed0242fb4{\nborder-radius:0px 0px 0px 0px;\npadding:0px 0px 0px 0px;\n}\n<\/style>\n<div  class='flex_column av-3t7lgup-7e2dc71a5d9bac038c654abed0242fb4 av_one_full  avia-builder-el-11  el_after_av_one_full  avia-builder-el-last  ls-content-form-thankyou first flex_column_div av-zero-column-padding  column-top-margin'     ><p><section  class='av_textblock_section av-3lglqs1-cccaa486fcd64c430847b209a6af6b4e '   itemscope=\"itemscope\" itemtype=\"https:\/\/schema.org\/CreativeWork\" ><div class='avia_textblock'  itemprop=\"text\" ><p><strong>Organizator<\/strong><\/p>\n<\/div><\/section><br \/>\n<section  class='av_textblock_section av-310hefl-9da86fefc09c2dc47f4eea314f2a8e72 '   itemscope=\"itemscope\" itemtype=\"https:\/\/schema.org\/CreativeWork\" ><div class='avia_textblock'  itemprop=\"text\" ><p><img decoding=\"async\" class=\" wp-image-106230 aligncenter\" src=\"https:\/\/www.livespace.io\/wp-content\/uploads\/2023\/02\/livespace-logo2x.png\" alt=\"\" width=\"299\" height=\"87\" srcset=\"https:\/\/www.livespace.io\/wp-content\/uploads\/2023\/02\/livespace-logo2x.png 440w, https:\/\/www.livespace.io\/wp-content\/uploads\/2023\/02\/livespace-logo2x-300x87.png 300w\" sizes=\"(max-width: 299px) 100vw, 299px\" \/><\/p>\n<p style=\"text-align: center;\">Najlepszy CRM do pouk\u0142adania pracy zespo\u0142u sprzedaz\u0307y, tak by kaz\u0307dy zna\u0142 swo\u0301j kolejny krok do wygrania zlecenia.<\/p>\n<\/div><\/section><br \/>\n<div  class='avia-button-wrap av-2fmq2ep-919ee377c9a0627f94ea20c9b5d552c8-wrap avia-button-center  avia-builder-el-14  el_after_av_textblock  avia-builder-el-last '>\n<style type=\"text\/css\" data-created_by=\"avia_inline_auto\" id=\"style-css-av-2fmq2ep-919ee377c9a0627f94ea20c9b5d552c8\">\n#top #wrap_all .avia-button.av-2fmq2ep-919ee377c9a0627f94ea20c9b5d552c8{\nbackground-color:#3b86ce;\nborder-color:#3b86ce;\ncolor:#ffffff;\ntransition:all 0.4s ease-in-out;\n}\n#top #wrap_all .avia-button.av-2fmq2ep-919ee377c9a0627f94ea20c9b5d552c8 .avia-svg-icon svg:first-child{\nfill:#ffffff;\nstroke:#ffffff;\n}\n<\/style>\n<a href=''  class='avia-button av-2fmq2ep-919ee377c9a0627f94ea20c9b5d552c8 av-link-btn avia-icon_select-no avia-size-large avia-position-center'   aria-label=\"Poznaj Livespace\"><span class='avia_iconbox_title' >Poznaj Livespace<\/span><\/a><\/div><\/p><\/div><\/p>\n<\/div><\/div>\n<\/div><div id='after_grid_row_1'  class='main_color av_default_container_wrap container_wrap fullsize'  ><div class='container av-section-cont-open' ><div class='template-page content  av-content-full alpha units'><div class='post-entry post-entry-type-page post-entry-51133'><div class='entry-content-wrapper clearfix'>\n\n<style type=\"text\/css\" data-created_by=\"avia_inline_auto\" id=\"style-css-av-247ftpt-4fa09af61405d039d868900de6068dc3\">\n.flex_column.av-247ftpt-4fa09af61405d039d868900de6068dc3{\nborder-radius:0px 0px 0px 0px;\npadding:0px 0px 0px 0px;\n}\n<\/style>\n<div  class='flex_column av-247ftpt-4fa09af61405d039d868900de6068dc3 av_one_full  avia-builder-el-15  el_after_av_layout_row  avia-builder-el-no-sibling  ls-content-video-box first flex_column_div av-zero-column-padding  '     ><p>\n<style type=\"text\/css\" data-created_by=\"avia_inline_auto\" id=\"style-css-av-t65g8t-0e54d2891b2e821f962e26746548cac6\">\n#top .av-special-heading.av-t65g8t-0e54d2891b2e821f962e26746548cac6{\npadding-bottom:10px;\n}\nbody .av-special-heading.av-t65g8t-0e54d2891b2e821f962e26746548cac6 .av-special-heading-tag .heading-char{\nfont-size:25px;\n}\n.av-special-heading.av-t65g8t-0e54d2891b2e821f962e26746548cac6 .av-subheading{\nfont-size:15px;\n}\n<\/style>\n<div  class='av-special-heading av-t65g8t-0e54d2891b2e821f962e26746548cac6 av-special-heading-h3  avia-builder-el-16  el_before_av_codeblock  avia-builder-el-first '><h3 class='av-special-heading-tag '  itemprop=\"headline\"  >Zobacz nagranie<\/h3><div class=\"special-heading-border\"><div class=\"special-heading-inner-border\"><\/div><\/div><\/div><br \/>\n<br \/>\n<\/p><\/div>\n<div style='text-align:center' class='yasr-auto-insert-visitor'><\/div>","protected":false},"excerpt":{"rendered":"","protected":false},"author":10,"featured_media":0,"parent":953,"menu_order":0,"comment_status":"open","ping_status":"closed","template":"","meta":{"_acf_changed":false,"inline_featured_image":false,"yasr_overall_rating":0,"yasr_post_is_review":"","yasr_auto_insert_disabled":"","yasr_review_type":"","footnotes":""},"class_list":["post-51133","page","type-page","status-publish","hentry"],"yasr_visitor_votes":{"stars_attributes":{"read_only":false,"span_bottom":false},"number_of_votes":0,"sum_votes":0},"acf":[],"yoast_head":"<!-- This site is optimized with the Yoast SEO plugin v27.3 - https:\/\/yoast.com\/product\/yoast-seo-wordpress\/ -->\n<title>Webinarium: Efektywne technologie w sprzeda\u017cy<\/title>\n<meta name=\"description\" content=\"Webinarium dla praktyk\u00f3w sprzeda\u017cy na temat narz\u0119dzi wykorzystywanych do optymalizowania i automatyzowania dzia\u0142a\u0144 handlowc\u00f3w.\" \/>\n<meta name=\"robots\" content=\"index, follow, max-snippet:-1, max-image-preview:large, max-video-preview:-1\" \/>\n<link rel=\"canonical\" href=\"https:\/\/www.livespace.io\/pl\/webinaria\/efektywne-technologie-w-sprzedaz\/\" \/>\n<meta property=\"og:locale\" content=\"pl_PL\" \/>\n<meta property=\"og:type\" content=\"article\" \/>\n<meta property=\"og:title\" content=\"Webinarium: Efektywne technologie w sprzeda\u017cy\" \/>\n<meta property=\"og:description\" content=\"Webinarium dla praktyk\u00f3w sprzeda\u017cy na temat narz\u0119dzi wykorzystywanych do optymalizowania i automatyzowania dzia\u0142a\u0144 handlowc\u00f3w.\" \/>\n<meta property=\"og:url\" content=\"https:\/\/www.livespace.io\/pl\/webinaria\/efektywne-technologie-w-sprzedaz\/\" \/>\n<meta property=\"og:site_name\" content=\"Livespace CRM\" \/>\n<meta property=\"article:modified_time\" content=\"2026-04-02T05:47:25+00:00\" \/>\n<meta property=\"og:image\" content=\"https:\/\/www.livespace.io\/wp-content\/uploads\/2019\/06\/webinar_shm15_negacz.png\" \/>\n\t<meta property=\"og:image:width\" content=\"1500\" \/>\n\t<meta property=\"og:image:height\" content=\"785\" \/>\n\t<meta property=\"og:image:type\" content=\"image\/png\" \/>\n<meta name=\"twitter:card\" content=\"summary_large_image\" \/>\n<meta name=\"twitter:label1\" content=\"Szacowany czas czytania\" \/>\n\t<meta name=\"twitter:data1\" content=\"2 minuty\" \/>\n<script type=\"application\/ld+json\" class=\"yoast-schema-graph\">{\"@context\":\"https:\\\/\\\/schema.org\",\"@graph\":[{\"@type\":\"WebPage\",\"@id\":\"https:\\\/\\\/www.livespace.io\\\/pl\\\/webinaria\\\/efektywne-technologie-w-sprzedaz\\\/\",\"url\":\"https:\\\/\\\/www.livespace.io\\\/pl\\\/webinaria\\\/efektywne-technologie-w-sprzedaz\\\/\",\"name\":\"Webinarium: Efektywne technologie w sprzeda\u017cy\",\"isPartOf\":{\"@id\":\"https:\\\/\\\/www.livespace.io\\\/pl\\\/#website\"},\"primaryImageOfPage\":{\"@id\":\"https:\\\/\\\/www.livespace.io\\\/pl\\\/webinaria\\\/efektywne-technologie-w-sprzedaz\\\/#primaryimage\"},\"image\":{\"@id\":\"https:\\\/\\\/www.livespace.io\\\/pl\\\/webinaria\\\/efektywne-technologie-w-sprzedaz\\\/#primaryimage\"},\"thumbnailUrl\":\"https:\\\/\\\/www.livespace.io\\\/wp-content\\\/uploads\\\/2019\\\/06\\\/sz_negacz-180x180.png\",\"datePublished\":\"2019-06-03T06:25:54+00:00\",\"dateModified\":\"2026-04-02T05:47:25+00:00\",\"description\":\"Webinarium dla praktyk\u00f3w sprzeda\u017cy na temat narz\u0119dzi wykorzystywanych do optymalizowania i automatyzowania dzia\u0142a\u0144 handlowc\u00f3w.\",\"breadcrumb\":{\"@id\":\"https:\\\/\\\/www.livespace.io\\\/pl\\\/webinaria\\\/efektywne-technologie-w-sprzedaz\\\/#breadcrumb\"},\"inLanguage\":\"pl-PL\",\"potentialAction\":[{\"@type\":\"ReadAction\",\"target\":[\"https:\\\/\\\/www.livespace.io\\\/pl\\\/webinaria\\\/efektywne-technologie-w-sprzedaz\\\/\"]}]},{\"@type\":\"ImageObject\",\"inLanguage\":\"pl-PL\",\"@id\":\"https:\\\/\\\/www.livespace.io\\\/pl\\\/webinaria\\\/efektywne-technologie-w-sprzedaz\\\/#primaryimage\",\"url\":\"https:\\\/\\\/www.livespace.io\\\/wp-content\\\/uploads\\\/2019\\\/06\\\/sz_negacz-180x180.png\",\"contentUrl\":\"https:\\\/\\\/www.livespace.io\\\/wp-content\\\/uploads\\\/2019\\\/06\\\/sz_negacz-180x180.png\"},{\"@type\":\"BreadcrumbList\",\"@id\":\"https:\\\/\\\/www.livespace.io\\\/pl\\\/webinaria\\\/efektywne-technologie-w-sprzedaz\\\/#breadcrumb\",\"itemListElement\":[{\"@type\":\"ListItem\",\"position\":1,\"name\":\"Webinaria\",\"item\":\"https:\\\/\\\/www.livespace.io\\\/pl\\\/webinaria\\\/\"},{\"@type\":\"ListItem\",\"position\":2,\"name\":\"Efektywne technologie w sprzeda\u017cy\"}]},{\"@type\":\"WebSite\",\"@id\":\"https:\\\/\\\/www.livespace.io\\\/pl\\\/#website\",\"url\":\"https:\\\/\\\/www.livespace.io\\\/pl\\\/\",\"name\":\"Livespace CRM\",\"description\":\"sell smarter\",\"publisher\":{\"@id\":\"https:\\\/\\\/www.livespace.io\\\/pl\\\/#organization\"},\"potentialAction\":[{\"@type\":\"SearchAction\",\"target\":{\"@type\":\"EntryPoint\",\"urlTemplate\":\"https:\\\/\\\/www.livespace.io\\\/pl\\\/?s={search_term_string}\"},\"query-input\":{\"@type\":\"PropertyValueSpecification\",\"valueRequired\":true,\"valueName\":\"search_term_string\"}}],\"inLanguage\":\"pl-PL\"},{\"@type\":\"Organization\",\"@id\":\"https:\\\/\\\/www.livespace.io\\\/pl\\\/#organization\",\"name\":\"Livespace.io\",\"url\":\"https:\\\/\\\/www.livespace.io\\\/pl\\\/\",\"logo\":{\"@type\":\"ImageObject\",\"inLanguage\":\"pl-PL\",\"@id\":\"https:\\\/\\\/www.livespace.io\\\/pl\\\/#\\\/schema\\\/logo\\\/image\\\/\",\"url\":\"https:\\\/\\\/www.livespace.io\\\/wp-content\\\/uploads\\\/2021\\\/09\\\/livespace-logo.png\",\"contentUrl\":\"https:\\\/\\\/www.livespace.io\\\/wp-content\\\/uploads\\\/2021\\\/09\\\/livespace-logo.png\",\"width\":204,\"height\":54,\"caption\":\"Livespace.io\"},\"image\":{\"@id\":\"https:\\\/\\\/www.livespace.io\\\/pl\\\/#\\\/schema\\\/logo\\\/image\\\/\"}}]}<\/script>\n<!-- \/ Yoast SEO plugin. -->","yoast_head_json":{"title":"Webinarium: Efektywne technologie w sprzeda\u017cy","description":"Webinarium dla praktyk\u00f3w sprzeda\u017cy na temat narz\u0119dzi wykorzystywanych do optymalizowania i automatyzowania dzia\u0142a\u0144 handlowc\u00f3w.","robots":{"index":"index","follow":"follow","max-snippet":"max-snippet:-1","max-image-preview":"max-image-preview:large","max-video-preview":"max-video-preview:-1"},"canonical":"https:\/\/www.livespace.io\/pl\/webinaria\/efektywne-technologie-w-sprzedaz\/","og_locale":"pl_PL","og_type":"article","og_title":"Webinarium: Efektywne technologie w sprzeda\u017cy","og_description":"Webinarium dla praktyk\u00f3w sprzeda\u017cy na temat narz\u0119dzi wykorzystywanych do optymalizowania i automatyzowania dzia\u0142a\u0144 handlowc\u00f3w.","og_url":"https:\/\/www.livespace.io\/pl\/webinaria\/efektywne-technologie-w-sprzedaz\/","og_site_name":"Livespace CRM","article_modified_time":"2026-04-02T05:47:25+00:00","og_image":[{"width":1500,"height":785,"url":"https:\/\/www.livespace.io\/wp-content\/uploads\/2019\/06\/webinar_shm15_negacz.png","type":"image\/png"}],"twitter_card":"summary_large_image","twitter_misc":{"Szacowany czas czytania":"2 minuty"},"schema":{"@context":"https:\/\/schema.org","@graph":[{"@type":"WebPage","@id":"https:\/\/www.livespace.io\/pl\/webinaria\/efektywne-technologie-w-sprzedaz\/","url":"https:\/\/www.livespace.io\/pl\/webinaria\/efektywne-technologie-w-sprzedaz\/","name":"Webinarium: Efektywne technologie w sprzeda\u017cy","isPartOf":{"@id":"https:\/\/www.livespace.io\/pl\/#website"},"primaryImageOfPage":{"@id":"https:\/\/www.livespace.io\/pl\/webinaria\/efektywne-technologie-w-sprzedaz\/#primaryimage"},"image":{"@id":"https:\/\/www.livespace.io\/pl\/webinaria\/efektywne-technologie-w-sprzedaz\/#primaryimage"},"thumbnailUrl":"https:\/\/www.livespace.io\/wp-content\/uploads\/2019\/06\/sz_negacz-180x180.png","datePublished":"2019-06-03T06:25:54+00:00","dateModified":"2026-04-02T05:47:25+00:00","description":"Webinarium dla praktyk\u00f3w sprzeda\u017cy na temat narz\u0119dzi wykorzystywanych do optymalizowania i automatyzowania dzia\u0142a\u0144 handlowc\u00f3w.","breadcrumb":{"@id":"https:\/\/www.livespace.io\/pl\/webinaria\/efektywne-technologie-w-sprzedaz\/#breadcrumb"},"inLanguage":"pl-PL","potentialAction":[{"@type":"ReadAction","target":["https:\/\/www.livespace.io\/pl\/webinaria\/efektywne-technologie-w-sprzedaz\/"]}]},{"@type":"ImageObject","inLanguage":"pl-PL","@id":"https:\/\/www.livespace.io\/pl\/webinaria\/efektywne-technologie-w-sprzedaz\/#primaryimage","url":"https:\/\/www.livespace.io\/wp-content\/uploads\/2019\/06\/sz_negacz-180x180.png","contentUrl":"https:\/\/www.livespace.io\/wp-content\/uploads\/2019\/06\/sz_negacz-180x180.png"},{"@type":"BreadcrumbList","@id":"https:\/\/www.livespace.io\/pl\/webinaria\/efektywne-technologie-w-sprzedaz\/#breadcrumb","itemListElement":[{"@type":"ListItem","position":1,"name":"Webinaria","item":"https:\/\/www.livespace.io\/pl\/webinaria\/"},{"@type":"ListItem","position":2,"name":"Efektywne technologie w sprzeda\u017cy"}]},{"@type":"WebSite","@id":"https:\/\/www.livespace.io\/pl\/#website","url":"https:\/\/www.livespace.io\/pl\/","name":"Livespace CRM","description":"sell smarter","publisher":{"@id":"https:\/\/www.livespace.io\/pl\/#organization"},"potentialAction":[{"@type":"SearchAction","target":{"@type":"EntryPoint","urlTemplate":"https:\/\/www.livespace.io\/pl\/?s={search_term_string}"},"query-input":{"@type":"PropertyValueSpecification","valueRequired":true,"valueName":"search_term_string"}}],"inLanguage":"pl-PL"},{"@type":"Organization","@id":"https:\/\/www.livespace.io\/pl\/#organization","name":"Livespace.io","url":"https:\/\/www.livespace.io\/pl\/","logo":{"@type":"ImageObject","inLanguage":"pl-PL","@id":"https:\/\/www.livespace.io\/pl\/#\/schema\/logo\/image\/","url":"https:\/\/www.livespace.io\/wp-content\/uploads\/2021\/09\/livespace-logo.png","contentUrl":"https:\/\/www.livespace.io\/wp-content\/uploads\/2021\/09\/livespace-logo.png","width":204,"height":54,"caption":"Livespace.io"},"image":{"@id":"https:\/\/www.livespace.io\/pl\/#\/schema\/logo\/image\/"}}]}},"_links":{"self":[{"href":"https:\/\/www.livespace.io\/pl\/wp-json\/wp\/v2\/pages\/51133","targetHints":{"allow":["GET"]}}],"collection":[{"href":"https:\/\/www.livespace.io\/pl\/wp-json\/wp\/v2\/pages"}],"about":[{"href":"https:\/\/www.livespace.io\/pl\/wp-json\/wp\/v2\/types\/page"}],"author":[{"embeddable":true,"href":"https:\/\/www.livespace.io\/pl\/wp-json\/wp\/v2\/users\/10"}],"replies":[{"embeddable":true,"href":"https:\/\/www.livespace.io\/pl\/wp-json\/wp\/v2\/comments?post=51133"}],"version-history":[{"count":2,"href":"https:\/\/www.livespace.io\/pl\/wp-json\/wp\/v2\/pages\/51133\/revisions"}],"predecessor-version":[{"id":201536,"href":"https:\/\/www.livespace.io\/pl\/wp-json\/wp\/v2\/pages\/51133\/revisions\/201536"}],"up":[{"embeddable":true,"href":"https:\/\/www.livespace.io\/pl\/wp-json\/wp\/v2\/pages\/953"}],"wp:attachment":[{"href":"https:\/\/www.livespace.io\/pl\/wp-json\/wp\/v2\/media?parent=51133"}],"curies":[{"name":"wp","href":"https:\/\/api.w.org\/{rel}","templated":true}]}}