{"id":36903,"date":"2018-12-23T14:07:12","date_gmt":"2018-12-23T13:07:12","guid":{"rendered":"https:\/\/www.livespace.io\/?page_id=36903"},"modified":"2025-09-02T09:20:55","modified_gmt":"2025-09-02T07:20:55","slug":"zapier-demo","status":"publish","type":"page","link":"https:\/\/www.livespace.io\/pl\/zapier-demo\/","title":{"rendered":"Zapier &#8211; Demo PL"},"content":{"rendered":"\n<style type=\"text\/css\" data-created_by=\"avia_inline_auto\" id=\"style-css-av-av_section-73dea2775f51e13577154e65c820f89b\">\n.avia-section.av-av_section-73dea2775f51e13577154e65c820f89b .av-parallax .av-parallax-inner{\nbackground-repeat:repeat-x;\nbackground-image:url(https:\/\/www.livespace.io\/wp-content\/uploads\/2018\/11\/bg_demo_1980x990.jpg);\nbackground-position:50% 0%;\nbackground-attachment:scroll;\n}\n<\/style>\n<div id='av_section_1'  class='avia-section av-av_section-73dea2775f51e13577154e65c820f89b main_color avia-section-large avia-no-shadow  avia-builder-el-0  el_before_av_section  avia-builder-el-first  av-small-hide av-mini-hide av-parallax-section avia-bg-style-parallax av-minimum-height av-minimum-height-25 av-height-25  container_wrap fullsize'  data-section-bg-repeat='repeat-x' data-av_minimum_height_pc='25' data-av_min_height_opt='25'><div class='av-parallax' data-avia-parallax-ratio='0.3' ><div class='av-parallax-inner main_color '><\/div><\/div><div class='container av-section-cont-open' ><main  role=\"main\" itemprop=\"mainContentOfPage\"  class='template-page content  av-content-full alpha units'><div class='post-entry post-entry-type-page post-entry-36903'><div class='entry-content-wrapper clearfix'>\n<section  class='av_textblock_section av-av_textblock-2bd894dbf2e4bf2c4acf98ce4fbf94aa '   itemscope=\"itemscope\" itemtype=\"https:\/\/schema.org\/CreativeWork\" ><div class='avia_textblock'  itemprop=\"text\" ><h1 style=\"text-align: center;\">Przyk\u0142ad formularza\u00a0zintegrowanego z Zapier<\/h1>\n<\/div><\/section>\n\n<\/div><\/div><\/main><!-- close content main element --><\/div><\/div><div id='av_section_2'  class='avia-section av-av_section-5b8af039a0481e86cba5edb46a18bfcc main_color avia-section-small avia-no-shadow  avia-builder-el-2  el_after_av_section  el_before_av_one_half  av-desktop-hide av-medium-hide avia-bg-style-parallax container_wrap fullsize'  ><div class='container av-section-cont-open' ><div class='template-page content  av-content-full alpha units'><div class='post-entry post-entry-type-page post-entry-36903'><div class='entry-content-wrapper clearfix'>\n\n<style type=\"text\/css\" data-created_by=\"avia_inline_auto\" id=\"style-css-av-av_hr-4657e0bfeb0fb160df8e81642c1e8586\">\n#top .hr.hr-invisible.av-av_hr-4657e0bfeb0fb160df8e81642c1e8586{\nheight:120px;\n}\n<\/style>\n<div  class='hr av-av_hr-4657e0bfeb0fb160df8e81642c1e8586 hr-invisible  avia-builder-el-3  el_before_av_textblock  avia-builder-el-first '><span class='hr-inner '><span class=\"hr-inner-style\"><\/span><\/span><\/div>\n<section  class='av_textblock_section av-av_textblock-2bd894dbf2e4bf2c4acf98ce4fbf94aa '   itemscope=\"itemscope\" itemtype=\"https:\/\/schema.org\/CreativeWork\" ><div class='avia_textblock'  itemprop=\"text\" ><h1 style=\"text-align: center;\">Wype\u0142nij formularz\u00a0kontaktowy\u00a0na stronie i dodaj szans\u0119 sprzeda\u017cy w Livespace CRM!<\/h1>\n<\/div><\/section>\n<\/div><\/div><\/div><!-- close content main div --><\/div><\/div><div id='after_section_2'  class='main_color av_default_container_wrap container_wrap fullsize'  ><div class='container av-section-cont-open' ><div class='template-page content  av-content-full alpha units'><div class='post-entry post-entry-type-page post-entry-36903'><div class='entry-content-wrapper clearfix'>\n<div  class='flex_column av-av_one_half-2a9015ff38129c418a3f2eafba3e9512 av_one_half  avia-builder-el-5  el_after_av_section  el_before_av_one_half  avia-builder-el-first  first flex_column_div  '     ><p><section  class='av_textblock_section av-av_textblock-2bd894dbf2e4bf2c4acf98ce4fbf94aa '   itemscope=\"itemscope\" itemtype=\"https:\/\/schema.org\/CreativeWork\" ><div class='avia_textblock'  itemprop=\"text\" ><p><b>Jak to dzia\u0142a?<\/b><\/p>\n<p>W momencie, gdy formularz kontaktowy na stronie zostanie wype\u0142niony, automatycznie zostanie dodana nowa szansa sprzeda\u017cy w Livespace.<\/p>\n<p>Proces jest realizowany poprzez integracj\u0119 Zapier oraz Livespace CRM.<\/p>\n<p>Dzi\u0119ki integracji mo\u017cesz m.in.:<\/p>\n<p>\n<style type=\"text\/css\" data-created_by=\"avia_inline_auto\" id=\"style-css-av-av_font_icon-0805a5d7b0d1354309bf485b606aa516\">\n.av_font_icon.av-av_font_icon-0805a5d7b0d1354309bf485b606aa516{\ncolor:#4ec802;\nborder-color:#4ec802;\n}\n.avia-svg-icon.av-av_font_icon-0805a5d7b0d1354309bf485b606aa516 svg:first-child{\nstroke:#4ec802;\nfill:#4ec802;\n}\n.av_font_icon.av-av_font_icon-0805a5d7b0d1354309bf485b606aa516 .av-icon-char{\nfont-size:20px;\nline-height:20px;\n}\n<\/style>\n<span  class='av_font_icon av-av_font_icon-0805a5d7b0d1354309bf485b606aa516 avia_animate_when_visible av-icon-style- avia-icon-pos-left avia-iconfont avia-font-entypo-fontello avia-icon-animate'><span class='av-icon-char' data-av_icon='\ue812' data-av_iconfont='entypo-fontello' aria-hidden=\"true\" ><\/span><\/span> automatycznie tworzy\u0107 szanse sprzeda\u017cy w Livespace<\/p>\n<p>\n<style type=\"text\/css\" data-created_by=\"avia_inline_auto\" id=\"style-css-av-av_font_icon-0805a5d7b0d1354309bf485b606aa516\">\n.av_font_icon.av-av_font_icon-0805a5d7b0d1354309bf485b606aa516{\ncolor:#4ec802;\nborder-color:#4ec802;\n}\n.avia-svg-icon.av-av_font_icon-0805a5d7b0d1354309bf485b606aa516 svg:first-child{\nstroke:#4ec802;\nfill:#4ec802;\n}\n.av_font_icon.av-av_font_icon-0805a5d7b0d1354309bf485b606aa516 .av-icon-char{\nfont-size:20px;\nline-height:20px;\n}\n<\/style>\n<span  class='av_font_icon av-av_font_icon-0805a5d7b0d1354309bf485b606aa516 avia_animate_when_visible av-icon-style- avia-icon-pos-left avia-iconfont avia-font-entypo-fontello avia-icon-animate'><span class='av-icon-char' data-av_icon='\ue812' data-av_iconfont='entypo-fontello' aria-hidden=\"true\" ><\/span><\/span> dodawa\u0107 osoby i firmy na podstawie danych z innych aplikacji<\/p>\n<p>\n<style type=\"text\/css\" data-created_by=\"avia_inline_auto\" id=\"style-css-av-av_font_icon-0805a5d7b0d1354309bf485b606aa516\">\n.av_font_icon.av-av_font_icon-0805a5d7b0d1354309bf485b606aa516{\ncolor:#4ec802;\nborder-color:#4ec802;\n}\n.avia-svg-icon.av-av_font_icon-0805a5d7b0d1354309bf485b606aa516 svg:first-child{\nstroke:#4ec802;\nfill:#4ec802;\n}\n.av_font_icon.av-av_font_icon-0805a5d7b0d1354309bf485b606aa516 .av-icon-char{\nfont-size:20px;\nline-height:20px;\n}\n<\/style>\n<span  class='av_font_icon av-av_font_icon-0805a5d7b0d1354309bf485b606aa516 avia_animate_when_visible av-icon-style- avia-icon-pos-left avia-iconfont avia-font-entypo-fontello avia-icon-animate'><span class='av-icon-char' data-av_icon='\ue812' data-av_iconfont='entypo-fontello' aria-hidden=\"true\" ><\/span><\/span> dodawa\u0107 nowe zadania<\/p>\n<\/div><\/section><br \/>\n\n<style type=\"text\/css\" data-created_by=\"avia_inline_auto\" id=\"style-css-av-av_hr-16b509a5195eb20636728f8eced9ba64\">\n#top .hr.hr-invisible.av-av_hr-16b509a5195eb20636728f8eced9ba64{\nheight:30px;\n}\n<\/style>\n<div  class='hr av-av_hr-16b509a5195eb20636728f8eced9ba64 hr-invisible  avia-builder-el-10  el_after_av_textblock  el_before_av_textblock '><span class='hr-inner '><span class=\"hr-inner-style\"><\/span><\/span><\/div><br \/>\n<section  class='av_textblock_section av-av_textblock-2bd894dbf2e4bf2c4acf98ce4fbf94aa '   itemscope=\"itemscope\" itemtype=\"https:\/\/schema.org\/CreativeWork\" ><div class='avia_textblock'  itemprop=\"text\" ><p><strong>Chcesz przetestowa\u0107 integracj\u0119 na Twoim koncie?<\/strong><\/p>\n<p>Mo\u017cesz przetestowa\u0107 dzia\u0142anie integracji tutaj:\u00a0<a href=\"https:\/\/livespace.io\/zapier\" target=\"_blank\" rel=\"noopener\">https:\/\/livespace.io\/zapier<\/a><\/p>\n<\/div><\/section><\/p><\/div>\n\n<style type=\"text\/css\" data-created_by=\"avia_inline_auto\" id=\"style-css-av-av_one_half-af537324219889fbbb54047ca63e7519\">\n.flex_column.av-av_one_half-af537324219889fbbb54047ca63e7519{\nborder-radius:0px 0px 0px 0px;\npadding:-300px 0px 0px 0px;\n}\n<\/style>\n<div  class='flex_column av-av_one_half-af537324219889fbbb54047ca63e7519 av_one_half  avia-builder-el-12  el_after_av_one_half  avia-builder-el-last  flex_column_div  '     ><div  class='av_promobox av-av_promobox-fb93bd04a1af518ac50392419d8fa53a avia-button-no  avia-builder-el-13  avia-builder-el-no-sibling '><div class='avia-promocontent'><\/p>\n<h3 style=\"text-align: center;\">Wype\u0142nij formularz kontaktowy<\/h3>\n<p>\n<style type=\"text\/css\" data-created_by=\"avia_inline_auto\" id=\"style-css-av-av_hr-9c0e0a746d1271b8f66d31be336c54f4\">\n#top .hr.hr-invisible.av-av_hr-9c0e0a746d1271b8f66d31be336c54f4{\nheight:5px;\n}\n<\/style>\n<div  class='hr av-av_hr-9c0e0a746d1271b8f66d31be336c54f4 hr-invisible  avia-builder-el-14  avia-builder-el-no-sibling '><span class='hr-inner '><span class=\"hr-inner-style\"><\/span><\/span><\/div><\/p>\n<p><div class=\"wpforms-container wpforms-container-full wpf-center\" id=\"wpforms-36905\"><form id=\"wpforms-form-36905\" class=\"wpforms-validate wpforms-form\" data-formid=\"36905\" method=\"post\" enctype=\"multipart\/form-data\" action=\"\/pl\/wp-json\/wp\/v2\/pages\/36903\" data-token=\"0e082429fe5d048f21a6288595a766dc\" data-token-time=\"1777736804\"><noscript class=\"wpforms-error-noscript\">Aby wype\u0142ni\u0107 ten formularz, w\u0142\u0105cz obs\u0142ug\u0119 JavaScript w przegl\u0105darce.<\/noscript><div class=\"wpforms-field-container\"><div id=\"wpforms-36905-field_1-container\" class=\"wpforms-field wpforms-field-name\" data-field-id=\"1\"><label class=\"wpforms-field-label wpforms-label-hide\" for=\"wpforms-36905-field_1\">Imi\u0119 i nazwisko <span class=\"wpforms-required-label\">*<\/span><\/label><input type=\"text\" id=\"wpforms-36905-field_1\" class=\"wpforms-field-large wpforms-field-required\" name=\"wpforms[fields][1]\" placeholder=\"Imi\u0119 i nazwisko\" required><\/div><div id=\"wpforms-36905-field_4-container\" class=\"wpforms-field wpforms-field-text\" data-field-id=\"4\"><label class=\"wpforms-field-label wpforms-label-hide\" for=\"wpforms-36905-field_4\">Nazwa firmy <span class=\"wpforms-required-label\">*<\/span><\/label><input type=\"text\" id=\"wpforms-36905-field_4\" class=\"wpforms-field-large wpforms-field-required\" name=\"wpforms[fields][4]\" placeholder=\"Nazwa firmy\" required><\/div><div id=\"wpforms-36905-field_3-container\" class=\"wpforms-field wpforms-field-email\" data-field-id=\"3\"><label class=\"wpforms-field-label wpforms-label-hide\" for=\"wpforms-36905-field_3\">Email <span class=\"wpforms-required-label\">*<\/span><\/label><input type=\"email\" id=\"wpforms-36905-field_3\" class=\"wpforms-field-large wpforms-field-required\" name=\"wpforms[fields][3]\" placeholder=\"Email\" spellcheck=\"false\" required><\/div><div id=\"wpforms-36905-field_2-container\" class=\"wpforms-field wpforms-field-phone\" data-field-id=\"2\"><label class=\"wpforms-field-label wpforms-label-hide\" for=\"wpforms-36905-field_2\">Telefon<\/label><input type=\"tel\" id=\"wpforms-36905-field_2\" class=\"wpforms-field-large\" data-rule-int-phone-field=\"true\" name=\"wpforms[fields][2]\" placeholder=\"Telefon\" aria-label=\"Telefon\" ><\/div><div id=\"wpforms-36905-field_8-container\" class=\"wpforms-field wpforms-field-textarea\" data-field-id=\"8\"><label class=\"wpforms-field-label\" for=\"wpforms-36905-field_8\">Jakimi us\u0142ugami jeste\u015b zainteresowany?<\/label><textarea id=\"wpforms-36905-field_8\" class=\"wpforms-field-medium\" name=\"wpforms[fields][8]\" ><\/textarea><\/div><\/div><!-- .wpforms-field-container --><div class=\"wpforms-field wpforms-field-hp\"><label for=\"wpforms-36905-field-hp\" class=\"wpforms-field-label\">Phone<\/label><input type=\"text\" name=\"wpforms[hp]\" id=\"wpforms-36905-field-hp\" class=\"wpforms-field-medium\"><\/div><div class=\"wpforms-submit-container\" ><input type=\"hidden\" name=\"wpforms[id]\" value=\"36905\"><input type=\"hidden\" name=\"page_title\" value=\"\"><input type=\"hidden\" name=\"page_url\" value=\"https:\/\/www.livespace.io\/pl\/wp-json\/wp\/v2\/pages\/36903\"><input type=\"hidden\" name=\"url_referer\" value=\"\"><button type=\"submit\" name=\"wpforms[submit]\" id=\"wpforms-submit-36905\" class=\"wpforms-submit\" data-alt-text=\"Wysy\u0142anie\" data-submit-text=\"Wy\u015blij\" aria-live=\"assertive\" value=\"wpforms-submit\">Wy\u015blij<\/button><\/div><\/form><\/div>  <!-- .wpforms-container --><\/p>\n<p style=\"line-height: 12px; text-align: justify; color: #656565; font-size: 10px;\"><span style=\"font-family: Roboto; font-weight: 300; font-style: normal;\">Jest to przyk\u0142adowy formularz kontaktowy na potrzeby prezentacji dzia\u0142ania integracji Livespace CRM z Zapier. Dane wype\u0142nione w formularzu zostan\u0105 usuni\u0119te w przeci\u0105gu 24 godzin i nie b\u0119d\u0105 procesowane. Je\u017celi chcesz si\u0119 skontaktowa\u0107 z firm\u0105 Livespace, przejd\u017a do strony <a href=\"https:\/\/www.livespace.io\/pl\/kontakt\" target=\"_blank\" rel=\"noopener\">Kontakt<\/a>.\u00a0<\/span><\/p>\n<p>\n<\/div><\/div><\/div>\n<div style='text-align:center' class='yasr-auto-insert-visitor'><\/div>","protected":false},"excerpt":{"rendered":"","protected":false},"author":1,"featured_media":0,"parent":0,"menu_order":0,"comment_status":"closed","ping_status":"closed","template":"template-blank.php","meta":{"_acf_changed":false,"inline_featured_image":false,"yasr_overall_rating":0,"yasr_post_is_review":"","yasr_auto_insert_disabled":"","yasr_review_type":"","footnotes":""},"class_list":["post-36903","page","type-page","status-publish","hentry"],"yasr_visitor_votes":{"stars_attributes":{"read_only":false,"span_bottom":false},"number_of_votes":0,"sum_votes":0},"acf":[],"yoast_head":"<!-- This site is optimized with the Yoast SEO plugin v27.3 - https:\/\/yoast.com\/product\/yoast-seo-wordpress\/ -->\n<title>Zapier - Demo PL | Livespace CRM<\/title>\n<meta name=\"robots\" content=\"noindex, nofollow\" \/>\n<meta property=\"og:locale\" content=\"pl_PL\" \/>\n<meta property=\"og:type\" content=\"article\" \/>\n<meta property=\"og:title\" content=\"Zapier - Demo PL | Livespace CRM\" \/>\n<meta property=\"og:url\" content=\"https:\/\/www.livespace.io\/pl\/zapier-demo\/\" \/>\n<meta property=\"og:site_name\" content=\"Livespace CRM\" \/>\n<meta property=\"article:modified_time\" content=\"2025-09-02T07:20:55+00:00\" \/>\n<meta property=\"og:image\" content=\"https:\/\/www.livespace.io\/wp-content\/uploads\/2022\/06\/Livespace-sell-smarter-crm.png\" \/>\n\t<meta property=\"og:image:width\" content=\"1200\" \/>\n\t<meta property=\"og:image:height\" content=\"628\" \/>\n\t<meta property=\"og:image:type\" content=\"image\/png\" \/>\n<meta name=\"twitter:card\" content=\"summary_large_image\" \/>\n<meta name=\"twitter:label1\" content=\"Szacowany czas czytania\" \/>\n\t<meta name=\"twitter:data1\" content=\"1 minuta\" \/>\n<script type=\"application\/ld+json\" class=\"yoast-schema-graph\">{\"@context\":\"https:\\\/\\\/schema.org\",\"@graph\":[{\"@type\":\"WebPage\",\"@id\":\"https:\\\/\\\/www.livespace.io\\\/pl\\\/zapier-demo\\\/\",\"url\":\"https:\\\/\\\/www.livespace.io\\\/pl\\\/zapier-demo\\\/\",\"name\":\"Zapier - Demo PL | Livespace CRM\",\"isPartOf\":{\"@id\":\"https:\\\/\\\/www.livespace.io\\\/pl\\\/#website\"},\"datePublished\":\"2018-12-23T13:07:12+00:00\",\"dateModified\":\"2025-09-02T07:20:55+00:00\",\"inLanguage\":\"pl-PL\",\"potentialAction\":[{\"@type\":\"ReadAction\",\"target\":[\"https:\\\/\\\/www.livespace.io\\\/pl\\\/zapier-demo\\\/\"]}]},{\"@type\":\"WebSite\",\"@id\":\"https:\\\/\\\/www.livespace.io\\\/pl\\\/#website\",\"url\":\"https:\\\/\\\/www.livespace.io\\\/pl\\\/\",\"name\":\"Livespace CRM\",\"description\":\"sell smarter\",\"publisher\":{\"@id\":\"https:\\\/\\\/www.livespace.io\\\/pl\\\/#organization\"},\"potentialAction\":[{\"@type\":\"SearchAction\",\"target\":{\"@type\":\"EntryPoint\",\"urlTemplate\":\"https:\\\/\\\/www.livespace.io\\\/pl\\\/?s={search_term_string}\"},\"query-input\":{\"@type\":\"PropertyValueSpecification\",\"valueRequired\":true,\"valueName\":\"search_term_string\"}}],\"inLanguage\":\"pl-PL\"},{\"@type\":\"Organization\",\"@id\":\"https:\\\/\\\/www.livespace.io\\\/pl\\\/#organization\",\"name\":\"Livespace.io\",\"url\":\"https:\\\/\\\/www.livespace.io\\\/pl\\\/\",\"logo\":{\"@type\":\"ImageObject\",\"inLanguage\":\"pl-PL\",\"@id\":\"https:\\\/\\\/www.livespace.io\\\/pl\\\/#\\\/schema\\\/logo\\\/image\\\/\",\"url\":\"https:\\\/\\\/www.livespace.io\\\/wp-content\\\/uploads\\\/2021\\\/09\\\/livespace-logo.png\",\"contentUrl\":\"https:\\\/\\\/www.livespace.io\\\/wp-content\\\/uploads\\\/2021\\\/09\\\/livespace-logo.png\",\"width\":204,\"height\":54,\"caption\":\"Livespace.io\"},\"image\":{\"@id\":\"https:\\\/\\\/www.livespace.io\\\/pl\\\/#\\\/schema\\\/logo\\\/image\\\/\"}}]}<\/script>\n<!-- \/ Yoast SEO plugin. -->","yoast_head_json":{"title":"Zapier - Demo PL | Livespace CRM","robots":{"index":"noindex","follow":"nofollow"},"og_locale":"pl_PL","og_type":"article","og_title":"Zapier - Demo PL | Livespace CRM","og_url":"https:\/\/www.livespace.io\/pl\/zapier-demo\/","og_site_name":"Livespace CRM","article_modified_time":"2025-09-02T07:20:55+00:00","og_image":[{"width":1200,"height":628,"url":"https:\/\/www.livespace.io\/wp-content\/uploads\/2022\/06\/Livespace-sell-smarter-crm.png","type":"image\/png"}],"twitter_card":"summary_large_image","twitter_misc":{"Szacowany czas czytania":"1 minuta"},"schema":{"@context":"https:\/\/schema.org","@graph":[{"@type":"WebPage","@id":"https:\/\/www.livespace.io\/pl\/zapier-demo\/","url":"https:\/\/www.livespace.io\/pl\/zapier-demo\/","name":"Zapier - Demo PL | Livespace CRM","isPartOf":{"@id":"https:\/\/www.livespace.io\/pl\/#website"},"datePublished":"2018-12-23T13:07:12+00:00","dateModified":"2025-09-02T07:20:55+00:00","inLanguage":"pl-PL","potentialAction":[{"@type":"ReadAction","target":["https:\/\/www.livespace.io\/pl\/zapier-demo\/"]}]},{"@type":"WebSite","@id":"https:\/\/www.livespace.io\/pl\/#website","url":"https:\/\/www.livespace.io\/pl\/","name":"Livespace CRM","description":"sell smarter","publisher":{"@id":"https:\/\/www.livespace.io\/pl\/#organization"},"potentialAction":[{"@type":"SearchAction","target":{"@type":"EntryPoint","urlTemplate":"https:\/\/www.livespace.io\/pl\/?s={search_term_string}"},"query-input":{"@type":"PropertyValueSpecification","valueRequired":true,"valueName":"search_term_string"}}],"inLanguage":"pl-PL"},{"@type":"Organization","@id":"https:\/\/www.livespace.io\/pl\/#organization","name":"Livespace.io","url":"https:\/\/www.livespace.io\/pl\/","logo":{"@type":"ImageObject","inLanguage":"pl-PL","@id":"https:\/\/www.livespace.io\/pl\/#\/schema\/logo\/image\/","url":"https:\/\/www.livespace.io\/wp-content\/uploads\/2021\/09\/livespace-logo.png","contentUrl":"https:\/\/www.livespace.io\/wp-content\/uploads\/2021\/09\/livespace-logo.png","width":204,"height":54,"caption":"Livespace.io"},"image":{"@id":"https:\/\/www.livespace.io\/pl\/#\/schema\/logo\/image\/"}}]}},"_links":{"self":[{"href":"https:\/\/www.livespace.io\/pl\/wp-json\/wp\/v2\/pages\/36903","targetHints":{"allow":["GET"]}}],"collection":[{"href":"https:\/\/www.livespace.io\/pl\/wp-json\/wp\/v2\/pages"}],"about":[{"href":"https:\/\/www.livespace.io\/pl\/wp-json\/wp\/v2\/types\/page"}],"author":[{"embeddable":true,"href":"https:\/\/www.livespace.io\/pl\/wp-json\/wp\/v2\/users\/1"}],"replies":[{"embeddable":true,"href":"https:\/\/www.livespace.io\/pl\/wp-json\/wp\/v2\/comments?post=36903"}],"version-history":[{"count":2,"href":"https:\/\/www.livespace.io\/pl\/wp-json\/wp\/v2\/pages\/36903\/revisions"}],"predecessor-version":[{"id":199899,"href":"https:\/\/www.livespace.io\/pl\/wp-json\/wp\/v2\/pages\/36903\/revisions\/199899"}],"wp:attachment":[{"href":"https:\/\/www.livespace.io\/pl\/wp-json\/wp\/v2\/media?parent=36903"}],"curies":[{"name":"wp","href":"https:\/\/api.w.org\/{rel}","templated":true}]}}