{"id":36830,"date":"2018-12-19T15:23:18","date_gmt":"2018-12-19T14:23:18","guid":{"rendered":"https:\/\/www.livespace.io\/?page_id=36830"},"modified":"2026-04-02T07:40:52","modified_gmt":"2026-04-02T05:40:52","slug":"integracja-zapier","status":"publish","type":"page","link":"https:\/\/www.livespace.io\/pl\/webinaria\/integracja-zapier\/","title":{"rendered":"Supermoce Livespace: integracja CRM &#038; Zapier"},"content":{"rendered":"<div id='av_section_1'  class='avia-section av-6zqosgu-bf02262a7462b52330f982bbe7f61563 main_color avia-section-small avia-no-shadow  avia-builder-el-0  el_before_av_section  avia-builder-el-first  av-desktop-hide av-medium-hide av-small-hide av-mini-hide avia-bg-style-fixed container_wrap fullsize'  ><div class='container av-section-cont-open' ><main  role=\"main\" itemprop=\"mainContentOfPage\"  class='template-page content  av-content-full alpha units'><div class='post-entry post-entry-type-page post-entry-36830'><div class='entry-content-wrapper clearfix'>\n<\/div><\/div><\/main><!-- close content main element --><\/div><\/div><div id='av_section_2'  class='avia-section av-60ss5jy-288df2a78bebe6ce6b02851ba58d5fea main_color avia-section-default avia-no-shadow  avia-builder-el-1  el_after_av_section  el_before_av_heading  avia-bg-style-scroll container_wrap fullsize'  ><div class='container av-section-cont-open' ><div class='template-page content  av-content-full alpha units'><div class='post-entry post-entry-type-page post-entry-36830'><div class='entry-content-wrapper clearfix'>\n\n<style type=\"text\/css\" data-created_by=\"avia_inline_auto\" id=\"style-css-av-k54m2m-cc17ab1218ef6ee1023282735d2e4ba9\">\n.flex_column.av-k54m2m-cc17ab1218ef6ee1023282735d2e4ba9{\nborder-radius:0px 0px 0px 0px;\npadding:0px 0px 0px 0px;\n}\n<\/style>\n<div  class='flex_column av-k54m2m-cc17ab1218ef6ee1023282735d2e4ba9 av_three_fifth  avia-builder-el-2  el_before_av_two_fifth  avia-builder-el-first  first flex_column_div av-zero-column-padding  '     ><section  class='av_textblock_section av-5i1kge6-3145884fb18a43f691d7096b4c5c9630 '   itemscope=\"itemscope\" itemtype=\"https:\/\/schema.org\/CreativeWork\" ><div class='avia_textblock'  itemprop=\"text\" ><p><strong>Szkolenie prowadzi<\/strong><\/p>\n<p><b class=\"alignnone\"><img decoding=\"async\" class=\"alignleft wp-image-33899 size-square\" src=\"https:\/\/www.livespace.io\/wp-content\/uploads\/2018\/02\/m_stanczak_500-180x180.jpg\" alt=\"\" width=\"180\" height=\"180\" srcset=\"https:\/\/www.livespace.io\/wp-content\/uploads\/2018\/02\/m_stanczak_500-180x180.jpg 180w, https:\/\/www.livespace.io\/wp-content\/uploads\/2018\/02\/m_stanczak_500-80x80.jpg 80w, https:\/\/www.livespace.io\/wp-content\/uploads\/2018\/02\/m_stanczak_500-300x300.jpg 300w, https:\/\/www.livespace.io\/wp-content\/uploads\/2018\/02\/m_stanczak_500-36x36.jpg 36w, https:\/\/www.livespace.io\/wp-content\/uploads\/2018\/02\/m_stanczak_500-120x120.jpg 120w, https:\/\/www.livespace.io\/wp-content\/uploads\/2018\/02\/m_stanczak_500-450x450.jpg 450w, https:\/\/www.livespace.io\/wp-content\/uploads\/2018\/02\/m_stanczak_500.jpg 500w\" sizes=\"(max-width: 180px) 100vw, 180px\" \/>Marcin Sta\u0144czak<br \/>\n<\/b><b>COO, Livespace<\/b><br \/>\nWsp\u00f3\u0142za\u0142o\u017cyciel Livespace. Manager z ponad 10-letnim do\u015bwiadczeniem w bran\u017cy nowych technologii. Entuzjasta liczb, konwersji, skalowania i optymalizacji proces\u00f3w \u2013 w czym wspiera zar\u00f3wno sp\u00f3\u0142k\u0119, jak i jej klient\u00f3w.<\/p>\n<\/div><\/section><\/div>\n<style type=\"text\/css\" data-created_by=\"avia_inline_auto\" id=\"style-css-av-i6vgou-7e0c177c6ba5aab009f2acdef7c36f68\">\n.flex_column.av-i6vgou-7e0c177c6ba5aab009f2acdef7c36f68{\nborder-radius:0px 0px 0px 0px;\npadding:0px 0px 0px 0px;\n}\n<\/style>\n<div  class='flex_column av-i6vgou-7e0c177c6ba5aab009f2acdef7c36f68 av_two_fifth  avia-builder-el-4  el_after_av_three_fifth  avia-builder-el-last  flex_column_div av-zero-column-padding  '     ><section  class='av_textblock_section av-48ta21q-8c81800257e2d2702eec0ffa81f14c32 '   itemscope=\"itemscope\" itemtype=\"https:\/\/schema.org\/CreativeWork\" ><div class='avia_textblock'  itemprop=\"text\" ><p><strong>Ze szkolenia dowiesz si\u0119:<\/strong><\/p>\n<ol>\n<li>Jakie mo\u017cliwo\u015bci daje integracja Livespace z Zapier,<\/li>\n<li><span class=\"ql-font-arial\">Kt\u00f3re dzia\u0142ania handlowc\u00f3w pomo\u017ce zautomatyzowa\u0107 takie rozwi\u0105zanie, <\/span><\/li>\n<li><span class=\"ql-font-arial\">Jak w praktyce wygl\u0105da wsp\u00f3\u0142dzia\u0142anie Zapier i Livespace [use cases].<\/span><\/li>\n<\/ol>\n<\/div><\/section><\/div>\n<\/div><\/div><\/div><!-- close content main div --><\/div><\/div><div id='after_section_2'  class='main_color av_default_container_wrap container_wrap fullsize'  ><div class='container av-section-cont-open' ><div class='template-page content  av-content-full alpha units'><div class='post-entry post-entry-type-page post-entry-36830'><div class='entry-content-wrapper clearfix'><\/p>\n\n<style type=\"text\/css\" data-created_by=\"avia_inline_auto\" id=\"style-css-av-1l1pehq-404079d1b374f7e14af80edfcd07b98d\">\n#top .av-special-heading.av-1l1pehq-404079d1b374f7e14af80edfcd07b98d{\npadding-bottom:20px;\n}\nbody .av-special-heading.av-1l1pehq-404079d1b374f7e14af80edfcd07b98d .av-special-heading-tag .heading-char{\nfont-size:25px;\n}\n.av-special-heading.av-1l1pehq-404079d1b374f7e14af80edfcd07b98d .av-subheading{\nfont-size:15px;\n}\n<\/style>\n<div  class='av-special-heading av-1l1pehq-404079d1b374f7e14af80edfcd07b98d av-special-heading-h3 blockquote modern-quote  avia-builder-el-6  el_after_av_section  el_before_av_codeblock  avia-builder-el-first '><h3 class='av-special-heading-tag '  itemprop=\"headline\"  >Nagranie<\/h3><div class=\"special-heading-border\"><div class=\"special-heading-inner-border\"><\/div><\/div><\/div>\n\n\n<style type=\"text\/css\" data-created_by=\"avia_inline_auto\" id=\"style-css-av-18irowu-d5ba3db0a14bfa4272df12a0f507b14a\">\n#top .av-special-heading.av-18irowu-d5ba3db0a14bfa4272df12a0f507b14a{\npadding-bottom:10px;\n}\nbody .av-special-heading.av-18irowu-d5ba3db0a14bfa4272df12a0f507b14a .av-special-heading-tag .heading-char{\nfont-size:25px;\n}\n.av-special-heading.av-18irowu-d5ba3db0a14bfa4272df12a0f507b14a .av-subheading{\nfont-size:15px;\n}\n<\/style>\n<div  class='av-special-heading av-18irowu-d5ba3db0a14bfa4272df12a0f507b14a av-special-heading-h3 blockquote modern-quote  avia-builder-el-8  el_after_av_codeblock  el_before_av_hr '><h3 class='av-special-heading-tag '  itemprop=\"headline\"  >Prezentacja<\/h3><div class=\"special-heading-border\"><div class=\"special-heading-inner-border\"><\/div><\/div><\/div>\n\n<style type=\"text\/css\" data-created_by=\"avia_inline_auto\" id=\"style-css-av-2qtfx32-ad1f530c35a6fbe5e8c7c26c2083ec38\">\n#top .hr.hr-invisible.av-2qtfx32-ad1f530c35a6fbe5e8c7c26c2083ec38{\nheight:25px;\n}\n<\/style>\n<div  class='hr av-2qtfx32-ad1f530c35a6fbe5e8c7c26c2083ec38 hr-invisible  avia-builder-el-9  el_after_av_heading  el_before_av_codeblock '><span class='hr-inner '><span class=\"hr-inner-style\"><\/span><\/span><\/div>\n\n<div  class='hr av-1lt5hha-d43d629a05cdaf13408ed51466df483f hr-default  avia-builder-el-11  el_after_av_codeblock  el_before_av_heading '><span class='hr-inner '><span class=\"hr-inner-style\"><\/span><\/span><\/div>\n\n<style type=\"text\/css\" data-created_by=\"avia_inline_auto\" id=\"style-css-av-r5mjq6-91dfd47ae34ab776b5a11c1c114f1853\">\n#top .av-special-heading.av-r5mjq6-91dfd47ae34ab776b5a11c1c114f1853{\npadding-bottom:30px;\n}\nbody .av-special-heading.av-r5mjq6-91dfd47ae34ab776b5a11c1c114f1853 .av-special-heading-tag .heading-char{\nfont-size:25px;\n}\n.av-special-heading.av-r5mjq6-91dfd47ae34ab776b5a11c1c114f1853 .av-subheading{\nfont-size:15px;\n}\n<\/style>\n<div  class='av-special-heading av-r5mjq6-91dfd47ae34ab776b5a11c1c114f1853 av-special-heading-h3 blockquote modern-quote modern-centered  avia-builder-el-12  el_after_av_hr  el_before_av_button '><h3 class='av-special-heading-tag '  itemprop=\"headline\"  >Za\u0142\u00f3\u017c darmowe konto w 30 sekund i testuj przez 14 dni.<br \/>\nBez zobowi\u0105za\u0144. Zrezygnuj, kiedy chcesz.<\/h3><div class=\"special-heading-border\"><div class=\"special-heading-inner-border\"><\/div><\/div><\/div>\n<div  class='avia-button-wrap av-rcy6gu-d93f5cba22876838b70688e360300d43-wrap avia-button-center  avia-builder-el-13  el_after_av_heading  avia-builder-el-last  register-form'><a href='#'  class='avia-button av-rcy6gu-d93f5cba22876838b70688e360300d43 av-link-btn avia-icon_select-no avia-size-x-large avia-position-center avia-color-theme-color'   aria-label=\"Za\u0142\u00f3\u017c konto\"><span class='avia_iconbox_title' >Za\u0142\u00f3\u017c konto<\/span><\/a><\/div>\n<div style='text-align:center' class='yasr-auto-insert-visitor'><\/div>","protected":false},"excerpt":{"rendered":"","protected":false},"author":10,"featured_media":0,"parent":953,"menu_order":0,"comment_status":"open","ping_status":"open","template":"","meta":{"_acf_changed":false,"inline_featured_image":false,"yasr_overall_rating":0,"yasr_post_is_review":"","yasr_auto_insert_disabled":"","yasr_review_type":"","footnotes":""},"class_list":["post-36830","page","type-page","status-publish","hentry"],"yasr_visitor_votes":{"stars_attributes":{"read_only":false,"span_bottom":false},"number_of_votes":0,"sum_votes":0},"acf":[],"yoast_head":"<!-- This site is optimized with the Yoast SEO plugin v27.3 - https:\/\/yoast.com\/product\/yoast-seo-wordpress\/ -->\n<title>Integracja Livespace CRM &amp; Zapier [webinarium]<\/title>\n<meta name=\"description\" content=\"Webinarium na temat integracji Livespace CRM z Zapier.\" \/>\n<meta name=\"robots\" content=\"index, follow, max-snippet:-1, max-image-preview:large, max-video-preview:-1\" \/>\n<link rel=\"canonical\" href=\"https:\/\/www.livespace.io\/pl\/webinaria\/integracja-zapier\/\" \/>\n<meta property=\"og:locale\" content=\"pl_PL\" \/>\n<meta property=\"og:type\" content=\"article\" \/>\n<meta property=\"og:title\" content=\"[Webinarium] Supermoce Livespace: integracja CRM &amp; Zapier\" \/>\n<meta property=\"og:description\" content=\"Webinarium na temat integracji Livespace CRM z Zapier.\" \/>\n<meta property=\"og:url\" content=\"https:\/\/www.livespace.io\/pl\/webinaria\/integracja-zapier\/\" \/>\n<meta property=\"og:site_name\" content=\"Livespace CRM\" \/>\n<meta property=\"article:modified_time\" content=\"2026-04-02T05:40:52+00:00\" \/>\n<meta property=\"og:image\" content=\"https:\/\/www.livespace.io\/wp-content\/uploads\/2018\/12\/webinar_zapier.jpg\" \/>\n\t<meta property=\"og:image:width\" content=\"1200\" \/>\n\t<meta property=\"og:image:height\" content=\"628\" \/>\n\t<meta property=\"og:image:type\" content=\"image\/jpeg\" \/>\n<meta name=\"twitter:card\" content=\"summary_large_image\" \/>\n<meta name=\"twitter:label1\" content=\"Szacowany czas czytania\" \/>\n\t<meta name=\"twitter:data1\" content=\"1 minuta\" \/>\n<script type=\"application\/ld+json\" class=\"yoast-schema-graph\">{\"@context\":\"https:\\\/\\\/schema.org\",\"@graph\":[{\"@type\":\"WebPage\",\"@id\":\"https:\\\/\\\/www.livespace.io\\\/pl\\\/webinaria\\\/integracja-zapier\\\/\",\"url\":\"https:\\\/\\\/www.livespace.io\\\/pl\\\/webinaria\\\/integracja-zapier\\\/\",\"name\":\"Integracja Livespace CRM & Zapier [webinarium]\",\"isPartOf\":{\"@id\":\"https:\\\/\\\/www.livespace.io\\\/pl\\\/#website\"},\"primaryImageOfPage\":{\"@id\":\"https:\\\/\\\/www.livespace.io\\\/pl\\\/webinaria\\\/integracja-zapier\\\/#primaryimage\"},\"image\":{\"@id\":\"https:\\\/\\\/www.livespace.io\\\/pl\\\/webinaria\\\/integracja-zapier\\\/#primaryimage\"},\"thumbnailUrl\":\"https:\\\/\\\/www.livespace.io\\\/wp-content\\\/uploads\\\/2018\\\/02\\\/m_stanczak_500-180x180.jpg\",\"datePublished\":\"2018-12-19T14:23:18+00:00\",\"dateModified\":\"2026-04-02T05:40:52+00:00\",\"description\":\"Webinarium na temat integracji Livespace CRM z Zapier.\",\"breadcrumb\":{\"@id\":\"https:\\\/\\\/www.livespace.io\\\/pl\\\/webinaria\\\/integracja-zapier\\\/#breadcrumb\"},\"inLanguage\":\"pl-PL\",\"potentialAction\":[{\"@type\":\"ReadAction\",\"target\":[\"https:\\\/\\\/www.livespace.io\\\/pl\\\/webinaria\\\/integracja-zapier\\\/\"]}]},{\"@type\":\"ImageObject\",\"inLanguage\":\"pl-PL\",\"@id\":\"https:\\\/\\\/www.livespace.io\\\/pl\\\/webinaria\\\/integracja-zapier\\\/#primaryimage\",\"url\":\"https:\\\/\\\/www.livespace.io\\\/wp-content\\\/uploads\\\/2018\\\/02\\\/m_stanczak_500-180x180.jpg\",\"contentUrl\":\"https:\\\/\\\/www.livespace.io\\\/wp-content\\\/uploads\\\/2018\\\/02\\\/m_stanczak_500-180x180.jpg\"},{\"@type\":\"BreadcrumbList\",\"@id\":\"https:\\\/\\\/www.livespace.io\\\/pl\\\/webinaria\\\/integracja-zapier\\\/#breadcrumb\",\"itemListElement\":[{\"@type\":\"ListItem\",\"position\":1,\"name\":\"Webinaria\",\"item\":\"https:\\\/\\\/www.livespace.io\\\/pl\\\/webinaria\\\/\"},{\"@type\":\"ListItem\",\"position\":2,\"name\":\"Supermoce Livespace: integracja CRM &#038; Zapier\"}]},{\"@type\":\"WebSite\",\"@id\":\"https:\\\/\\\/www.livespace.io\\\/pl\\\/#website\",\"url\":\"https:\\\/\\\/www.livespace.io\\\/pl\\\/\",\"name\":\"Livespace CRM\",\"description\":\"sell smarter\",\"publisher\":{\"@id\":\"https:\\\/\\\/www.livespace.io\\\/pl\\\/#organization\"},\"potentialAction\":[{\"@type\":\"SearchAction\",\"target\":{\"@type\":\"EntryPoint\",\"urlTemplate\":\"https:\\\/\\\/www.livespace.io\\\/pl\\\/?s={search_term_string}\"},\"query-input\":{\"@type\":\"PropertyValueSpecification\",\"valueRequired\":true,\"valueName\":\"search_term_string\"}}],\"inLanguage\":\"pl-PL\"},{\"@type\":\"Organization\",\"@id\":\"https:\\\/\\\/www.livespace.io\\\/pl\\\/#organization\",\"name\":\"Livespace.io\",\"url\":\"https:\\\/\\\/www.livespace.io\\\/pl\\\/\",\"logo\":{\"@type\":\"ImageObject\",\"inLanguage\":\"pl-PL\",\"@id\":\"https:\\\/\\\/www.livespace.io\\\/pl\\\/#\\\/schema\\\/logo\\\/image\\\/\",\"url\":\"https:\\\/\\\/www.livespace.io\\\/wp-content\\\/uploads\\\/2021\\\/09\\\/livespace-logo.png\",\"contentUrl\":\"https:\\\/\\\/www.livespace.io\\\/wp-content\\\/uploads\\\/2021\\\/09\\\/livespace-logo.png\",\"width\":204,\"height\":54,\"caption\":\"Livespace.io\"},\"image\":{\"@id\":\"https:\\\/\\\/www.livespace.io\\\/pl\\\/#\\\/schema\\\/logo\\\/image\\\/\"}}]}<\/script>\n<!-- \/ Yoast SEO plugin. -->","yoast_head_json":{"title":"Integracja Livespace CRM & Zapier [webinarium]","description":"Webinarium na temat integracji Livespace CRM z Zapier.","robots":{"index":"index","follow":"follow","max-snippet":"max-snippet:-1","max-image-preview":"max-image-preview:large","max-video-preview":"max-video-preview:-1"},"canonical":"https:\/\/www.livespace.io\/pl\/webinaria\/integracja-zapier\/","og_locale":"pl_PL","og_type":"article","og_title":"[Webinarium] Supermoce Livespace: integracja CRM & Zapier","og_description":"Webinarium na temat integracji Livespace CRM z Zapier.","og_url":"https:\/\/www.livespace.io\/pl\/webinaria\/integracja-zapier\/","og_site_name":"Livespace CRM","article_modified_time":"2026-04-02T05:40:52+00:00","og_image":[{"width":1200,"height":628,"url":"https:\/\/www.livespace.io\/wp-content\/uploads\/2018\/12\/webinar_zapier.jpg","type":"image\/jpeg"}],"twitter_card":"summary_large_image","twitter_misc":{"Szacowany czas czytania":"1 minuta"},"schema":{"@context":"https:\/\/schema.org","@graph":[{"@type":"WebPage","@id":"https:\/\/www.livespace.io\/pl\/webinaria\/integracja-zapier\/","url":"https:\/\/www.livespace.io\/pl\/webinaria\/integracja-zapier\/","name":"Integracja Livespace CRM & Zapier [webinarium]","isPartOf":{"@id":"https:\/\/www.livespace.io\/pl\/#website"},"primaryImageOfPage":{"@id":"https:\/\/www.livespace.io\/pl\/webinaria\/integracja-zapier\/#primaryimage"},"image":{"@id":"https:\/\/www.livespace.io\/pl\/webinaria\/integracja-zapier\/#primaryimage"},"thumbnailUrl":"https:\/\/www.livespace.io\/wp-content\/uploads\/2018\/02\/m_stanczak_500-180x180.jpg","datePublished":"2018-12-19T14:23:18+00:00","dateModified":"2026-04-02T05:40:52+00:00","description":"Webinarium na temat integracji Livespace CRM z Zapier.","breadcrumb":{"@id":"https:\/\/www.livespace.io\/pl\/webinaria\/integracja-zapier\/#breadcrumb"},"inLanguage":"pl-PL","potentialAction":[{"@type":"ReadAction","target":["https:\/\/www.livespace.io\/pl\/webinaria\/integracja-zapier\/"]}]},{"@type":"ImageObject","inLanguage":"pl-PL","@id":"https:\/\/www.livespace.io\/pl\/webinaria\/integracja-zapier\/#primaryimage","url":"https:\/\/www.livespace.io\/wp-content\/uploads\/2018\/02\/m_stanczak_500-180x180.jpg","contentUrl":"https:\/\/www.livespace.io\/wp-content\/uploads\/2018\/02\/m_stanczak_500-180x180.jpg"},{"@type":"BreadcrumbList","@id":"https:\/\/www.livespace.io\/pl\/webinaria\/integracja-zapier\/#breadcrumb","itemListElement":[{"@type":"ListItem","position":1,"name":"Webinaria","item":"https:\/\/www.livespace.io\/pl\/webinaria\/"},{"@type":"ListItem","position":2,"name":"Supermoce Livespace: integracja CRM &#038; Zapier"}]},{"@type":"WebSite","@id":"https:\/\/www.livespace.io\/pl\/#website","url":"https:\/\/www.livespace.io\/pl\/","name":"Livespace CRM","description":"sell smarter","publisher":{"@id":"https:\/\/www.livespace.io\/pl\/#organization"},"potentialAction":[{"@type":"SearchAction","target":{"@type":"EntryPoint","urlTemplate":"https:\/\/www.livespace.io\/pl\/?s={search_term_string}"},"query-input":{"@type":"PropertyValueSpecification","valueRequired":true,"valueName":"search_term_string"}}],"inLanguage":"pl-PL"},{"@type":"Organization","@id":"https:\/\/www.livespace.io\/pl\/#organization","name":"Livespace.io","url":"https:\/\/www.livespace.io\/pl\/","logo":{"@type":"ImageObject","inLanguage":"pl-PL","@id":"https:\/\/www.livespace.io\/pl\/#\/schema\/logo\/image\/","url":"https:\/\/www.livespace.io\/wp-content\/uploads\/2021\/09\/livespace-logo.png","contentUrl":"https:\/\/www.livespace.io\/wp-content\/uploads\/2021\/09\/livespace-logo.png","width":204,"height":54,"caption":"Livespace.io"},"image":{"@id":"https:\/\/www.livespace.io\/pl\/#\/schema\/logo\/image\/"}}]}},"_links":{"self":[{"href":"https:\/\/www.livespace.io\/pl\/wp-json\/wp\/v2\/pages\/36830","targetHints":{"allow":["GET"]}}],"collection":[{"href":"https:\/\/www.livespace.io\/pl\/wp-json\/wp\/v2\/pages"}],"about":[{"href":"https:\/\/www.livespace.io\/pl\/wp-json\/wp\/v2\/types\/page"}],"author":[{"embeddable":true,"href":"https:\/\/www.livespace.io\/pl\/wp-json\/wp\/v2\/users\/10"}],"replies":[{"embeddable":true,"href":"https:\/\/www.livespace.io\/pl\/wp-json\/wp\/v2\/comments?post=36830"}],"version-history":[{"count":3,"href":"https:\/\/www.livespace.io\/pl\/wp-json\/wp\/v2\/pages\/36830\/revisions"}],"predecessor-version":[{"id":201519,"href":"https:\/\/www.livespace.io\/pl\/wp-json\/wp\/v2\/pages\/36830\/revisions\/201519"}],"up":[{"embeddable":true,"href":"https:\/\/www.livespace.io\/pl\/wp-json\/wp\/v2\/pages\/953"}],"wp:attachment":[{"href":"https:\/\/www.livespace.io\/pl\/wp-json\/wp\/v2\/media?parent=36830"}],"curies":[{"name":"wp","href":"https:\/\/api.w.org\/{rel}","templated":true}]}}