{"id":3579,"date":"2015-01-13T15:35:23","date_gmt":"2015-01-13T14:35:23","guid":{"rendered":"http:\/\/www.livespace.app\/?page_id=3579"},"modified":"2026-04-02T07:41:42","modified_gmt":"2026-04-02T05:41:42","slug":"jak-korzystac-z-livespace-aby-zwiekszyc-wyniki-sprzedazy","status":"publish","type":"page","link":"https:\/\/www.livespace.io\/pl\/webinaria\/jak-korzystac-z-livespace-aby-zwiekszyc-wyniki-sprzedazy\/","title":{"rendered":"Jak korzysta\u0107 z Livespace, aby zwi\u0119kszy\u0107 wyniki sprzeda\u017cy"},"content":{"rendered":"<div id='av_section_1'  class='avia-section av-a951jf-3c1fd96686abedc9e86299ded41354dd main_color avia-section-small avia-no-shadow  avia-builder-el-0  el_before_av_video  avia-builder-el-first  av-desktop-hide av-medium-hide av-small-hide av-mini-hide avia-bg-style-fixed container_wrap fullsize'  ><div class='container av-section-cont-open' ><main  role=\"main\" itemprop=\"mainContentOfPage\"  class='template-page content  av-content-full alpha units'><div class='post-entry post-entry-type-page post-entry-3579'><div class='entry-content-wrapper clearfix'>\n<\/div><\/div><\/main><!-- close content main element --><\/div><\/div><div id='after_section_1'  class='main_color av_default_container_wrap container_wrap fullsize'  ><div class='container av-section-cont-open' ><div class='template-page content  av-content-full alpha units'><div class='post-entry post-entry-type-page post-entry-3579'><div class='entry-content-wrapper clearfix'><div  class='avia-video av-kte735kk-6b5344beba44a8265cafadb540620626 avia-video-16-9 av-no-preview-image avia-video-load-always av-lazyload-immediate av-lazyload-video-embed'  itemprop=\"video\" itemtype=\"https:\/\/schema.org\/VideoObject\"  data-original_url='https:\/\/player.vimeo.com\/video\/199207794'><script type='text\/html' class='av-video-tmpl'><div class='avia-iframe-wrap'><iframe src=\"https:\/\/player.vimeo.com\/video\/199207794?dnt=1&amp;app_id=122963&amp;h=712829640e&autoplay=0&loop=0&controls=1&muted=0\" width=\"1500\" height=\"844\" frameborder=\"0\" allow=\"autoplay; fullscreen; picture-in-picture\" allowfullscreen><\/iframe><\/div><\/script><div class='av-click-to-play-overlay'><div class=\"avia_playpause_icon\"><\/div><\/div><\/div><\/p>\n<div  class='hr av-kdyij-f0c09caa278ce9d49a8d553b4b0ece29 hr-default  avia-builder-el-2  el_after_av_video  el_before_av_heading '><span class='hr-inner '><span class=\"hr-inner-style\"><\/span><\/span><\/div>\n\n<style type=\"text\/css\" data-created_by=\"avia_inline_auto\" id=\"style-css-av-28jlh7-4081e38969eaba7af50dc866e8fa1c1a\">\n#top .av-special-heading.av-28jlh7-4081e38969eaba7af50dc866e8fa1c1a{\npadding-bottom:30px;\n}\nbody .av-special-heading.av-28jlh7-4081e38969eaba7af50dc866e8fa1c1a .av-special-heading-tag .heading-char{\nfont-size:25px;\n}\n.av-special-heading.av-28jlh7-4081e38969eaba7af50dc866e8fa1c1a .av-subheading{\nfont-size:15px;\n}\n<\/style>\n<div  class='av-special-heading av-28jlh7-4081e38969eaba7af50dc866e8fa1c1a av-special-heading-h3 blockquote modern-quote modern-centered  avia-builder-el-3  el_after_av_hr  el_before_av_button '><h3 class='av-special-heading-tag '  itemprop=\"headline\"  >Za\u0142\u00f3\u017c darmowe konto w 30 sekund i testuj przez 14 dni.<br \/>\nBez zobowi\u0105za\u0144. Zrezygnuj, kiedy chcesz.<\/h3><div class=\"special-heading-border\"><div class=\"special-heading-inner-border\"><\/div><\/div><\/div>\n<div  class='avia-button-wrap av-28uqpn-29b9a5b37deeadaa6d4aa075ffd49102-wrap avia-button-center  avia-builder-el-4  el_after_av_heading  avia-builder-el-last  register-form'><a href='#'  class='avia-button av-28uqpn-29b9a5b37deeadaa6d4aa075ffd49102 av-link-btn avia-icon_select-no avia-size-x-large avia-position-center avia-color-theme-color'   aria-label=\"Za\u0142\u00f3\u017c konto\"><span class='avia_iconbox_title' >Za\u0142\u00f3\u017c konto<\/span><\/a><\/div>\n<div style='text-align:center' class='yasr-auto-insert-visitor'><\/div>","protected":false},"excerpt":{"rendered":"","protected":false},"author":1,"featured_media":0,"parent":953,"menu_order":0,"comment_status":"open","ping_status":"open","template":"","meta":{"_acf_changed":false,"inline_featured_image":false,"yasr_overall_rating":0,"yasr_post_is_review":"","yasr_auto_insert_disabled":"","yasr_review_type":"","footnotes":""},"class_list":["post-3579","page","type-page","status-publish","hentry"],"yasr_visitor_votes":{"stars_attributes":{"read_only":false,"span_bottom":false},"number_of_votes":0,"sum_votes":0},"acf":[],"yoast_head":"<!-- This site is optimized with the Yoast SEO plugin v27.3 - https:\/\/yoast.com\/product\/yoast-seo-wordpress\/ -->\n<title>Jak korzysta\u0107 z Livespace, aby zwi\u0119kszy\u0107 wyniki sprzeda\u017cy<\/title>\n<meta name=\"description\" content=\"Dowiedz si\u0119, kt\u00f3re funkcje Livespace s\u0105 najbardziej przydatne w pracy sprzedawcy i jak je wykorzysta\u0107, aby sprzedawa\u0107 wi\u0119cej.\" \/>\n<meta name=\"robots\" content=\"index, follow, max-snippet:-1, max-image-preview:large, max-video-preview:-1\" \/>\n<link rel=\"canonical\" href=\"https:\/\/www.livespace.io\/pl\/webinaria\/jak-korzystac-z-livespace-aby-zwiekszyc-wyniki-sprzedazy\/\" \/>\n<meta property=\"og:locale\" content=\"pl_PL\" \/>\n<meta property=\"og:type\" content=\"article\" \/>\n<meta property=\"og:title\" content=\"Webinarium: Jak korzysta\u0107 z Livespace, aby sprzedawa\u0107 wi\u0119cej\" \/>\n<meta property=\"og:description\" content=\"Dowiedz si\u0119, kt\u00f3re funkcje Livespace s\u0105 najbardziej przydatne w pracy sprzedawcy i jak je wykorzysta\u0107, aby sprzedawa\u0107 wi\u0119cej.\" \/>\n<meta property=\"og:url\" content=\"https:\/\/www.livespace.io\/pl\/webinaria\/jak-korzystac-z-livespace-aby-zwiekszyc-wyniki-sprzedazy\/\" \/>\n<meta property=\"og:site_name\" content=\"Livespace CRM\" \/>\n<meta property=\"article:modified_time\" content=\"2026-04-02T05:41:42+00:00\" \/>\n<meta property=\"og:image\" content=\"https:\/\/www.livespace.io\/wp-content\/uploads\/2019\/05\/webinar_jkzl_mroczkiewicz-1.png\" \/>\n\t<meta property=\"og:image:width\" content=\"1500\" \/>\n\t<meta property=\"og:image:height\" content=\"785\" \/>\n\t<meta property=\"og:image:type\" content=\"image\/png\" \/>\n<meta name=\"twitter:card\" content=\"summary_large_image\" \/>\n<meta name=\"twitter:label1\" content=\"Szacowany czas czytania\" \/>\n\t<meta name=\"twitter:data1\" content=\"1 minuta\" \/>\n<script type=\"application\/ld+json\" class=\"yoast-schema-graph\">{\"@context\":\"https:\\\/\\\/schema.org\",\"@graph\":[{\"@type\":\"WebPage\",\"@id\":\"https:\\\/\\\/www.livespace.io\\\/pl\\\/webinaria\\\/jak-korzystac-z-livespace-aby-zwiekszyc-wyniki-sprzedazy\\\/\",\"url\":\"https:\\\/\\\/www.livespace.io\\\/pl\\\/webinaria\\\/jak-korzystac-z-livespace-aby-zwiekszyc-wyniki-sprzedazy\\\/\",\"name\":\"Jak korzysta\u0107 z Livespace, aby zwi\u0119kszy\u0107 wyniki sprzeda\u017cy\",\"isPartOf\":{\"@id\":\"https:\\\/\\\/www.livespace.io\\\/pl\\\/#website\"},\"datePublished\":\"2015-01-13T14:35:23+00:00\",\"dateModified\":\"2026-04-02T05:41:42+00:00\",\"description\":\"Dowiedz si\u0119, kt\u00f3re funkcje Livespace s\u0105 najbardziej przydatne w pracy sprzedawcy i jak je wykorzysta\u0107, aby sprzedawa\u0107 wi\u0119cej.\",\"breadcrumb\":{\"@id\":\"https:\\\/\\\/www.livespace.io\\\/pl\\\/webinaria\\\/jak-korzystac-z-livespace-aby-zwiekszyc-wyniki-sprzedazy\\\/#breadcrumb\"},\"inLanguage\":\"pl-PL\",\"potentialAction\":[{\"@type\":\"ReadAction\",\"target\":[\"https:\\\/\\\/www.livespace.io\\\/pl\\\/webinaria\\\/jak-korzystac-z-livespace-aby-zwiekszyc-wyniki-sprzedazy\\\/\"]}]},{\"@type\":\"BreadcrumbList\",\"@id\":\"https:\\\/\\\/www.livespace.io\\\/pl\\\/webinaria\\\/jak-korzystac-z-livespace-aby-zwiekszyc-wyniki-sprzedazy\\\/#breadcrumb\",\"itemListElement\":[{\"@type\":\"ListItem\",\"position\":1,\"name\":\"Webinaria\",\"item\":\"https:\\\/\\\/www.livespace.io\\\/pl\\\/webinaria\\\/\"},{\"@type\":\"ListItem\",\"position\":2,\"name\":\"Jak korzysta\u0107 z Livespace, aby zwi\u0119kszy\u0107 wyniki sprzeda\u017cy\"}]},{\"@type\":\"WebSite\",\"@id\":\"https:\\\/\\\/www.livespace.io\\\/pl\\\/#website\",\"url\":\"https:\\\/\\\/www.livespace.io\\\/pl\\\/\",\"name\":\"Livespace CRM\",\"description\":\"sell smarter\",\"publisher\":{\"@id\":\"https:\\\/\\\/www.livespace.io\\\/pl\\\/#organization\"},\"potentialAction\":[{\"@type\":\"SearchAction\",\"target\":{\"@type\":\"EntryPoint\",\"urlTemplate\":\"https:\\\/\\\/www.livespace.io\\\/pl\\\/?s={search_term_string}\"},\"query-input\":{\"@type\":\"PropertyValueSpecification\",\"valueRequired\":true,\"valueName\":\"search_term_string\"}}],\"inLanguage\":\"pl-PL\"},{\"@type\":\"Organization\",\"@id\":\"https:\\\/\\\/www.livespace.io\\\/pl\\\/#organization\",\"name\":\"Livespace.io\",\"url\":\"https:\\\/\\\/www.livespace.io\\\/pl\\\/\",\"logo\":{\"@type\":\"ImageObject\",\"inLanguage\":\"pl-PL\",\"@id\":\"https:\\\/\\\/www.livespace.io\\\/pl\\\/#\\\/schema\\\/logo\\\/image\\\/\",\"url\":\"https:\\\/\\\/www.livespace.io\\\/wp-content\\\/uploads\\\/2021\\\/09\\\/livespace-logo.png\",\"contentUrl\":\"https:\\\/\\\/www.livespace.io\\\/wp-content\\\/uploads\\\/2021\\\/09\\\/livespace-logo.png\",\"width\":204,\"height\":54,\"caption\":\"Livespace.io\"},\"image\":{\"@id\":\"https:\\\/\\\/www.livespace.io\\\/pl\\\/#\\\/schema\\\/logo\\\/image\\\/\"}}]}<\/script>\n<!-- \/ Yoast SEO plugin. -->","yoast_head_json":{"title":"Jak korzysta\u0107 z Livespace, aby zwi\u0119kszy\u0107 wyniki sprzeda\u017cy","description":"Dowiedz si\u0119, kt\u00f3re funkcje Livespace s\u0105 najbardziej przydatne w pracy sprzedawcy i jak je wykorzysta\u0107, aby sprzedawa\u0107 wi\u0119cej.","robots":{"index":"index","follow":"follow","max-snippet":"max-snippet:-1","max-image-preview":"max-image-preview:large","max-video-preview":"max-video-preview:-1"},"canonical":"https:\/\/www.livespace.io\/pl\/webinaria\/jak-korzystac-z-livespace-aby-zwiekszyc-wyniki-sprzedazy\/","og_locale":"pl_PL","og_type":"article","og_title":"Webinarium: Jak korzysta\u0107 z Livespace, aby sprzedawa\u0107 wi\u0119cej","og_description":"Dowiedz si\u0119, kt\u00f3re funkcje Livespace s\u0105 najbardziej przydatne w pracy sprzedawcy i jak je wykorzysta\u0107, aby sprzedawa\u0107 wi\u0119cej.","og_url":"https:\/\/www.livespace.io\/pl\/webinaria\/jak-korzystac-z-livespace-aby-zwiekszyc-wyniki-sprzedazy\/","og_site_name":"Livespace CRM","article_modified_time":"2026-04-02T05:41:42+00:00","og_image":[{"width":1500,"height":785,"url":"https:\/\/www.livespace.io\/wp-content\/uploads\/2019\/05\/webinar_jkzl_mroczkiewicz-1.png","type":"image\/png"}],"twitter_card":"summary_large_image","twitter_misc":{"Szacowany czas czytania":"1 minuta"},"schema":{"@context":"https:\/\/schema.org","@graph":[{"@type":"WebPage","@id":"https:\/\/www.livespace.io\/pl\/webinaria\/jak-korzystac-z-livespace-aby-zwiekszyc-wyniki-sprzedazy\/","url":"https:\/\/www.livespace.io\/pl\/webinaria\/jak-korzystac-z-livespace-aby-zwiekszyc-wyniki-sprzedazy\/","name":"Jak korzysta\u0107 z Livespace, aby zwi\u0119kszy\u0107 wyniki sprzeda\u017cy","isPartOf":{"@id":"https:\/\/www.livespace.io\/pl\/#website"},"datePublished":"2015-01-13T14:35:23+00:00","dateModified":"2026-04-02T05:41:42+00:00","description":"Dowiedz si\u0119, kt\u00f3re funkcje Livespace s\u0105 najbardziej przydatne w pracy sprzedawcy i jak je wykorzysta\u0107, aby sprzedawa\u0107 wi\u0119cej.","breadcrumb":{"@id":"https:\/\/www.livespace.io\/pl\/webinaria\/jak-korzystac-z-livespace-aby-zwiekszyc-wyniki-sprzedazy\/#breadcrumb"},"inLanguage":"pl-PL","potentialAction":[{"@type":"ReadAction","target":["https:\/\/www.livespace.io\/pl\/webinaria\/jak-korzystac-z-livespace-aby-zwiekszyc-wyniki-sprzedazy\/"]}]},{"@type":"BreadcrumbList","@id":"https:\/\/www.livespace.io\/pl\/webinaria\/jak-korzystac-z-livespace-aby-zwiekszyc-wyniki-sprzedazy\/#breadcrumb","itemListElement":[{"@type":"ListItem","position":1,"name":"Webinaria","item":"https:\/\/www.livespace.io\/pl\/webinaria\/"},{"@type":"ListItem","position":2,"name":"Jak korzysta\u0107 z Livespace, aby zwi\u0119kszy\u0107 wyniki sprzeda\u017cy"}]},{"@type":"WebSite","@id":"https:\/\/www.livespace.io\/pl\/#website","url":"https:\/\/www.livespace.io\/pl\/","name":"Livespace CRM","description":"sell smarter","publisher":{"@id":"https:\/\/www.livespace.io\/pl\/#organization"},"potentialAction":[{"@type":"SearchAction","target":{"@type":"EntryPoint","urlTemplate":"https:\/\/www.livespace.io\/pl\/?s={search_term_string}"},"query-input":{"@type":"PropertyValueSpecification","valueRequired":true,"valueName":"search_term_string"}}],"inLanguage":"pl-PL"},{"@type":"Organization","@id":"https:\/\/www.livespace.io\/pl\/#organization","name":"Livespace.io","url":"https:\/\/www.livespace.io\/pl\/","logo":{"@type":"ImageObject","inLanguage":"pl-PL","@id":"https:\/\/www.livespace.io\/pl\/#\/schema\/logo\/image\/","url":"https:\/\/www.livespace.io\/wp-content\/uploads\/2021\/09\/livespace-logo.png","contentUrl":"https:\/\/www.livespace.io\/wp-content\/uploads\/2021\/09\/livespace-logo.png","width":204,"height":54,"caption":"Livespace.io"},"image":{"@id":"https:\/\/www.livespace.io\/pl\/#\/schema\/logo\/image\/"}}]}},"_links":{"self":[{"href":"https:\/\/www.livespace.io\/pl\/wp-json\/wp\/v2\/pages\/3579","targetHints":{"allow":["GET"]}}],"collection":[{"href":"https:\/\/www.livespace.io\/pl\/wp-json\/wp\/v2\/pages"}],"about":[{"href":"https:\/\/www.livespace.io\/pl\/wp-json\/wp\/v2\/types\/page"}],"author":[{"embeddable":true,"href":"https:\/\/www.livespace.io\/pl\/wp-json\/wp\/v2\/users\/1"}],"replies":[{"embeddable":true,"href":"https:\/\/www.livespace.io\/pl\/wp-json\/wp\/v2\/comments?post=3579"}],"version-history":[{"count":2,"href":"https:\/\/www.livespace.io\/pl\/wp-json\/wp\/v2\/pages\/3579\/revisions"}],"predecessor-version":[{"id":201522,"href":"https:\/\/www.livespace.io\/pl\/wp-json\/wp\/v2\/pages\/3579\/revisions\/201522"}],"up":[{"embeddable":true,"href":"https:\/\/www.livespace.io\/pl\/wp-json\/wp\/v2\/pages\/953"}],"wp:attachment":[{"href":"https:\/\/www.livespace.io\/pl\/wp-json\/wp\/v2\/media?parent=3579"}],"curies":[{"name":"wp","href":"https:\/\/api.w.org\/{rel}","templated":true}]}}