{"id":25197,"date":"2018-10-18T23:29:20","date_gmt":"2018-10-18T21:29:20","guid":{"rendered":"http:\/\/www.livespace.app\/?page_id=25197"},"modified":"2022-10-20T14:49:00","modified_gmt":"2022-10-20T12:49:00","slug":"ebook-21-bledow-ktore-niszcza-plany-sprzedazowe","status":"publish","type":"page","link":"https:\/\/www.livespace.io\/pl\/publikacje\/ebook-21-bledow-ktore-niszcza-plany-sprzedazowe\/","title":{"rendered":"Ebook &#8211; 21 b\u0142\u0119d\u00f3w, kt\u00f3re niszcz\u0105 Twoje plany sprzeda\u017cowe"},"content":{"rendered":"<div id='av_section_1'  class='avia-section av-7y3mpwt-92fbeb0f8bfa5617815008e93f232f42 main_color avia-section-small avia-no-shadow  avia-builder-el-0  el_before_av_codeblock  avia-builder-el-first  avia-bg-style-fixed container_wrap fullsize'  ><div class='container av-section-cont-open' ><main  role=\"main\" itemprop=\"mainContentOfPage\"  class='template-page content  av-content-full alpha units'><div class='post-entry post-entry-type-page post-entry-25197'><div class='entry-content-wrapper clearfix'>\n<section  class='av_textblock_section av-7ir2bd9-255753da4e7fd2044b92d073914954c2 '   itemscope=\"itemscope\" itemtype=\"https:\/\/schema.org\/CreativeWork\" ><div class='avia_textblock'  itemprop=\"text\" ><h1 style=\"text-align: center;\">Ebook &#8211; 21 b\u0142\u0119d\u00f3w, kt\u00f3re niszcz\u0105 Twoje plany sprzeda\u017cowe<\/h1>\n<\/div><\/section>\n<\/div><\/div><\/main><!-- close content main element --><\/div><\/div><div id='after_section_1'  class='main_color av_default_container_wrap container_wrap fullsize'  ><div class='container av-section-cont-open' ><div class='template-page content  av-content-full alpha units'><div class='post-entry post-entry-type-page post-entry-25197'><div class='entry-content-wrapper clearfix'>\n\n<\/div><\/div><\/div><!-- close content main div --><\/div><\/div><div id='av-layout-grid-1'  class='av-layout-grid-container av-ntale5-459db8fad0dd557f92ce512b6d0356af entry-content-wrapper main_color av-flex-cells  avia-builder-el-3  el_after_av_codeblock  avia-builder-el-last  shd-container ls-content-container grid-row-not-first  container_wrap fullsize'  >\n\n<style type=\"text\/css\" data-created_by=\"avia_inline_auto\" id=\"style-css-av-mwjr4d-ef969756c30fe657b7380a3683156807\">\n.flex_cell.av-mwjr4d-ef969756c30fe657b7380a3683156807{\nvertical-align:top;\n}\n.responsive #top #wrap_all .flex_cell.av-mwjr4d-ef969756c30fe657b7380a3683156807{\npadding:30px 30px 30px 30px !important;\n}\n<\/style>\n<div class='flex_cell av-mwjr4d-ef969756c30fe657b7380a3683156807 av-gridrow-cell av_three_fifth no_margin  avia-builder-el-4  el_before_av_cell_two_fifth  avia-builder-el-first  content-align-top'  ><div class='flex_cell_inner'><div  class='flex_column av-5vac4nh-ad3ab1502a6ba98458e09e0bd17634da av_one_full  avia-builder-el-5  avia-builder-el-no-sibling  first flex_column_div  '     ><p>\n<style type=\"text\/css\" data-created_by=\"avia_inline_auto\" id=\"style-css-av-s05u31-64cab5e3176fa46840e2e819541a6187\">\n#top .av-special-heading.av-s05u31-64cab5e3176fa46840e2e819541a6187{\npadding-bottom:10px;\n}\nbody .av-special-heading.av-s05u31-64cab5e3176fa46840e2e819541a6187 .av-special-heading-tag .heading-char{\nfont-size:25px;\n}\n.av-special-heading.av-s05u31-64cab5e3176fa46840e2e819541a6187 .av-subheading{\nfont-size:15px;\n}\n<\/style>\n<div  class='av-special-heading av-s05u31-64cab5e3176fa46840e2e819541a6187 av-special-heading-h3  avia-builder-el-6  el_before_av_textblock  avia-builder-el-first '><h3 class='av-special-heading-tag '  itemprop=\"headline\"  >O czym jest ten materia\u0142?<\/h3><div class=\"special-heading-border\"><div class=\"special-heading-inner-border\"><\/div><\/div><\/div><br \/>\n<section  class='av_textblock_section av-4wi33zh-0668fcbbd87c96b0923b98e206ccc90d '   itemscope=\"itemscope\" itemtype=\"https:\/\/schema.org\/CreativeWork\" ><div class='avia_textblock'  itemprop=\"text\" ><p><span style=\"color: #000000;\"><span style=\"color: #444444;\">Z ebooka dowiesz si\u0119 m.in.:<\/span><\/span><\/p>\n<ul style=\"color: #444444;\">\n<li>Jakie b\u0142\u0119dy s\u0105 cz\u0119sto pope\u0142niane w sprzeda\u017cy,<\/li>\n<li>Dlaczego handlowcy nie realizuj\u0105\u00a0plan\u00f3w sprzeda\u017cowych,<\/li>\n<li>Kt\u00f3re\u00a0dzia\u0142ania warto usprawni\u0107, aby nie traci\u0107 szans sprzeda\u017cy,<\/li>\n<li>Co radz\u0105\u00a0eksperci, \u017ceby\u00a0poprawi\u0107 wyniki w sprzeda\u017cy.<\/li>\n<\/ul>\n<\/div><\/section><br \/>\n<section  class='av_textblock_section av-4kmlvn1-2be1b8748eb111b2ae38a1c92c6fd526 '   itemscope=\"itemscope\" itemtype=\"https:\/\/schema.org\/CreativeWork\" ><div class='avia_textblock'  itemprop=\"text\" ><p><img decoding=\"async\" class=\"alignnone size-full wp-image-15353 aligncenter\" src=\"https:\/\/www.livespace.io\/wp-content\/uploads\/2017\/08\/Livespace_Ebook_21-preview.png\" alt=\"Ebook: 21 b\u0142\u0119d\u00f3w, kt\u00f3re niszcz\u0105 Twoje plany sprzeda\u017cowe\" width=\"500\" height=\"354\" srcset=\"https:\/\/www.livespace.io\/wp-content\/uploads\/2017\/08\/Livespace_Ebook_21-preview.png 500w, https:\/\/www.livespace.io\/wp-content\/uploads\/2017\/08\/Livespace_Ebook_21-preview-300x212.png 300w, https:\/\/www.livespace.io\/wp-content\/uploads\/2017\/08\/Livespace_Ebook_21-preview-260x185.png 260w, https:\/\/www.livespace.io\/wp-content\/uploads\/2017\/08\/Livespace_Ebook_21-preview-450x319.png 450w\" sizes=\"(max-width: 500px) 100vw, 500px\" \/><\/p>\n<\/div><\/section><br \/>\n<br \/>\n<section  class='av_textblock_section av-3xdif3h-1a8bc68b83fbde1ebcd1399083f9ee99 '   itemscope=\"itemscope\" itemtype=\"https:\/\/schema.org\/CreativeWork\" ><div class='avia_textblock'  itemprop=\"text\" ><p style=\"text-align: center;\"><em>94% klient\u00f3w Livespace uzna\u0142o nasze materia\u0142y edukacyjne,<br \/>\ntakie jak blog, pomoc i webinaria za przydatne!<\/em><\/p>\n<\/div><\/section><\/p><\/div>\n<\/div><\/div>\n<style type=\"text\/css\" data-created_by=\"avia_inline_auto\" id=\"style-css-av-3bdlrd9-6e33c7a41c7964e2acdec0fa9df34070\">\n.flex_cell.av-3bdlrd9-6e33c7a41c7964e2acdec0fa9df34070{\nvertical-align:top;\n}\n.responsive #top #wrap_all .flex_cell.av-3bdlrd9-6e33c7a41c7964e2acdec0fa9df34070{\npadding:30px 30px 30px 30px !important;\n}\n<\/style>\n<div class='flex_cell av-3bdlrd9-6e33c7a41c7964e2acdec0fa9df34070 av-gridrow-cell av_two_fifth no_margin  avia-builder-el-11  el_after_av_cell_three_fifth  avia-builder-el-last  ls-content-right-col content-align-top'  ><div class='flex_cell_inner'><p>\n<style type=\"text\/css\" data-created_by=\"avia_inline_auto\" id=\"style-css-av-2vjamzx-4c65cd1fa1205d17336ae1be1f9d19f7\">\n.flex_column.av-2vjamzx-4c65cd1fa1205d17336ae1be1f9d19f7{\nborder-radius:0px 0px 0px 0px;\npadding:0px 0px 0px 0px;\n}\n<\/style>\n<div  class='flex_column av-2vjamzx-4c65cd1fa1205d17336ae1be1f9d19f7 av_one_full  avia-builder-el-12  el_before_av_one_full  avia-builder-el-first  ls-content-form-box first flex_column_div av-zero-column-padding  '     ><p><section  class='av_textblock_section av-2hywrgt-99154b3713b4d7339153f8d108a70800 '   itemscope=\"itemscope\" itemtype=\"https:\/\/schema.org\/CreativeWork\" ><div class='avia_textblock'  itemprop=\"text\" ><p><strong>Wype\u0142nij, aby pobra\u0107 ebook:<\/strong><\/p>\n<p><span style=\"color: #444444;\"><small>Dost\u0119p do materia\u0142u jest nieodp\u0142atny. W zamian jednak chcieliby\u015bmy mie\u0107 mo\u017cliwo\u015b\u0107 wysy\u0142ania do Ciebie drog\u0105 elektroniczn\u0105 informacji o naszych innych materia\u0142ach, us\u0142ugach lub szkoleniach.<\/small><\/span><\/p>\n<\/div><\/section><br \/>\n<div  class='av_promobox av-1w8tr7x-aeb8fd88cd2ff84231c354800d6e207d avia-button-no  avia-builder-el-14  el_after_av_textblock  avia-builder-el-last '><div class='avia-promocontent'><p>\n\n<div class=\"wpcf7 no-js\" id=\"wpcf7-f23536-o1\" lang=\"en-US\" dir=\"ltr\" data-wpcf7-id=\"23536\">\n<div class=\"screen-reader-response\"><p role=\"status\" aria-live=\"polite\" aria-atomic=\"true\"><\/p> <ul><\/ul><\/div>\n<form action=\"\/pl\/wp-json\/wp\/v2\/pages\/25197#wpcf7-f23536-o1\" method=\"post\" class=\"wpcf7-form init\" aria-label=\"Contact form\" novalidate=\"novalidate\" data-status=\"init\">\n<fieldset class=\"hidden-fields-container\"><input type=\"hidden\" name=\"_wpcf7\" value=\"23536\" \/><input type=\"hidden\" name=\"_wpcf7_version\" value=\"6.1.5\" \/><input type=\"hidden\" name=\"_wpcf7_locale\" value=\"en_US\" \/><input type=\"hidden\" name=\"_wpcf7_unit_tag\" value=\"wpcf7-f23536-o1\" \/><input type=\"hidden\" name=\"_wpcf7_container_post\" value=\"0\" \/><input type=\"hidden\" name=\"_wpcf7_posted_data_hash\" value=\"\" \/><input type=\"hidden\" name=\"_wpcf7dtx_version\" value=\"5.0.5\" \/>\n<\/fieldset>\n<p><span class=\"wpcf7-form-control-wrap\" data-name=\"contactname\"><input size=\"40\" maxlength=\"400\" class=\"wpcf7-form-control wpcf7-text\" aria-invalid=\"false\" placeholder=\"Imi\u0119 i nazwisko\" value=\"\" type=\"text\" name=\"contactname\" \/><\/span><span class=\"wpcf7-form-control-wrap\" data-name=\"email\"><input size=\"40\" maxlength=\"400\" class=\"wpcf7-form-control wpcf7-email wpcf7-text wpcf7-validates-as-email\" aria-invalid=\"false\" placeholder=\"Adres e-mail\" value=\"\" type=\"email\" name=\"email\" \/><\/span>\n<\/p>\n<p><input class=\"wpcf7-form-control wpcf7-submit has-spinner content-unlocked\" type=\"submit\" value=\"Pobierz\" \/>\n<\/p><div class=\"wpcf7-response-output\" aria-hidden=\"true\"><\/div>\n<\/form>\n<\/div>\n<\/p>\n<p>Administratorem danych osobowych jest Livespace sp. z o.o. z siedzib\u0105 w Warszawie. Twoje dane b\u0119d\u0105 przetwarzane w celach wysy\u0142ania naszych materia\u0142\u00f3w i naszych dzia\u0142a\u0144 marketingowych. Masz prawo m.in. do wyra\u017cenia sprzeciwu wobec przetwarzania Twoich danych. Wi\u0119cej informacji znajdziesz w <a href=\"https:\/\/www.livespace.io\/pl\/themencode-pdf-viewer\/?file=https:\/\/www.livespace.io\/files\/pl\/Livespace_polityka_prywatnosci.pdf\" target=\"_blank\" rel=\"noopener\">Polityce Prywatno\u015bci<\/a><\/p>\n<\/div><\/div><\/p><\/div>\n<style type=\"text\/css\" data-created_by=\"avia_inline_auto\" id=\"style-css-av-1p6py8d-0839c28e5a63c35abf31abbe75ae0fd0\">\n.flex_column.av-1p6py8d-0839c28e5a63c35abf31abbe75ae0fd0{\nborder-radius:0px 0px 0px 0px;\npadding:0px 0px 0px 0px;\n}\n<\/style>\n<div  class='flex_column av-1p6py8d-0839c28e5a63c35abf31abbe75ae0fd0 av_one_full  avia-builder-el-15  el_after_av_one_full  avia-builder-el-last  ls-content-form-thankyou hide first flex_column_div av-zero-column-padding  column-top-margin'     ><section  class='av_textblock_section av-yuy0bx-231bdd1c66613b984e9e2355916d3499 '   itemscope=\"itemscope\" itemtype=\"https:\/\/schema.org\/CreativeWork\" ><div class='avia_textblock'  itemprop=\"text\" ><p style=\"text-align: center;\"><img decoding=\"async\" class=\"alignnone wp-image-102163\" src=\"https:\/\/www.livespace.io\/wp-content\/uploads\/2022\/06\/Livespace-Logo-Navy-1.png\" alt=\"\" width=\"200\" height=\"50\" srcset=\"https:\/\/www.livespace.io\/wp-content\/uploads\/2022\/06\/Livespace-Logo-Navy-1.png 800w, https:\/\/www.livespace.io\/wp-content\/uploads\/2022\/06\/Livespace-Logo-Navy-1-300x75.png 300w, https:\/\/www.livespace.io\/wp-content\/uploads\/2022\/06\/Livespace-Logo-Navy-1-768x192.png 768w, https:\/\/www.livespace.io\/wp-content\/uploads\/2022\/06\/Livespace-Logo-Navy-1-705x176.png 705w\" sizes=\"(max-width: 200px) 100vw, 200px\" \/><\/p>\n<p style=\"text-align: center;\">Najlepszy CRM do pouk\u0142adania pracy zespo\u0142u sprzedaz\u0307y, tak by kaz\u0307dy zna\u0142 swo\u0301j kolejny krok do wygrania zlecenia.<\/p>\n<\/div><\/section><br \/>\n<div  class='avia-button-wrap av-o8cuzx-dd45e0a824a508fa09b09d36c8d1d68c-wrap avia-button-center  avia-builder-el-17  el_after_av_textblock  avia-builder-el-last '><a href=''  class='avia-button av-o8cuzx-dd45e0a824a508fa09b09d36c8d1d68c av-link-btn avia-icon_select-no avia-size-large avia-position-center avia-color-theme-color'   aria-label=\"Poznaj Livespace\"><span class='avia_iconbox_title' >Poznaj Livespace<\/span><\/a><\/div><\/p><\/div><\/p>\n<\/div><\/div><\/div>\n<div style='text-align:center' class='yasr-auto-insert-visitor'><\/div>","protected":false},"excerpt":{"rendered":"","protected":false},"author":10,"featured_media":0,"parent":3189,"menu_order":0,"comment_status":"open","ping_status":"open","template":"","meta":{"_acf_changed":false,"inline_featured_image":false,"yasr_overall_rating":0,"yasr_post_is_review":"","yasr_auto_insert_disabled":"","yasr_review_type":"","footnotes":""},"class_list":["post-25197","page","type-page","status-publish","hentry"],"yasr_visitor_votes":{"stars_attributes":{"read_only":false,"span_bottom":false},"number_of_votes":8,"sum_votes":40},"acf":[],"yoast_head":"<!-- This site is optimized with the Yoast SEO plugin v27.3 - https:\/\/yoast.com\/product\/yoast-seo-wordpress\/ -->\n<title>Ebook: 21 b\u0142\u0119d\u00f3w, kt\u00f3re niszcz\u0105 Twoje plany sprzeda\u017cowe<\/title>\n<meta name=\"description\" content=\"Dowiedz si\u0119, jakich b\u0142\u0119d\u00f3w nie pope\u0142nia\u0107 w sprzeda\u017cy.\" \/>\n<meta name=\"robots\" content=\"index, follow, max-snippet:-1, max-image-preview:large, max-video-preview:-1\" \/>\n<link rel=\"canonical\" href=\"https:\/\/www.livespace.io\/pl\/publikacje\/ebook-21-bledow-ktore-niszcza-plany-sprzedazowe\/\" \/>\n<meta property=\"og:locale\" content=\"pl_PL\" \/>\n<meta property=\"og:type\" content=\"article\" \/>\n<meta property=\"og:title\" content=\"Ebook: 21 b\u0142\u0119d\u00f3w, kt\u00f3re niszcz\u0105 Twoje plany sprzeda\u017cowe\" \/>\n<meta property=\"og:description\" content=\"Dowiedz si\u0119, jakich b\u0142\u0119d\u00f3w nie pope\u0142nia\u0107 w sprzeda\u017cy.\" \/>\n<meta property=\"og:url\" content=\"https:\/\/www.livespace.io\/pl\/publikacje\/ebook-21-bledow-ktore-niszcza-plany-sprzedazowe\/\" \/>\n<meta property=\"og:site_name\" content=\"Livespace CRM\" \/>\n<meta property=\"article:modified_time\" content=\"2022-10-20T12:49:00+00:00\" \/>\n<meta property=\"og:image\" content=\"https:\/\/www.livespace.io\/wp-content\/uploads\/2017\/08\/ls-ebook-21b-preview.png\" \/>\n\t<meta property=\"og:image:width\" content=\"1200\" \/>\n\t<meta property=\"og:image:height\" content=\"628\" \/>\n\t<meta property=\"og:image:type\" content=\"image\/png\" \/>\n<meta name=\"twitter:card\" content=\"summary_large_image\" \/>\n<meta name=\"twitter:label1\" content=\"Szacowany czas czytania\" \/>\n\t<meta name=\"twitter:data1\" content=\"5 minut\" \/>\n<script type=\"application\/ld+json\" class=\"yoast-schema-graph\">{\"@context\":\"https:\\\/\\\/schema.org\",\"@graph\":[{\"@type\":\"WebPage\",\"@id\":\"https:\\\/\\\/www.livespace.io\\\/pl\\\/publikacje\\\/ebook-21-bledow-ktore-niszcza-plany-sprzedazowe\\\/\",\"url\":\"https:\\\/\\\/www.livespace.io\\\/pl\\\/publikacje\\\/ebook-21-bledow-ktore-niszcza-plany-sprzedazowe\\\/\",\"name\":\"Ebook: 21 b\u0142\u0119d\u00f3w, kt\u00f3re niszcz\u0105 Twoje plany sprzeda\u017cowe\",\"isPartOf\":{\"@id\":\"https:\\\/\\\/www.livespace.io\\\/pl\\\/#website\"},\"primaryImageOfPage\":{\"@id\":\"https:\\\/\\\/www.livespace.io\\\/pl\\\/publikacje\\\/ebook-21-bledow-ktore-niszcza-plany-sprzedazowe\\\/#primaryimage\"},\"image\":{\"@id\":\"https:\\\/\\\/www.livespace.io\\\/pl\\\/publikacje\\\/ebook-21-bledow-ktore-niszcza-plany-sprzedazowe\\\/#primaryimage\"},\"thumbnailUrl\":\"https:\\\/\\\/www.livespace.io\\\/wp-content\\\/uploads\\\/2017\\\/08\\\/Livespace_Ebook_21-preview.png\",\"datePublished\":\"2018-10-18T21:29:20+00:00\",\"dateModified\":\"2022-10-20T12:49:00+00:00\",\"description\":\"Dowiedz si\u0119, jakich b\u0142\u0119d\u00f3w nie pope\u0142nia\u0107 w sprzeda\u017cy.\",\"breadcrumb\":{\"@id\":\"https:\\\/\\\/www.livespace.io\\\/pl\\\/publikacje\\\/ebook-21-bledow-ktore-niszcza-plany-sprzedazowe\\\/#breadcrumb\"},\"inLanguage\":\"pl-PL\",\"potentialAction\":[{\"@type\":\"ReadAction\",\"target\":[\"https:\\\/\\\/www.livespace.io\\\/pl\\\/publikacje\\\/ebook-21-bledow-ktore-niszcza-plany-sprzedazowe\\\/\"]}]},{\"@type\":\"ImageObject\",\"inLanguage\":\"pl-PL\",\"@id\":\"https:\\\/\\\/www.livespace.io\\\/pl\\\/publikacje\\\/ebook-21-bledow-ktore-niszcza-plany-sprzedazowe\\\/#primaryimage\",\"url\":\"https:\\\/\\\/www.livespace.io\\\/wp-content\\\/uploads\\\/2017\\\/08\\\/Livespace_Ebook_21-preview.png\",\"contentUrl\":\"https:\\\/\\\/www.livespace.io\\\/wp-content\\\/uploads\\\/2017\\\/08\\\/Livespace_Ebook_21-preview.png\"},{\"@type\":\"BreadcrumbList\",\"@id\":\"https:\\\/\\\/www.livespace.io\\\/pl\\\/publikacje\\\/ebook-21-bledow-ktore-niszcza-plany-sprzedazowe\\\/#breadcrumb\",\"itemListElement\":[{\"@type\":\"ListItem\",\"position\":1,\"name\":\"Publikacje\",\"item\":\"https:\\\/\\\/www.livespace.io\\\/pl\\\/publikacje\\\/\"},{\"@type\":\"ListItem\",\"position\":2,\"name\":\"Ebook &#8211; 21 b\u0142\u0119d\u00f3w, kt\u00f3re niszcz\u0105 Twoje plany sprzeda\u017cowe\"}]},{\"@type\":\"WebSite\",\"@id\":\"https:\\\/\\\/www.livespace.io\\\/pl\\\/#website\",\"url\":\"https:\\\/\\\/www.livespace.io\\\/pl\\\/\",\"name\":\"Livespace CRM\",\"description\":\"sell smarter\",\"publisher\":{\"@id\":\"https:\\\/\\\/www.livespace.io\\\/pl\\\/#organization\"},\"potentialAction\":[{\"@type\":\"SearchAction\",\"target\":{\"@type\":\"EntryPoint\",\"urlTemplate\":\"https:\\\/\\\/www.livespace.io\\\/pl\\\/?s={search_term_string}\"},\"query-input\":{\"@type\":\"PropertyValueSpecification\",\"valueRequired\":true,\"valueName\":\"search_term_string\"}}],\"inLanguage\":\"pl-PL\"},{\"@type\":\"Organization\",\"@id\":\"https:\\\/\\\/www.livespace.io\\\/pl\\\/#organization\",\"name\":\"Livespace.io\",\"url\":\"https:\\\/\\\/www.livespace.io\\\/pl\\\/\",\"logo\":{\"@type\":\"ImageObject\",\"inLanguage\":\"pl-PL\",\"@id\":\"https:\\\/\\\/www.livespace.io\\\/pl\\\/#\\\/schema\\\/logo\\\/image\\\/\",\"url\":\"https:\\\/\\\/www.livespace.io\\\/wp-content\\\/uploads\\\/2021\\\/09\\\/livespace-logo.png\",\"contentUrl\":\"https:\\\/\\\/www.livespace.io\\\/wp-content\\\/uploads\\\/2021\\\/09\\\/livespace-logo.png\",\"width\":204,\"height\":54,\"caption\":\"Livespace.io\"},\"image\":{\"@id\":\"https:\\\/\\\/www.livespace.io\\\/pl\\\/#\\\/schema\\\/logo\\\/image\\\/\"}}]}<\/script>\n<!-- \/ Yoast SEO plugin. -->","yoast_head_json":{"title":"Ebook: 21 b\u0142\u0119d\u00f3w, kt\u00f3re niszcz\u0105 Twoje plany sprzeda\u017cowe","description":"Dowiedz si\u0119, jakich b\u0142\u0119d\u00f3w nie pope\u0142nia\u0107 w sprzeda\u017cy.","robots":{"index":"index","follow":"follow","max-snippet":"max-snippet:-1","max-image-preview":"max-image-preview:large","max-video-preview":"max-video-preview:-1"},"canonical":"https:\/\/www.livespace.io\/pl\/publikacje\/ebook-21-bledow-ktore-niszcza-plany-sprzedazowe\/","og_locale":"pl_PL","og_type":"article","og_title":"Ebook: 21 b\u0142\u0119d\u00f3w, kt\u00f3re niszcz\u0105 Twoje plany sprzeda\u017cowe","og_description":"Dowiedz si\u0119, jakich b\u0142\u0119d\u00f3w nie pope\u0142nia\u0107 w sprzeda\u017cy.","og_url":"https:\/\/www.livespace.io\/pl\/publikacje\/ebook-21-bledow-ktore-niszcza-plany-sprzedazowe\/","og_site_name":"Livespace CRM","article_modified_time":"2022-10-20T12:49:00+00:00","og_image":[{"width":1200,"height":628,"url":"https:\/\/www.livespace.io\/wp-content\/uploads\/2017\/08\/ls-ebook-21b-preview.png","type":"image\/png"}],"twitter_card":"summary_large_image","twitter_misc":{"Szacowany czas czytania":"5 minut"},"schema":{"@context":"https:\/\/schema.org","@graph":[{"@type":"WebPage","@id":"https:\/\/www.livespace.io\/pl\/publikacje\/ebook-21-bledow-ktore-niszcza-plany-sprzedazowe\/","url":"https:\/\/www.livespace.io\/pl\/publikacje\/ebook-21-bledow-ktore-niszcza-plany-sprzedazowe\/","name":"Ebook: 21 b\u0142\u0119d\u00f3w, kt\u00f3re niszcz\u0105 Twoje plany sprzeda\u017cowe","isPartOf":{"@id":"https:\/\/www.livespace.io\/pl\/#website"},"primaryImageOfPage":{"@id":"https:\/\/www.livespace.io\/pl\/publikacje\/ebook-21-bledow-ktore-niszcza-plany-sprzedazowe\/#primaryimage"},"image":{"@id":"https:\/\/www.livespace.io\/pl\/publikacje\/ebook-21-bledow-ktore-niszcza-plany-sprzedazowe\/#primaryimage"},"thumbnailUrl":"https:\/\/www.livespace.io\/wp-content\/uploads\/2017\/08\/Livespace_Ebook_21-preview.png","datePublished":"2018-10-18T21:29:20+00:00","dateModified":"2022-10-20T12:49:00+00:00","description":"Dowiedz si\u0119, jakich b\u0142\u0119d\u00f3w nie pope\u0142nia\u0107 w sprzeda\u017cy.","breadcrumb":{"@id":"https:\/\/www.livespace.io\/pl\/publikacje\/ebook-21-bledow-ktore-niszcza-plany-sprzedazowe\/#breadcrumb"},"inLanguage":"pl-PL","potentialAction":[{"@type":"ReadAction","target":["https:\/\/www.livespace.io\/pl\/publikacje\/ebook-21-bledow-ktore-niszcza-plany-sprzedazowe\/"]}]},{"@type":"ImageObject","inLanguage":"pl-PL","@id":"https:\/\/www.livespace.io\/pl\/publikacje\/ebook-21-bledow-ktore-niszcza-plany-sprzedazowe\/#primaryimage","url":"https:\/\/www.livespace.io\/wp-content\/uploads\/2017\/08\/Livespace_Ebook_21-preview.png","contentUrl":"https:\/\/www.livespace.io\/wp-content\/uploads\/2017\/08\/Livespace_Ebook_21-preview.png"},{"@type":"BreadcrumbList","@id":"https:\/\/www.livespace.io\/pl\/publikacje\/ebook-21-bledow-ktore-niszcza-plany-sprzedazowe\/#breadcrumb","itemListElement":[{"@type":"ListItem","position":1,"name":"Publikacje","item":"https:\/\/www.livespace.io\/pl\/publikacje\/"},{"@type":"ListItem","position":2,"name":"Ebook &#8211; 21 b\u0142\u0119d\u00f3w, kt\u00f3re niszcz\u0105 Twoje plany sprzeda\u017cowe"}]},{"@type":"WebSite","@id":"https:\/\/www.livespace.io\/pl\/#website","url":"https:\/\/www.livespace.io\/pl\/","name":"Livespace CRM","description":"sell smarter","publisher":{"@id":"https:\/\/www.livespace.io\/pl\/#organization"},"potentialAction":[{"@type":"SearchAction","target":{"@type":"EntryPoint","urlTemplate":"https:\/\/www.livespace.io\/pl\/?s={search_term_string}"},"query-input":{"@type":"PropertyValueSpecification","valueRequired":true,"valueName":"search_term_string"}}],"inLanguage":"pl-PL"},{"@type":"Organization","@id":"https:\/\/www.livespace.io\/pl\/#organization","name":"Livespace.io","url":"https:\/\/www.livespace.io\/pl\/","logo":{"@type":"ImageObject","inLanguage":"pl-PL","@id":"https:\/\/www.livespace.io\/pl\/#\/schema\/logo\/image\/","url":"https:\/\/www.livespace.io\/wp-content\/uploads\/2021\/09\/livespace-logo.png","contentUrl":"https:\/\/www.livespace.io\/wp-content\/uploads\/2021\/09\/livespace-logo.png","width":204,"height":54,"caption":"Livespace.io"},"image":{"@id":"https:\/\/www.livespace.io\/pl\/#\/schema\/logo\/image\/"}}]}},"_links":{"self":[{"href":"https:\/\/www.livespace.io\/pl\/wp-json\/wp\/v2\/pages\/25197","targetHints":{"allow":["GET"]}}],"collection":[{"href":"https:\/\/www.livespace.io\/pl\/wp-json\/wp\/v2\/pages"}],"about":[{"href":"https:\/\/www.livespace.io\/pl\/wp-json\/wp\/v2\/types\/page"}],"author":[{"embeddable":true,"href":"https:\/\/www.livespace.io\/pl\/wp-json\/wp\/v2\/users\/10"}],"replies":[{"embeddable":true,"href":"https:\/\/www.livespace.io\/pl\/wp-json\/wp\/v2\/comments?post=25197"}],"version-history":[{"count":0,"href":"https:\/\/www.livespace.io\/pl\/wp-json\/wp\/v2\/pages\/25197\/revisions"}],"up":[{"embeddable":true,"href":"https:\/\/www.livespace.io\/pl\/wp-json\/wp\/v2\/pages\/3189"}],"wp:attachment":[{"href":"https:\/\/www.livespace.io\/pl\/wp-json\/wp\/v2\/media?parent=25197"}],"curies":[{"name":"wp","href":"https:\/\/api.w.org\/{rel}","templated":true}]}}