{"id":25166,"date":"2018-10-18T22:45:29","date_gmt":"2018-10-18T20:45:29","guid":{"rendered":"http:\/\/www.livespace.app\/?page_id=25166"},"modified":"2022-10-20T14:33:14","modified_gmt":"2022-10-20T12:33:14","slug":"ebook-skuteczny-proces-sprzedazy","status":"publish","type":"page","link":"https:\/\/www.livespace.io\/pl\/publikacje\/ebook-skuteczny-proces-sprzedazy\/","title":{"rendered":"Ebook &#8211; Skuteczny proces sprzeda\u017cy"},"content":{"rendered":"<div id='av_section_1'  class='avia-section av-snuvxq-621d6be3321a254952bcb53ad55d66a5 main_color avia-section-small avia-no-shadow  avia-builder-el-0  el_before_av_codeblock  avia-builder-el-first  avia-bg-style-fixed container_wrap fullsize'  ><div class='container av-section-cont-open' ><main  role=\"main\" itemprop=\"mainContentOfPage\"  class='template-page content  av-content-full alpha units'><div class='post-entry post-entry-type-page post-entry-25166'><div class='entry-content-wrapper clearfix'>\n<section  class='av_textblock_section av-7eb5a9a-bf3176c4ef88f50bf25437d2fc17ba25 '   itemscope=\"itemscope\" itemtype=\"https:\/\/schema.org\/CreativeWork\" ><div class='avia_textblock'  itemprop=\"text\" ><h1 style=\"text-align: center;\">Ebook &#8211; Skuteczny proces sprzeda\u017cy<\/h1>\n<\/div><\/section>\n<\/div><\/div><\/main><!-- close content main element --><\/div><\/div><div id='after_section_1'  class='main_color av_default_container_wrap container_wrap fullsize'  ><div class='container av-section-cont-open' ><div class='template-page content  av-content-full alpha units'><div class='post-entry post-entry-type-page post-entry-25166'><div class='entry-content-wrapper clearfix'>\n\n<\/div><\/div><\/div><!-- close content main div --><\/div><\/div><div id='av-layout-grid-1'  class='av-layout-grid-container av-6ize06m-ad0f655a240e2b50767fe64a980aa086 entry-content-wrapper main_color av-flex-cells  avia-builder-el-3  el_after_av_codeblock  avia-builder-el-last  shd-container ls-content-container grid-row-not-first  container_wrap fullsize'  >\n\n<style type=\"text\/css\" data-created_by=\"avia_inline_auto\" id=\"style-css-av-61fgipa-239c53fbe8b96f38918202f0abde15ae\">\n.flex_cell.av-61fgipa-239c53fbe8b96f38918202f0abde15ae{\nvertical-align:top;\n}\n.responsive #top #wrap_all .flex_cell.av-61fgipa-239c53fbe8b96f38918202f0abde15ae{\npadding:30px 30px 30px 30px !important;\n}\n<\/style>\n<div class='flex_cell av-61fgipa-239c53fbe8b96f38918202f0abde15ae av-gridrow-cell av_three_fifth no_margin  avia-builder-el-4  el_before_av_cell_two_fifth  avia-builder-el-first  content-align-top'  ><div class='flex_cell_inner'><div  class='flex_column av-5wqq9v2-16a961c3b4c77a9f2756715c1f768bbb av_one_full  avia-builder-el-5  avia-builder-el-no-sibling  first flex_column_div  '     ><p>\n<style type=\"text\/css\" data-created_by=\"avia_inline_auto\" id=\"style-css-av-5g9ftji-870464aa20685a1be4e5a0f6a2058c11\">\n#top .av-special-heading.av-5g9ftji-870464aa20685a1be4e5a0f6a2058c11{\npadding-bottom:10px;\n}\nbody .av-special-heading.av-5g9ftji-870464aa20685a1be4e5a0f6a2058c11 .av-special-heading-tag .heading-char{\nfont-size:25px;\n}\n.av-special-heading.av-5g9ftji-870464aa20685a1be4e5a0f6a2058c11 .av-subheading{\nfont-size:15px;\n}\n<\/style>\n<div  class='av-special-heading av-5g9ftji-870464aa20685a1be4e5a0f6a2058c11 av-special-heading-h3  avia-builder-el-6  el_before_av_textblock  avia-builder-el-first '><h3 class='av-special-heading-tag '  itemprop=\"headline\"  >O czym jest ten materia\u0142?<\/h3><div class=\"special-heading-border\"><div class=\"special-heading-inner-border\"><\/div><\/div><\/div><br \/>\n<section  class='av_textblock_section av-4r8zu8e-956f116072382c809cec3096d49659b5 '   itemscope=\"itemscope\" itemtype=\"https:\/\/schema.org\/CreativeWork\" ><div class='avia_textblock'  itemprop=\"text\" ><p><span style=\"color: #000000;\"><span style=\"color: #444444;\">Z ebooka dowiesz si\u0119 m.in.:<\/span><\/span><\/p>\n<ul style=\"color: #444444;\">\n<li style=\"font-style: inherit; color: black;\">Czym jest proces sprzeda\u017cy,<\/li>\n<li style=\"font-style: inherit; color: black;\">Jak wygl\u0105da przyk\u0142adowy proces w B2B,<\/li>\n<li style=\"font-style: inherit; color: black;\">Czy lepiej mie\u0107 jeden, czy wiele proces\u00f3w,<\/li>\n<li style=\"font-style: inherit; color: black;\">Czy zmienia\u0107 opiekuna sprzeda\u017cy w trakcie jej trwania,<\/li>\n<li style=\"font-style: inherit; color: black;\">Jak i po co analizowa\u0107 proces sprzeda\u017cy,<\/li>\n<li style=\"font-style: inherit; color: black;\">Jak to dzia\u0142a w Livespace.<\/li>\n<\/ul>\n<\/div><\/section><br \/>\n<section  class='av_textblock_section av-4iiztse-c7dcb19c460ff18d9c1b24f0c14bf42f '   itemscope=\"itemscope\" itemtype=\"https:\/\/schema.org\/CreativeWork\" ><div class='avia_textblock'  itemprop=\"text\" ><p><img decoding=\"async\" class=\"alignnone size-medium wp-image-3826\" src=\"https:\/\/www.livespace.io\/wp-content\/uploads\/2015\/01\/ebook-proces-sprzedazy-fb-share-300x300.png\" alt=\"ebook-proces-sprzedazy-fb-share\" width=\"300\" height=\"300\" srcset=\"https:\/\/www.livespace.io\/wp-content\/uploads\/2015\/01\/ebook-proces-sprzedazy-fb-share-300x300.png 300w, https:\/\/www.livespace.io\/wp-content\/uploads\/2015\/01\/ebook-proces-sprzedazy-fb-share-80x80.png 80w, https:\/\/www.livespace.io\/wp-content\/uploads\/2015\/01\/ebook-proces-sprzedazy-fb-share-36x36.png 36w, https:\/\/www.livespace.io\/wp-content\/uploads\/2015\/01\/ebook-proces-sprzedazy-fb-share-180x180.png 180w, https:\/\/www.livespace.io\/wp-content\/uploads\/2015\/01\/ebook-proces-sprzedazy-fb-share-120x120.png 120w, https:\/\/www.livespace.io\/wp-content\/uploads\/2015\/01\/ebook-proces-sprzedazy-fb-share.png 309w\" sizes=\"(max-width: 300px) 100vw, 300px\" \/><\/p>\n<\/div><\/section><br \/>\n<section  class='av_textblock_section av-3u8qx3i-129e366e884e4da2a5ab72a8f9176a23 '   itemscope=\"itemscope\" itemtype=\"https:\/\/schema.org\/CreativeWork\" ><div class='avia_textblock'  itemprop=\"text\" ><p style=\"text-align: center;\"><em>94% klient\u00f3w Livespace uzna\u0142o nasze materia\u0142y edukacyjne,<br \/>\ntakie jak blog, pomoc i webinaria za przydatne!<\/em><\/p>\n<\/div><\/section><\/p><\/div>\n<\/div><\/div>\n<style type=\"text\/css\" data-created_by=\"avia_inline_auto\" id=\"style-css-av-3j7gd4e-5887eeeeb7de0f45c97ae988abd8227d\">\n.flex_cell.av-3j7gd4e-5887eeeeb7de0f45c97ae988abd8227d{\nvertical-align:top;\n}\n.responsive #top #wrap_all .flex_cell.av-3j7gd4e-5887eeeeb7de0f45c97ae988abd8227d{\npadding:30px 30px 30px 30px !important;\n}\n<\/style>\n<div class='flex_cell av-3j7gd4e-5887eeeeb7de0f45c97ae988abd8227d av-gridrow-cell av_two_fifth no_margin  avia-builder-el-10  el_after_av_cell_three_fifth  avia-builder-el-last  ls-content-right-col content-align-top'  ><div class='flex_cell_inner'><p>\n<style type=\"text\/css\" data-created_by=\"avia_inline_auto\" id=\"style-css-av-37h3gku-d87e8055ecd745185aa9fe67520fc901\">\n.flex_column.av-37h3gku-d87e8055ecd745185aa9fe67520fc901{\nborder-radius:0px 0px 0px 0px;\npadding:0px 0px 0px 0px;\n}\n<\/style>\n<div  class='flex_column av-37h3gku-d87e8055ecd745185aa9fe67520fc901 av_one_full  avia-builder-el-11  el_before_av_one_full  avia-builder-el-first  ls-content-form-box first flex_column_div av-zero-column-padding  '     ><p><section  class='av_textblock_section av-2fpvo0e-61d3a7019456290ea69ab0172319ae3a '   itemscope=\"itemscope\" itemtype=\"https:\/\/schema.org\/CreativeWork\" ><div class='avia_textblock'  itemprop=\"text\" ><p><strong>Wype\u0142nij, aby pobra\u0107 ebook:<\/strong><\/p>\n<p><span style=\"color: #444444;\"><small>Dost\u0119p do materia\u0142u jest nieodp\u0142atny. W zamian jednak chcieliby\u015bmy mie\u0107 mo\u017cliwo\u015b\u0107 wysy\u0142ania do Ciebie drog\u0105 elektroniczn\u0105 informacji o naszych innych materia\u0142ach, us\u0142ugach lub szkoleniach.<\/small><\/span><\/p>\n<\/div><\/section><br \/>\n<div  class='av_promobox av-7mlnm6-2d1394fd939f310ecf7ed00c893672ac avia-button-no  avia-builder-el-13  el_after_av_textblock  avia-builder-el-last '><div class='avia-promocontent'><p>\n\n<div class=\"wpcf7 no-js\" id=\"wpcf7-f23536-o1\" lang=\"en-US\" dir=\"ltr\" data-wpcf7-id=\"23536\">\n<div class=\"screen-reader-response\"><p role=\"status\" aria-live=\"polite\" aria-atomic=\"true\"><\/p> <ul><\/ul><\/div>\n<form action=\"\/pl\/wp-json\/wp\/v2\/pages\/25166#wpcf7-f23536-o1\" method=\"post\" class=\"wpcf7-form init\" aria-label=\"Contact form\" novalidate=\"novalidate\" data-status=\"init\">\n<fieldset class=\"hidden-fields-container\"><input type=\"hidden\" name=\"_wpcf7\" value=\"23536\" \/><input type=\"hidden\" name=\"_wpcf7_version\" value=\"6.1.5\" \/><input type=\"hidden\" name=\"_wpcf7_locale\" value=\"en_US\" \/><input type=\"hidden\" name=\"_wpcf7_unit_tag\" value=\"wpcf7-f23536-o1\" \/><input type=\"hidden\" name=\"_wpcf7_container_post\" value=\"0\" \/><input type=\"hidden\" name=\"_wpcf7_posted_data_hash\" value=\"\" \/><input type=\"hidden\" name=\"_wpcf7dtx_version\" value=\"5.0.5\" \/>\n<\/fieldset>\n<p><span class=\"wpcf7-form-control-wrap\" data-name=\"contactname\"><input size=\"40\" maxlength=\"400\" class=\"wpcf7-form-control wpcf7-text\" aria-invalid=\"false\" placeholder=\"Imi\u0119 i nazwisko\" value=\"\" type=\"text\" name=\"contactname\" \/><\/span><span class=\"wpcf7-form-control-wrap\" data-name=\"email\"><input size=\"40\" maxlength=\"400\" class=\"wpcf7-form-control wpcf7-email wpcf7-text wpcf7-validates-as-email\" aria-invalid=\"false\" placeholder=\"Adres e-mail\" value=\"\" type=\"email\" name=\"email\" \/><\/span>\n<\/p>\n<p><input class=\"wpcf7-form-control wpcf7-submit has-spinner content-unlocked\" type=\"submit\" value=\"Pobierz\" \/>\n<\/p><div class=\"wpcf7-response-output\" aria-hidden=\"true\"><\/div>\n<\/form>\n<\/div>\n<\/p>\n<p>Administratorem danych osobowych jest Livespace sp. z o.o. z siedzib\u0105 w Warszawie. Twoje dane b\u0119d\u0105 przetwarzane w celach wysy\u0142ania naszych materia\u0142\u00f3w i naszych dzia\u0142a\u0144 marketingowych. Masz prawo m.in. do wyra\u017cenia sprzeciwu wobec przetwarzania Twoich danych. Wi\u0119cej informacji znajdziesz w <a href=\"https:\/\/www.livespace.io\/pl\/themencode-pdf-viewer\/?file=https:\/\/www.livespace.io\/files\/pl\/Livespace_polityka_prywatnosci.pdf\" target=\"_blank\" rel=\"noopener\">Polityce Prywatno\u015bci<\/a><\/p>\n<\/div><\/div><\/p><\/div>\n<style type=\"text\/css\" data-created_by=\"avia_inline_auto\" id=\"style-css-av-1opiitq-003784e8f9881984242cfe628cb64bda\">\n.flex_column.av-1opiitq-003784e8f9881984242cfe628cb64bda{\nborder-radius:0px 0px 0px 0px;\npadding:0px 0px 0px 0px;\n}\n<\/style>\n<div  class='flex_column av-1opiitq-003784e8f9881984242cfe628cb64bda av_one_full  avia-builder-el-14  el_after_av_one_full  avia-builder-el-last  ls-content-form-thankyou hide first flex_column_div av-zero-column-padding  column-top-margin'     ><section  class='av_textblock_section av-13tsmfi-1cc387bc0031abca54152209e05eed5d '   itemscope=\"itemscope\" itemtype=\"https:\/\/schema.org\/CreativeWork\" ><div class='avia_textblock'  itemprop=\"text\" ><p style=\"text-align: center;\"><img decoding=\"async\" class=\"alignnone wp-image-102155\" src=\"https:\/\/www.livespace.io\/wp-content\/uploads\/2022\/06\/Livespace-Logo-Navy.png\" alt=\"Livespace Logo\" width=\"276\" height=\"69\" srcset=\"https:\/\/www.livespace.io\/wp-content\/uploads\/2022\/06\/Livespace-Logo-Navy.png 800w, https:\/\/www.livespace.io\/wp-content\/uploads\/2022\/06\/Livespace-Logo-Navy-300x75.png 300w, https:\/\/www.livespace.io\/wp-content\/uploads\/2022\/06\/Livespace-Logo-Navy-768x192.png 768w, https:\/\/www.livespace.io\/wp-content\/uploads\/2022\/06\/Livespace-Logo-Navy-705x176.png 705w\" sizes=\"(max-width: 276px) 100vw, 276px\" \/><\/p>\n<p style=\"text-align: center;\">Najlepszy CRM do pouk\u0142adania pracy zespo\u0142u sprzedaz\u0307y, tak by kaz\u0307dy zna\u0142 swo\u0301j kolejny krok do wygrania zlecenia.<\/p>\n<\/div><\/section><br \/>\n<div  class='avia-button-wrap av-sb47la-78a109c0f8bc15d9194b1f5644b278ee-wrap avia-button-center  avia-builder-el-16  el_after_av_textblock  avia-builder-el-last '><a href=''  class='avia-button av-sb47la-78a109c0f8bc15d9194b1f5644b278ee av-link-btn avia-icon_select-no avia-size-large avia-position-center avia-color-theme-color'   aria-label=\"Poznaj Livespace\"><span class='avia_iconbox_title' >Poznaj Livespace<\/span><\/a><\/div><\/p><\/div><\/p>\n<\/div><\/div><\/div>\n<div style='text-align:center' class='yasr-auto-insert-visitor'><\/div>","protected":false},"excerpt":{"rendered":"","protected":false},"author":10,"featured_media":0,"parent":3189,"menu_order":0,"comment_status":"open","ping_status":"open","template":"","meta":{"_acf_changed":false,"inline_featured_image":false,"yasr_overall_rating":0,"yasr_post_is_review":"","yasr_auto_insert_disabled":"","yasr_review_type":"","footnotes":""},"class_list":["post-25166","page","type-page","status-publish","hentry"],"yasr_visitor_votes":{"stars_attributes":{"read_only":false,"span_bottom":false},"number_of_votes":0,"sum_votes":0},"acf":[],"yoast_head":"<!-- This site is optimized with the Yoast SEO plugin v27.3 - https:\/\/yoast.com\/product\/yoast-seo-wordpress\/ -->\n<title>Bezp\u0142atny ebook: Skuteczny proces sprzeda\u017cy<\/title>\n<meta name=\"description\" content=\"Dowiedz si\u0119, jak zaprojektowa\u0107 skuteczny proces sprzeda\u017cy.\" \/>\n<meta name=\"robots\" content=\"index, follow, max-snippet:-1, max-image-preview:large, max-video-preview:-1\" \/>\n<link rel=\"canonical\" href=\"https:\/\/www.livespace.io\/pl\/publikacje\/ebook-skuteczny-proces-sprzedazy\/\" \/>\n<meta property=\"og:locale\" content=\"pl_PL\" \/>\n<meta property=\"og:type\" content=\"article\" \/>\n<meta property=\"og:title\" content=\"Bezp\u0142atny ebook: Skuteczny proces sprzeda\u017cy\" \/>\n<meta property=\"og:description\" content=\"Dowiedz si\u0119, jak zaprojektowa\u0107 skuteczny proces sprzeda\u017cy.\" \/>\n<meta property=\"og:url\" content=\"https:\/\/www.livespace.io\/pl\/publikacje\/ebook-skuteczny-proces-sprzedazy\/\" \/>\n<meta property=\"og:site_name\" content=\"Livespace CRM\" \/>\n<meta property=\"article:modified_time\" content=\"2022-10-20T12:33:14+00:00\" \/>\n<meta property=\"og:image\" content=\"https:\/\/www.livespace.io\/wp-content\/uploads\/2015\/01\/ebook-proces-sprzedazy-fb-share.png\" \/>\n\t<meta property=\"og:image:width\" content=\"309\" \/>\n\t<meta property=\"og:image:height\" content=\"309\" \/>\n\t<meta property=\"og:image:type\" content=\"image\/png\" \/>\n<meta name=\"twitter:card\" content=\"summary_large_image\" \/>\n<meta name=\"twitter:label1\" content=\"Szacowany czas czytania\" \/>\n\t<meta name=\"twitter:data1\" content=\"4 minuty\" \/>\n<script type=\"application\/ld+json\" class=\"yoast-schema-graph\">{\"@context\":\"https:\\\/\\\/schema.org\",\"@graph\":[{\"@type\":\"WebPage\",\"@id\":\"https:\\\/\\\/www.livespace.io\\\/pl\\\/publikacje\\\/ebook-skuteczny-proces-sprzedazy\\\/\",\"url\":\"https:\\\/\\\/www.livespace.io\\\/pl\\\/publikacje\\\/ebook-skuteczny-proces-sprzedazy\\\/\",\"name\":\"Bezp\u0142atny ebook: Skuteczny proces sprzeda\u017cy\",\"isPartOf\":{\"@id\":\"https:\\\/\\\/www.livespace.io\\\/pl\\\/#website\"},\"primaryImageOfPage\":{\"@id\":\"https:\\\/\\\/www.livespace.io\\\/pl\\\/publikacje\\\/ebook-skuteczny-proces-sprzedazy\\\/#primaryimage\"},\"image\":{\"@id\":\"https:\\\/\\\/www.livespace.io\\\/pl\\\/publikacje\\\/ebook-skuteczny-proces-sprzedazy\\\/#primaryimage\"},\"thumbnailUrl\":\"https:\\\/\\\/www.livespace.io\\\/wp-content\\\/uploads\\\/2015\\\/01\\\/ebook-proces-sprzedazy-fb-share-300x300.png\",\"datePublished\":\"2018-10-18T20:45:29+00:00\",\"dateModified\":\"2022-10-20T12:33:14+00:00\",\"description\":\"Dowiedz si\u0119, jak zaprojektowa\u0107 skuteczny proces sprzeda\u017cy.\",\"breadcrumb\":{\"@id\":\"https:\\\/\\\/www.livespace.io\\\/pl\\\/publikacje\\\/ebook-skuteczny-proces-sprzedazy\\\/#breadcrumb\"},\"inLanguage\":\"pl-PL\",\"potentialAction\":[{\"@type\":\"ReadAction\",\"target\":[\"https:\\\/\\\/www.livespace.io\\\/pl\\\/publikacje\\\/ebook-skuteczny-proces-sprzedazy\\\/\"]}]},{\"@type\":\"ImageObject\",\"inLanguage\":\"pl-PL\",\"@id\":\"https:\\\/\\\/www.livespace.io\\\/pl\\\/publikacje\\\/ebook-skuteczny-proces-sprzedazy\\\/#primaryimage\",\"url\":\"https:\\\/\\\/www.livespace.io\\\/wp-content\\\/uploads\\\/2015\\\/01\\\/ebook-proces-sprzedazy-fb-share-300x300.png\",\"contentUrl\":\"https:\\\/\\\/www.livespace.io\\\/wp-content\\\/uploads\\\/2015\\\/01\\\/ebook-proces-sprzedazy-fb-share-300x300.png\"},{\"@type\":\"BreadcrumbList\",\"@id\":\"https:\\\/\\\/www.livespace.io\\\/pl\\\/publikacje\\\/ebook-skuteczny-proces-sprzedazy\\\/#breadcrumb\",\"itemListElement\":[{\"@type\":\"ListItem\",\"position\":1,\"name\":\"Publikacje\",\"item\":\"https:\\\/\\\/www.livespace.io\\\/pl\\\/publikacje\\\/\"},{\"@type\":\"ListItem\",\"position\":2,\"name\":\"Ebook &#8211; Skuteczny proces sprzeda\u017cy\"}]},{\"@type\":\"WebSite\",\"@id\":\"https:\\\/\\\/www.livespace.io\\\/pl\\\/#website\",\"url\":\"https:\\\/\\\/www.livespace.io\\\/pl\\\/\",\"name\":\"Livespace CRM\",\"description\":\"sell smarter\",\"publisher\":{\"@id\":\"https:\\\/\\\/www.livespace.io\\\/pl\\\/#organization\"},\"potentialAction\":[{\"@type\":\"SearchAction\",\"target\":{\"@type\":\"EntryPoint\",\"urlTemplate\":\"https:\\\/\\\/www.livespace.io\\\/pl\\\/?s={search_term_string}\"},\"query-input\":{\"@type\":\"PropertyValueSpecification\",\"valueRequired\":true,\"valueName\":\"search_term_string\"}}],\"inLanguage\":\"pl-PL\"},{\"@type\":\"Organization\",\"@id\":\"https:\\\/\\\/www.livespace.io\\\/pl\\\/#organization\",\"name\":\"Livespace.io\",\"url\":\"https:\\\/\\\/www.livespace.io\\\/pl\\\/\",\"logo\":{\"@type\":\"ImageObject\",\"inLanguage\":\"pl-PL\",\"@id\":\"https:\\\/\\\/www.livespace.io\\\/pl\\\/#\\\/schema\\\/logo\\\/image\\\/\",\"url\":\"https:\\\/\\\/www.livespace.io\\\/wp-content\\\/uploads\\\/2021\\\/09\\\/livespace-logo.png\",\"contentUrl\":\"https:\\\/\\\/www.livespace.io\\\/wp-content\\\/uploads\\\/2021\\\/09\\\/livespace-logo.png\",\"width\":204,\"height\":54,\"caption\":\"Livespace.io\"},\"image\":{\"@id\":\"https:\\\/\\\/www.livespace.io\\\/pl\\\/#\\\/schema\\\/logo\\\/image\\\/\"}}]}<\/script>\n<!-- \/ Yoast SEO plugin. -->","yoast_head_json":{"title":"Bezp\u0142atny ebook: Skuteczny proces sprzeda\u017cy","description":"Dowiedz si\u0119, jak zaprojektowa\u0107 skuteczny proces sprzeda\u017cy.","robots":{"index":"index","follow":"follow","max-snippet":"max-snippet:-1","max-image-preview":"max-image-preview:large","max-video-preview":"max-video-preview:-1"},"canonical":"https:\/\/www.livespace.io\/pl\/publikacje\/ebook-skuteczny-proces-sprzedazy\/","og_locale":"pl_PL","og_type":"article","og_title":"Bezp\u0142atny ebook: Skuteczny proces sprzeda\u017cy","og_description":"Dowiedz si\u0119, jak zaprojektowa\u0107 skuteczny proces sprzeda\u017cy.","og_url":"https:\/\/www.livespace.io\/pl\/publikacje\/ebook-skuteczny-proces-sprzedazy\/","og_site_name":"Livespace CRM","article_modified_time":"2022-10-20T12:33:14+00:00","og_image":[{"width":309,"height":309,"url":"https:\/\/www.livespace.io\/wp-content\/uploads\/2015\/01\/ebook-proces-sprzedazy-fb-share.png","type":"image\/png"}],"twitter_card":"summary_large_image","twitter_misc":{"Szacowany czas czytania":"4 minuty"},"schema":{"@context":"https:\/\/schema.org","@graph":[{"@type":"WebPage","@id":"https:\/\/www.livespace.io\/pl\/publikacje\/ebook-skuteczny-proces-sprzedazy\/","url":"https:\/\/www.livespace.io\/pl\/publikacje\/ebook-skuteczny-proces-sprzedazy\/","name":"Bezp\u0142atny ebook: Skuteczny proces sprzeda\u017cy","isPartOf":{"@id":"https:\/\/www.livespace.io\/pl\/#website"},"primaryImageOfPage":{"@id":"https:\/\/www.livespace.io\/pl\/publikacje\/ebook-skuteczny-proces-sprzedazy\/#primaryimage"},"image":{"@id":"https:\/\/www.livespace.io\/pl\/publikacje\/ebook-skuteczny-proces-sprzedazy\/#primaryimage"},"thumbnailUrl":"https:\/\/www.livespace.io\/wp-content\/uploads\/2015\/01\/ebook-proces-sprzedazy-fb-share-300x300.png","datePublished":"2018-10-18T20:45:29+00:00","dateModified":"2022-10-20T12:33:14+00:00","description":"Dowiedz si\u0119, jak zaprojektowa\u0107 skuteczny proces sprzeda\u017cy.","breadcrumb":{"@id":"https:\/\/www.livespace.io\/pl\/publikacje\/ebook-skuteczny-proces-sprzedazy\/#breadcrumb"},"inLanguage":"pl-PL","potentialAction":[{"@type":"ReadAction","target":["https:\/\/www.livespace.io\/pl\/publikacje\/ebook-skuteczny-proces-sprzedazy\/"]}]},{"@type":"ImageObject","inLanguage":"pl-PL","@id":"https:\/\/www.livespace.io\/pl\/publikacje\/ebook-skuteczny-proces-sprzedazy\/#primaryimage","url":"https:\/\/www.livespace.io\/wp-content\/uploads\/2015\/01\/ebook-proces-sprzedazy-fb-share-300x300.png","contentUrl":"https:\/\/www.livespace.io\/wp-content\/uploads\/2015\/01\/ebook-proces-sprzedazy-fb-share-300x300.png"},{"@type":"BreadcrumbList","@id":"https:\/\/www.livespace.io\/pl\/publikacje\/ebook-skuteczny-proces-sprzedazy\/#breadcrumb","itemListElement":[{"@type":"ListItem","position":1,"name":"Publikacje","item":"https:\/\/www.livespace.io\/pl\/publikacje\/"},{"@type":"ListItem","position":2,"name":"Ebook &#8211; Skuteczny proces sprzeda\u017cy"}]},{"@type":"WebSite","@id":"https:\/\/www.livespace.io\/pl\/#website","url":"https:\/\/www.livespace.io\/pl\/","name":"Livespace CRM","description":"sell smarter","publisher":{"@id":"https:\/\/www.livespace.io\/pl\/#organization"},"potentialAction":[{"@type":"SearchAction","target":{"@type":"EntryPoint","urlTemplate":"https:\/\/www.livespace.io\/pl\/?s={search_term_string}"},"query-input":{"@type":"PropertyValueSpecification","valueRequired":true,"valueName":"search_term_string"}}],"inLanguage":"pl-PL"},{"@type":"Organization","@id":"https:\/\/www.livespace.io\/pl\/#organization","name":"Livespace.io","url":"https:\/\/www.livespace.io\/pl\/","logo":{"@type":"ImageObject","inLanguage":"pl-PL","@id":"https:\/\/www.livespace.io\/pl\/#\/schema\/logo\/image\/","url":"https:\/\/www.livespace.io\/wp-content\/uploads\/2021\/09\/livespace-logo.png","contentUrl":"https:\/\/www.livespace.io\/wp-content\/uploads\/2021\/09\/livespace-logo.png","width":204,"height":54,"caption":"Livespace.io"},"image":{"@id":"https:\/\/www.livespace.io\/pl\/#\/schema\/logo\/image\/"}}]}},"_links":{"self":[{"href":"https:\/\/www.livespace.io\/pl\/wp-json\/wp\/v2\/pages\/25166","targetHints":{"allow":["GET"]}}],"collection":[{"href":"https:\/\/www.livespace.io\/pl\/wp-json\/wp\/v2\/pages"}],"about":[{"href":"https:\/\/www.livespace.io\/pl\/wp-json\/wp\/v2\/types\/page"}],"author":[{"embeddable":true,"href":"https:\/\/www.livespace.io\/pl\/wp-json\/wp\/v2\/users\/10"}],"replies":[{"embeddable":true,"href":"https:\/\/www.livespace.io\/pl\/wp-json\/wp\/v2\/comments?post=25166"}],"version-history":[{"count":1,"href":"https:\/\/www.livespace.io\/pl\/wp-json\/wp\/v2\/pages\/25166\/revisions"}],"predecessor-version":[{"id":112409,"href":"https:\/\/www.livespace.io\/pl\/wp-json\/wp\/v2\/pages\/25166\/revisions\/112409"}],"up":[{"embeddable":true,"href":"https:\/\/www.livespace.io\/pl\/wp-json\/wp\/v2\/pages\/3189"}],"wp:attachment":[{"href":"https:\/\/www.livespace.io\/pl\/wp-json\/wp\/v2\/media?parent=25166"}],"curies":[{"name":"wp","href":"https:\/\/api.w.org\/{rel}","templated":true}]}}