{"id":25021,"date":"2018-10-18T19:34:01","date_gmt":"2018-10-18T17:34:01","guid":{"rendered":"http:\/\/www.livespace.app\/?page_id=25021"},"modified":"2026-04-02T07:49:52","modified_gmt":"2026-04-02T05:49:52","slug":"jak-rodo-wplynie-na-dzialania-sprzedazowe","status":"publish","type":"page","link":"https:\/\/www.livespace.io\/pl\/webinaria\/jak-rodo-wplynie-na-dzialania-sprzedazowe\/","title":{"rendered":"Jak RODO wp\u0142ynie na dzia\u0142ania sprzeda\u017cowe"},"content":{"rendered":"<div id='av_section_1'  class='avia-section av-a1eb5wd-5896743bb16fae753b4f5fcbe1a75ac3 main_color avia-section-small avia-no-shadow  avia-builder-el-0  el_before_av_codeblock  avia-builder-el-first  av-desktop-hide av-medium-hide av-small-hide av-mini-hide avia-bg-style-fixed container_wrap fullsize'  ><div class='container av-section-cont-open' ><main  role=\"main\" itemprop=\"mainContentOfPage\"  class='template-page content  av-content-full alpha units'><div class='post-entry post-entry-type-page post-entry-25021'><div class='entry-content-wrapper clearfix'>\n<\/div><\/div><\/main><!-- close content main element --><\/div><\/div><div id='after_section_1'  class='main_color av_default_container_wrap container_wrap fullsize'  ><div class='container av-section-cont-open' ><div class='template-page content  av-content-full alpha units'><div class='post-entry post-entry-type-page post-entry-25021'><div class='entry-content-wrapper clearfix'><\/p>\n<\/div><\/div><\/div><!-- close content main div --><\/div><\/div><div id='av-layout-grid-1'  class='av-layout-grid-container av-v0xq65-1bfe03d11d0e4fcd3714fb3c61a72f85 entry-content-wrapper main_color av-flex-cells  avia-builder-el-2  el_after_av_codeblock  el_before_av_one_full  ls-content-container grid-row-not-first  container_wrap fullsize'  >\n\n<style type=\"text\/css\" data-created_by=\"avia_inline_auto\" id=\"style-css-av-84xn0xp-c130c701bfd9bf579c73e336dd37688f\">\n.flex_cell.av-84xn0xp-c130c701bfd9bf579c73e336dd37688f{\nvertical-align:top;\n}\n.responsive #top #wrap_all .flex_cell.av-84xn0xp-c130c701bfd9bf579c73e336dd37688f{\npadding:0 30px 30px 30px !important;\n}\n<\/style>\n<div class='flex_cell av-84xn0xp-c130c701bfd9bf579c73e336dd37688f av-gridrow-cell av_three_fifth no_margin  avia-builder-el-3  el_before_av_cell_two_fifth  avia-builder-el-first  content-align-top'  ><div class='flex_cell_inner'>\n<style type=\"text\/css\" data-created_by=\"avia_inline_auto\" id=\"style-css-av-7mfaoot-0c50901a1020bca9606e81d0567ba4b0\">\n.flex_column.av-7mfaoot-0c50901a1020bca9606e81d0567ba4b0{\nborder-radius:0px 0px 0px 0px;\npadding:0px 0px 0px 0px;\n}\n<\/style>\n<div  class='flex_column av-7mfaoot-0c50901a1020bca9606e81d0567ba4b0 av_one_full  avia-builder-el-4  avia-builder-el-no-sibling  first flex_column_div av-zero-column-padding  '     ><p><section  class='av_textblock_section av-7b06vh9-c3f54c3dee67d8c707a1ab7af2ca258e '   itemscope=\"itemscope\" itemtype=\"https:\/\/schema.org\/CreativeWork\" ><div class='avia_textblock'  itemprop=\"text\" ><p><strong>Webinarium dla praktyk\u00f3w sprzeda\u017cy<\/strong><\/p>\n<\/div><\/section><br \/>\n<section  class='av_textblock_section av-6mj9wt9-50e4901551fc5c0b73c92d1a717d5a04 '   itemscope=\"itemscope\" itemtype=\"https:\/\/schema.org\/CreativeWork\" ><div class='avia_textblock'  itemprop=\"text\" ><p><strong>Ze szkolenia dowiesz si\u0119:<\/strong><\/p>\n<p>1. Jak legalnie tworzy\u0107 bazy klient\u00f3w,<\/p>\n<p class=\"p1\">2. Jak bezpiecznie korzysta\u0107 z zewn\u0119trznych\u00a0baz kontakt\u00f3w,<\/p>\n<p class=\"p1\">3. Z jakich narz\u0119dzi do prospectingu mo\u017cna korzysta\u0107,<\/p>\n<p class=\"p1\">4. Jak bezpiecznie\u00a0przechowywa\u0107 dane klient\u00f3w,<\/p>\n<p class=\"p1\">5. Jak zarz\u0105dza\u0107 dost\u0119pem pracownik\u00f3w do danych klient\u00f3w,<\/p>\n<p class=\"p1\">6. Kto ponosi odpowiedzialno\u015b\u0107 za wyciek danych klient\u00f3w i\/lub niew\u0142a\u015bciwe ich wykorzystanie.<\/p>\n<\/div><\/section><br \/>\n<section  class='av_textblock_section av-67i0qrh-5232f93ec43b3b60b8740a1e39dad4f9 '   itemscope=\"itemscope\" itemtype=\"https:\/\/schema.org\/CreativeWork\" ><div class='avia_textblock'  itemprop=\"text\" ><p class=\"p1\"><b>Ekspert:<\/b><\/p>\n<p class=\"p1\"><img decoding=\"async\" class=\"alignleft wp-image-15551 size-full\" src=\"https:\/\/www.livespace.io\/wp-content\/uploads\/2017\/09\/Anna-Rak-1-e1505140935478.jpg\" alt=\"Anna Rak\" width=\"164\" height=\"180\" \/><\/p>\n<p class=\"p1\"><strong>Anna Rak\u2013Kozerska<\/strong><br \/>\n<strong>Starszy prawnik, Kancelaria Sna\u017cyk Granicki<\/strong><\/p>\n<p class=\"p1\">Specjalizuje si\u0119 w post\u0119powaniach s\u0105dowych i arbitra\u017cowych, zar\u00f3wno krajowych jak i mi\u0119dzynarodowych (w tym w sporach inwestycyjnych) oraz mediacji, ze szczeg\u00f3lnym uwzgl\u0119dnieniem spor\u00f3w gospodarczych, a tak\u017ce w prawie ochrony informacji i danych osobowych. Zajmuje si\u0119 r\u00f3wnie\u017c zagadnieniami zwi\u0105zanymi z prawem ochrony konkurencji i prawem korporacyjnym.<\/p>\n<p class=\"p1\">\u00a0<b>Prowadz\u0105ca:<\/b><\/p>\n<p class=\"p1\"><b><img decoding=\"async\" class=\"alignleft wp-image-15553 size-full\" src=\"https:\/\/www.livespace.io\/wp-content\/uploads\/2017\/09\/agnieszka-zawadka-e1505141403558.jpg\" alt=\"Agnieszka Zawadka\" width=\"164\" height=\"180\" \/>Agnieszka Zawadka<\/b><br \/>\n<b>CMO, Livespace<\/b><\/p>\n<p class=\"p1\">Ekspertka marketingu z dusz\u0105 pedagoga.\u00a0Wspiera klient\u00f3w w podejmowaniu decyzji zakupowych, a firmy w rozwijaniu biznesu. Entuzjastka dzielenia si\u0119 wiedz\u0105, nowych technologii oraz metodyk wspieraj\u0105cych ludzi, prac\u0119 i biznes.<\/p>\n<\/div><\/section><\/p><\/div>\n<\/div><\/div>\n<style type=\"text\/css\" data-created_by=\"avia_inline_auto\" id=\"style-css-av-kqyyv1-bba192b0e1f1b8e795631c53ae0ff50b\">\n.flex_cell.av-kqyyv1-bba192b0e1f1b8e795631c53ae0ff50b{\nvertical-align:top;\n}\n.responsive #top #wrap_all .flex_cell.av-kqyyv1-bba192b0e1f1b8e795631c53ae0ff50b{\npadding:0 30px 30px 30px !important;\n}\n<\/style>\n<div class='flex_cell av-kqyyv1-bba192b0e1f1b8e795631c53ae0ff50b av-gridrow-cell av_two_fifth no_margin  avia-builder-el-8  el_after_av_cell_three_fifth  avia-builder-el-last  ls-content-right-col content-align-top'  ><div class='flex_cell_inner'><p>\n<style type=\"text\/css\" data-created_by=\"avia_inline_auto\" id=\"style-css-av-jfvkwt-39317a3772d957812c3a2f494bf286ef\">\n.flex_column.av-jfvkwt-39317a3772d957812c3a2f494bf286ef{\nborder-radius:0px 0px 0px 0px;\npadding:0px 0px 0px 0px;\n}\n<\/style>\n<div  class='flex_column av-jfvkwt-39317a3772d957812c3a2f494bf286ef av_one_full  avia-builder-el-9  el_before_av_one_full  avia-builder-el-first  ls-content-form-box first flex_column_div av-zero-column-padding  '     ><p><section  class='av_textblock_section av-4qchkhp-8a31a6e24a031b87341a233e5d9b2d59 '   itemscope=\"itemscope\" itemtype=\"https:\/\/schema.org\/CreativeWork\" ><div class='avia_textblock'  itemprop=\"text\" ><p><strong>Wype\u0142nij, aby obejrze\u0107 nagranie:<\/strong><\/p>\n<p><span style=\"color: #444444;\"><small>Dost\u0119p do materia\u0142u jest bezp\u0142atny. W zamian jednak chcieliby\u015bmy mie\u0107 mo\u017cliwo\u015b\u0107 wysy\u0142ania do Ciebie drog\u0105 elektroniczn\u0105 informacji o naszych innych materia\u0142ach, us\u0142ugach lub szkoleniach.<\/small><\/span><\/p>\n<\/div><\/section><br \/>\n<div  class='av_promobox av-4k4e0e5-21cc50078a362f395a0c1d2e281c0c0c avia-button-no  avia-builder-el-11  el_after_av_textblock  avia-builder-el-last '><div class='avia-promocontent'><p>\n\n<div class=\"wpcf7 no-js\" id=\"wpcf7-f23536-o1\" lang=\"en-US\" dir=\"ltr\" data-wpcf7-id=\"23536\">\n<div class=\"screen-reader-response\"><p role=\"status\" aria-live=\"polite\" aria-atomic=\"true\"><\/p> <ul><\/ul><\/div>\n<form action=\"\/pl\/wp-json\/wp\/v2\/pages\/25021#wpcf7-f23536-o1\" method=\"post\" class=\"wpcf7-form init\" aria-label=\"Contact form\" novalidate=\"novalidate\" data-status=\"init\">\n<fieldset class=\"hidden-fields-container\"><input type=\"hidden\" name=\"_wpcf7\" value=\"23536\" \/><input type=\"hidden\" name=\"_wpcf7_version\" value=\"6.1.5\" \/><input type=\"hidden\" name=\"_wpcf7_locale\" value=\"en_US\" \/><input type=\"hidden\" name=\"_wpcf7_unit_tag\" value=\"wpcf7-f23536-o1\" \/><input type=\"hidden\" name=\"_wpcf7_container_post\" value=\"0\" \/><input type=\"hidden\" name=\"_wpcf7_posted_data_hash\" value=\"\" \/><input type=\"hidden\" name=\"_wpcf7dtx_version\" value=\"5.0.5\" \/>\n<\/fieldset>\n<p><span class=\"wpcf7-form-control-wrap\" data-name=\"contactname\"><input size=\"40\" maxlength=\"400\" class=\"wpcf7-form-control wpcf7-text\" aria-invalid=\"false\" placeholder=\"Imi\u0119 i nazwisko\" value=\"\" type=\"text\" name=\"contactname\" \/><\/span><span class=\"wpcf7-form-control-wrap\" data-name=\"email\"><input size=\"40\" maxlength=\"400\" class=\"wpcf7-form-control wpcf7-email wpcf7-text wpcf7-validates-as-email\" aria-invalid=\"false\" placeholder=\"Adres e-mail\" value=\"\" type=\"email\" name=\"email\" \/><\/span>\n<\/p>\n<p><input class=\"wpcf7-form-control wpcf7-submit has-spinner content-unlocked\" type=\"submit\" value=\"Pobierz\" \/>\n<\/p><div class=\"wpcf7-response-output\" aria-hidden=\"true\"><\/div>\n<\/form>\n<\/div>\n<\/p>\n<p>Administratorem danych osobowych jest Livespace sp. z o.o. z siedzib\u0105 w Warszawie. Twoje dane b\u0119d\u0105 przetwarzane w celach wysy\u0142ania naszych materia\u0142\u00f3w i naszych dzia\u0142a\u0144 marketingowych. Masz prawo m.in. do wyra\u017cenia sprzeciwu wobec przetwarzania Twoich danych. Wi\u0119cej informacji znajdziesz w <a href=\"https:\/\/www.livespace.io\/files\/pl\/Livespace_polityka_prywatnosci.pdf\" target=\"_blank\" rel=\"noopener\">Polityce Prywatno\u015bci<\/a><\/p>\n<\/div><\/div><\/p><\/div>\n<style type=\"text\/css\" data-created_by=\"avia_inline_auto\" id=\"style-css-av-3zmnspp-8611ed292c71fa41800429e8037d57d5\">\n.flex_column.av-3zmnspp-8611ed292c71fa41800429e8037d57d5{\nborder-radius:0px 0px 0px 0px;\npadding:0px 0px 0px 0px;\n}\n<\/style>\n<div  class='flex_column av-3zmnspp-8611ed292c71fa41800429e8037d57d5 av_one_full  avia-builder-el-12  el_after_av_one_full  avia-builder-el-last  ls-content-form-thankyou first flex_column_div av-zero-column-padding  column-top-margin'     ><p><section  class='av_textblock_section av-3j1mba5-7ad3b9c3b42103971f3f1a050d11f2ae '   itemscope=\"itemscope\" itemtype=\"https:\/\/schema.org\/CreativeWork\" ><div class='avia_textblock'  itemprop=\"text\" ><p><strong>Organizator<\/strong><\/p>\n<\/div><\/section><br \/>\n<section  class='av_textblock_section av-31ynojh-97056dfc95dd2e19da39628cf90336e8 '   itemscope=\"itemscope\" itemtype=\"https:\/\/schema.org\/CreativeWork\" ><div class='avia_textblock'  itemprop=\"text\" ><p><img decoding=\"async\" class=\" wp-image-106230 aligncenter\" src=\"https:\/\/www.livespace.io\/wp-content\/uploads\/2023\/02\/livespace-logo2x.png\" alt=\"\" width=\"302\" height=\"88\" srcset=\"https:\/\/www.livespace.io\/wp-content\/uploads\/2023\/02\/livespace-logo2x.png 440w, https:\/\/www.livespace.io\/wp-content\/uploads\/2023\/02\/livespace-logo2x-300x87.png 300w\" sizes=\"(max-width: 302px) 100vw, 302px\" \/><\/p>\n<p style=\"text-align: center;\">Najlepszy CRM do pouk\u0142adania pracy zespo\u0142u sprzedaz\u0307y, tak by kaz\u0307dy zna\u0142 swo\u0301j kolejny krok do wygrania zlecenia.<\/p>\n<\/div><\/section><br \/>\n<div  class='avia-button-wrap av-2r581r1-d090feb76a448410dc32733f5e139c3c-wrap avia-button-center  avia-builder-el-15  el_after_av_textblock  avia-builder-el-last '>\n<style type=\"text\/css\" data-created_by=\"avia_inline_auto\" id=\"style-css-av-2r581r1-d090feb76a448410dc32733f5e139c3c\">\n#top #wrap_all .avia-button.av-2r581r1-d090feb76a448410dc32733f5e139c3c{\nbackground-color:#3b86ce;\nborder-color:#3b86ce;\ncolor:#ffffff;\ntransition:all 0.4s ease-in-out;\n}\n#top #wrap_all .avia-button.av-2r581r1-d090feb76a448410dc32733f5e139c3c .avia-svg-icon svg:first-child{\nfill:#ffffff;\nstroke:#ffffff;\n}\n<\/style>\n<a href=''  class='avia-button av-2r581r1-d090feb76a448410dc32733f5e139c3c av-link-btn avia-icon_select-no avia-size-large avia-position-center'   aria-label=\"Poznaj Livespace\"><span class='avia_iconbox_title' >Poznaj Livespace<\/span><\/a><\/div><\/p><\/div><\/p>\n<\/div><\/div>\n<\/div><div id='after_grid_row_1'  class='main_color av_default_container_wrap container_wrap fullsize'  ><div class='container av-section-cont-open' ><div class='template-page content  av-content-full alpha units'><div class='post-entry post-entry-type-page post-entry-25021'><div class='entry-content-wrapper clearfix'>\n\n<style type=\"text\/css\" data-created_by=\"avia_inline_auto\" id=\"style-css-av-2947f7h-b9e519f7fc72f45e8d5463148da4c881\">\n.flex_column.av-2947f7h-b9e519f7fc72f45e8d5463148da4c881{\nborder-radius:0px 0px 0px 0px;\npadding:0px 0px 0px 0px;\n}\n<\/style>\n<div  class='flex_column av-2947f7h-b9e519f7fc72f45e8d5463148da4c881 av_one_full  avia-builder-el-16  el_after_av_layout_row  avia-builder-el-no-sibling  ls-content-video-box first flex_column_div av-zero-column-padding  '     ><p>\n<style type=\"text\/css\" data-created_by=\"avia_inline_auto\" id=\"style-css-av-1sfj6zh-31e3195c6d962efff3f0d43b6609ea70\">\n#top .av-special-heading.av-1sfj6zh-31e3195c6d962efff3f0d43b6609ea70{\npadding-bottom:10px;\n}\nbody .av-special-heading.av-1sfj6zh-31e3195c6d962efff3f0d43b6609ea70 .av-special-heading-tag .heading-char{\nfont-size:25px;\n}\n.av-special-heading.av-1sfj6zh-31e3195c6d962efff3f0d43b6609ea70 .av-subheading{\nfont-size:15px;\n}\n<\/style>\n<div  class='av-special-heading av-1sfj6zh-31e3195c6d962efff3f0d43b6609ea70 av-special-heading-h3  avia-builder-el-17  el_before_av_codeblock  avia-builder-el-first '><h3 class='av-special-heading-tag '  itemprop=\"headline\"  >Zobacz nagranie<\/h3><div class=\"special-heading-border\"><div class=\"special-heading-inner-border\"><\/div><\/div><\/div><br \/>\n<br \/>\n<\/p><\/div>\n<div style='text-align:center' class='yasr-auto-insert-visitor'><\/div>","protected":false},"excerpt":{"rendered":"","protected":false},"author":10,"featured_media":0,"parent":953,"menu_order":0,"comment_status":"open","ping_status":"closed","template":"","meta":{"_acf_changed":false,"inline_featured_image":false,"yasr_overall_rating":0,"yasr_post_is_review":"","yasr_auto_insert_disabled":"","yasr_review_type":"","footnotes":""},"class_list":["post-25021","page","type-page","status-publish","hentry"],"yasr_visitor_votes":{"stars_attributes":{"read_only":false,"span_bottom":false},"number_of_votes":0,"sum_votes":0},"acf":[],"yoast_head":"<!-- This site is optimized with the Yoast SEO plugin v27.3 - https:\/\/yoast.com\/product\/yoast-seo-wordpress\/ -->\n<title>Jak RODO wp\u0142ynie na dzia\u0142ania sprzeda\u017cowe<\/title>\n<meta name=\"description\" content=\"Webinarium dla praktyk\u00f3w sprzeda\u017cy na temat zmian wynikaj\u0105cych z RODO.\" \/>\n<meta name=\"robots\" content=\"index, follow, max-snippet:-1, max-image-preview:large, max-video-preview:-1\" \/>\n<link rel=\"canonical\" href=\"https:\/\/www.livespace.io\/pl\/webinaria\/jak-rodo-wplynie-na-dzialania-sprzedazowe\/\" \/>\n<meta property=\"og:locale\" content=\"pl_PL\" \/>\n<meta property=\"og:type\" content=\"article\" \/>\n<meta property=\"og:title\" content=\"Jak RODO wp\u0142ynie na dzia\u0142ania sprzeda\u017cowe\" \/>\n<meta property=\"og:description\" content=\"Webinarium dla praktyk\u00f3w sprzeda\u017cy na temat zmian wynikaj\u0105cych z RODO.\" \/>\n<meta property=\"og:url\" content=\"https:\/\/www.livespace.io\/pl\/webinaria\/jak-rodo-wplynie-na-dzialania-sprzedazowe\/\" \/>\n<meta property=\"og:site_name\" content=\"Livespace CRM\" \/>\n<meta property=\"article:modified_time\" content=\"2026-04-02T05:49:52+00:00\" \/>\n<meta property=\"og:image\" content=\"https:\/\/www.livespace.io\/wp-content\/uploads\/2017\/09\/Webinarium-po-rodo.png\" \/>\n\t<meta property=\"og:image:width\" content=\"1200\" \/>\n\t<meta property=\"og:image:height\" content=\"628\" \/>\n\t<meta property=\"og:image:type\" content=\"image\/png\" \/>\n<meta name=\"twitter:card\" content=\"summary_large_image\" \/>\n<meta name=\"twitter:label1\" content=\"Szacowany czas czytania\" \/>\n\t<meta name=\"twitter:data1\" content=\"2 minuty\" \/>\n<script type=\"application\/ld+json\" class=\"yoast-schema-graph\">{\"@context\":\"https:\\\/\\\/schema.org\",\"@graph\":[{\"@type\":\"WebPage\",\"@id\":\"https:\\\/\\\/www.livespace.io\\\/pl\\\/webinaria\\\/jak-rodo-wplynie-na-dzialania-sprzedazowe\\\/\",\"url\":\"https:\\\/\\\/www.livespace.io\\\/pl\\\/webinaria\\\/jak-rodo-wplynie-na-dzialania-sprzedazowe\\\/\",\"name\":\"Jak RODO wp\u0142ynie na dzia\u0142ania sprzeda\u017cowe\",\"isPartOf\":{\"@id\":\"https:\\\/\\\/www.livespace.io\\\/pl\\\/#website\"},\"primaryImageOfPage\":{\"@id\":\"https:\\\/\\\/www.livespace.io\\\/pl\\\/webinaria\\\/jak-rodo-wplynie-na-dzialania-sprzedazowe\\\/#primaryimage\"},\"image\":{\"@id\":\"https:\\\/\\\/www.livespace.io\\\/pl\\\/webinaria\\\/jak-rodo-wplynie-na-dzialania-sprzedazowe\\\/#primaryimage\"},\"thumbnailUrl\":\"https:\\\/\\\/www.livespace.io\\\/wp-content\\\/uploads\\\/2017\\\/09\\\/Anna-Rak-1-e1505140935478.jpg\",\"datePublished\":\"2018-10-18T17:34:01+00:00\",\"dateModified\":\"2026-04-02T05:49:52+00:00\",\"description\":\"Webinarium dla praktyk\u00f3w sprzeda\u017cy na temat zmian wynikaj\u0105cych z RODO.\",\"breadcrumb\":{\"@id\":\"https:\\\/\\\/www.livespace.io\\\/pl\\\/webinaria\\\/jak-rodo-wplynie-na-dzialania-sprzedazowe\\\/#breadcrumb\"},\"inLanguage\":\"pl-PL\",\"potentialAction\":[{\"@type\":\"ReadAction\",\"target\":[\"https:\\\/\\\/www.livespace.io\\\/pl\\\/webinaria\\\/jak-rodo-wplynie-na-dzialania-sprzedazowe\\\/\"]}]},{\"@type\":\"ImageObject\",\"inLanguage\":\"pl-PL\",\"@id\":\"https:\\\/\\\/www.livespace.io\\\/pl\\\/webinaria\\\/jak-rodo-wplynie-na-dzialania-sprzedazowe\\\/#primaryimage\",\"url\":\"https:\\\/\\\/www.livespace.io\\\/wp-content\\\/uploads\\\/2017\\\/09\\\/Anna-Rak-1-e1505140935478.jpg\",\"contentUrl\":\"https:\\\/\\\/www.livespace.io\\\/wp-content\\\/uploads\\\/2017\\\/09\\\/Anna-Rak-1-e1505140935478.jpg\"},{\"@type\":\"BreadcrumbList\",\"@id\":\"https:\\\/\\\/www.livespace.io\\\/pl\\\/webinaria\\\/jak-rodo-wplynie-na-dzialania-sprzedazowe\\\/#breadcrumb\",\"itemListElement\":[{\"@type\":\"ListItem\",\"position\":1,\"name\":\"Webinaria\",\"item\":\"https:\\\/\\\/www.livespace.io\\\/pl\\\/webinaria\\\/\"},{\"@type\":\"ListItem\",\"position\":2,\"name\":\"Jak RODO wp\u0142ynie na dzia\u0142ania sprzeda\u017cowe\"}]},{\"@type\":\"WebSite\",\"@id\":\"https:\\\/\\\/www.livespace.io\\\/pl\\\/#website\",\"url\":\"https:\\\/\\\/www.livespace.io\\\/pl\\\/\",\"name\":\"Livespace CRM\",\"description\":\"sell smarter\",\"publisher\":{\"@id\":\"https:\\\/\\\/www.livespace.io\\\/pl\\\/#organization\"},\"potentialAction\":[{\"@type\":\"SearchAction\",\"target\":{\"@type\":\"EntryPoint\",\"urlTemplate\":\"https:\\\/\\\/www.livespace.io\\\/pl\\\/?s={search_term_string}\"},\"query-input\":{\"@type\":\"PropertyValueSpecification\",\"valueRequired\":true,\"valueName\":\"search_term_string\"}}],\"inLanguage\":\"pl-PL\"},{\"@type\":\"Organization\",\"@id\":\"https:\\\/\\\/www.livespace.io\\\/pl\\\/#organization\",\"name\":\"Livespace.io\",\"url\":\"https:\\\/\\\/www.livespace.io\\\/pl\\\/\",\"logo\":{\"@type\":\"ImageObject\",\"inLanguage\":\"pl-PL\",\"@id\":\"https:\\\/\\\/www.livespace.io\\\/pl\\\/#\\\/schema\\\/logo\\\/image\\\/\",\"url\":\"https:\\\/\\\/www.livespace.io\\\/wp-content\\\/uploads\\\/2021\\\/09\\\/livespace-logo.png\",\"contentUrl\":\"https:\\\/\\\/www.livespace.io\\\/wp-content\\\/uploads\\\/2021\\\/09\\\/livespace-logo.png\",\"width\":204,\"height\":54,\"caption\":\"Livespace.io\"},\"image\":{\"@id\":\"https:\\\/\\\/www.livespace.io\\\/pl\\\/#\\\/schema\\\/logo\\\/image\\\/\"}}]}<\/script>\n<!-- \/ Yoast SEO plugin. -->","yoast_head_json":{"title":"Jak RODO wp\u0142ynie na dzia\u0142ania sprzeda\u017cowe","description":"Webinarium dla praktyk\u00f3w sprzeda\u017cy na temat zmian wynikaj\u0105cych z RODO.","robots":{"index":"index","follow":"follow","max-snippet":"max-snippet:-1","max-image-preview":"max-image-preview:large","max-video-preview":"max-video-preview:-1"},"canonical":"https:\/\/www.livespace.io\/pl\/webinaria\/jak-rodo-wplynie-na-dzialania-sprzedazowe\/","og_locale":"pl_PL","og_type":"article","og_title":"Jak RODO wp\u0142ynie na dzia\u0142ania sprzeda\u017cowe","og_description":"Webinarium dla praktyk\u00f3w sprzeda\u017cy na temat zmian wynikaj\u0105cych z RODO.","og_url":"https:\/\/www.livespace.io\/pl\/webinaria\/jak-rodo-wplynie-na-dzialania-sprzedazowe\/","og_site_name":"Livespace CRM","article_modified_time":"2026-04-02T05:49:52+00:00","og_image":[{"width":1200,"height":628,"url":"https:\/\/www.livespace.io\/wp-content\/uploads\/2017\/09\/Webinarium-po-rodo.png","type":"image\/png"}],"twitter_card":"summary_large_image","twitter_misc":{"Szacowany czas czytania":"2 minuty"},"schema":{"@context":"https:\/\/schema.org","@graph":[{"@type":"WebPage","@id":"https:\/\/www.livespace.io\/pl\/webinaria\/jak-rodo-wplynie-na-dzialania-sprzedazowe\/","url":"https:\/\/www.livespace.io\/pl\/webinaria\/jak-rodo-wplynie-na-dzialania-sprzedazowe\/","name":"Jak RODO wp\u0142ynie na dzia\u0142ania sprzeda\u017cowe","isPartOf":{"@id":"https:\/\/www.livespace.io\/pl\/#website"},"primaryImageOfPage":{"@id":"https:\/\/www.livespace.io\/pl\/webinaria\/jak-rodo-wplynie-na-dzialania-sprzedazowe\/#primaryimage"},"image":{"@id":"https:\/\/www.livespace.io\/pl\/webinaria\/jak-rodo-wplynie-na-dzialania-sprzedazowe\/#primaryimage"},"thumbnailUrl":"https:\/\/www.livespace.io\/wp-content\/uploads\/2017\/09\/Anna-Rak-1-e1505140935478.jpg","datePublished":"2018-10-18T17:34:01+00:00","dateModified":"2026-04-02T05:49:52+00:00","description":"Webinarium dla praktyk\u00f3w sprzeda\u017cy na temat zmian wynikaj\u0105cych z RODO.","breadcrumb":{"@id":"https:\/\/www.livespace.io\/pl\/webinaria\/jak-rodo-wplynie-na-dzialania-sprzedazowe\/#breadcrumb"},"inLanguage":"pl-PL","potentialAction":[{"@type":"ReadAction","target":["https:\/\/www.livespace.io\/pl\/webinaria\/jak-rodo-wplynie-na-dzialania-sprzedazowe\/"]}]},{"@type":"ImageObject","inLanguage":"pl-PL","@id":"https:\/\/www.livespace.io\/pl\/webinaria\/jak-rodo-wplynie-na-dzialania-sprzedazowe\/#primaryimage","url":"https:\/\/www.livespace.io\/wp-content\/uploads\/2017\/09\/Anna-Rak-1-e1505140935478.jpg","contentUrl":"https:\/\/www.livespace.io\/wp-content\/uploads\/2017\/09\/Anna-Rak-1-e1505140935478.jpg"},{"@type":"BreadcrumbList","@id":"https:\/\/www.livespace.io\/pl\/webinaria\/jak-rodo-wplynie-na-dzialania-sprzedazowe\/#breadcrumb","itemListElement":[{"@type":"ListItem","position":1,"name":"Webinaria","item":"https:\/\/www.livespace.io\/pl\/webinaria\/"},{"@type":"ListItem","position":2,"name":"Jak RODO wp\u0142ynie na dzia\u0142ania sprzeda\u017cowe"}]},{"@type":"WebSite","@id":"https:\/\/www.livespace.io\/pl\/#website","url":"https:\/\/www.livespace.io\/pl\/","name":"Livespace CRM","description":"sell smarter","publisher":{"@id":"https:\/\/www.livespace.io\/pl\/#organization"},"potentialAction":[{"@type":"SearchAction","target":{"@type":"EntryPoint","urlTemplate":"https:\/\/www.livespace.io\/pl\/?s={search_term_string}"},"query-input":{"@type":"PropertyValueSpecification","valueRequired":true,"valueName":"search_term_string"}}],"inLanguage":"pl-PL"},{"@type":"Organization","@id":"https:\/\/www.livespace.io\/pl\/#organization","name":"Livespace.io","url":"https:\/\/www.livespace.io\/pl\/","logo":{"@type":"ImageObject","inLanguage":"pl-PL","@id":"https:\/\/www.livespace.io\/pl\/#\/schema\/logo\/image\/","url":"https:\/\/www.livespace.io\/wp-content\/uploads\/2021\/09\/livespace-logo.png","contentUrl":"https:\/\/www.livespace.io\/wp-content\/uploads\/2021\/09\/livespace-logo.png","width":204,"height":54,"caption":"Livespace.io"},"image":{"@id":"https:\/\/www.livespace.io\/pl\/#\/schema\/logo\/image\/"}}]}},"_links":{"self":[{"href":"https:\/\/www.livespace.io\/pl\/wp-json\/wp\/v2\/pages\/25021","targetHints":{"allow":["GET"]}}],"collection":[{"href":"https:\/\/www.livespace.io\/pl\/wp-json\/wp\/v2\/pages"}],"about":[{"href":"https:\/\/www.livespace.io\/pl\/wp-json\/wp\/v2\/types\/page"}],"author":[{"embeddable":true,"href":"https:\/\/www.livespace.io\/pl\/wp-json\/wp\/v2\/users\/10"}],"replies":[{"embeddable":true,"href":"https:\/\/www.livespace.io\/pl\/wp-json\/wp\/v2\/comments?post=25021"}],"version-history":[{"count":2,"href":"https:\/\/www.livespace.io\/pl\/wp-json\/wp\/v2\/pages\/25021\/revisions"}],"predecessor-version":[{"id":201541,"href":"https:\/\/www.livespace.io\/pl\/wp-json\/wp\/v2\/pages\/25021\/revisions\/201541"}],"up":[{"embeddable":true,"href":"https:\/\/www.livespace.io\/pl\/wp-json\/wp\/v2\/pages\/953"}],"wp:attachment":[{"href":"https:\/\/www.livespace.io\/pl\/wp-json\/wp\/v2\/media?parent=25021"}],"curies":[{"name":"wp","href":"https:\/\/api.w.org\/{rel}","templated":true}]}}