{"id":25010,"date":"2018-10-18T19:12:24","date_gmt":"2018-10-18T17:12:24","guid":{"rendered":"http:\/\/www.livespace.app\/?page_id=25010"},"modified":"2026-04-02T07:46:43","modified_gmt":"2026-04-02T05:46:43","slug":"przepis-na-maszynke-sprzedazowa","status":"publish","type":"page","link":"https:\/\/www.livespace.io\/pl\/webinaria\/przepis-na-maszynke-sprzedazowa\/","title":{"rendered":"Przepis na maszynk\u0119 sprzeda\u017cow\u0105"},"content":{"rendered":"<div id='av_section_1'  class='avia-section av-910fdv6-4b8afccedc3ead896d0f97414be8c0e0 main_color avia-section-small avia-no-shadow  avia-builder-el-0  el_before_av_codeblock  avia-builder-el-first  av-desktop-hide av-medium-hide av-small-hide av-mini-hide avia-bg-style-fixed container_wrap fullsize'  ><div class='container av-section-cont-open' ><main  role=\"main\" itemprop=\"mainContentOfPage\"  class='template-page content  av-content-full alpha units'><div class='post-entry post-entry-type-page post-entry-25010'><div class='entry-content-wrapper clearfix'>\n<\/div><\/div><\/main><!-- close content main element --><\/div><\/div><div id='after_section_1'  class='main_color av_default_container_wrap container_wrap fullsize'  ><div class='container av-section-cont-open' ><div class='template-page content  av-content-full alpha units'><div class='post-entry post-entry-type-page post-entry-25010'><div class='entry-content-wrapper clearfix'><\/p>\n<\/div><\/div><\/div><!-- close content main div --><\/div><\/div><div id='av-layout-grid-1'  class='av-layout-grid-container av-rp9lki-61fd3547da171e3fbe06653bb6cd62d7 entry-content-wrapper main_color av-flex-cells  avia-builder-el-2  el_after_av_codeblock  el_before_av_one_full  ls-content-container grid-row-not-first  container_wrap fullsize'  >\n\n<style type=\"text\/css\" data-created_by=\"avia_inline_auto\" id=\"style-css-av-6ydza2a-059058dc1cfd05a99cd053b6f198f762\">\n.flex_cell.av-6ydza2a-059058dc1cfd05a99cd053b6f198f762{\nvertical-align:top;\n}\n.responsive #top #wrap_all .flex_cell.av-6ydza2a-059058dc1cfd05a99cd053b6f198f762{\npadding:0 30px 30px 30px !important;\n}\n<\/style>\n<div class='flex_cell av-6ydza2a-059058dc1cfd05a99cd053b6f198f762 av-gridrow-cell av_three_fifth no_margin  avia-builder-el-3  el_before_av_cell_two_fifth  avia-builder-el-first  content-align-top'  ><div class='flex_cell_inner'>\n<style type=\"text\/css\" data-created_by=\"avia_inline_auto\" id=\"style-css-av-6oo2tua-cc204fdd68e209231cee5df2fc1a6354\">\n.flex_column.av-6oo2tua-cc204fdd68e209231cee5df2fc1a6354{\nborder-radius:0px 0px 0px 0px;\npadding:0px 0px 0px 0px;\n}\n<\/style>\n<div  class='flex_column av-6oo2tua-cc204fdd68e209231cee5df2fc1a6354 av_one_full  avia-builder-el-4  avia-builder-el-no-sibling  first flex_column_div av-zero-column-padding  '     ><p><section  class='av_textblock_section av-6edr7ki-ddb940ebdd877f6ed729157a6f5c3753 '   itemscope=\"itemscope\" itemtype=\"https:\/\/schema.org\/CreativeWork\" ><div class='avia_textblock'  itemprop=\"text\" ><p><strong>Webinarium dla praktyk\u00f3w sprzeda\u017cy<\/strong><\/p>\n<\/div><\/section><br \/>\n<section  class='av_textblock_section av-5wwkbgy-6764b1cd56d6921fea52f59c4a41dc63 '   itemscope=\"itemscope\" itemtype=\"https:\/\/schema.org\/CreativeWork\" ><div class='avia_textblock'  itemprop=\"text\" ><p><strong>Z webinarium dowiesz si\u0119:<\/strong><\/p>\n<ol>\n<li>Jak zintegrowa\u0107 procesy sprzeda\u017cy i marketingu,<\/li>\n<li>Jak stworzy\u0107 efektywny proces sprzeda\u017cy,<\/li>\n<li>Jak prognozowa\u0107 przychody,<\/li>\n<li>Jak skalowa\u0107 zesp\u00f3\u0142,<\/li>\n<li>Jak wchodzi\u0107 na nowe rynki.<\/li>\n<\/ol>\n<p><strong>Rozmow\u0119 prowadz\u0105:<\/strong><\/p>\n<p><b class=\"alignnone\"><img decoding=\"async\" class=\"wp-image-16151 alignleft\" src=\"https:\/\/www.livespace.io\/wp-content\/uploads\/2017\/10\/m_skurowski.png\" alt=\"Micha\u0142 Skurowski\" width=\"100\" height=\"100\" srcset=\"https:\/\/www.livespace.io\/wp-content\/uploads\/2017\/10\/m_skurowski.png 500w, https:\/\/www.livespace.io\/wp-content\/uploads\/2017\/10\/m_skurowski-80x80.png 80w, https:\/\/www.livespace.io\/wp-content\/uploads\/2017\/10\/m_skurowski-300x300.png 300w, https:\/\/www.livespace.io\/wp-content\/uploads\/2017\/10\/m_skurowski-36x36.png 36w, https:\/\/www.livespace.io\/wp-content\/uploads\/2017\/10\/m_skurowski-180x180.png 180w, https:\/\/www.livespace.io\/wp-content\/uploads\/2017\/10\/m_skurowski-120x120.png 120w, https:\/\/www.livespace.io\/wp-content\/uploads\/2017\/10\/m_skurowski-450x450.png 450w\" sizes=\"(max-width: 100px) 100vw, 100px\" \/>Micha\u0142 Skurowski<br \/>\n<\/b><b>CEO, Livespace<\/b><\/p>\n<p>Od blisko dziesi\u0119ciu lat pomaga przedsi\u0119biorstwom pozyskiwa\u0107 klient\u00f3w za pomoc\u0105 nowych technologii. Wsp\u00f3\u0142za\u0142o\u017cyciel\u00a0i prezes Livespace, wsp\u00f3\u0142tw\u00f3rca przedsi\u0119biorstw dzia\u0142aj\u0105cych w obszarze tworzenia oprogramowania, reklamy internetowej i edukacji.\u00a0Na co dzie\u0144 zajmuje si\u0119 podnoszeniem\u00a0produktywno\u015bci zespo\u0142\u00f3w sprzeda\u017cowych i edukacj\u0105 w tej dziedzinie.<\/p>\n<p>Studiowa\u0142 informatyk\u0119 na Polsko-Japo\u0144skiej Wy\u017cszej Szkole Technik Komputerowych oraz zarz\u0105dzanie na Akademii Leona Ko\u017ami\u0144skiego. W wolnych chwilach pomaga swojemu dziadkowi\u00a0podbija\u0107 internet.<\/p>\n<p><b class=\"alignnone\"><img decoding=\"async\" class=\"size-full wp-image-7843 alignleft\" src=\"https:\/\/www.livespace.io\/wp-content\/uploads\/2016\/10\/100grzegorzblazewicz.jpg\" alt=\"Grzegorz B\u0142a\u017cewicz\" width=\"100\" height=\"100\" srcset=\"https:\/\/www.livespace.io\/wp-content\/uploads\/2016\/10\/100grzegorzblazewicz.jpg 100w, https:\/\/www.livespace.io\/wp-content\/uploads\/2016\/10\/100grzegorzblazewicz-80x80.jpg 80w, https:\/\/www.livespace.io\/wp-content\/uploads\/2016\/10\/100grzegorzblazewicz-36x36.jpg 36w\" sizes=\"(max-width: 100px) 100vw, 100px\" \/><\/b><\/p>\n<p><b class=\"alignnone\">Grzegorz B\u0142a\u017cewicz<br \/>\n<\/b><b>CEO, Salesmanago<\/b><\/p>\n<p>Za\u0142o\u017cyciel i Prezes Zarz\u0105du\u00a0\u2013 posiada ponad 15 lat do\u015bwiadczenia w polskiej mi\u0119dzynarodowej bran\u017cy marketingowej. Swoj\u0105 karier\u0119 zawodow\u0105 rozpoczyna\u0142 w agencjach marketingowych w Nowym Jorku i Londynie.<\/p>\n<p>Przez 6 lat pe\u0142ni\u0142 funkcj\u0119 Dyrektora Marketingu Grupy Kapita\u0142owej Comarch, jednego z najwi\u0119kszych dostawc\u00f3w rozwi\u0105za\u0144 IT w Unii Europejskiej. W 2006 roku zosta\u0142 mianowany Prezesem Zarz\u0105du Interia.pl, jednego z najwi\u0119kszych portali internetowych w Europie, notowanego na GPW w Warszawie (Interia zatrudnia ponad 250 os\u00f3b). W 2008 roku doprowadzi\u0142 do sprzeda\u017cy portalu dla jednej z najwi\u0119kszych grup medialnych na \u015bwiecie \u2013 Bauer Media. Od tego czasu jako przedsi\u0119biorca zajmuje si\u0119 tworzeniem oprogramowania dla dzia\u0142\u00f3w marketingu, czego wynikiem jest powstanie SALESmanago Marketing Automation.<\/p>\n<\/div><\/section><\/p><\/div>\n<\/div><\/div>\n<style type=\"text\/css\" data-created_by=\"avia_inline_auto\" id=\"style-css-av-5cxpjo2-67ffd8840375ce8b1dd1da07379bca85\">\n.flex_cell.av-5cxpjo2-67ffd8840375ce8b1dd1da07379bca85{\nvertical-align:top;\n}\n.responsive #top #wrap_all .flex_cell.av-5cxpjo2-67ffd8840375ce8b1dd1da07379bca85{\npadding:0 30px 30px 30px !important;\n}\n<\/style>\n<div class='flex_cell av-5cxpjo2-67ffd8840375ce8b1dd1da07379bca85 av-gridrow-cell av_two_fifth no_margin  avia-builder-el-7  el_after_av_cell_three_fifth  avia-builder-el-last  ls-content-right-col content-align-top'  ><div class='flex_cell_inner'><p>\n<style type=\"text\/css\" data-created_by=\"avia_inline_auto\" id=\"style-css-av-4u4etw2-729041183ca710a61f0e055dc5568c8f\">\n.flex_column.av-4u4etw2-729041183ca710a61f0e055dc5568c8f{\nborder-radius:0px 0px 0px 0px;\npadding:0px 0px 0px 0px;\n}\n<\/style>\n<div  class='flex_column av-4u4etw2-729041183ca710a61f0e055dc5568c8f av_one_full  avia-builder-el-8  el_before_av_one_full  avia-builder-el-first  ls-content-form-box first flex_column_div av-zero-column-padding  '     ><p><section  class='av_textblock_section av-4dloxpu-03a5af5a1f3848a7a3ca4416dd72e766 '   itemscope=\"itemscope\" itemtype=\"https:\/\/schema.org\/CreativeWork\" ><div class='avia_textblock'  itemprop=\"text\" ><p><strong>Wype\u0142nij, aby obejrze\u0107 nagranie:<\/strong><\/p>\n<p><span style=\"color: #444444;\"><small>Dost\u0119p do materia\u0142u jest bezp\u0142atny. W zamian jednak chcieliby\u015bmy mie\u0107 mo\u017cliwo\u015b\u0107 wysy\u0142ania do Ciebie drog\u0105 elektroniczn\u0105 informacji o naszych innych materia\u0142ach, us\u0142ugach lub szkoleniach.<\/small><\/span><\/p>\n<\/div><\/section><br \/>\n<div  class='av_promobox av-3tx4yoi-0dc11ef0fe6929dcde1bfca61a18ded6 avia-button-no  avia-builder-el-10  el_after_av_textblock  avia-builder-el-last '><div class='avia-promocontent'><p>\n\n<div class=\"wpcf7 no-js\" id=\"wpcf7-f23536-o1\" lang=\"en-US\" dir=\"ltr\" data-wpcf7-id=\"23536\">\n<div class=\"screen-reader-response\"><p role=\"status\" aria-live=\"polite\" aria-atomic=\"true\"><\/p> <ul><\/ul><\/div>\n<form action=\"\/pl\/wp-json\/wp\/v2\/pages\/25010#wpcf7-f23536-o1\" method=\"post\" class=\"wpcf7-form init\" aria-label=\"Contact form\" novalidate=\"novalidate\" data-status=\"init\">\n<fieldset class=\"hidden-fields-container\"><input type=\"hidden\" name=\"_wpcf7\" value=\"23536\" \/><input type=\"hidden\" name=\"_wpcf7_version\" value=\"6.1.5\" \/><input type=\"hidden\" name=\"_wpcf7_locale\" value=\"en_US\" \/><input type=\"hidden\" name=\"_wpcf7_unit_tag\" value=\"wpcf7-f23536-o1\" \/><input type=\"hidden\" name=\"_wpcf7_container_post\" value=\"0\" \/><input type=\"hidden\" name=\"_wpcf7_posted_data_hash\" value=\"\" \/><input type=\"hidden\" name=\"_wpcf7dtx_version\" value=\"5.0.5\" \/>\n<\/fieldset>\n<p><span class=\"wpcf7-form-control-wrap\" data-name=\"contactname\"><input size=\"40\" maxlength=\"400\" class=\"wpcf7-form-control wpcf7-text\" aria-invalid=\"false\" placeholder=\"Imi\u0119 i nazwisko\" value=\"\" type=\"text\" name=\"contactname\" \/><\/span><span class=\"wpcf7-form-control-wrap\" data-name=\"email\"><input size=\"40\" maxlength=\"400\" class=\"wpcf7-form-control wpcf7-email wpcf7-text wpcf7-validates-as-email\" aria-invalid=\"false\" placeholder=\"Adres e-mail\" value=\"\" type=\"email\" name=\"email\" \/><\/span>\n<\/p>\n<p><input class=\"wpcf7-form-control wpcf7-submit has-spinner content-unlocked\" type=\"submit\" value=\"Pobierz\" \/>\n<\/p><div class=\"wpcf7-response-output\" aria-hidden=\"true\"><\/div>\n<\/form>\n<\/div>\n<\/p>\n<p>Administratorem danych osobowych jest Livespace sp. z o.o. z siedzib\u0105 w Warszawie. Twoje dane b\u0119d\u0105 przetwarzane w celach wysy\u0142ania naszych materia\u0142\u00f3w i naszych dzia\u0142a\u0144 marketingowych. Masz prawo m.in. do wyra\u017cenia sprzeciwu wobec przetwarzania Twoich danych. Wi\u0119cej informacji znajdziesz w <a href=\"https:\/\/www.livespace.io\/files\/pl\/Livespace_polityka_prywatnosci.pdf\" target=\"_blank\" rel=\"noopener\">Polityce Prywatno\u015bci<\/a><\/p>\n<\/div><\/div><\/p><\/div>\n<style type=\"text\/css\" data-created_by=\"avia_inline_auto\" id=\"style-css-av-3e3d4r6-b6d6597737aab66a525bae6eb65731cd\">\n.flex_column.av-3e3d4r6-b6d6597737aab66a525bae6eb65731cd{\nborder-radius:0px 0px 0px 0px;\npadding:0px 0px 0px 0px;\n}\n<\/style>\n<div  class='flex_column av-3e3d4r6-b6d6597737aab66a525bae6eb65731cd av_one_full  avia-builder-el-11  el_after_av_one_full  avia-builder-el-last  ls-content-form-thankyou first flex_column_div av-zero-column-padding  column-top-margin'     ><p><section  class='av_textblock_section av-32kzfpu-ff35fba7aba17c6ae05a684b72e24aa3 '   itemscope=\"itemscope\" itemtype=\"https:\/\/schema.org\/CreativeWork\" ><div class='avia_textblock'  itemprop=\"text\" ><p><strong>Organizator<\/strong><\/p>\n<\/div><\/section><br \/>\n<section  class='av_textblock_section av-2f5r7n6-7a91c6a61cba785f001c7eadc978278d '   itemscope=\"itemscope\" itemtype=\"https:\/\/schema.org\/CreativeWork\" ><div class='avia_textblock'  itemprop=\"text\" ><p><img decoding=\"async\" class=\" wp-image-106230 aligncenter\" src=\"https:\/\/www.livespace.io\/wp-content\/uploads\/2023\/02\/livespace-logo2x.png\" alt=\"\" width=\"299\" height=\"87\" srcset=\"https:\/\/www.livespace.io\/wp-content\/uploads\/2023\/02\/livespace-logo2x.png 440w, https:\/\/www.livespace.io\/wp-content\/uploads\/2023\/02\/livespace-logo2x-300x87.png 300w\" sizes=\"(max-width: 299px) 100vw, 299px\" \/><\/p>\n<p style=\"text-align: center;\">Najlepszy CRM do pouk\u0142adania pracy zespo\u0142u sprzedaz\u0307y, tak by kaz\u0307dy zna\u0142 swo\u0301j kolejny krok do wygrania zlecenia.<\/p>\n<\/div><\/section><br \/>\n<div  class='avia-button-wrap av-22a2tpu-040c1448cca1a96203ba7f6c4dec1d1d-wrap avia-button-center  avia-builder-el-14  el_after_av_textblock  avia-builder-el-last '>\n<style type=\"text\/css\" data-created_by=\"avia_inline_auto\" id=\"style-css-av-22a2tpu-040c1448cca1a96203ba7f6c4dec1d1d\">\n#top #wrap_all .avia-button.av-22a2tpu-040c1448cca1a96203ba7f6c4dec1d1d{\nbackground-color:#3b86ce;\nborder-color:#3b86ce;\ncolor:#ffffff;\ntransition:all 0.4s ease-in-out;\n}\n#top #wrap_all .avia-button.av-22a2tpu-040c1448cca1a96203ba7f6c4dec1d1d .avia-svg-icon svg:first-child{\nfill:#ffffff;\nstroke:#ffffff;\n}\n<\/style>\n<a href=''  class='avia-button av-22a2tpu-040c1448cca1a96203ba7f6c4dec1d1d av-link-btn avia-icon_select-no avia-size-large avia-position-center'   aria-label=\"Poznaj Livespace\"><span class='avia_iconbox_title' >Poznaj Livespace<\/span><\/a><\/div><\/p><\/div><\/p>\n<\/div><\/div>\n<\/div><div id='after_grid_row_1'  class='main_color av_default_container_wrap container_wrap fullsize'  ><div class='container av-section-cont-open' ><div class='template-page content  av-content-full alpha units'><div class='post-entry post-entry-type-page post-entry-25010'><div class='entry-content-wrapper clearfix'>\n\n<style type=\"text\/css\" data-created_by=\"avia_inline_auto\" id=\"style-css-av-1kspi4y-cca396155df236f2b7a5f86f3253c2a2\">\n.flex_column.av-1kspi4y-cca396155df236f2b7a5f86f3253c2a2{\nborder-radius:0px 0px 0px 0px;\npadding:0px 0px 0px 0px;\n}\n<\/style>\n<div  class='flex_column av-1kspi4y-cca396155df236f2b7a5f86f3253c2a2 av_one_full  avia-builder-el-15  el_after_av_layout_row  avia-builder-el-no-sibling  ls-content-video-box first flex_column_div av-zero-column-padding  '     ><p>\n<style type=\"text\/css\" data-created_by=\"avia_inline_auto\" id=\"style-css-av-1630582-3f435fd62ff8600fe8e66e7d67188b41\">\n#top .av-special-heading.av-1630582-3f435fd62ff8600fe8e66e7d67188b41{\npadding-bottom:10px;\n}\nbody .av-special-heading.av-1630582-3f435fd62ff8600fe8e66e7d67188b41 .av-special-heading-tag .heading-char{\nfont-size:25px;\n}\n.av-special-heading.av-1630582-3f435fd62ff8600fe8e66e7d67188b41 .av-subheading{\nfont-size:15px;\n}\n<\/style>\n<div  class='av-special-heading av-1630582-3f435fd62ff8600fe8e66e7d67188b41 av-special-heading-h3  avia-builder-el-16  el_before_av_codeblock  avia-builder-el-first '><h3 class='av-special-heading-tag '  itemprop=\"headline\"  >Zobacz nagranie<\/h3><div class=\"special-heading-border\"><div class=\"special-heading-inner-border\"><\/div><\/div><\/div><br \/>\n<\/p><\/div>\n<div style='text-align:center' class='yasr-auto-insert-visitor'><\/div>","protected":false},"excerpt":{"rendered":"","protected":false},"author":10,"featured_media":0,"parent":953,"menu_order":0,"comment_status":"open","ping_status":"closed","template":"","meta":{"_acf_changed":false,"inline_featured_image":false,"yasr_overall_rating":0,"yasr_post_is_review":"","yasr_auto_insert_disabled":"","yasr_review_type":"","footnotes":""},"class_list":["post-25010","page","type-page","status-publish","hentry"],"yasr_visitor_votes":{"stars_attributes":{"read_only":false,"span_bottom":false},"number_of_votes":0,"sum_votes":0},"acf":[],"yoast_head":"<!-- This site is optimized with the Yoast SEO plugin v27.3 - https:\/\/yoast.com\/product\/yoast-seo-wordpress\/ -->\n<title>Przepis na maszynk\u0119 sprzeda\u017cow\u0105<\/title>\n<meta name=\"description\" content=\"Webinarium dla praktyk\u00f3w sprzeda\u017cy na temat tworzenia maszynki sprzeda\u017cowej.\" \/>\n<meta name=\"robots\" content=\"index, follow, max-snippet:-1, max-image-preview:large, max-video-preview:-1\" \/>\n<link rel=\"canonical\" href=\"https:\/\/www.livespace.io\/pl\/webinaria\/przepis-na-maszynke-sprzedazowa\/\" \/>\n<meta property=\"og:locale\" content=\"pl_PL\" \/>\n<meta property=\"og:type\" content=\"article\" \/>\n<meta property=\"og:title\" content=\"Przepis na maszynk\u0119 sprzeda\u017cow\u0105\" \/>\n<meta property=\"og:description\" content=\"Webinarium dla praktyk\u00f3w sprzeda\u017cy na temat tworzenia maszynki sprzeda\u017cowej.\" \/>\n<meta property=\"og:url\" content=\"https:\/\/www.livespace.io\/pl\/webinaria\/przepis-na-maszynke-sprzedazowa\/\" \/>\n<meta property=\"og:site_name\" content=\"Livespace CRM\" \/>\n<meta property=\"article:modified_time\" content=\"2026-04-02T05:46:43+00:00\" \/>\n<meta property=\"og:image\" content=\"https:\/\/www.livespace.io\/wp-content\/uploads\/2016\/09\/przepis-na-maszynke-sprzedazowa1.jpg\" \/>\n\t<meta property=\"og:image:width\" content=\"1920\" \/>\n\t<meta property=\"og:image:height\" content=\"630\" \/>\n\t<meta property=\"og:image:type\" content=\"image\/jpeg\" \/>\n<meta name=\"twitter:card\" content=\"summary_large_image\" \/>\n<meta name=\"twitter:label1\" content=\"Szacowany czas czytania\" \/>\n\t<meta name=\"twitter:data1\" content=\"2 minuty\" \/>\n<script type=\"application\/ld+json\" class=\"yoast-schema-graph\">{\"@context\":\"https:\\\/\\\/schema.org\",\"@graph\":[{\"@type\":\"WebPage\",\"@id\":\"https:\\\/\\\/www.livespace.io\\\/pl\\\/webinaria\\\/przepis-na-maszynke-sprzedazowa\\\/\",\"url\":\"https:\\\/\\\/www.livespace.io\\\/pl\\\/webinaria\\\/przepis-na-maszynke-sprzedazowa\\\/\",\"name\":\"Przepis na maszynk\u0119 sprzeda\u017cow\u0105\",\"isPartOf\":{\"@id\":\"https:\\\/\\\/www.livespace.io\\\/pl\\\/#website\"},\"primaryImageOfPage\":{\"@id\":\"https:\\\/\\\/www.livespace.io\\\/pl\\\/webinaria\\\/przepis-na-maszynke-sprzedazowa\\\/#primaryimage\"},\"image\":{\"@id\":\"https:\\\/\\\/www.livespace.io\\\/pl\\\/webinaria\\\/przepis-na-maszynke-sprzedazowa\\\/#primaryimage\"},\"thumbnailUrl\":\"https:\\\/\\\/www.livespace.io\\\/wp-content\\\/uploads\\\/2017\\\/10\\\/m_skurowski.png\",\"datePublished\":\"2018-10-18T17:12:24+00:00\",\"dateModified\":\"2026-04-02T05:46:43+00:00\",\"description\":\"Webinarium dla praktyk\u00f3w sprzeda\u017cy na temat tworzenia maszynki sprzeda\u017cowej.\",\"breadcrumb\":{\"@id\":\"https:\\\/\\\/www.livespace.io\\\/pl\\\/webinaria\\\/przepis-na-maszynke-sprzedazowa\\\/#breadcrumb\"},\"inLanguage\":\"pl-PL\",\"potentialAction\":[{\"@type\":\"ReadAction\",\"target\":[\"https:\\\/\\\/www.livespace.io\\\/pl\\\/webinaria\\\/przepis-na-maszynke-sprzedazowa\\\/\"]}]},{\"@type\":\"ImageObject\",\"inLanguage\":\"pl-PL\",\"@id\":\"https:\\\/\\\/www.livespace.io\\\/pl\\\/webinaria\\\/przepis-na-maszynke-sprzedazowa\\\/#primaryimage\",\"url\":\"https:\\\/\\\/www.livespace.io\\\/wp-content\\\/uploads\\\/2017\\\/10\\\/m_skurowski.png\",\"contentUrl\":\"https:\\\/\\\/www.livespace.io\\\/wp-content\\\/uploads\\\/2017\\\/10\\\/m_skurowski.png\"},{\"@type\":\"BreadcrumbList\",\"@id\":\"https:\\\/\\\/www.livespace.io\\\/pl\\\/webinaria\\\/przepis-na-maszynke-sprzedazowa\\\/#breadcrumb\",\"itemListElement\":[{\"@type\":\"ListItem\",\"position\":1,\"name\":\"Webinaria\",\"item\":\"https:\\\/\\\/www.livespace.io\\\/pl\\\/webinaria\\\/\"},{\"@type\":\"ListItem\",\"position\":2,\"name\":\"Przepis na maszynk\u0119 sprzeda\u017cow\u0105\"}]},{\"@type\":\"WebSite\",\"@id\":\"https:\\\/\\\/www.livespace.io\\\/pl\\\/#website\",\"url\":\"https:\\\/\\\/www.livespace.io\\\/pl\\\/\",\"name\":\"Livespace CRM\",\"description\":\"sell smarter\",\"publisher\":{\"@id\":\"https:\\\/\\\/www.livespace.io\\\/pl\\\/#organization\"},\"potentialAction\":[{\"@type\":\"SearchAction\",\"target\":{\"@type\":\"EntryPoint\",\"urlTemplate\":\"https:\\\/\\\/www.livespace.io\\\/pl\\\/?s={search_term_string}\"},\"query-input\":{\"@type\":\"PropertyValueSpecification\",\"valueRequired\":true,\"valueName\":\"search_term_string\"}}],\"inLanguage\":\"pl-PL\"},{\"@type\":\"Organization\",\"@id\":\"https:\\\/\\\/www.livespace.io\\\/pl\\\/#organization\",\"name\":\"Livespace.io\",\"url\":\"https:\\\/\\\/www.livespace.io\\\/pl\\\/\",\"logo\":{\"@type\":\"ImageObject\",\"inLanguage\":\"pl-PL\",\"@id\":\"https:\\\/\\\/www.livespace.io\\\/pl\\\/#\\\/schema\\\/logo\\\/image\\\/\",\"url\":\"https:\\\/\\\/www.livespace.io\\\/wp-content\\\/uploads\\\/2021\\\/09\\\/livespace-logo.png\",\"contentUrl\":\"https:\\\/\\\/www.livespace.io\\\/wp-content\\\/uploads\\\/2021\\\/09\\\/livespace-logo.png\",\"width\":204,\"height\":54,\"caption\":\"Livespace.io\"},\"image\":{\"@id\":\"https:\\\/\\\/www.livespace.io\\\/pl\\\/#\\\/schema\\\/logo\\\/image\\\/\"}}]}<\/script>\n<!-- \/ Yoast SEO plugin. -->","yoast_head_json":{"title":"Przepis na maszynk\u0119 sprzeda\u017cow\u0105","description":"Webinarium dla praktyk\u00f3w sprzeda\u017cy na temat tworzenia maszynki sprzeda\u017cowej.","robots":{"index":"index","follow":"follow","max-snippet":"max-snippet:-1","max-image-preview":"max-image-preview:large","max-video-preview":"max-video-preview:-1"},"canonical":"https:\/\/www.livespace.io\/pl\/webinaria\/przepis-na-maszynke-sprzedazowa\/","og_locale":"pl_PL","og_type":"article","og_title":"Przepis na maszynk\u0119 sprzeda\u017cow\u0105","og_description":"Webinarium dla praktyk\u00f3w sprzeda\u017cy na temat tworzenia maszynki sprzeda\u017cowej.","og_url":"https:\/\/www.livespace.io\/pl\/webinaria\/przepis-na-maszynke-sprzedazowa\/","og_site_name":"Livespace CRM","article_modified_time":"2026-04-02T05:46:43+00:00","og_image":[{"width":1920,"height":630,"url":"https:\/\/www.livespace.io\/wp-content\/uploads\/2016\/09\/przepis-na-maszynke-sprzedazowa1.jpg","type":"image\/jpeg"}],"twitter_card":"summary_large_image","twitter_misc":{"Szacowany czas czytania":"2 minuty"},"schema":{"@context":"https:\/\/schema.org","@graph":[{"@type":"WebPage","@id":"https:\/\/www.livespace.io\/pl\/webinaria\/przepis-na-maszynke-sprzedazowa\/","url":"https:\/\/www.livespace.io\/pl\/webinaria\/przepis-na-maszynke-sprzedazowa\/","name":"Przepis na maszynk\u0119 sprzeda\u017cow\u0105","isPartOf":{"@id":"https:\/\/www.livespace.io\/pl\/#website"},"primaryImageOfPage":{"@id":"https:\/\/www.livespace.io\/pl\/webinaria\/przepis-na-maszynke-sprzedazowa\/#primaryimage"},"image":{"@id":"https:\/\/www.livespace.io\/pl\/webinaria\/przepis-na-maszynke-sprzedazowa\/#primaryimage"},"thumbnailUrl":"https:\/\/www.livespace.io\/wp-content\/uploads\/2017\/10\/m_skurowski.png","datePublished":"2018-10-18T17:12:24+00:00","dateModified":"2026-04-02T05:46:43+00:00","description":"Webinarium dla praktyk\u00f3w sprzeda\u017cy na temat tworzenia maszynki sprzeda\u017cowej.","breadcrumb":{"@id":"https:\/\/www.livespace.io\/pl\/webinaria\/przepis-na-maszynke-sprzedazowa\/#breadcrumb"},"inLanguage":"pl-PL","potentialAction":[{"@type":"ReadAction","target":["https:\/\/www.livespace.io\/pl\/webinaria\/przepis-na-maszynke-sprzedazowa\/"]}]},{"@type":"ImageObject","inLanguage":"pl-PL","@id":"https:\/\/www.livespace.io\/pl\/webinaria\/przepis-na-maszynke-sprzedazowa\/#primaryimage","url":"https:\/\/www.livespace.io\/wp-content\/uploads\/2017\/10\/m_skurowski.png","contentUrl":"https:\/\/www.livespace.io\/wp-content\/uploads\/2017\/10\/m_skurowski.png"},{"@type":"BreadcrumbList","@id":"https:\/\/www.livespace.io\/pl\/webinaria\/przepis-na-maszynke-sprzedazowa\/#breadcrumb","itemListElement":[{"@type":"ListItem","position":1,"name":"Webinaria","item":"https:\/\/www.livespace.io\/pl\/webinaria\/"},{"@type":"ListItem","position":2,"name":"Przepis na maszynk\u0119 sprzeda\u017cow\u0105"}]},{"@type":"WebSite","@id":"https:\/\/www.livespace.io\/pl\/#website","url":"https:\/\/www.livespace.io\/pl\/","name":"Livespace CRM","description":"sell smarter","publisher":{"@id":"https:\/\/www.livespace.io\/pl\/#organization"},"potentialAction":[{"@type":"SearchAction","target":{"@type":"EntryPoint","urlTemplate":"https:\/\/www.livespace.io\/pl\/?s={search_term_string}"},"query-input":{"@type":"PropertyValueSpecification","valueRequired":true,"valueName":"search_term_string"}}],"inLanguage":"pl-PL"},{"@type":"Organization","@id":"https:\/\/www.livespace.io\/pl\/#organization","name":"Livespace.io","url":"https:\/\/www.livespace.io\/pl\/","logo":{"@type":"ImageObject","inLanguage":"pl-PL","@id":"https:\/\/www.livespace.io\/pl\/#\/schema\/logo\/image\/","url":"https:\/\/www.livespace.io\/wp-content\/uploads\/2021\/09\/livespace-logo.png","contentUrl":"https:\/\/www.livespace.io\/wp-content\/uploads\/2021\/09\/livespace-logo.png","width":204,"height":54,"caption":"Livespace.io"},"image":{"@id":"https:\/\/www.livespace.io\/pl\/#\/schema\/logo\/image\/"}}]}},"_links":{"self":[{"href":"https:\/\/www.livespace.io\/pl\/wp-json\/wp\/v2\/pages\/25010","targetHints":{"allow":["GET"]}}],"collection":[{"href":"https:\/\/www.livespace.io\/pl\/wp-json\/wp\/v2\/pages"}],"about":[{"href":"https:\/\/www.livespace.io\/pl\/wp-json\/wp\/v2\/types\/page"}],"author":[{"embeddable":true,"href":"https:\/\/www.livespace.io\/pl\/wp-json\/wp\/v2\/users\/10"}],"replies":[{"embeddable":true,"href":"https:\/\/www.livespace.io\/pl\/wp-json\/wp\/v2\/comments?post=25010"}],"version-history":[{"count":2,"href":"https:\/\/www.livespace.io\/pl\/wp-json\/wp\/v2\/pages\/25010\/revisions"}],"predecessor-version":[{"id":201547,"href":"https:\/\/www.livespace.io\/pl\/wp-json\/wp\/v2\/pages\/25010\/revisions\/201547"}],"up":[{"embeddable":true,"href":"https:\/\/www.livespace.io\/pl\/wp-json\/wp\/v2\/pages\/953"}],"wp:attachment":[{"href":"https:\/\/www.livespace.io\/pl\/wp-json\/wp\/v2\/media?parent=25010"}],"curies":[{"name":"wp","href":"https:\/\/api.w.org\/{rel}","templated":true}]}}