{"id":24723,"date":"2018-10-18T18:33:45","date_gmt":"2018-10-18T16:33:45","guid":{"rendered":"http:\/\/www.livespace.app\/?page_id=24723"},"modified":"2026-04-02T07:45:01","modified_gmt":"2026-04-02T05:45:01","slug":"jak-stworzyc-i-mierzyc-proces-sprzedazy-b2b","status":"publish","type":"page","link":"https:\/\/www.livespace.io\/pl\/webinaria\/jak-stworzyc-i-mierzyc-proces-sprzedazy-b2b\/","title":{"rendered":"Jak stworzy\u0107 i mierzy\u0107 proces sprzeda\u017cy B2B"},"content":{"rendered":"<div id='av_section_1'  class='avia-section av-9frz6j7-6e03d3f500b6ac9218f9720150735d77 main_color avia-section-small avia-no-shadow  avia-builder-el-0  el_before_av_codeblock  avia-builder-el-first  av-desktop-hide av-medium-hide av-small-hide av-mini-hide avia-bg-style-fixed container_wrap fullsize'  ><div class='container av-section-cont-open' ><main  role=\"main\" itemprop=\"mainContentOfPage\"  class='template-page content  av-content-full alpha units'><div class='post-entry post-entry-type-page post-entry-24723'><div class='entry-content-wrapper clearfix'>\n<\/div><\/div><\/main><!-- close content main element --><\/div><\/div><div id='after_section_1'  class='main_color av_default_container_wrap container_wrap fullsize'  ><div class='container av-section-cont-open' ><div class='template-page content  av-content-full alpha units'><div class='post-entry post-entry-type-page post-entry-24723'><div class='entry-content-wrapper clearfix'><\/p>\n<\/div><\/div><\/div><!-- close content main div --><\/div><\/div><div id='av-layout-grid-1'  class='av-layout-grid-container av-tp6r83-92ee79f39142b33e37cc432a73c59d49 entry-content-wrapper main_color av-flex-cells  avia-builder-el-2  el_after_av_codeblock  el_before_av_one_full  ls-content-container grid-row-not-first  container_wrap fullsize'  >\n\n<style type=\"text\/css\" data-created_by=\"avia_inline_auto\" id=\"style-css-av-7i82ksz-38fb9223627658d74fb0b43c2bc3121c\">\n.flex_cell.av-7i82ksz-38fb9223627658d74fb0b43c2bc3121c{\nvertical-align:top;\n}\n.responsive #top #wrap_all .flex_cell.av-7i82ksz-38fb9223627658d74fb0b43c2bc3121c{\npadding:0 30px 30px 30px !important;\n}\n<\/style>\n<div class='flex_cell av-7i82ksz-38fb9223627658d74fb0b43c2bc3121c av-gridrow-cell av_three_fifth no_margin  avia-builder-el-3  el_before_av_cell_two_fifth  avia-builder-el-first  content-align-top'  ><div class='flex_cell_inner'>\n<style type=\"text\/css\" data-created_by=\"avia_inline_auto\" id=\"style-css-av-6z5hhzn-20515901ed5cb89d6f7e1d00be89bf21\">\n.flex_column.av-6z5hhzn-20515901ed5cb89d6f7e1d00be89bf21{\nborder-radius:0px 0px 0px 0px;\npadding:0px 0px 0px 0px;\n}\n<\/style>\n<div  class='flex_column av-6z5hhzn-20515901ed5cb89d6f7e1d00be89bf21 av_one_full  avia-builder-el-4  avia-builder-el-no-sibling  first flex_column_div av-zero-column-padding  '     ><p><section  class='av_textblock_section av-6ojdhxv-6b2cb1ab203e00f316272279d66a047b '   itemscope=\"itemscope\" itemtype=\"https:\/\/schema.org\/CreativeWork\" ><div class='avia_textblock'  itemprop=\"text\" ><p><strong>Webinarium dla praktyk\u00f3w sprzeda\u017cy<\/strong><\/p>\n<\/div><\/section><br \/>\n<section  class='av_textblock_section av-6ai775f-a7cd355e5293602d64aba6a7bb5cd67b '   itemscope=\"itemscope\" itemtype=\"https:\/\/schema.org\/CreativeWork\" ><div class='avia_textblock'  itemprop=\"text\" ><p><strong>Ze szkolenia dowiesz si\u0119:<\/strong><\/p>\n<ol>\n<li>Jak zaprojektowa\u0107 optymalny proces sprzeda\u017cy,<\/li>\n<li><span class=\"ql-font-arial\">Jak wykorzysta\u0107 lejek sprzeda\u017cy do kontroli planu sprzeda\u017cowego, <\/span><\/li>\n<li><span class=\"ql-font-arial\">Jakie s\u0105 najwa\u017cniejsze mierniki efektywno\u015bci pracy zespo\u0142u handlowego.<\/span><\/li>\n<\/ol>\n<p><strong>Szkolenie prowadzi:<\/strong><\/p>\n<p><b class=\"alignnone\"><img decoding=\"async\" class=\"alignleft wp-image-16151\" src=\"https:\/\/www.livespace.io\/wp-content\/uploads\/2017\/10\/m_skurowski.png\" alt=\"Micha\u0142 Skurowski\" width=\"180\" height=\"180\" srcset=\"https:\/\/www.livespace.io\/wp-content\/uploads\/2017\/10\/m_skurowski.png 500w, https:\/\/www.livespace.io\/wp-content\/uploads\/2017\/10\/m_skurowski-80x80.png 80w, https:\/\/www.livespace.io\/wp-content\/uploads\/2017\/10\/m_skurowski-300x300.png 300w, https:\/\/www.livespace.io\/wp-content\/uploads\/2017\/10\/m_skurowski-36x36.png 36w, https:\/\/www.livespace.io\/wp-content\/uploads\/2017\/10\/m_skurowski-180x180.png 180w, https:\/\/www.livespace.io\/wp-content\/uploads\/2017\/10\/m_skurowski-120x120.png 120w, https:\/\/www.livespace.io\/wp-content\/uploads\/2017\/10\/m_skurowski-450x450.png 450w\" sizes=\"(max-width: 180px) 100vw, 180px\" \/>Micha\u0142 Skurowski<br \/>\n<\/b><b>CEO, Livespace<\/b><br \/>\nOd 10 lat pomaga przedsi\u0119biorstwom pozyskiwa\u0107 klient\u00f3w za pomoc\u0105 nowych technologii. Wsp\u00f3\u0142za\u0142o\u017cyciel i prezes Livespace, wsp\u00f3\u0142tw\u00f3rca przedsi\u0119biorstw dzia\u0142aj\u0105cych w obszarze tworzenia oprogramowania, reklamy internetowej i edukacji. Na co dzie\u0144 zajmuje si\u0119 podnoszeniem produktywno\u015bci zespo\u0142\u00f3w sprzeda\u017cowych i edukacj\u0105 w tej dziedzinie.<\/p>\n<\/div><\/section><\/p><\/div>\n<\/div><\/div>\n<style type=\"text\/css\" data-created_by=\"avia_inline_auto\" id=\"style-css-av-5srhddf-4b3d3944cd608e1708e0dd329b17d4a4\">\n.flex_cell.av-5srhddf-4b3d3944cd608e1708e0dd329b17d4a4{\nvertical-align:top;\n}\n.responsive #top #wrap_all .flex_cell.av-5srhddf-4b3d3944cd608e1708e0dd329b17d4a4{\npadding:0 30px 30px 30px !important;\n}\n<\/style>\n<div class='flex_cell av-5srhddf-4b3d3944cd608e1708e0dd329b17d4a4 av-gridrow-cell av_two_fifth no_margin  avia-builder-el-7  el_after_av_cell_three_fifth  avia-builder-el-last  ls-content-right-col content-align-top'  ><div class='flex_cell_inner'><p>\n<style type=\"text\/css\" data-created_by=\"avia_inline_auto\" id=\"style-css-av-1vesr7-73a6070a84dcbc2e064c074d060a52f8\">\n.flex_column.av-1vesr7-73a6070a84dcbc2e064c074d060a52f8{\nborder-radius:0px 0px 0px 0px;\npadding:0px 0px 0px 0px;\n}\n<\/style>\n<div  class='flex_column av-1vesr7-73a6070a84dcbc2e064c074d060a52f8 av_one_full  avia-builder-el-8  el_before_av_one_full  avia-builder-el-first  ls-content-form-box first flex_column_div av-zero-column-padding  '     ><p><section  class='av_textblock_section av-4rpq3zn-f8e82e0375197d364919fb5094e0396d '   itemscope=\"itemscope\" itemtype=\"https:\/\/schema.org\/CreativeWork\" ><div class='avia_textblock'  itemprop=\"text\" ><p><strong>Wype\u0142nij, aby obejrze\u0107 nagranie:<\/strong><\/p>\n<p><span style=\"color: #444444;\"><small>Dost\u0119p do materia\u0142u jest bezp\u0142atny. W zamian jednak chcieliby\u015bmy mie\u0107 mo\u017cliwo\u015b\u0107 wysy\u0142ania do Ciebie drog\u0105 elektroniczn\u0105 informacji o naszych innych materia\u0142ach, us\u0142ugach lub szkoleniach.<\/small><\/span><\/p>\n<\/div><\/section><br \/>\n<div  class='av_promobox av-4grvvbn-d59dc8dad2b2d32535736b57168e5e4c avia-button-no  avia-builder-el-10  el_after_av_textblock  avia-builder-el-last '><div class='avia-promocontent'><p>\n\n<div class=\"wpcf7 no-js\" id=\"wpcf7-f23536-o1\" lang=\"en-US\" dir=\"ltr\" data-wpcf7-id=\"23536\">\n<div class=\"screen-reader-response\"><p role=\"status\" aria-live=\"polite\" aria-atomic=\"true\"><\/p> <ul><\/ul><\/div>\n<form action=\"\/pl\/wp-json\/wp\/v2\/pages\/24723#wpcf7-f23536-o1\" method=\"post\" class=\"wpcf7-form init\" aria-label=\"Contact form\" novalidate=\"novalidate\" data-status=\"init\">\n<fieldset class=\"hidden-fields-container\"><input type=\"hidden\" name=\"_wpcf7\" value=\"23536\" \/><input type=\"hidden\" name=\"_wpcf7_version\" value=\"6.1.5\" \/><input type=\"hidden\" name=\"_wpcf7_locale\" value=\"en_US\" \/><input type=\"hidden\" name=\"_wpcf7_unit_tag\" value=\"wpcf7-f23536-o1\" \/><input type=\"hidden\" name=\"_wpcf7_container_post\" value=\"0\" \/><input type=\"hidden\" name=\"_wpcf7_posted_data_hash\" value=\"\" \/><input type=\"hidden\" name=\"_wpcf7dtx_version\" value=\"5.0.5\" \/>\n<\/fieldset>\n<p><span class=\"wpcf7-form-control-wrap\" data-name=\"contactname\"><input size=\"40\" maxlength=\"400\" class=\"wpcf7-form-control wpcf7-text\" aria-invalid=\"false\" placeholder=\"Imi\u0119 i nazwisko\" value=\"\" type=\"text\" name=\"contactname\" \/><\/span><span class=\"wpcf7-form-control-wrap\" data-name=\"email\"><input size=\"40\" maxlength=\"400\" class=\"wpcf7-form-control wpcf7-email wpcf7-text wpcf7-validates-as-email\" aria-invalid=\"false\" placeholder=\"Adres e-mail\" value=\"\" type=\"email\" name=\"email\" \/><\/span>\n<\/p>\n<p><input class=\"wpcf7-form-control wpcf7-submit has-spinner content-unlocked\" type=\"submit\" value=\"Pobierz\" \/>\n<\/p><div class=\"wpcf7-response-output\" aria-hidden=\"true\"><\/div>\n<\/form>\n<\/div>\n<\/p>\n<p>Administratorem danych osobowych jest Livespace sp. z o.o. z siedzib\u0105 w Warszawie. Twoje dane b\u0119d\u0105 przetwarzane w celach wysy\u0142ania naszych materia\u0142\u00f3w i naszych dzia\u0142a\u0144 marketingowych. Masz prawo m.in. do wyra\u017cenia sprzeciwu wobec przetwarzania Twoich danych. Wi\u0119cej informacji znajdziesz w <a href=\"https:\/\/www.livespace.io\/files\/pl\/Livespace_polityka_prywatnosci.pdf\" target=\"_blank\" rel=\"noopener\">Polityce Prywatno\u015bci<\/a><\/p>\n<\/div><\/div><\/p><\/div>\n<style type=\"text\/css\" data-created_by=\"avia_inline_auto\" id=\"style-css-av-3z7cy8j-9c42332f8a293be29cdfe53aaa973ae8\">\n.flex_column.av-3z7cy8j-9c42332f8a293be29cdfe53aaa973ae8{\nborder-radius:0px 0px 0px 0px;\npadding:0px 0px 0px 0px;\n}\n<\/style>\n<div  class='flex_column av-3z7cy8j-9c42332f8a293be29cdfe53aaa973ae8 av_one_full  avia-builder-el-11  el_after_av_one_full  avia-builder-el-last  ls-content-form-thankyou first flex_column_div av-zero-column-padding  column-top-margin'     ><p><section  class='av_textblock_section av-3fcbcpf-26f8324bd9bde0ae0d37ed1ebec19123 '   itemscope=\"itemscope\" itemtype=\"https:\/\/schema.org\/CreativeWork\" ><div class='avia_textblock'  itemprop=\"text\" ><p><strong>Organizator<\/strong><\/p>\n<\/div><\/section><br \/>\n<section  class='av_textblock_section av-2zummcz-fa71770b14ce3ec9e0eab87f81c9ce2e '   itemscope=\"itemscope\" itemtype=\"https:\/\/schema.org\/CreativeWork\" ><div class='avia_textblock'  itemprop=\"text\" ><p><img decoding=\"async\" class=\" wp-image-106230 aligncenter\" src=\"https:\/\/www.livespace.io\/wp-content\/uploads\/2023\/02\/livespace-logo2x.png\" alt=\"\" width=\"299\" height=\"87\" srcset=\"https:\/\/www.livespace.io\/wp-content\/uploads\/2023\/02\/livespace-logo2x.png 440w, https:\/\/www.livespace.io\/wp-content\/uploads\/2023\/02\/livespace-logo2x-300x87.png 300w\" sizes=\"(max-width: 299px) 100vw, 299px\" \/><\/p>\n<div class=\"page\" title=\"Page 2\">\n<div class=\"section\">\n<div class=\"layoutArea\">\n<div class=\"column\">\n<p style=\"text-align: center;\">Najlepszy CRM do pouk\u0142adania pracy zespo\u0142u sprzedaz\u0307y, tak by kaz\u0307dy zna\u0142 swo\u0301j kolejny krok do wygrania zlecenia.<\/p>\n<\/div>\n<\/div>\n<\/div>\n<\/div>\n<\/div><\/section><br \/>\n<div  class='avia-button-wrap av-2p6qbhv-ad95c0a7637527e910f6ebadee991aa6-wrap avia-button-center  avia-builder-el-14  el_after_av_textblock  avia-builder-el-last '>\n<style type=\"text\/css\" data-created_by=\"avia_inline_auto\" id=\"style-css-av-2p6qbhv-ad95c0a7637527e910f6ebadee991aa6\">\n#top #wrap_all .avia-button.av-2p6qbhv-ad95c0a7637527e910f6ebadee991aa6{\nbackground-color:#3b86ce;\nborder-color:#3b86ce;\ncolor:#ffffff;\ntransition:all 0.4s ease-in-out;\n}\n#top #wrap_all .avia-button.av-2p6qbhv-ad95c0a7637527e910f6ebadee991aa6 .avia-svg-icon svg:first-child{\nfill:#ffffff;\nstroke:#ffffff;\n}\n<\/style>\n<a href=''  class='avia-button av-2p6qbhv-ad95c0a7637527e910f6ebadee991aa6 av-link-btn avia-icon_select-no avia-size-large avia-position-center'   aria-label=\"Poznaj Livespace\"><span class='avia_iconbox_title' >Poznaj Livespace<\/span><\/a><\/div><\/p><\/div><\/p>\n<\/div><\/div>\n<\/div><div id='after_grid_row_1'  class='main_color av_default_container_wrap container_wrap fullsize'  ><div class='container av-section-cont-open' ><div class='template-page content  av-content-full alpha units'><div class='post-entry post-entry-type-page post-entry-24723'><div class='entry-content-wrapper clearfix'>\n\n<style type=\"text\/css\" data-created_by=\"avia_inline_auto\" id=\"style-css-av-21ay8sz-87e9212b31ee980d1c28bdbaac418df3\">\n.flex_column.av-21ay8sz-87e9212b31ee980d1c28bdbaac418df3{\nborder-radius:0px 0px 0px 0px;\npadding:0px 0px 0px 0px;\n}\n<\/style>\n<div  class='flex_column av-21ay8sz-87e9212b31ee980d1c28bdbaac418df3 av_one_full  avia-builder-el-15  el_after_av_layout_row  avia-builder-el-no-sibling  ls-content-video-box first flex_column_div av-zero-column-padding  '     ><p>\n<style type=\"text\/css\" data-created_by=\"avia_inline_auto\" id=\"style-css-av-1fnnz3n-76ccc3b4df70826f3d3f522d0995c329\">\n#top .av-special-heading.av-1fnnz3n-76ccc3b4df70826f3d3f522d0995c329{\npadding-bottom:10px;\n}\nbody .av-special-heading.av-1fnnz3n-76ccc3b4df70826f3d3f522d0995c329 .av-special-heading-tag .heading-char{\nfont-size:25px;\n}\n.av-special-heading.av-1fnnz3n-76ccc3b4df70826f3d3f522d0995c329 .av-subheading{\nfont-size:15px;\n}\n<\/style>\n<div  class='av-special-heading av-1fnnz3n-76ccc3b4df70826f3d3f522d0995c329 av-special-heading-h3  avia-builder-el-16  el_before_av_codeblock  avia-builder-el-first '><h3 class='av-special-heading-tag '  itemprop=\"headline\"  >Zobacz nagranie<\/h3><div class=\"special-heading-border\"><div class=\"special-heading-inner-border\"><\/div><\/div><\/div><br \/>\n<br \/>\n<\/p><\/div>\n<div style='text-align:center' class='yasr-auto-insert-visitor'><\/div>","protected":false},"excerpt":{"rendered":"","protected":false},"author":10,"featured_media":0,"parent":953,"menu_order":0,"comment_status":"open","ping_status":"closed","template":"","meta":{"_acf_changed":false,"inline_featured_image":false,"yasr_overall_rating":0,"yasr_post_is_review":"","yasr_auto_insert_disabled":"","yasr_review_type":"","footnotes":""},"class_list":["post-24723","page","type-page","status-publish","hentry"],"yasr_visitor_votes":{"stars_attributes":{"read_only":false,"span_bottom":false},"number_of_votes":0,"sum_votes":0},"acf":[],"yoast_head":"<!-- This site is optimized with the Yoast SEO plugin v27.3 - https:\/\/yoast.com\/product\/yoast-seo-wordpress\/ -->\n<title>Jak stworzy\u0107 i mierzy\u0107 proces sprzeda\u017cy B2B<\/title>\n<meta name=\"description\" content=\"Webinarium dla praktyk\u00f3w sprzeda\u017cy na temat tworzenia i mierzenia procesu sprzeda\u017cy B2B.\" \/>\n<meta name=\"robots\" content=\"index, follow, max-snippet:-1, max-image-preview:large, max-video-preview:-1\" \/>\n<link rel=\"canonical\" href=\"https:\/\/www.livespace.io\/pl\/webinaria\/jak-stworzyc-i-mierzyc-proces-sprzedazy-b2b\/\" \/>\n<meta property=\"og:locale\" content=\"pl_PL\" \/>\n<meta property=\"og:type\" content=\"article\" \/>\n<meta property=\"og:title\" content=\"Jak stworzy\u0107 i mierzy\u0107 proces sprzeda\u017cy B2B\" \/>\n<meta property=\"og:description\" content=\"Webinarium dla praktyk\u00f3w sprzeda\u017cy na temat tworzenia i mierzenia procesu sprzeda\u017cy B2B.\" \/>\n<meta property=\"og:url\" content=\"https:\/\/www.livespace.io\/pl\/webinaria\/jak-stworzyc-i-mierzyc-proces-sprzedazy-b2b\/\" \/>\n<meta property=\"og:site_name\" content=\"Livespace CRM\" \/>\n<meta property=\"article:modified_time\" content=\"2026-04-02T05:45:01+00:00\" \/>\n<meta property=\"og:image\" content=\"https:\/\/www.livespace.io\/wp-content\/uploads\/2017\/12\/webinarium_jsmpsb2b_.png\" \/>\n\t<meta property=\"og:image:width\" content=\"1200\" \/>\n\t<meta property=\"og:image:height\" content=\"628\" \/>\n\t<meta property=\"og:image:type\" content=\"image\/png\" \/>\n<meta name=\"twitter:card\" content=\"summary_large_image\" \/>\n<meta name=\"twitter:label1\" content=\"Szacowany czas czytania\" \/>\n\t<meta name=\"twitter:data1\" content=\"2 minuty\" \/>\n<script type=\"application\/ld+json\" class=\"yoast-schema-graph\">{\"@context\":\"https:\\\/\\\/schema.org\",\"@graph\":[{\"@type\":\"WebPage\",\"@id\":\"https:\\\/\\\/www.livespace.io\\\/pl\\\/webinaria\\\/jak-stworzyc-i-mierzyc-proces-sprzedazy-b2b\\\/\",\"url\":\"https:\\\/\\\/www.livespace.io\\\/pl\\\/webinaria\\\/jak-stworzyc-i-mierzyc-proces-sprzedazy-b2b\\\/\",\"name\":\"Jak stworzy\u0107 i mierzy\u0107 proces sprzeda\u017cy B2B\",\"isPartOf\":{\"@id\":\"https:\\\/\\\/www.livespace.io\\\/pl\\\/#website\"},\"primaryImageOfPage\":{\"@id\":\"https:\\\/\\\/www.livespace.io\\\/pl\\\/webinaria\\\/jak-stworzyc-i-mierzyc-proces-sprzedazy-b2b\\\/#primaryimage\"},\"image\":{\"@id\":\"https:\\\/\\\/www.livespace.io\\\/pl\\\/webinaria\\\/jak-stworzyc-i-mierzyc-proces-sprzedazy-b2b\\\/#primaryimage\"},\"thumbnailUrl\":\"https:\\\/\\\/www.livespace.io\\\/wp-content\\\/uploads\\\/2017\\\/10\\\/m_skurowski.png\",\"datePublished\":\"2018-10-18T16:33:45+00:00\",\"dateModified\":\"2026-04-02T05:45:01+00:00\",\"description\":\"Webinarium dla praktyk\u00f3w sprzeda\u017cy na temat tworzenia i mierzenia procesu sprzeda\u017cy B2B.\",\"breadcrumb\":{\"@id\":\"https:\\\/\\\/www.livespace.io\\\/pl\\\/webinaria\\\/jak-stworzyc-i-mierzyc-proces-sprzedazy-b2b\\\/#breadcrumb\"},\"inLanguage\":\"pl-PL\",\"potentialAction\":[{\"@type\":\"ReadAction\",\"target\":[\"https:\\\/\\\/www.livespace.io\\\/pl\\\/webinaria\\\/jak-stworzyc-i-mierzyc-proces-sprzedazy-b2b\\\/\"]}]},{\"@type\":\"ImageObject\",\"inLanguage\":\"pl-PL\",\"@id\":\"https:\\\/\\\/www.livespace.io\\\/pl\\\/webinaria\\\/jak-stworzyc-i-mierzyc-proces-sprzedazy-b2b\\\/#primaryimage\",\"url\":\"https:\\\/\\\/www.livespace.io\\\/wp-content\\\/uploads\\\/2017\\\/10\\\/m_skurowski.png\",\"contentUrl\":\"https:\\\/\\\/www.livespace.io\\\/wp-content\\\/uploads\\\/2017\\\/10\\\/m_skurowski.png\"},{\"@type\":\"BreadcrumbList\",\"@id\":\"https:\\\/\\\/www.livespace.io\\\/pl\\\/webinaria\\\/jak-stworzyc-i-mierzyc-proces-sprzedazy-b2b\\\/#breadcrumb\",\"itemListElement\":[{\"@type\":\"ListItem\",\"position\":1,\"name\":\"Webinaria\",\"item\":\"https:\\\/\\\/www.livespace.io\\\/pl\\\/webinaria\\\/\"},{\"@type\":\"ListItem\",\"position\":2,\"name\":\"Jak stworzy\u0107 i mierzy\u0107 proces sprzeda\u017cy B2B\"}]},{\"@type\":\"WebSite\",\"@id\":\"https:\\\/\\\/www.livespace.io\\\/pl\\\/#website\",\"url\":\"https:\\\/\\\/www.livespace.io\\\/pl\\\/\",\"name\":\"Livespace CRM\",\"description\":\"sell smarter\",\"publisher\":{\"@id\":\"https:\\\/\\\/www.livespace.io\\\/pl\\\/#organization\"},\"potentialAction\":[{\"@type\":\"SearchAction\",\"target\":{\"@type\":\"EntryPoint\",\"urlTemplate\":\"https:\\\/\\\/www.livespace.io\\\/pl\\\/?s={search_term_string}\"},\"query-input\":{\"@type\":\"PropertyValueSpecification\",\"valueRequired\":true,\"valueName\":\"search_term_string\"}}],\"inLanguage\":\"pl-PL\"},{\"@type\":\"Organization\",\"@id\":\"https:\\\/\\\/www.livespace.io\\\/pl\\\/#organization\",\"name\":\"Livespace.io\",\"url\":\"https:\\\/\\\/www.livespace.io\\\/pl\\\/\",\"logo\":{\"@type\":\"ImageObject\",\"inLanguage\":\"pl-PL\",\"@id\":\"https:\\\/\\\/www.livespace.io\\\/pl\\\/#\\\/schema\\\/logo\\\/image\\\/\",\"url\":\"https:\\\/\\\/www.livespace.io\\\/wp-content\\\/uploads\\\/2021\\\/09\\\/livespace-logo.png\",\"contentUrl\":\"https:\\\/\\\/www.livespace.io\\\/wp-content\\\/uploads\\\/2021\\\/09\\\/livespace-logo.png\",\"width\":204,\"height\":54,\"caption\":\"Livespace.io\"},\"image\":{\"@id\":\"https:\\\/\\\/www.livespace.io\\\/pl\\\/#\\\/schema\\\/logo\\\/image\\\/\"}}]}<\/script>\n<!-- \/ Yoast SEO plugin. -->","yoast_head_json":{"title":"Jak stworzy\u0107 i mierzy\u0107 proces sprzeda\u017cy B2B","description":"Webinarium dla praktyk\u00f3w sprzeda\u017cy na temat tworzenia i mierzenia procesu sprzeda\u017cy B2B.","robots":{"index":"index","follow":"follow","max-snippet":"max-snippet:-1","max-image-preview":"max-image-preview:large","max-video-preview":"max-video-preview:-1"},"canonical":"https:\/\/www.livespace.io\/pl\/webinaria\/jak-stworzyc-i-mierzyc-proces-sprzedazy-b2b\/","og_locale":"pl_PL","og_type":"article","og_title":"Jak stworzy\u0107 i mierzy\u0107 proces sprzeda\u017cy B2B","og_description":"Webinarium dla praktyk\u00f3w sprzeda\u017cy na temat tworzenia i mierzenia procesu sprzeda\u017cy B2B.","og_url":"https:\/\/www.livespace.io\/pl\/webinaria\/jak-stworzyc-i-mierzyc-proces-sprzedazy-b2b\/","og_site_name":"Livespace CRM","article_modified_time":"2026-04-02T05:45:01+00:00","og_image":[{"width":1200,"height":628,"url":"https:\/\/www.livespace.io\/wp-content\/uploads\/2017\/12\/webinarium_jsmpsb2b_.png","type":"image\/png"}],"twitter_card":"summary_large_image","twitter_misc":{"Szacowany czas czytania":"2 minuty"},"schema":{"@context":"https:\/\/schema.org","@graph":[{"@type":"WebPage","@id":"https:\/\/www.livespace.io\/pl\/webinaria\/jak-stworzyc-i-mierzyc-proces-sprzedazy-b2b\/","url":"https:\/\/www.livespace.io\/pl\/webinaria\/jak-stworzyc-i-mierzyc-proces-sprzedazy-b2b\/","name":"Jak stworzy\u0107 i mierzy\u0107 proces sprzeda\u017cy B2B","isPartOf":{"@id":"https:\/\/www.livespace.io\/pl\/#website"},"primaryImageOfPage":{"@id":"https:\/\/www.livespace.io\/pl\/webinaria\/jak-stworzyc-i-mierzyc-proces-sprzedazy-b2b\/#primaryimage"},"image":{"@id":"https:\/\/www.livespace.io\/pl\/webinaria\/jak-stworzyc-i-mierzyc-proces-sprzedazy-b2b\/#primaryimage"},"thumbnailUrl":"https:\/\/www.livespace.io\/wp-content\/uploads\/2017\/10\/m_skurowski.png","datePublished":"2018-10-18T16:33:45+00:00","dateModified":"2026-04-02T05:45:01+00:00","description":"Webinarium dla praktyk\u00f3w sprzeda\u017cy na temat tworzenia i mierzenia procesu sprzeda\u017cy B2B.","breadcrumb":{"@id":"https:\/\/www.livespace.io\/pl\/webinaria\/jak-stworzyc-i-mierzyc-proces-sprzedazy-b2b\/#breadcrumb"},"inLanguage":"pl-PL","potentialAction":[{"@type":"ReadAction","target":["https:\/\/www.livespace.io\/pl\/webinaria\/jak-stworzyc-i-mierzyc-proces-sprzedazy-b2b\/"]}]},{"@type":"ImageObject","inLanguage":"pl-PL","@id":"https:\/\/www.livespace.io\/pl\/webinaria\/jak-stworzyc-i-mierzyc-proces-sprzedazy-b2b\/#primaryimage","url":"https:\/\/www.livespace.io\/wp-content\/uploads\/2017\/10\/m_skurowski.png","contentUrl":"https:\/\/www.livespace.io\/wp-content\/uploads\/2017\/10\/m_skurowski.png"},{"@type":"BreadcrumbList","@id":"https:\/\/www.livespace.io\/pl\/webinaria\/jak-stworzyc-i-mierzyc-proces-sprzedazy-b2b\/#breadcrumb","itemListElement":[{"@type":"ListItem","position":1,"name":"Webinaria","item":"https:\/\/www.livespace.io\/pl\/webinaria\/"},{"@type":"ListItem","position":2,"name":"Jak stworzy\u0107 i mierzy\u0107 proces sprzeda\u017cy B2B"}]},{"@type":"WebSite","@id":"https:\/\/www.livespace.io\/pl\/#website","url":"https:\/\/www.livespace.io\/pl\/","name":"Livespace CRM","description":"sell smarter","publisher":{"@id":"https:\/\/www.livespace.io\/pl\/#organization"},"potentialAction":[{"@type":"SearchAction","target":{"@type":"EntryPoint","urlTemplate":"https:\/\/www.livespace.io\/pl\/?s={search_term_string}"},"query-input":{"@type":"PropertyValueSpecification","valueRequired":true,"valueName":"search_term_string"}}],"inLanguage":"pl-PL"},{"@type":"Organization","@id":"https:\/\/www.livespace.io\/pl\/#organization","name":"Livespace.io","url":"https:\/\/www.livespace.io\/pl\/","logo":{"@type":"ImageObject","inLanguage":"pl-PL","@id":"https:\/\/www.livespace.io\/pl\/#\/schema\/logo\/image\/","url":"https:\/\/www.livespace.io\/wp-content\/uploads\/2021\/09\/livespace-logo.png","contentUrl":"https:\/\/www.livespace.io\/wp-content\/uploads\/2021\/09\/livespace-logo.png","width":204,"height":54,"caption":"Livespace.io"},"image":{"@id":"https:\/\/www.livespace.io\/pl\/#\/schema\/logo\/image\/"}}]}},"_links":{"self":[{"href":"https:\/\/www.livespace.io\/pl\/wp-json\/wp\/v2\/pages\/24723","targetHints":{"allow":["GET"]}}],"collection":[{"href":"https:\/\/www.livespace.io\/pl\/wp-json\/wp\/v2\/pages"}],"about":[{"href":"https:\/\/www.livespace.io\/pl\/wp-json\/wp\/v2\/types\/page"}],"author":[{"embeddable":true,"href":"https:\/\/www.livespace.io\/pl\/wp-json\/wp\/v2\/users\/10"}],"replies":[{"embeddable":true,"href":"https:\/\/www.livespace.io\/pl\/wp-json\/wp\/v2\/comments?post=24723"}],"version-history":[{"count":2,"href":"https:\/\/www.livespace.io\/pl\/wp-json\/wp\/v2\/pages\/24723\/revisions"}],"predecessor-version":[{"id":201528,"href":"https:\/\/www.livespace.io\/pl\/wp-json\/wp\/v2\/pages\/24723\/revisions\/201528"}],"up":[{"embeddable":true,"href":"https:\/\/www.livespace.io\/pl\/wp-json\/wp\/v2\/pages\/953"}],"wp:attachment":[{"href":"https:\/\/www.livespace.io\/pl\/wp-json\/wp\/v2\/media?parent=24723"}],"curies":[{"name":"wp","href":"https:\/\/api.w.org\/{rel}","templated":true}]}}