{"id":2171,"date":"2014-07-17T15:55:54","date_gmt":"2014-07-17T13:55:54","guid":{"rendered":"http:\/\/www.livespace.app\/?page_id=2171"},"modified":"2014-08-25T15:10:03","modified_gmt":"2014-08-25T13:10:03","slug":"jak-zarzadzac-sprzedaza","status":"publish","type":"page","link":"https:\/\/www.livespace.io\/pl\/jak-zarzadzac-sprzedaza\/","title":{"rendered":"Jak zarz\u0105dza\u0107 sprzeda\u017c\u0105?"},"content":{"rendered":"<div id='av_section_1'  class='avia-section av-av_section-34b59b11b77f47497a34dbc2a650c46e main_color avia-section-default avia-no-shadow  avia-builder-el-0  el_before_av_section  avia-builder-el-first  avia-bg-style-fixed container_wrap fullsize'  ><div class='container av-section-cont-open' ><main  role=\"main\" itemprop=\"mainContentOfPage\"  class='template-page content  av-content-full alpha units'><div class='post-entry post-entry-type-page post-entry-2171'><div class='entry-content-wrapper clearfix'>\n<section  class='av_textblock_section av-av_textblock-ee5d20e8686eeaa344bea241e2052453 '   itemscope=\"itemscope\" itemtype=\"https:\/\/schema.org\/CreativeWork\" ><div class='avia_textblock'  itemprop=\"text\" ><h1 style=\"text-align: center;\">Jak zarz\u0105dza\u0107 sprzeda\u017c\u0105?<\/h1>\n<\/div><\/section>\n\n<\/div><\/div><\/main><!-- close content main element --><\/div><\/div><div id='av_section_2'  class='avia-section av-av_section-0413899af6e2780df83895b19324d36f main_color avia-section-default avia-no-shadow  avia-builder-el-2  el_after_av_section  el_before_av_codeblock  avia-bg-style-scroll container_wrap fullsize'  ><div class='container av-section-cont-open' ><div class='template-page content  av-content-full alpha units'><div class='post-entry post-entry-type-page post-entry-2171'><div class='entry-content-wrapper clearfix'>\n<div  class='flex_column av-av_one_half-2a9015ff38129c418a3f2eafba3e9512 av_one_half  avia-builder-el-3  el_before_av_one_half  avia-builder-el-first  first flex_column_div  '     ><style type=\"text\/css\" data-created_by=\"avia_inline_auto\" id=\"style-css-av-av_image-d5ab4cadcb8dcaa32eeb33cecdb16816\">\n.avia-image-container.av-av_image-d5ab4cadcb8dcaa32eeb33cecdb16816 img.avia_image{\nbox-shadow:none;\n}\n.avia-image-container.av-av_image-d5ab4cadcb8dcaa32eeb33cecdb16816 .av-image-caption-overlay-center{\ncolor:#ffffff;\n}\n<\/style>\n<div  class='avia-image-container av-av_image-d5ab4cadcb8dcaa32eeb33cecdb16816 av-styling- avia-align-center  avia-builder-el-4  avia-builder-el-no-sibling '   itemprop=\"image\" itemscope=\"itemscope\" itemtype=\"https:\/\/schema.org\/ImageObject\" ><div class=\"avia-image-container-inner\"><div class=\"avia-image-overlay-wrap\"><img decoding=\"async\" fetchpriority=\"high\" class='wp-image-26602 avia-img-lazy-loading-not-26602 avia_image ' src=\"https:\/\/www.livespace.io\/wp-content\/uploads\/2014\/07\/ankieta-naglowek-3.jpg\" alt='Ankieta jak zarz\u0105dza\u0107 sprzeda\u017c\u0105' title='ankieta-naglowek-3'  height=\"565\" width=\"849\"  itemprop=\"thumbnailUrl\" srcset=\"https:\/\/www.livespace.io\/wp-content\/uploads\/2014\/07\/ankieta-naglowek-3.jpg 849w, https:\/\/www.livespace.io\/wp-content\/uploads\/2014\/07\/ankieta-naglowek-3-300x199.jpg 300w, https:\/\/www.livespace.io\/wp-content\/uploads\/2014\/07\/ankieta-naglowek-3-705x469.jpg 705w, https:\/\/www.livespace.io\/wp-content\/uploads\/2014\/07\/ankieta-naglowek-3-450x299.jpg 450w\" sizes=\"(max-width: 849px) 100vw, 849px\" \/><\/div><\/div><\/div><\/div><div  class='flex_column av-av_one_half-223d9b9ae33ce9918036dc4e302cfc62 av_one_half  avia-builder-el-5  el_after_av_one_half  avia-builder-el-last  flex_column_div  '     ><section  class='av_textblock_section av-av_textblock-ee5d20e8686eeaa344bea241e2052453 '   itemscope=\"itemscope\" itemtype=\"https:\/\/schema.org\/CreativeWork\" ><div class='avia_textblock'  itemprop=\"text\" ><p style=\"text-align: center; padding: 10px; font-size: 1.6em;\">Potrzebujesz podpowiedzi, w jaki spos\u00f3b efektywnie zarz\u0105dza\u0107 sprzeda\u017c\u0105 w Twojej firmie?<\/p>\n<p style=\"text-align: center; padding: 10px; font-size: 1.6em;\">Odpowiedz na pytania w poni\u017cszej ankiecie i pobierz\u00a0gotowy pomys\u0142, dopasowany do Twoich potrzeb!<\/p>\n<\/div><\/section><br \/>\n<div  class='avia-button-wrap av-av_button-8a164640a69434201e874fb4aaad75c9-wrap avia-button-center  avia-builder-el-7  el_after_av_textblock  avia-builder-el-last '><a href='#form-wrapper'  class='avia-button av-av_button-8a164640a69434201e874fb4aaad75c9 av-link-btn avia-icon_select-no avia-size-large avia-position-center avia-color-theme-color'   aria-label=\"Wype\u0142nij ankiet\u0119\"><span class='avia_iconbox_title' >Wype\u0142nij ankiet\u0119<\/span><\/a><\/div><\/p><\/div>\n<\/div><\/div><\/div><!-- close content main div --><\/div><\/div><div id='after_section_2'  class='main_color av_default_container_wrap container_wrap fullsize'  ><div class='container av-section-cont-open' ><div class='template-page content  av-content-full alpha units'><div class='post-entry post-entry-type-page post-entry-2171'><div class='entry-content-wrapper clearfix'>\n\n<\/div><\/div><\/div><!-- close content main div --><\/div><\/div><div id='av_section_3'  class='avia-section av-av_section-bd99ea0b9efb9bddbdcae6f918541439 main_color avia-section-default avia-no-shadow  avia-builder-el-9  el_after_av_codeblock  avia-builder-el-last  avia-bg-style-scroll container_wrap fullsize'  ><div class='container av-section-cont-open' ><div class='template-page content  av-content-full alpha units'><div class='post-entry post-entry-type-page post-entry-2171'><div class='entry-content-wrapper clearfix'>\n<div style='text-align:center' class='yasr-auto-insert-visitor'><\/div>","protected":false},"excerpt":{"rendered":"","protected":false},"author":1,"featured_media":0,"parent":0,"menu_order":0,"comment_status":"open","ping_status":"open","template":"","meta":{"_acf_changed":false,"inline_featured_image":false,"yasr_overall_rating":0,"yasr_post_is_review":"","yasr_auto_insert_disabled":"","yasr_review_type":"","footnotes":""},"class_list":["post-2171","page","type-page","status-publish","hentry"],"yasr_visitor_votes":{"stars_attributes":{"read_only":false,"span_bottom":false},"number_of_votes":0,"sum_votes":0},"acf":[],"yoast_head":"<!-- This site is optimized with the Yoast SEO plugin v27.3 - https:\/\/yoast.com\/product\/yoast-seo-wordpress\/ -->\n<title>Jak zarz\u0105dza\u0107 sprzeda\u017c\u0105? | Livespace CRM<\/title>\n<meta name=\"robots\" content=\"index, follow, max-snippet:-1, max-image-preview:large, max-video-preview:-1\" \/>\n<link rel=\"canonical\" href=\"https:\/\/www.livespace.io\/pl\/jak-zarzadzac-sprzedaza\/\" \/>\n<meta property=\"og:locale\" content=\"pl_PL\" \/>\n<meta property=\"og:type\" content=\"article\" \/>\n<meta property=\"og:title\" content=\"Jak zarz\u0105dza\u0107 sprzeda\u017c\u0105? | Livespace CRM\" \/>\n<meta property=\"og:url\" content=\"https:\/\/www.livespace.io\/pl\/jak-zarzadzac-sprzedaza\/\" \/>\n<meta property=\"og:site_name\" content=\"Livespace CRM\" \/>\n<meta property=\"article:modified_time\" content=\"2014-08-25T13:10:03+00:00\" \/>\n<meta property=\"og:image\" content=\"https:\/\/www.livespace.io\/wp-content\/uploads\/2022\/06\/Livespace-sell-smarter-crm.png\" \/>\n\t<meta property=\"og:image:width\" content=\"1200\" \/>\n\t<meta property=\"og:image:height\" content=\"628\" \/>\n\t<meta property=\"og:image:type\" content=\"image\/png\" \/>\n<meta name=\"twitter:card\" content=\"summary_large_image\" \/>\n<meta name=\"twitter:label1\" content=\"Szacowany czas czytania\" \/>\n\t<meta name=\"twitter:data1\" content=\"1 minuta\" \/>\n<script type=\"application\/ld+json\" class=\"yoast-schema-graph\">{\"@context\":\"https:\\\/\\\/schema.org\",\"@graph\":[{\"@type\":\"WebPage\",\"@id\":\"https:\\\/\\\/www.livespace.io\\\/pl\\\/jak-zarzadzac-sprzedaza\\\/\",\"url\":\"https:\\\/\\\/www.livespace.io\\\/pl\\\/jak-zarzadzac-sprzedaza\\\/\",\"name\":\"Jak zarz\u0105dza\u0107 sprzeda\u017c\u0105? | Livespace CRM\",\"isPartOf\":{\"@id\":\"https:\\\/\\\/www.livespace.io\\\/pl\\\/#website\"},\"datePublished\":\"2014-07-17T13:55:54+00:00\",\"dateModified\":\"2014-08-25T13:10:03+00:00\",\"inLanguage\":\"pl-PL\",\"potentialAction\":[{\"@type\":\"ReadAction\",\"target\":[\"https:\\\/\\\/www.livespace.io\\\/pl\\\/jak-zarzadzac-sprzedaza\\\/\"]}]},{\"@type\":\"WebSite\",\"@id\":\"https:\\\/\\\/www.livespace.io\\\/pl\\\/#website\",\"url\":\"https:\\\/\\\/www.livespace.io\\\/pl\\\/\",\"name\":\"Livespace CRM\",\"description\":\"sell smarter\",\"publisher\":{\"@id\":\"https:\\\/\\\/www.livespace.io\\\/pl\\\/#organization\"},\"potentialAction\":[{\"@type\":\"SearchAction\",\"target\":{\"@type\":\"EntryPoint\",\"urlTemplate\":\"https:\\\/\\\/www.livespace.io\\\/pl\\\/?s={search_term_string}\"},\"query-input\":{\"@type\":\"PropertyValueSpecification\",\"valueRequired\":true,\"valueName\":\"search_term_string\"}}],\"inLanguage\":\"pl-PL\"},{\"@type\":\"Organization\",\"@id\":\"https:\\\/\\\/www.livespace.io\\\/pl\\\/#organization\",\"name\":\"Livespace.io\",\"url\":\"https:\\\/\\\/www.livespace.io\\\/pl\\\/\",\"logo\":{\"@type\":\"ImageObject\",\"inLanguage\":\"pl-PL\",\"@id\":\"https:\\\/\\\/www.livespace.io\\\/pl\\\/#\\\/schema\\\/logo\\\/image\\\/\",\"url\":\"https:\\\/\\\/www.livespace.io\\\/wp-content\\\/uploads\\\/2021\\\/09\\\/livespace-logo.png\",\"contentUrl\":\"https:\\\/\\\/www.livespace.io\\\/wp-content\\\/uploads\\\/2021\\\/09\\\/livespace-logo.png\",\"width\":204,\"height\":54,\"caption\":\"Livespace.io\"},\"image\":{\"@id\":\"https:\\\/\\\/www.livespace.io\\\/pl\\\/#\\\/schema\\\/logo\\\/image\\\/\"}},false]}<\/script>\n<!-- \/ Yoast SEO plugin. -->","yoast_head_json":{"title":"Jak zarz\u0105dza\u0107 sprzeda\u017c\u0105? | Livespace CRM","robots":{"index":"index","follow":"follow","max-snippet":"max-snippet:-1","max-image-preview":"max-image-preview:large","max-video-preview":"max-video-preview:-1"},"canonical":"https:\/\/www.livespace.io\/pl\/jak-zarzadzac-sprzedaza\/","og_locale":"pl_PL","og_type":"article","og_title":"Jak zarz\u0105dza\u0107 sprzeda\u017c\u0105? | Livespace CRM","og_url":"https:\/\/www.livespace.io\/pl\/jak-zarzadzac-sprzedaza\/","og_site_name":"Livespace CRM","article_modified_time":"2014-08-25T13:10:03+00:00","og_image":[{"width":1200,"height":628,"url":"https:\/\/www.livespace.io\/wp-content\/uploads\/2022\/06\/Livespace-sell-smarter-crm.png","type":"image\/png"}],"twitter_card":"summary_large_image","twitter_misc":{"Szacowany czas czytania":"1 minuta"},"schema":{"@context":"https:\/\/schema.org","@graph":[{"@type":"WebPage","@id":"https:\/\/www.livespace.io\/pl\/jak-zarzadzac-sprzedaza\/","url":"https:\/\/www.livespace.io\/pl\/jak-zarzadzac-sprzedaza\/","name":"Jak zarz\u0105dza\u0107 sprzeda\u017c\u0105? | Livespace CRM","isPartOf":{"@id":"https:\/\/www.livespace.io\/pl\/#website"},"datePublished":"2014-07-17T13:55:54+00:00","dateModified":"2014-08-25T13:10:03+00:00","inLanguage":"pl-PL","potentialAction":[{"@type":"ReadAction","target":["https:\/\/www.livespace.io\/pl\/jak-zarzadzac-sprzedaza\/"]}]},{"@type":"WebSite","@id":"https:\/\/www.livespace.io\/pl\/#website","url":"https:\/\/www.livespace.io\/pl\/","name":"Livespace CRM","description":"sell smarter","publisher":{"@id":"https:\/\/www.livespace.io\/pl\/#organization"},"potentialAction":[{"@type":"SearchAction","target":{"@type":"EntryPoint","urlTemplate":"https:\/\/www.livespace.io\/pl\/?s={search_term_string}"},"query-input":{"@type":"PropertyValueSpecification","valueRequired":true,"valueName":"search_term_string"}}],"inLanguage":"pl-PL"},{"@type":"Organization","@id":"https:\/\/www.livespace.io\/pl\/#organization","name":"Livespace.io","url":"https:\/\/www.livespace.io\/pl\/","logo":{"@type":"ImageObject","inLanguage":"pl-PL","@id":"https:\/\/www.livespace.io\/pl\/#\/schema\/logo\/image\/","url":"https:\/\/www.livespace.io\/wp-content\/uploads\/2021\/09\/livespace-logo.png","contentUrl":"https:\/\/www.livespace.io\/wp-content\/uploads\/2021\/09\/livespace-logo.png","width":204,"height":54,"caption":"Livespace.io"},"image":{"@id":"https:\/\/www.livespace.io\/pl\/#\/schema\/logo\/image\/"}},false]}},"_links":{"self":[{"href":"https:\/\/www.livespace.io\/pl\/wp-json\/wp\/v2\/pages\/2171","targetHints":{"allow":["GET"]}}],"collection":[{"href":"https:\/\/www.livespace.io\/pl\/wp-json\/wp\/v2\/pages"}],"about":[{"href":"https:\/\/www.livespace.io\/pl\/wp-json\/wp\/v2\/types\/page"}],"author":[{"embeddable":true,"href":"https:\/\/www.livespace.io\/pl\/wp-json\/wp\/v2\/users\/1"}],"replies":[{"embeddable":true,"href":"https:\/\/www.livespace.io\/pl\/wp-json\/wp\/v2\/comments?post=2171"}],"version-history":[{"count":0,"href":"https:\/\/www.livespace.io\/pl\/wp-json\/wp\/v2\/pages\/2171\/revisions"}],"wp:attachment":[{"href":"https:\/\/www.livespace.io\/pl\/wp-json\/wp\/v2\/media?parent=2171"}],"curies":[{"name":"wp","href":"https:\/\/api.w.org\/{rel}","templated":true}]}}