{"id":2163,"date":"2014-07-16T21:26:38","date_gmt":"2014-07-16T19:26:38","guid":{"rendered":"http:\/\/www.livespace.app\/?page_id=2163"},"modified":"2025-09-01T17:08:59","modified_gmt":"2025-09-01T15:08:59","slug":"dziekujemy-za-rejestracje-2","status":"publish","type":"page","link":"https:\/\/www.livespace.io\/pl\/pomoc\/baza-wiedzy\/dziekujemy-za-rejestracje-2\/","title":{"rendered":"Dzi\u0119kujemy za rejestracj\u0119 na webinarium \u201e5 krok\u00f3w do zwi\u0119kszenia sprzeda\u017cy w B2B\u201d"},"content":{"rendered":"<div id='av_section_1'  class='avia-section av-av_section-34b59b11b77f47497a34dbc2a650c46e main_color avia-section-default avia-no-shadow  avia-builder-el-0  el_before_av_textblock  avia-builder-el-first  avia-bg-style-fixed container_wrap fullsize'  ><div class='container av-section-cont-open' ><main  role=\"main\" itemprop=\"mainContentOfPage\"  class='template-page content  av-content-full alpha units'><div class='post-entry post-entry-type-page post-entry-2163'><div class='entry-content-wrapper clearfix'>\n<section  class='av_textblock_section av-av_textblock-ee5d20e8686eeaa344bea241e2052453 '   itemscope=\"itemscope\" itemtype=\"https:\/\/schema.org\/CreativeWork\" ><div class='avia_textblock'  itemprop=\"text\" ><h1 style=\"text-align: center;\">Dzi\u0119kujemy za rejestracj\u0119 na webinarium<\/h1>\n<h2 style=\"text-align: center;\">\u201e5 krok\u00f3w do zwi\u0119kszenia sprzeda\u017cy w B2B&#8221;<\/h2>\n<\/div><\/section>\n<\/div><\/div><\/main><!-- close content main element --><\/div><\/div><div id='after_section_1'  class='main_color av_default_container_wrap container_wrap fullsize'  ><div class='container av-section-cont-open' ><div class='template-page content  av-content-full alpha units'><div class='post-entry post-entry-type-page post-entry-2163'><div class='entry-content-wrapper clearfix'><section  class='av_textblock_section av-av_textblock-ee5d20e8686eeaa344bea241e2052453 '   itemscope=\"itemscope\" itemtype=\"https:\/\/schema.org\/CreativeWork\" ><div class='avia_textblock'  itemprop=\"text\" ><p style=\"text-align: center;\">Zaproszenie na webinarium zosta\u0142o przes\u0142ane na Tw\u00f3j adres e-mail. Znajdziesz tam link do udzia\u0142u w Webinarium.<\/p>\n<p style=\"text-align: center;\">Je\u017celi b\u0119dziesz mia\u0142 jakiekolwiek pytania lub w\u0105tpliwo\u015bci, napisz do nas na adres\u00a0<a href=\"mailto:\/\/webinaria@livespace.pl\">webinaria@livespace.pl<\/a><\/p>\n<p style=\"text-align: center;\">Pozdrawiamy,<br \/>\nZesp\u00f3\u0142 LiveSpace CRM<\/p>\n<\/div><\/section><\/p>\n<div style='text-align:center' class='yasr-auto-insert-visitor'><\/div>","protected":false},"excerpt":{"rendered":"","protected":false},"author":1,"featured_media":0,"parent":1261,"menu_order":0,"comment_status":"open","ping_status":"open","template":"","meta":{"_acf_changed":false,"inline_featured_image":false,"yasr_overall_rating":0,"yasr_post_is_review":"","yasr_auto_insert_disabled":"","yasr_review_type":"","footnotes":""},"class_list":["post-2163","page","type-page","status-publish","hentry"],"yasr_visitor_votes":{"stars_attributes":{"read_only":false,"span_bottom":false},"number_of_votes":0,"sum_votes":0},"acf":[],"yoast_head":"<!-- This site is optimized with the Yoast SEO plugin v27.3 - https:\/\/yoast.com\/product\/yoast-seo-wordpress\/ -->\n<title>Dzi\u0119kujemy za rejestracj\u0119 na webinarium \u201e5 krok\u00f3w do zwi\u0119kszenia sprzeda\u017cy w B2B\u201d | Livespace CRM<\/title>\n<meta name=\"robots\" content=\"noindex, follow\" \/>\n<meta property=\"og:locale\" content=\"pl_PL\" \/>\n<meta property=\"og:type\" content=\"article\" \/>\n<meta property=\"og:title\" content=\"Dzi\u0119kujemy za rejestracj\u0119 na webinarium \u201e5 krok\u00f3w do zwi\u0119kszenia sprzeda\u017cy w B2B\u201d | Livespace CRM\" \/>\n<meta property=\"og:url\" content=\"https:\/\/www.livespace.io\/pl\/pomoc\/baza-wiedzy\/dziekujemy-za-rejestracje-2\/\" \/>\n<meta property=\"og:site_name\" content=\"Livespace CRM\" \/>\n<meta property=\"article:modified_time\" content=\"2025-09-01T15:08:59+00:00\" \/>\n<meta property=\"og:image\" content=\"https:\/\/www.livespace.io\/wp-content\/uploads\/2022\/06\/Livespace-sell-smarter-crm.png\" \/>\n\t<meta property=\"og:image:width\" content=\"1200\" \/>\n\t<meta property=\"og:image:height\" content=\"628\" \/>\n\t<meta property=\"og:image:type\" content=\"image\/png\" \/>\n<meta name=\"twitter:card\" content=\"summary_large_image\" \/>\n<meta name=\"twitter:label1\" content=\"Szacowany czas czytania\" \/>\n\t<meta name=\"twitter:data1\" content=\"1 minuta\" \/>\n<script type=\"application\/ld+json\" class=\"yoast-schema-graph\">{\"@context\":\"https:\\\/\\\/schema.org\",\"@graph\":[{\"@type\":\"WebPage\",\"@id\":\"https:\\\/\\\/www.livespace.io\\\/pl\\\/pomoc\\\/baza-wiedzy\\\/dziekujemy-za-rejestracje-2\\\/\",\"url\":\"https:\\\/\\\/www.livespace.io\\\/pl\\\/pomoc\\\/baza-wiedzy\\\/dziekujemy-za-rejestracje-2\\\/\",\"name\":\"Dzi\u0119kujemy za rejestracj\u0119 na webinarium \u201e5 krok\u00f3w do zwi\u0119kszenia sprzeda\u017cy w B2B\u201d | Livespace CRM\",\"isPartOf\":{\"@id\":\"https:\\\/\\\/www.livespace.io\\\/pl\\\/#website\"},\"datePublished\":\"2014-07-16T19:26:38+00:00\",\"dateModified\":\"2025-09-01T15:08:59+00:00\",\"breadcrumb\":{\"@id\":\"https:\\\/\\\/www.livespace.io\\\/pl\\\/pomoc\\\/baza-wiedzy\\\/dziekujemy-za-rejestracje-2\\\/#breadcrumb\"},\"inLanguage\":\"pl-PL\",\"potentialAction\":[{\"@type\":\"ReadAction\",\"target\":[\"https:\\\/\\\/www.livespace.io\\\/pl\\\/pomoc\\\/baza-wiedzy\\\/dziekujemy-za-rejestracje-2\\\/\"]}]},{\"@type\":\"BreadcrumbList\",\"@id\":\"https:\\\/\\\/www.livespace.io\\\/pl\\\/pomoc\\\/baza-wiedzy\\\/dziekujemy-za-rejestracje-2\\\/#breadcrumb\",\"itemListElement\":[{\"@type\":\"ListItem\",\"position\":1,\"name\":\"Pomoc\",\"item\":\"https:\\\/\\\/www.livespace.io\\\/pl\\\/pomoc\\\/\"},{\"@type\":\"ListItem\",\"position\":2,\"name\":\"Baza wiedzy\",\"item\":\"https:\\\/\\\/www.livespace.io\\\/pl\\\/pomoc\\\/baza-wiedzy\\\/\"},{\"@type\":\"ListItem\",\"position\":3,\"name\":\"Dzi\u0119kujemy za rejestracj\u0119 na webinarium \u201e5 krok\u00f3w do zwi\u0119kszenia sprzeda\u017cy w B2B\u201d\"}]},{\"@type\":\"WebSite\",\"@id\":\"https:\\\/\\\/www.livespace.io\\\/pl\\\/#website\",\"url\":\"https:\\\/\\\/www.livespace.io\\\/pl\\\/\",\"name\":\"Livespace CRM\",\"description\":\"sell smarter\",\"publisher\":{\"@id\":\"https:\\\/\\\/www.livespace.io\\\/pl\\\/#organization\"},\"potentialAction\":[{\"@type\":\"SearchAction\",\"target\":{\"@type\":\"EntryPoint\",\"urlTemplate\":\"https:\\\/\\\/www.livespace.io\\\/pl\\\/?s={search_term_string}\"},\"query-input\":{\"@type\":\"PropertyValueSpecification\",\"valueRequired\":true,\"valueName\":\"search_term_string\"}}],\"inLanguage\":\"pl-PL\"},{\"@type\":\"Organization\",\"@id\":\"https:\\\/\\\/www.livespace.io\\\/pl\\\/#organization\",\"name\":\"Livespace.io\",\"url\":\"https:\\\/\\\/www.livespace.io\\\/pl\\\/\",\"logo\":{\"@type\":\"ImageObject\",\"inLanguage\":\"pl-PL\",\"@id\":\"https:\\\/\\\/www.livespace.io\\\/pl\\\/#\\\/schema\\\/logo\\\/image\\\/\",\"url\":\"https:\\\/\\\/www.livespace.io\\\/wp-content\\\/uploads\\\/2021\\\/09\\\/livespace-logo.png\",\"contentUrl\":\"https:\\\/\\\/www.livespace.io\\\/wp-content\\\/uploads\\\/2021\\\/09\\\/livespace-logo.png\",\"width\":204,\"height\":54,\"caption\":\"Livespace.io\"},\"image\":{\"@id\":\"https:\\\/\\\/www.livespace.io\\\/pl\\\/#\\\/schema\\\/logo\\\/image\\\/\"}}]}<\/script>\n<!-- \/ Yoast SEO plugin. -->","yoast_head_json":{"title":"Dzi\u0119kujemy za rejestracj\u0119 na webinarium \u201e5 krok\u00f3w do zwi\u0119kszenia sprzeda\u017cy w B2B\u201d | Livespace CRM","robots":{"index":"noindex","follow":"follow"},"og_locale":"pl_PL","og_type":"article","og_title":"Dzi\u0119kujemy za rejestracj\u0119 na webinarium \u201e5 krok\u00f3w do zwi\u0119kszenia sprzeda\u017cy w B2B\u201d | Livespace CRM","og_url":"https:\/\/www.livespace.io\/pl\/pomoc\/baza-wiedzy\/dziekujemy-za-rejestracje-2\/","og_site_name":"Livespace CRM","article_modified_time":"2025-09-01T15:08:59+00:00","og_image":[{"width":1200,"height":628,"url":"https:\/\/www.livespace.io\/wp-content\/uploads\/2022\/06\/Livespace-sell-smarter-crm.png","type":"image\/png"}],"twitter_card":"summary_large_image","twitter_misc":{"Szacowany czas czytania":"1 minuta"},"schema":{"@context":"https:\/\/schema.org","@graph":[{"@type":"WebPage","@id":"https:\/\/www.livespace.io\/pl\/pomoc\/baza-wiedzy\/dziekujemy-za-rejestracje-2\/","url":"https:\/\/www.livespace.io\/pl\/pomoc\/baza-wiedzy\/dziekujemy-za-rejestracje-2\/","name":"Dzi\u0119kujemy za rejestracj\u0119 na webinarium \u201e5 krok\u00f3w do zwi\u0119kszenia sprzeda\u017cy w B2B\u201d | Livespace CRM","isPartOf":{"@id":"https:\/\/www.livespace.io\/pl\/#website"},"datePublished":"2014-07-16T19:26:38+00:00","dateModified":"2025-09-01T15:08:59+00:00","breadcrumb":{"@id":"https:\/\/www.livespace.io\/pl\/pomoc\/baza-wiedzy\/dziekujemy-za-rejestracje-2\/#breadcrumb"},"inLanguage":"pl-PL","potentialAction":[{"@type":"ReadAction","target":["https:\/\/www.livespace.io\/pl\/pomoc\/baza-wiedzy\/dziekujemy-za-rejestracje-2\/"]}]},{"@type":"BreadcrumbList","@id":"https:\/\/www.livespace.io\/pl\/pomoc\/baza-wiedzy\/dziekujemy-za-rejestracje-2\/#breadcrumb","itemListElement":[{"@type":"ListItem","position":1,"name":"Pomoc","item":"https:\/\/www.livespace.io\/pl\/pomoc\/"},{"@type":"ListItem","position":2,"name":"Baza wiedzy","item":"https:\/\/www.livespace.io\/pl\/pomoc\/baza-wiedzy\/"},{"@type":"ListItem","position":3,"name":"Dzi\u0119kujemy za rejestracj\u0119 na webinarium \u201e5 krok\u00f3w do zwi\u0119kszenia sprzeda\u017cy w B2B\u201d"}]},{"@type":"WebSite","@id":"https:\/\/www.livespace.io\/pl\/#website","url":"https:\/\/www.livespace.io\/pl\/","name":"Livespace CRM","description":"sell smarter","publisher":{"@id":"https:\/\/www.livespace.io\/pl\/#organization"},"potentialAction":[{"@type":"SearchAction","target":{"@type":"EntryPoint","urlTemplate":"https:\/\/www.livespace.io\/pl\/?s={search_term_string}"},"query-input":{"@type":"PropertyValueSpecification","valueRequired":true,"valueName":"search_term_string"}}],"inLanguage":"pl-PL"},{"@type":"Organization","@id":"https:\/\/www.livespace.io\/pl\/#organization","name":"Livespace.io","url":"https:\/\/www.livespace.io\/pl\/","logo":{"@type":"ImageObject","inLanguage":"pl-PL","@id":"https:\/\/www.livespace.io\/pl\/#\/schema\/logo\/image\/","url":"https:\/\/www.livespace.io\/wp-content\/uploads\/2021\/09\/livespace-logo.png","contentUrl":"https:\/\/www.livespace.io\/wp-content\/uploads\/2021\/09\/livespace-logo.png","width":204,"height":54,"caption":"Livespace.io"},"image":{"@id":"https:\/\/www.livespace.io\/pl\/#\/schema\/logo\/image\/"}}]}},"_links":{"self":[{"href":"https:\/\/www.livespace.io\/pl\/wp-json\/wp\/v2\/pages\/2163","targetHints":{"allow":["GET"]}}],"collection":[{"href":"https:\/\/www.livespace.io\/pl\/wp-json\/wp\/v2\/pages"}],"about":[{"href":"https:\/\/www.livespace.io\/pl\/wp-json\/wp\/v2\/types\/page"}],"author":[{"embeddable":true,"href":"https:\/\/www.livespace.io\/pl\/wp-json\/wp\/v2\/users\/1"}],"replies":[{"embeddable":true,"href":"https:\/\/www.livespace.io\/pl\/wp-json\/wp\/v2\/comments?post=2163"}],"version-history":[{"count":2,"href":"https:\/\/www.livespace.io\/pl\/wp-json\/wp\/v2\/pages\/2163\/revisions"}],"predecessor-version":[{"id":199871,"href":"https:\/\/www.livespace.io\/pl\/wp-json\/wp\/v2\/pages\/2163\/revisions\/199871"}],"up":[{"embeddable":true,"href":"https:\/\/www.livespace.io\/pl\/wp-json\/wp\/v2\/pages\/1261"}],"wp:attachment":[{"href":"https:\/\/www.livespace.io\/pl\/wp-json\/wp\/v2\/media?parent=2163"}],"curies":[{"name":"wp","href":"https:\/\/api.w.org\/{rel}","templated":true}]}}