{"id":21507,"date":"2018-06-06T14:42:11","date_gmt":"2018-06-06T12:42:11","guid":{"rendered":"http:\/\/www.livespace.app\/?page_id=21507"},"modified":"2023-05-25T11:55:34","modified_gmt":"2023-05-25T09:55:34","slug":"case-study-qbroker-thank-you","status":"publish","type":"page","link":"https:\/\/www.livespace.io\/pl\/case-study-qbroker-thank-you\/","title":{"rendered":"Jak Q Broker pouk\u0142ada\u0142 proces sprzedaz\u0307y dzie\u0328ki Livespace [pobieranie]"},"content":{"rendered":"<div id='av_section_1'  class='avia-section av-unu45f-9847eed237f97a7259788f2456e90b8e main_color avia-section-small avia-no-shadow  avia-builder-el-0  el_before_av_hr  avia-builder-el-first  avia-bg-style-fixed container_wrap fullsize'  ><div class='container av-section-cont-open' ><main  role=\"main\" itemprop=\"mainContentOfPage\"  class='template-page content  av-content-full alpha units'><div class='post-entry post-entry-type-page post-entry-21507'><div class='entry-content-wrapper clearfix'>\n<section  class='av_textblock_section av-7zfz1dv-f492d7bc452f323dddaeab06f8e7b0c9 '   itemscope=\"itemscope\" itemtype=\"https:\/\/schema.org\/CreativeWork\" ><div class='avia_textblock'  itemprop=\"text\" ><h1 style=\"text-align: center;\">Case Study:\u00a0Jak Q Broker pouk\u0142ada\u0142 proces sprzedaz\u0307y dzie\u0328ki Livespace<\/h1>\n<\/div><\/section>\n\n<\/div><\/div><\/main><!-- close content main element --><\/div><\/div><div id='after_section_1'  class='main_color av_default_container_wrap container_wrap fullsize'  ><div class='container av-section-cont-open' ><div class='template-page content  av-content-full alpha units'><div class='post-entry post-entry-type-page post-entry-21507'><div class='entry-content-wrapper clearfix'>\n\n<style type=\"text\/css\" data-created_by=\"avia_inline_auto\" id=\"style-css-av-76twzoj-81d787781908de5bdd7c38e38b9186fe\">\n#top .hr.hr-invisible.av-76twzoj-81d787781908de5bdd7c38e38b9186fe{\nheight:10px;\n}\n<\/style>\n<div  class='hr av-76twzoj-81d787781908de5bdd7c38e38b9186fe hr-invisible  avia-builder-el-3  el_after_av_section  el_before_av_textblock  avia-builder-el-first '><span class='hr-inner '><span class=\"hr-inner-style\"><\/span><\/span><\/div>\n<section  class='av_textblock_section av-6mcwhxf-1abbb417de4d1ee31e8a7c9de1c41336 '   itemscope=\"itemscope\" itemtype=\"https:\/\/schema.org\/CreativeWork\" ><div class='avia_textblock'  itemprop=\"text\" ><h2 style=\"text-align: center;\">Dzi\u0119ki! Mi\u0142ego czytania! \ud83d\ude09<\/h2>\n<\/div><\/section>\n\n<style type=\"text\/css\" data-created_by=\"avia_inline_auto\" id=\"style-css-av-68xc8eb-61133affd348908ddfb330305f93b2b9\">\n#top .hr.hr-invisible.av-68xc8eb-61133affd348908ddfb330305f93b2b9{\nheight:2px;\n}\n<\/style>\n<div  class='hr av-68xc8eb-61133affd348908ddfb330305f93b2b9 hr-invisible  avia-builder-el-5  el_after_av_textblock  el_before_av_textblock '><span class='hr-inner '><span class=\"hr-inner-style\"><\/span><\/span><\/div>\n<section  class='av_textblock_section av-5tmdp6r-b84ac803d9e5352cde82e651abbd201a '   itemscope=\"itemscope\" itemtype=\"https:\/\/schema.org\/CreativeWork\" ><div class='avia_textblock'  itemprop=\"text\" ><p style=\"text-align: center;\">Pobieranie powinno rozpocz\u0105\u0107 si\u0119 automatycznie.<br \/>\nJe\u015bli tak si\u0119 nie sta\u0142o, kliknij w poni\u017cszy przycisk.<\/p>\n<\/div><\/section>\n\n<style type=\"text\/css\" data-created_by=\"avia_inline_auto\" id=\"style-css-av-w5jewz-93c6ad43b7a9d1a28fd67bf664065655\">\n#top .hr.hr-invisible.av-w5jewz-93c6ad43b7a9d1a28fd67bf664065655{\nheight:2px;\n}\n<\/style>\n<div  class='hr av-w5jewz-93c6ad43b7a9d1a28fd67bf664065655 hr-invisible  avia-builder-el-7  el_after_av_textblock  el_before_av_button '><span class='hr-inner '><span class=\"hr-inner-style\"><\/span><\/span><\/div>\n<div  class='avia-button-wrap av-ijyo6b-c3e09d48fc8a0c0a73def05847088788-wrap avia-button-center  avia-builder-el-8  el_after_av_hr  el_before_av_hr '><a href='https:\/\/www.livespace.io\/wp-content\/uploads\/2018\/06\/Livespace_QBRoker-2.pdf'  class='avia-button av-ijyo6b-c3e09d48fc8a0c0a73def05847088788 av-link-btn avia-icon_select-no avia-size-x-large avia-position-center avia-color-theme-color'   aria-label=\"Pobierz Case Study\"><span class='avia_iconbox_title' >Pobierz Case Study<\/span><\/a><\/div>\n\n<style type=\"text\/css\" data-created_by=\"avia_inline_auto\" id=\"style-css-av-li2ya04c-f51007ea205111758c739594c8c3fafc\">\n#top .hr.hr-invisible.av-li2ya04c-f51007ea205111758c739594c8c3fafc{\nheight:40px;\n}\n<\/style>\n<div  class='hr av-li2ya04c-f51007ea205111758c739594c8c3fafc hr-invisible  avia-builder-el-9  el_after_av_button  el_before_av_one_full '><span class='hr-inner '><span class=\"hr-inner-style\"><\/span><\/span><\/div>\n\n<style type=\"text\/css\" data-created_by=\"avia_inline_auto\" id=\"style-css-av-201zy5f-e983490f0b8a9fe47eb824a0e65630d1\">\n.flex_column.av-201zy5f-e983490f0b8a9fe47eb824a0e65630d1{\nborder-radius:0px 0px 0px 0px;\npadding:30px 200px 40px 200px;\nbackground-color:#f5f7fc;\n}\n<\/style>\n<div  class='flex_column av-201zy5f-e983490f0b8a9fe47eb824a0e65630d1 av_one_full  avia-builder-el-10  el_after_av_hr  el_before_av_textblock  first flex_column_div  '     ><section  class='av_textblock_section av-1r2akjn-d10413568038c3fadef6747f555cf189 '   itemscope=\"itemscope\" itemtype=\"https:\/\/schema.org\/CreativeWork\" ><div class='avia_textblock'  itemprop=\"text\" ><p style=\"text-align: center;\">a po przeczytaniu&#8230;<\/p>\n<h5 style=\"text-align: center;\">&#8230;zapisz si\u0119 na prezentacj\u0119 demo i zobacz jak Livespace mo\u017ce pom\u00f3c Twojej firmie.<\/h5>\n<\/div><\/section><br \/>\n\n<style type=\"text\/css\" data-created_by=\"avia_inline_auto\" id=\"style-css-av-av_hr-9433d07bb854747e3e025ed5199f484f\">\n#top .hr.hr-invisible.av-av_hr-9433d07bb854747e3e025ed5199f484f{\nheight:8px;\n}\n<\/style>\n<div  class='hr av-av_hr-9433d07bb854747e3e025ed5199f484f hr-invisible  avia-builder-el-12  el_after_av_textblock  el_before_av_button '><span class='hr-inner '><span class=\"hr-inner-style\"><\/span><\/span><\/div><br \/>\n<div  class='avia-button-wrap av-17h91z7-81ebbda148873b86e20d564c855faed8-wrap avia-button-center  avia-builder-el-13  el_after_av_hr  avia-builder-el-last '>\n<style type=\"text\/css\" data-created_by=\"avia_inline_auto\" id=\"style-css-av-17h91z7-81ebbda148873b86e20d564c855faed8\">\n#top #wrap_all .avia-button.av-17h91z7-81ebbda148873b86e20d564c855faed8:hover{\ncolor:#ffffff;\ntransition:all 0.4s ease-in-out;\n}\n#top #wrap_all .avia-button.av-17h91z7-81ebbda148873b86e20d564c855faed8:hover .avia-svg-icon svg:first-child{\nfill:#ffffff;\nstroke:#ffffff;\n}\n<\/style>\n<a href='https:\/\/www.livespace.io\/pl\/indywidualna-prezentacja-on-line\/'  class='avia-button av-17h91z7-81ebbda148873b86e20d564c855faed8 av-link-btn avia-icon_select-no avia-size-medium avia-position-center av-icon-on-hover avia-color-theme-color avia-font-color-theme-color'   aria-label=\"Zam\u00f3w demo\"><span class='avia_iconbox_title' >Zam\u00f3w demo<\/span><span class='avia_button_background avia-button avia-color-theme-color-highlight' ><\/span><\/a><\/div><\/p><\/div><section  class='av_textblock_section av-4f7z74z-52f76ef7124be0b0f934604f90d6c1a8 '   itemscope=\"itemscope\" itemtype=\"https:\/\/schema.org\/CreativeWork\" ><div class='avia_textblock'  itemprop=\"text\" ><p style=\"text-align: center;\"> <\/p>\n<\/div><\/section><\/p>\n\n<style type=\"text\/css\" data-created_by=\"avia_inline_auto\" id=\"style-css-av-rofimb-61933520e101da73e695d224dcb43d88\">\n#top .hr.hr-invisible.av-rofimb-61933520e101da73e695d224dcb43d88{\nheight:50px;\n}\n<\/style>\n<div  class='hr av-rofimb-61933520e101da73e695d224dcb43d88 hr-invisible  avia-builder-el-15  el_after_av_textblock  avia-builder-el-last '><span class='hr-inner '><span class=\"hr-inner-style\"><\/span><\/span><\/div>\n<div style='text-align:center' class='yasr-auto-insert-visitor'><\/div>","protected":false},"excerpt":{"rendered":"","protected":false},"author":10,"featured_media":0,"parent":0,"menu_order":0,"comment_status":"open","ping_status":"closed","template":"","meta":{"_acf_changed":false,"inline_featured_image":false,"yasr_overall_rating":0,"yasr_post_is_review":"","yasr_auto_insert_disabled":"","yasr_review_type":"","footnotes":""},"class_list":["post-21507","page","type-page","status-publish","hentry"],"yasr_visitor_votes":{"stars_attributes":{"read_only":false,"span_bottom":false},"number_of_votes":0,"sum_votes":0},"acf":[],"yoast_head":"<!-- This site is optimized with the Yoast SEO plugin v27.3 - https:\/\/yoast.com\/product\/yoast-seo-wordpress\/ -->\n<title>Jak Q Broker pouk\u0142ada\u0142 proces sprzedaz\u0307y dzie\u0328ki Livespace<\/title>\n<meta name=\"description\" content=\"Jak systemowe prowadzenie dzia\u0142u sprzeda\u017cy pomog\u0142o Q Broker osi\u0105gn\u0105\u0107 skuteczno\u015b\u0107 dzia\u0142a\u0144 sprzeda\u017cowych na poziomie 30%? Wejd\u017a i przeczytaj.\" \/>\n<meta name=\"robots\" content=\"index, follow, max-snippet:-1, max-image-preview:large, max-video-preview:-1\" \/>\n<link rel=\"canonical\" href=\"https:\/\/www.livespace.io\/pl\/case-study-qbroker-thank-you\/\" \/>\n<meta property=\"og:locale\" content=\"pl_PL\" \/>\n<meta property=\"og:type\" content=\"article\" \/>\n<meta property=\"og:title\" content=\"Jak Q Broker pouk\u0142ada\u0142 proces sprzedaz\u0307y dzie\u0328ki Livespace\" \/>\n<meta property=\"og:description\" content=\"Jak systemowe prowadzenie dzia\u0142u sprzeda\u017cy pomog\u0142o Q Broker osi\u0105gn\u0105\u0107 skuteczno\u015b\u0107 dzia\u0142a\u0144 sprzeda\u017cowych na poziomie 30%? Wejd\u017a i przeczytaj.\" \/>\n<meta property=\"og:url\" content=\"https:\/\/www.livespace.io\/pl\/case-study-qbroker-thank-you\/\" \/>\n<meta property=\"og:site_name\" content=\"Livespace CRM\" \/>\n<meta property=\"article:modified_time\" content=\"2023-05-25T09:55:34+00:00\" \/>\n<meta property=\"og:image\" content=\"https:\/\/www.livespace.io\/wp-content\/uploads\/2022\/06\/Livespace-sell-smarter-crm.png\" \/>\n\t<meta property=\"og:image:width\" content=\"1200\" \/>\n\t<meta property=\"og:image:height\" content=\"628\" \/>\n\t<meta property=\"og:image:type\" content=\"image\/png\" \/>\n<meta name=\"twitter:card\" content=\"summary_large_image\" \/>\n<meta name=\"twitter:label1\" content=\"Szacowany czas czytania\" \/>\n\t<meta name=\"twitter:data1\" content=\"5 minut\" \/>\n<script type=\"application\/ld+json\" class=\"yoast-schema-graph\">{\"@context\":\"https:\\\/\\\/schema.org\",\"@graph\":[{\"@type\":\"WebPage\",\"@id\":\"https:\\\/\\\/www.livespace.io\\\/pl\\\/case-study-qbroker-thank-you\\\/\",\"url\":\"https:\\\/\\\/www.livespace.io\\\/pl\\\/case-study-qbroker-thank-you\\\/\",\"name\":\"Jak Q Broker pouk\u0142ada\u0142 proces sprzedaz\u0307y dzie\u0328ki Livespace\",\"isPartOf\":{\"@id\":\"https:\\\/\\\/www.livespace.io\\\/pl\\\/#website\"},\"datePublished\":\"2018-06-06T12:42:11+00:00\",\"dateModified\":\"2023-05-25T09:55:34+00:00\",\"description\":\"Jak systemowe prowadzenie dzia\u0142u sprzeda\u017cy pomog\u0142o Q Broker osi\u0105gn\u0105\u0107 skuteczno\u015b\u0107 dzia\u0142a\u0144 sprzeda\u017cowych na poziomie 30%? Wejd\u017a i przeczytaj.\",\"inLanguage\":\"pl-PL\",\"potentialAction\":[{\"@type\":\"ReadAction\",\"target\":[\"https:\\\/\\\/www.livespace.io\\\/pl\\\/case-study-qbroker-thank-you\\\/\"]}]},{\"@type\":\"WebSite\",\"@id\":\"https:\\\/\\\/www.livespace.io\\\/pl\\\/#website\",\"url\":\"https:\\\/\\\/www.livespace.io\\\/pl\\\/\",\"name\":\"Livespace CRM\",\"description\":\"sell smarter\",\"publisher\":{\"@id\":\"https:\\\/\\\/www.livespace.io\\\/pl\\\/#organization\"},\"potentialAction\":[{\"@type\":\"SearchAction\",\"target\":{\"@type\":\"EntryPoint\",\"urlTemplate\":\"https:\\\/\\\/www.livespace.io\\\/pl\\\/?s={search_term_string}\"},\"query-input\":{\"@type\":\"PropertyValueSpecification\",\"valueRequired\":true,\"valueName\":\"search_term_string\"}}],\"inLanguage\":\"pl-PL\"},{\"@type\":\"Organization\",\"@id\":\"https:\\\/\\\/www.livespace.io\\\/pl\\\/#organization\",\"name\":\"Livespace.io\",\"url\":\"https:\\\/\\\/www.livespace.io\\\/pl\\\/\",\"logo\":{\"@type\":\"ImageObject\",\"inLanguage\":\"pl-PL\",\"@id\":\"https:\\\/\\\/www.livespace.io\\\/pl\\\/#\\\/schema\\\/logo\\\/image\\\/\",\"url\":\"https:\\\/\\\/www.livespace.io\\\/wp-content\\\/uploads\\\/2021\\\/09\\\/livespace-logo.png\",\"contentUrl\":\"https:\\\/\\\/www.livespace.io\\\/wp-content\\\/uploads\\\/2021\\\/09\\\/livespace-logo.png\",\"width\":204,\"height\":54,\"caption\":\"Livespace.io\"},\"image\":{\"@id\":\"https:\\\/\\\/www.livespace.io\\\/pl\\\/#\\\/schema\\\/logo\\\/image\\\/\"}}]}<\/script>\n<!-- \/ Yoast SEO plugin. -->","yoast_head_json":{"title":"Jak Q Broker pouk\u0142ada\u0142 proces sprzedaz\u0307y dzie\u0328ki Livespace","description":"Jak systemowe prowadzenie dzia\u0142u sprzeda\u017cy pomog\u0142o Q Broker osi\u0105gn\u0105\u0107 skuteczno\u015b\u0107 dzia\u0142a\u0144 sprzeda\u017cowych na poziomie 30%? Wejd\u017a i przeczytaj.","robots":{"index":"index","follow":"follow","max-snippet":"max-snippet:-1","max-image-preview":"max-image-preview:large","max-video-preview":"max-video-preview:-1"},"canonical":"https:\/\/www.livespace.io\/pl\/case-study-qbroker-thank-you\/","og_locale":"pl_PL","og_type":"article","og_title":"Jak Q Broker pouk\u0142ada\u0142 proces sprzedaz\u0307y dzie\u0328ki Livespace","og_description":"Jak systemowe prowadzenie dzia\u0142u sprzeda\u017cy pomog\u0142o Q Broker osi\u0105gn\u0105\u0107 skuteczno\u015b\u0107 dzia\u0142a\u0144 sprzeda\u017cowych na poziomie 30%? Wejd\u017a i przeczytaj.","og_url":"https:\/\/www.livespace.io\/pl\/case-study-qbroker-thank-you\/","og_site_name":"Livespace CRM","article_modified_time":"2023-05-25T09:55:34+00:00","og_image":[{"width":1200,"height":628,"url":"https:\/\/www.livespace.io\/wp-content\/uploads\/2022\/06\/Livespace-sell-smarter-crm.png","type":"image\/png"}],"twitter_card":"summary_large_image","twitter_misc":{"Szacowany czas czytania":"5 minut"},"schema":{"@context":"https:\/\/schema.org","@graph":[{"@type":"WebPage","@id":"https:\/\/www.livespace.io\/pl\/case-study-qbroker-thank-you\/","url":"https:\/\/www.livespace.io\/pl\/case-study-qbroker-thank-you\/","name":"Jak Q Broker pouk\u0142ada\u0142 proces sprzedaz\u0307y dzie\u0328ki Livespace","isPartOf":{"@id":"https:\/\/www.livespace.io\/pl\/#website"},"datePublished":"2018-06-06T12:42:11+00:00","dateModified":"2023-05-25T09:55:34+00:00","description":"Jak systemowe prowadzenie dzia\u0142u sprzeda\u017cy pomog\u0142o Q Broker osi\u0105gn\u0105\u0107 skuteczno\u015b\u0107 dzia\u0142a\u0144 sprzeda\u017cowych na poziomie 30%? Wejd\u017a i przeczytaj.","inLanguage":"pl-PL","potentialAction":[{"@type":"ReadAction","target":["https:\/\/www.livespace.io\/pl\/case-study-qbroker-thank-you\/"]}]},{"@type":"WebSite","@id":"https:\/\/www.livespace.io\/pl\/#website","url":"https:\/\/www.livespace.io\/pl\/","name":"Livespace CRM","description":"sell smarter","publisher":{"@id":"https:\/\/www.livespace.io\/pl\/#organization"},"potentialAction":[{"@type":"SearchAction","target":{"@type":"EntryPoint","urlTemplate":"https:\/\/www.livespace.io\/pl\/?s={search_term_string}"},"query-input":{"@type":"PropertyValueSpecification","valueRequired":true,"valueName":"search_term_string"}}],"inLanguage":"pl-PL"},{"@type":"Organization","@id":"https:\/\/www.livespace.io\/pl\/#organization","name":"Livespace.io","url":"https:\/\/www.livespace.io\/pl\/","logo":{"@type":"ImageObject","inLanguage":"pl-PL","@id":"https:\/\/www.livespace.io\/pl\/#\/schema\/logo\/image\/","url":"https:\/\/www.livespace.io\/wp-content\/uploads\/2021\/09\/livespace-logo.png","contentUrl":"https:\/\/www.livespace.io\/wp-content\/uploads\/2021\/09\/livespace-logo.png","width":204,"height":54,"caption":"Livespace.io"},"image":{"@id":"https:\/\/www.livespace.io\/pl\/#\/schema\/logo\/image\/"}}]}},"_links":{"self":[{"href":"https:\/\/www.livespace.io\/pl\/wp-json\/wp\/v2\/pages\/21507","targetHints":{"allow":["GET"]}}],"collection":[{"href":"https:\/\/www.livespace.io\/pl\/wp-json\/wp\/v2\/pages"}],"about":[{"href":"https:\/\/www.livespace.io\/pl\/wp-json\/wp\/v2\/types\/page"}],"author":[{"embeddable":true,"href":"https:\/\/www.livespace.io\/pl\/wp-json\/wp\/v2\/users\/10"}],"replies":[{"embeddable":true,"href":"https:\/\/www.livespace.io\/pl\/wp-json\/wp\/v2\/comments?post=21507"}],"version-history":[{"count":0,"href":"https:\/\/www.livespace.io\/pl\/wp-json\/wp\/v2\/pages\/21507\/revisions"}],"wp:attachment":[{"href":"https:\/\/www.livespace.io\/pl\/wp-json\/wp\/v2\/media?parent=21507"}],"curies":[{"name":"wp","href":"https:\/\/api.w.org\/{rel}","templated":true}]}}