{"id":199,"date":"2013-02-18T14:47:17","date_gmt":"2013-02-18T14:47:17","guid":{"rendered":"http:\/\/www.livespace.app\/pomoc\/?page_id=199"},"modified":"2025-09-01T16:50:34","modified_gmt":"2025-09-01T14:50:34","slug":"dziekujemy-za-rejestracje","status":"publish","type":"page","link":"https:\/\/www.livespace.io\/pl\/dziekujemy-za-rejestracje\/","title":{"rendered":"Dzi\u0119kujemy za rejestracj\u0119 na webinarium"},"content":{"rendered":"<h1>Dzi\u0119kujemy za rejestracj\u0119 na webinarium<\/h1>\n<p>Zaproszenie zosta\u0142o przes\u0142ane na Tw\u00f3j adres e-mail. Znajdziesz tam link do udzia\u0142u w webinarium.<\/p>\n<p>Je\u017celi b\u0119dziesz mia\u0142 jakiekolwiek pytania lub w\u0105tpliwo\u015bci, napisz do nas na adres\u00a0<a href=\"mailto:\/\/webinaria@livespace.pl\">webinaria@livespace.pl<\/a><\/p>\n<p>Pozdrawiamy<br \/>\nZesp\u00f3\u0142 Livespace<\/p>\n<p><!-- Wyj\u015bcie z ramki --><br \/>\n<script>\/\/ <![CDATA[ if (top.location != self.location) { top.location = self.location.href } \/\/ ]]><\/script><\/p>\n<p><!-- Kod konwersji - Facebook --><br \/>\n<script>\/\/ <![CDATA[ var fb_param = {}; fb_param.pixel_id = '6006579133703'; fb_param.value = '0.00'; (function(){ var fpw = document.createElement('script'); fpw.async = true; fpw.src = '\/\/connect.facebook.net\/en_US\/fp.js'; var ref = document.getElementsByTagName('script')[0]; ref.parentNode.insertBefore(fpw, ref); })(); \/\/ ]]><\/script><\/p>\n<p><noscript>&lt;img height=&#8221;1&#8243; width=&#8221;1&#8243; alt=&#8221;&#8221; style=&#8221;display:none&#8221; src=&#8221;https:\/\/www.facebook.com\/offsite_event.php?id=6006579133703&amp;amp;value=0&#8243; \/&gt;<\/noscript><\/p>\n<div style='text-align:center' class='yasr-auto-insert-visitor'><\/div>","protected":false},"excerpt":{"rendered":"<p>Dzi\u0119kujemy za rejestracj\u0119 na webinarium Zaproszenie zosta\u0142o przes\u0142ane na Tw\u00f3j adres e-mail. Znajdziesz tam link do udzia\u0142u w webinarium. Je\u017celi b\u0119dziesz mia\u0142 jakiekolwiek pytania [&hellip;]<\/p>\n","protected":false},"author":2,"featured_media":0,"parent":0,"menu_order":0,"comment_status":"closed","ping_status":"open","template":"","meta":{"_acf_changed":false,"inline_featured_image":false,"yasr_overall_rating":0,"yasr_post_is_review":"","yasr_auto_insert_disabled":"","yasr_review_type":"","footnotes":""},"class_list":["post-199","page","type-page","status-publish","hentry"],"yasr_visitor_votes":{"stars_attributes":{"read_only":false,"span_bottom":false},"number_of_votes":0,"sum_votes":0},"acf":[],"yoast_head":"<!-- This site is optimized with the Yoast SEO plugin v27.3 - https:\/\/yoast.com\/product\/yoast-seo-wordpress\/ -->\n<title>Dzi\u0119kujemy za rejestracj\u0119 na webinarium | Livespace CRM<\/title>\n<meta name=\"robots\" content=\"noindex, follow\" \/>\n<meta property=\"og:locale\" content=\"pl_PL\" \/>\n<meta property=\"og:type\" content=\"article\" \/>\n<meta property=\"og:title\" content=\"Dzi\u0119kujemy za rejestracj\u0119 na webinarium | Livespace CRM\" \/>\n<meta property=\"og:description\" content=\"Dzi\u0119kujemy za rejestracj\u0119 na webinarium Zaproszenie zosta\u0142o przes\u0142ane na Tw\u00f3j adres e-mail. Znajdziesz tam link do udzia\u0142u w webinarium. Je\u017celi b\u0119dziesz mia\u0142 jakiekolwiek pytania [&hellip;]\" \/>\n<meta property=\"og:url\" content=\"https:\/\/www.livespace.io\/pl\/dziekujemy-za-rejestracje\/\" \/>\n<meta property=\"og:site_name\" content=\"Livespace CRM\" \/>\n<meta property=\"article:modified_time\" content=\"2025-09-01T14:50:34+00:00\" \/>\n<meta property=\"og:image\" content=\"https:\/\/www.livespace.io\/wp-content\/uploads\/2022\/06\/Livespace-sell-smarter-crm.png\" \/>\n\t<meta property=\"og:image:width\" content=\"1200\" \/>\n\t<meta property=\"og:image:height\" content=\"628\" \/>\n\t<meta property=\"og:image:type\" content=\"image\/png\" \/>\n<meta name=\"twitter:card\" content=\"summary_large_image\" \/>\n<meta name=\"twitter:label1\" content=\"Szacowany czas czytania\" \/>\n\t<meta name=\"twitter:data1\" content=\"1 minuta\" \/>\n<script type=\"application\/ld+json\" class=\"yoast-schema-graph\">{\"@context\":\"https:\\\/\\\/schema.org\",\"@graph\":[{\"@type\":\"WebPage\",\"@id\":\"https:\\\/\\\/www.livespace.io\\\/pl\\\/dziekujemy-za-rejestracje\\\/\",\"url\":\"https:\\\/\\\/www.livespace.io\\\/pl\\\/dziekujemy-za-rejestracje\\\/\",\"name\":\"Dzi\u0119kujemy za rejestracj\u0119 na webinarium | Livespace CRM\",\"isPartOf\":{\"@id\":\"https:\\\/\\\/www.livespace.io\\\/pl\\\/#website\"},\"datePublished\":\"2013-02-18T14:47:17+00:00\",\"dateModified\":\"2025-09-01T14:50:34+00:00\",\"inLanguage\":\"pl-PL\",\"potentialAction\":[{\"@type\":\"ReadAction\",\"target\":[\"https:\\\/\\\/www.livespace.io\\\/pl\\\/dziekujemy-za-rejestracje\\\/\"]}]},{\"@type\":\"WebSite\",\"@id\":\"https:\\\/\\\/www.livespace.io\\\/pl\\\/#website\",\"url\":\"https:\\\/\\\/www.livespace.io\\\/pl\\\/\",\"name\":\"Livespace CRM\",\"description\":\"sell smarter\",\"publisher\":{\"@id\":\"https:\\\/\\\/www.livespace.io\\\/pl\\\/#organization\"},\"potentialAction\":[{\"@type\":\"SearchAction\",\"target\":{\"@type\":\"EntryPoint\",\"urlTemplate\":\"https:\\\/\\\/www.livespace.io\\\/pl\\\/?s={search_term_string}\"},\"query-input\":{\"@type\":\"PropertyValueSpecification\",\"valueRequired\":true,\"valueName\":\"search_term_string\"}}],\"inLanguage\":\"pl-PL\"},{\"@type\":\"Organization\",\"@id\":\"https:\\\/\\\/www.livespace.io\\\/pl\\\/#organization\",\"name\":\"Livespace.io\",\"url\":\"https:\\\/\\\/www.livespace.io\\\/pl\\\/\",\"logo\":{\"@type\":\"ImageObject\",\"inLanguage\":\"pl-PL\",\"@id\":\"https:\\\/\\\/www.livespace.io\\\/pl\\\/#\\\/schema\\\/logo\\\/image\\\/\",\"url\":\"https:\\\/\\\/www.livespace.io\\\/wp-content\\\/uploads\\\/2021\\\/09\\\/livespace-logo.png\",\"contentUrl\":\"https:\\\/\\\/www.livespace.io\\\/wp-content\\\/uploads\\\/2021\\\/09\\\/livespace-logo.png\",\"width\":204,\"height\":54,\"caption\":\"Livespace.io\"},\"image\":{\"@id\":\"https:\\\/\\\/www.livespace.io\\\/pl\\\/#\\\/schema\\\/logo\\\/image\\\/\"}}]}<\/script>\n<!-- \/ Yoast SEO plugin. -->","yoast_head_json":{"title":"Dzi\u0119kujemy za rejestracj\u0119 na webinarium | Livespace CRM","robots":{"index":"noindex","follow":"follow"},"og_locale":"pl_PL","og_type":"article","og_title":"Dzi\u0119kujemy za rejestracj\u0119 na webinarium | Livespace CRM","og_description":"Dzi\u0119kujemy za rejestracj\u0119 na webinarium Zaproszenie zosta\u0142o przes\u0142ane na Tw\u00f3j adres e-mail. Znajdziesz tam link do udzia\u0142u w webinarium. Je\u017celi b\u0119dziesz mia\u0142 jakiekolwiek pytania [&hellip;]","og_url":"https:\/\/www.livespace.io\/pl\/dziekujemy-za-rejestracje\/","og_site_name":"Livespace CRM","article_modified_time":"2025-09-01T14:50:34+00:00","og_image":[{"width":1200,"height":628,"url":"https:\/\/www.livespace.io\/wp-content\/uploads\/2022\/06\/Livespace-sell-smarter-crm.png","type":"image\/png"}],"twitter_card":"summary_large_image","twitter_misc":{"Szacowany czas czytania":"1 minuta"},"schema":{"@context":"https:\/\/schema.org","@graph":[{"@type":"WebPage","@id":"https:\/\/www.livespace.io\/pl\/dziekujemy-za-rejestracje\/","url":"https:\/\/www.livespace.io\/pl\/dziekujemy-za-rejestracje\/","name":"Dzi\u0119kujemy za rejestracj\u0119 na webinarium | Livespace CRM","isPartOf":{"@id":"https:\/\/www.livespace.io\/pl\/#website"},"datePublished":"2013-02-18T14:47:17+00:00","dateModified":"2025-09-01T14:50:34+00:00","inLanguage":"pl-PL","potentialAction":[{"@type":"ReadAction","target":["https:\/\/www.livespace.io\/pl\/dziekujemy-za-rejestracje\/"]}]},{"@type":"WebSite","@id":"https:\/\/www.livespace.io\/pl\/#website","url":"https:\/\/www.livespace.io\/pl\/","name":"Livespace CRM","description":"sell smarter","publisher":{"@id":"https:\/\/www.livespace.io\/pl\/#organization"},"potentialAction":[{"@type":"SearchAction","target":{"@type":"EntryPoint","urlTemplate":"https:\/\/www.livespace.io\/pl\/?s={search_term_string}"},"query-input":{"@type":"PropertyValueSpecification","valueRequired":true,"valueName":"search_term_string"}}],"inLanguage":"pl-PL"},{"@type":"Organization","@id":"https:\/\/www.livespace.io\/pl\/#organization","name":"Livespace.io","url":"https:\/\/www.livespace.io\/pl\/","logo":{"@type":"ImageObject","inLanguage":"pl-PL","@id":"https:\/\/www.livespace.io\/pl\/#\/schema\/logo\/image\/","url":"https:\/\/www.livespace.io\/wp-content\/uploads\/2021\/09\/livespace-logo.png","contentUrl":"https:\/\/www.livespace.io\/wp-content\/uploads\/2021\/09\/livespace-logo.png","width":204,"height":54,"caption":"Livespace.io"},"image":{"@id":"https:\/\/www.livespace.io\/pl\/#\/schema\/logo\/image\/"}}]}},"_links":{"self":[{"href":"https:\/\/www.livespace.io\/pl\/wp-json\/wp\/v2\/pages\/199","targetHints":{"allow":["GET"]}}],"collection":[{"href":"https:\/\/www.livespace.io\/pl\/wp-json\/wp\/v2\/pages"}],"about":[{"href":"https:\/\/www.livespace.io\/pl\/wp-json\/wp\/v2\/types\/page"}],"author":[{"embeddable":true,"href":"https:\/\/www.livespace.io\/pl\/wp-json\/wp\/v2\/users\/2"}],"replies":[{"embeddable":true,"href":"https:\/\/www.livespace.io\/pl\/wp-json\/wp\/v2\/comments?post=199"}],"version-history":[{"count":2,"href":"https:\/\/www.livespace.io\/pl\/wp-json\/wp\/v2\/pages\/199\/revisions"}],"predecessor-version":[{"id":199841,"href":"https:\/\/www.livespace.io\/pl\/wp-json\/wp\/v2\/pages\/199\/revisions\/199841"}],"wp:attachment":[{"href":"https:\/\/www.livespace.io\/pl\/wp-json\/wp\/v2\/media?parent=199"}],"curies":[{"name":"wp","href":"https:\/\/api.w.org\/{rel}","templated":true}]}}