{"id":1805,"date":"2014-06-25T19:32:44","date_gmt":"2014-06-25T17:32:44","guid":{"rendered":"http:\/\/www.livespace.app\/?page_id=1805"},"modified":"2025-12-18T11:24:53","modified_gmt":"2025-12-18T10:24:53","slug":"cele-i-wyniki","status":"publish","type":"page","link":"https:\/\/www.livespace.io\/pl\/produkt\/raporty-sprzedazowe\/cele-i-wyniki\/","title":{"rendered":"Karta cel\u00f3w i wynik\u00f3w"},"content":{"rendered":"<div id='av_section_1'  class='avia-section av-1iabmbh-76668f7426e25c254edeaf143a2a384f main_color avia-section-default avia-no-shadow  avia-builder-el-0  el_before_av_section  avia-builder-el-first  avia-bg-style-fixed container_wrap fullsize'  ><div class='container av-section-cont-open' ><main  role=\"main\" itemprop=\"mainContentOfPage\"  class='template-page content  av-content-full alpha units'><div class='post-entry post-entry-type-page post-entry-1805'><div class='entry-content-wrapper clearfix'>\n<section  class='av_textblock_section av-1gt4yul-a9fa64db07da29fe72ee4f749c3dcbaf '   itemscope=\"itemscope\" itemtype=\"https:\/\/schema.org\/CreativeWork\" ><div class='avia_textblock'  itemprop=\"text\" ><h1 style=\"text-align: center;\">Karta cel\u00f3w i wynik\u00f3w<\/h1>\n<\/div><\/section>\n\n<\/div><\/div><\/main><!-- close content main element --><\/div><\/div><div id='av_section_2'  class='avia-section av-1dtm2zx-09ca02c103c2bf9b202479db9f53b9e8 main_color avia-section-default avia-no-shadow  avia-builder-el-2  el_after_av_section  el_before_av_section  avia-bg-style-scroll container_wrap fullsize'  ><div class='container av-section-cont-open' ><div class='template-page content  av-content-full alpha units'><div class='post-entry post-entry-type-page post-entry-1805'><div class='entry-content-wrapper clearfix'>\n<div  class='flex_column av-1cjyzrh-0a7d25850375bc0b77cb9a9b8ebeef5c av_one_half  avia-builder-el-3  el_before_av_one_half  avia-builder-el-first  first flex_column_div  '     ><style type=\"text\/css\" data-created_by=\"avia_inline_auto\" id=\"style-css-av-1b244dp-36f0e7f0231c4a9d83a9b268520c7389\">\n.avia-image-container.av-1b244dp-36f0e7f0231c4a9d83a9b268520c7389 img.avia_image{\nbox-shadow:none;\n}\n.avia-image-container.av-1b244dp-36f0e7f0231c4a9d83a9b268520c7389 .av-image-caption-overlay-center{\ncolor:#ffffff;\n}\n<\/style>\n<div  class='avia-image-container av-1b244dp-36f0e7f0231c4a9d83a9b268520c7389 av-styling-no-styling avia_animated_image av-animated-when-visible-95 left-to-right avia-align-center  avia-builder-el-4  avia-builder-el-no-sibling '   itemprop=\"image\" itemscope=\"itemscope\" itemtype=\"https:\/\/schema.org\/ImageObject\" ><div class=\"avia-image-container-inner\"><div class=\"avia-image-overlay-wrap\"><img decoding=\"async\" fetchpriority=\"high\" class='wp-image-105642 avia-img-lazy-loading-not-105642 avia_image ' src=\"https:\/\/www.livespace.io\/wp-content\/uploads\/2023\/01\/Karta-celow-i-wynikow.webp\" alt='wyznaczanie cel\u00f3w sprzeda\u017cy w CRM' title='Karta-celow-i-wynikow'  height=\"600\" width=\"1140\"  itemprop=\"thumbnailUrl\" srcset=\"https:\/\/www.livespace.io\/wp-content\/uploads\/2023\/01\/Karta-celow-i-wynikow.webp 1140w, https:\/\/www.livespace.io\/wp-content\/uploads\/2023\/01\/Karta-celow-i-wynikow-300x158.webp 300w, https:\/\/www.livespace.io\/wp-content\/uploads\/2023\/01\/Karta-celow-i-wynikow-1030x542.webp 1030w, https:\/\/www.livespace.io\/wp-content\/uploads\/2023\/01\/Karta-celow-i-wynikow-768x404.webp 768w, https:\/\/www.livespace.io\/wp-content\/uploads\/2023\/01\/Karta-celow-i-wynikow-710x375.webp 710w, https:\/\/www.livespace.io\/wp-content\/uploads\/2023\/01\/Karta-celow-i-wynikow-705x371.webp 705w\" sizes=\"(max-width: 1140px) 100vw, 1140px\" \/><\/div><\/div><\/div><\/div>\n<style type=\"text\/css\" data-created_by=\"avia_inline_auto\" id=\"style-css-av-19j7b99-c5c566a3d4cd793b53a9324d59455f06\">\n.flex_column.av-19j7b99-c5c566a3d4cd793b53a9324d59455f06{\nborder-radius:0px 0px 0px 0px;\npadding:0px 0px 0px 0px;\n}\n<\/style>\n<div  class='flex_column av-19j7b99-c5c566a3d4cd793b53a9324d59455f06 av_one_half  avia-builder-el-5  el_after_av_one_half  avia-builder-el-last  flex_column_div av-zero-column-padding  '     ><section  class='av_textblock_section av-18flrt9-1f50a86522a449d0178e1bdaff5eacec '   itemscope=\"itemscope\" itemtype=\"https:\/\/schema.org\/CreativeWork\" ><div class='avia_textblock'  itemprop=\"text\" ><h3>Ustal cele i monitoruj ich realizacj\u0119.<\/h3>\n<\/div><\/section><br \/>\n<div  class='hr av-16091xp-a6491bc1ea6b654d38925e92da251946 hr-short  avia-builder-el-7  el_after_av_textblock  el_before_av_textblock  hr-left'><span class='hr-inner '><span class=\"hr-inner-style\"><\/span><\/span><\/div><br \/>\n<section  class='av_textblock_section av-14t5wvx-0aa02bc2758e67731912280d2327bea7 '   itemscope=\"itemscope\" itemtype=\"https:\/\/schema.org\/CreativeWork\" ><div class='avia_textblock'  itemprop=\"text\" ><p>Zarz\u0105dzaj sprzeda\u017c\u0105 skuteczniej dzi\u0119ki wyznaczaniu cel\u00f3w sprzeda\u017cowych dla poszczeg\u00f3lnych os\u00f3b w zespole. Okre\u015bl np. bud\u017cet, liczb\u0119 zebranych referencji i spotka\u0144 z klientami. Wszystko przy pomocy prostych rozwi\u0105za\u0144 zaszytych w CRM.<\/p>\n<p><a href=\"https:\/\/www.livespace.io\/pl\/umow-demo\" target=\"_blank\" rel=\"noopener\">Chcesz zobaczy\u0107, jak to wygl\u0105da w praktyce?\u00a0Zobacz\u00a0demo!<\/a><\/p>\n<\/div><\/section><\/p><\/div><\/div><\/div><\/div><!-- close content main div --><\/div><\/div><div id='av_section_3'  class='avia-section av-12utjrh-b37cad6f328fa106919d800d91edb661 main_color avia-section-default avia-no-shadow  avia-builder-el-9  el_after_av_section  el_before_av_section  avia-bg-style-scroll container_wrap fullsize'  ><div class='container av-section-cont-open' ><div class='template-page content  av-content-full alpha units'><div class='post-entry post-entry-type-page post-entry-1805'><div class='entry-content-wrapper clearfix'>\n<div  class='flex_column av-10z09yl-f94564739071a191873dd6fbd7030f31 av_one_half  avia-builder-el-10  el_before_av_one_half  avia-builder-el-first  first flex_column_div  '     ><section  class='av_textblock_section av-z8jwlp-2f6bcc14bbe3ddcbfdaf32685d832912 '   itemscope=\"itemscope\" itemtype=\"https:\/\/schema.org\/CreativeWork\" ><div class='avia_textblock'  itemprop=\"text\" ><h3>Ustal kryteria oceny dla ka\u017cdego cz\u0142onka zespo\u0142u.<\/h3>\n<\/div><\/section><br \/>\n<div  class='hr av-y52nh9-f7a49de65d963a78a2fb9a6af099b97e hr-short  avia-builder-el-12  el_after_av_textblock  el_before_av_textblock  hr-left'><span class='hr-inner '><span class=\"hr-inner-style\"><\/span><\/span><\/div><br \/>\n<section  class='av_textblock_section av-vtu1e5-a95180d04c630c99baf6803266427527 '   itemscope=\"itemscope\" itemtype=\"https:\/\/schema.org\/CreativeWork\" ><div class='avia_textblock'  itemprop=\"text\" ><p>Mo\u017cesz zdefiniowa\u0107 dowolne kryteria oceny niezale\u017cnie dla ka\u017cdego cz\u0142onka Twojego zespo\u0142u. Chcesz, aby w danym miesi\u0105cu Twoi handlowcy z zespo\u0142u pierwszego skupili si\u0119 przede wszystkim na otwieraniu nowych temat\u00f3w, a z zespo\u0142u drugiego &#8211; na domykaniu sprzeda\u017cy? Zmodyfikuj kryteria oceny ich pracy!<\/p>\n<\/div><\/section><\/p><\/div>\n<style type=\"text\/css\" data-created_by=\"avia_inline_auto\" id=\"style-css-av-vf4f19-db6841f5bf022c4bfb9bc4f922a625ad\">\n.flex_column.av-vf4f19-db6841f5bf022c4bfb9bc4f922a625ad{\nborder-radius:0px 0px 0px 0px;\npadding:0px 0px 0px 0px;\n}\n<\/style>\n<div  class='flex_column av-vf4f19-db6841f5bf022c4bfb9bc4f922a625ad av_one_half  avia-builder-el-14  el_after_av_one_half  avia-builder-el-last  flex_column_div av-zero-column-padding  '     ><style type=\"text\/css\" data-created_by=\"avia_inline_auto\" id=\"style-css-av-a9rkt-854d489604aba949f9b3199ecb603347\">\n.avia-image-container.av-a9rkt-854d489604aba949f9b3199ecb603347 img.avia_image{\nbox-shadow:none;\n}\n.avia-image-container.av-a9rkt-854d489604aba949f9b3199ecb603347 .av-image-caption-overlay-center{\ncolor:#ffffff;\n}\n<\/style>\n<div  class='avia-image-container av-a9rkt-854d489604aba949f9b3199ecb603347 av-styling-no-styling avia_animated_image av-animated-when-visible-95 right-to-left avia-align-center  avia-builder-el-15  avia-builder-el-no-sibling '   itemprop=\"image\" itemscope=\"itemscope\" itemtype=\"https:\/\/schema.org\/ImageObject\" ><div class=\"avia-image-container-inner\"><div class=\"avia-image-overlay-wrap\"><img decoding=\"async\" fetchpriority=\"high\" class='wp-image-106116 avia-img-lazy-loading-not-106116 avia_image ' src=\"https:\/\/www.livespace.io\/wp-content\/uploads\/2023\/02\/informacje-o-szansie-sprzedazy.webp\" alt='warto\u015b\u0107 szansy sprzeda\u017cy' title='informacje-o-szansie-sprzedazy'  height=\"972\" width=\"1528\"  itemprop=\"thumbnailUrl\" srcset=\"https:\/\/www.livespace.io\/wp-content\/uploads\/2023\/02\/informacje-o-szansie-sprzedazy.webp 1528w, https:\/\/www.livespace.io\/wp-content\/uploads\/2023\/02\/informacje-o-szansie-sprzedazy-300x191.webp 300w, https:\/\/www.livespace.io\/wp-content\/uploads\/2023\/02\/informacje-o-szansie-sprzedazy-1030x655.webp 1030w, https:\/\/www.livespace.io\/wp-content\/uploads\/2023\/02\/informacje-o-szansie-sprzedazy-768x489.webp 768w, https:\/\/www.livespace.io\/wp-content\/uploads\/2023\/02\/informacje-o-szansie-sprzedazy-1500x954.webp 1500w, https:\/\/www.livespace.io\/wp-content\/uploads\/2023\/02\/informacje-o-szansie-sprzedazy-705x448.webp 705w\" sizes=\"(max-width: 1528px) 100vw, 1528px\" \/><\/div><\/div><\/div><\/div>\n<\/p>\n<\/div><\/div><\/div><!-- close content main div --><\/div><\/div><div id='av_section_4'  class='avia-section av-2o1wf1-fdbf0d408b949951d552b72e1128a765 main_color avia-section-default avia-no-shadow  avia-builder-el-16  el_after_av_section  el_before_av_section  avia-bg-style-scroll container_wrap fullsize'  ><div class='container av-section-cont-open' ><div class='template-page content  av-content-full alpha units'><div class='post-entry post-entry-type-page post-entry-1805'><div class='entry-content-wrapper clearfix'>\n<div  class='flex_column av-p2n3x9-0d2f02532c56dee6d50088916e4c5dfb av_one_half  avia-builder-el-17  el_before_av_one_half  avia-builder-el-first  first flex_column_div  '     ><style type=\"text\/css\" data-created_by=\"avia_inline_auto\" id=\"style-css-av-nkwyal-014d39d36553f76c2900dd7b0d28f95d\">\n.avia-image-container.av-nkwyal-014d39d36553f76c2900dd7b0d28f95d img.avia_image{\nbox-shadow:none;\n}\n.avia-image-container.av-nkwyal-014d39d36553f76c2900dd7b0d28f95d .av-image-caption-overlay-center{\ncolor:#ffffff;\n}\n<\/style>\n<div  class='avia-image-container av-nkwyal-014d39d36553f76c2900dd7b0d28f95d av-styling-no-styling avia_animated_image av-animated-when-visible-95 left-to-right avia-align-center  avia-builder-el-18  avia-builder-el-no-sibling '   itemprop=\"image\" itemscope=\"itemscope\" itemtype=\"https:\/\/schema.org\/ImageObject\" ><div class=\"avia-image-container-inner\"><div class=\"avia-image-overlay-wrap\"><img decoding=\"async\" fetchpriority=\"high\" class='wp-image-105939 avia-img-lazy-loading-not-105939 avia_image ' src=\"https:\/\/www.livespace.io\/wp-content\/uploads\/2023\/01\/wartosc-szans-sprzedazy.webp\" alt='karta cel\u00f3w i wynik\u00f3w Livespace' title='wartosc-szans-sprzedazy'  height=\"700\" width=\"1100\"  itemprop=\"thumbnailUrl\" srcset=\"https:\/\/www.livespace.io\/wp-content\/uploads\/2023\/01\/wartosc-szans-sprzedazy.webp 1100w, https:\/\/www.livespace.io\/wp-content\/uploads\/2023\/01\/wartosc-szans-sprzedazy-300x191.webp 300w, https:\/\/www.livespace.io\/wp-content\/uploads\/2023\/01\/wartosc-szans-sprzedazy-1030x655.webp 1030w, https:\/\/www.livespace.io\/wp-content\/uploads\/2023\/01\/wartosc-szans-sprzedazy-768x489.webp 768w, https:\/\/www.livespace.io\/wp-content\/uploads\/2023\/01\/wartosc-szans-sprzedazy-705x449.webp 705w\" sizes=\"(max-width: 1100px) 100vw, 1100px\" \/><\/div><\/div><\/div><\/div>\n<style type=\"text\/css\" data-created_by=\"avia_inline_auto\" id=\"style-css-av-n5be8t-a00d5f166206bfaa61af66656e367677\">\n.flex_column.av-n5be8t-a00d5f166206bfaa61af66656e367677{\nborder-radius:0px 0px 0px 0px;\npadding:0px 0px 0px 0px;\n}\n<\/style>\n<div  class='flex_column av-n5be8t-a00d5f166206bfaa61af66656e367677 av_one_half  avia-builder-el-19  el_after_av_one_half  avia-builder-el-last  flex_column_div av-zero-column-padding  '     ><section  class='av_textblock_section av-lg36e5-10c022597bdec655d1a8e5ba14f7a7b8 '   itemscope=\"itemscope\" itemtype=\"https:\/\/schema.org\/CreativeWork\" ><div class='avia_textblock'  itemprop=\"text\" ><h3>Niech Tw\u00f3j zesp\u00f3\u0142 wie, jak sobie radzi.<\/h3>\n<\/div><\/section><br \/>\n<div  class='hr av-iethql-edad7f059d95a164481428a63dd52cb8 hr-short  avia-builder-el-21  el_after_av_textblock  el_before_av_textblock  hr-left'><span class='hr-inner '><span class=\"hr-inner-style\"><\/span><\/span><\/div><br \/>\n<section  class='av_textblock_section av-gtzgbx-b244ebf3c9656a13d8c6450ca2d1ab20 '   itemscope=\"itemscope\" itemtype=\"https:\/\/schema.org\/CreativeWork\" ><div class='avia_textblock'  itemprop=\"text\" ><p>Podgl\u0105d post\u0119p\u00f3w realizacji cel\u00f3w dost\u0119pny jest ca\u0142y czas na\u00a0Kokpicie. Dzi\u0119ki temu ka\u017cdy cz\u0142onek Twojego zespo\u0142u wie, jak radzi sobie z realizacj\u0105 za\u0142o\u017ce\u0144 i zostanie w por\u0119 ostrze\u017cony, je\u015bli co\u015b b\u0119dzie nie tak.<\/p>\n<\/div><\/section><\/p><\/div>\n\n<\/div><\/div><\/div><!-- close content main div --><\/div><\/div><div id='av_section_5'  class='avia-section av-genr7x-279972cd0ab3a9e01cfd422fa7445ee8 main_color avia-section-default avia-no-shadow  avia-builder-el-23  el_after_av_section  el_before_av_heading  avia-bg-style-scroll container_wrap fullsize'  ><div class='container av-section-cont-open' ><div class='template-page content  av-content-full alpha units'><div class='post-entry post-entry-type-page post-entry-1805'><div class='entry-content-wrapper clearfix'>\n<div  class='flex_column av-e9kjt9-93e1f22fcf14289da5af36177768f4a2 av_one_fourth  avia-builder-el-24  el_before_av_one_half  avia-builder-el-first  first flex_column_div  '     ><\/div>\n<style type=\"text\/css\" data-created_by=\"avia_inline_auto\" id=\"style-css-av-7qoty5-206ad070fa8f9c476810f6f25a5c6853\">\n.flex_column.av-7qoty5-206ad070fa8f9c476810f6f25a5c6853{\nborder-radius:0px 0px 0px 0px;\npadding:0px 0px 0px 0px;\n}\n<\/style>\n<div  class='flex_column av-7qoty5-206ad070fa8f9c476810f6f25a5c6853 av_one_half  avia-builder-el-25  el_after_av_one_fourth  el_before_av_one_fourth  flex_column_div av-zero-column-padding  '     ><article  class='iconbox iconbox_top av-5f2xgt-1739558f5ec46cc74579b57bd02fc824  avia-builder-el-26  avia-builder-el-no-sibling  main_color'  itemscope=\"itemscope\" itemtype=\"https:\/\/schema.org\/CreativeWork\" ><div class=\"iconbox_content\"><header class=\"entry-content-header\" aria-label=\"Icon: Baza wiedzy\"><a href='https:\/\/support.livespace.io\/pl\/articles\/2830611-karta-celow-i-wynikow' title='Baza wiedzy' aria-label='Baza wiedzy'  target=\"_blank\"  rel=\"noopener noreferrer\" class='iconbox_icon heading-color avia-iconfont avia-font-entypo-fontello' data-av_icon='\ue864' data-av_iconfont='entypo-fontello' title=\"Baza wiedzy\" desc=\"Baza wiedzy\" ><\/a><h3 class='iconbox_content_title '  itemprop=\"headline\" ><a href='https:\/\/support.livespace.io\/pl\/articles\/2830611-karta-celow-i-wynikow' title='Baza wiedzy'  target=\"_blank\"  rel=\"noopener noreferrer\">Baza wiedzy<\/a><\/h3><\/header><div class='iconbox_content_container '  itemprop=\"text\" ><p style=\"text-align: center;\">Odwied\u017a pomoc i dowiedz si\u0119 wi\u0119cej na temat karty cel\u00f3w i wynik\u00f3w.<\/p>\n<\/div><\/div><footer class=\"entry-footer\"><\/footer><\/article><\/div>\n<style type=\"text\/css\" data-created_by=\"avia_inline_auto\" id=\"style-css-av-aipval-98e1b206dda555fafa290bbd8c3dafa4\">\n.flex_column.av-aipval-98e1b206dda555fafa290bbd8c3dafa4{\nborder-radius:0px 0px 0px 0px;\npadding:0px 0px 0px 0px;\n}\n<\/style>\n<div  class='flex_column av-aipval-98e1b206dda555fafa290bbd8c3dafa4 av_one_fourth  avia-builder-el-27  el_after_av_one_half  avia-builder-el-last  flex_column_div av-zero-column-padding  '     ><\/div>\n<\/div><\/div><\/div><!-- close content main div --><\/div><\/div><div id='after_section_5'  class='main_color av_default_container_wrap container_wrap fullsize'  ><div class='container av-section-cont-open' ><div class='template-page content  av-content-full alpha units'><div class='post-entry post-entry-type-page post-entry-1805'><div class='entry-content-wrapper clearfix'>\n\n<style type=\"text\/css\" data-created_by=\"avia_inline_auto\" id=\"style-css-av-2t6vd9-aa0e207c9f69a0dbde55a8d28244e050\">\n#top .av-special-heading.av-2t6vd9-aa0e207c9f69a0dbde55a8d28244e050{\npadding-bottom:30px;\n}\nbody .av-special-heading.av-2t6vd9-aa0e207c9f69a0dbde55a8d28244e050 .av-special-heading-tag .heading-char{\nfont-size:25px;\n}\n.av-special-heading.av-2t6vd9-aa0e207c9f69a0dbde55a8d28244e050 .av-subheading{\nfont-size:15px;\n}\n<\/style>\n<div  class='av-special-heading av-2t6vd9-aa0e207c9f69a0dbde55a8d28244e050 av-special-heading-h3 blockquote modern-quote modern-centered  avia-builder-el-28  el_after_av_section  el_before_av_button  avia-builder-el-first '><h3 class='av-special-heading-tag '  itemprop=\"headline\"  >Za\u0142\u00f3\u017c darmowe konto w 30 sekund i testuj przez 14 dni.<br \/>\nBez zobowi\u0105za\u0144, zrezygnuj kiedy chcesz.<\/h3><div class=\"special-heading-border\"><div class=\"special-heading-inner-border\"><\/div><\/div><\/div>\n<div  class='avia-button-wrap av-2zw7n1-7d7c07c41c1b99aa73c18660e7847497-wrap avia-button-center  avia-builder-el-29  el_after_av_heading  avia-builder-el-last  register-form'>\n<style type=\"text\/css\" data-created_by=\"avia_inline_auto\" id=\"style-css-av-2zw7n1-7d7c07c41c1b99aa73c18660e7847497\">\n#top #wrap_all .avia-button.av-2zw7n1-7d7c07c41c1b99aa73c18660e7847497{\nbackground-color:#3b86ce;\nborder-color:#3b86ce;\ncolor:#ffffff;\ntransition:all 0.4s ease-in-out;\n}\n#top #wrap_all .avia-button.av-2zw7n1-7d7c07c41c1b99aa73c18660e7847497 .avia-svg-icon svg:first-child{\nfill:#ffffff;\nstroke:#ffffff;\n}\n<\/style>\n<a href='#'  class='avia-button av-2zw7n1-7d7c07c41c1b99aa73c18660e7847497 av-link-btn avia-icon_select-no avia-size-large avia-position-center'   aria-label=\"Za\u0142\u00f3\u017c konto\"><span class='avia_iconbox_title' >Za\u0142\u00f3\u017c konto<\/span><\/a><\/div>\n<div style='text-align:center' class='yasr-auto-insert-visitor'><\/div>","protected":false},"excerpt":{"rendered":"","protected":false},"author":1,"featured_media":0,"parent":1815,"menu_order":0,"comment_status":"open","ping_status":"open","template":"","meta":{"_acf_changed":false,"inline_featured_image":false,"yasr_overall_rating":0,"yasr_post_is_review":"","yasr_auto_insert_disabled":"","yasr_review_type":"","footnotes":""},"class_list":["post-1805","page","type-page","status-publish","hentry"],"yasr_visitor_votes":{"stars_attributes":{"read_only":false,"span_bottom":false},"number_of_votes":0,"sum_votes":0},"acf":[],"yoast_head":"<!-- This site is optimized with the Yoast SEO plugin v27.3 - https:\/\/yoast.com\/product\/yoast-seo-wordpress\/ -->\n<title>Karta cel\u00f3w i wynik\u00f3w | Poznaj funkcje Livespace CRM<\/title>\n<meta name=\"robots\" content=\"index, follow, max-snippet:-1, max-image-preview:large, max-video-preview:-1\" \/>\n<link rel=\"canonical\" href=\"https:\/\/www.livespace.io\/pl\/produkt\/raporty-sprzedazowe\/cele-i-wyniki\/\" \/>\n<meta property=\"og:locale\" content=\"pl_PL\" \/>\n<meta property=\"og:type\" content=\"article\" \/>\n<meta property=\"og:title\" content=\"Karta cel\u00f3w i wynik\u00f3w | Poznaj funkcje Livespace CRM\" \/>\n<meta property=\"og:url\" content=\"https:\/\/www.livespace.io\/pl\/produkt\/raporty-sprzedazowe\/cele-i-wyniki\/\" \/>\n<meta property=\"og:site_name\" content=\"Livespace CRM\" \/>\n<meta property=\"article:modified_time\" content=\"2025-12-18T10:24:53+00:00\" \/>\n<meta property=\"og:image\" content=\"https:\/\/www.livespace.io\/wp-content\/uploads\/2022\/06\/Livespace-sell-smarter-crm.png\" \/>\n\t<meta property=\"og:image:width\" content=\"1200\" \/>\n\t<meta property=\"og:image:height\" content=\"628\" \/>\n\t<meta property=\"og:image:type\" content=\"image\/png\" \/>\n<meta name=\"twitter:card\" content=\"summary_large_image\" \/>\n<meta name=\"twitter:label1\" content=\"Szacowany czas czytania\" \/>\n\t<meta name=\"twitter:data1\" content=\"2 minuty\" \/>\n<script type=\"application\/ld+json\" class=\"yoast-schema-graph\">{\"@context\":\"https:\\\/\\\/schema.org\",\"@graph\":[{\"@type\":\"WebPage\",\"@id\":\"https:\\\/\\\/www.livespace.io\\\/pl\\\/produkt\\\/raporty-sprzedazowe\\\/cele-i-wyniki\\\/\",\"url\":\"https:\\\/\\\/www.livespace.io\\\/pl\\\/produkt\\\/raporty-sprzedazowe\\\/cele-i-wyniki\\\/\",\"name\":\"Karta cel\u00f3w i wynik\u00f3w | Poznaj funkcje Livespace CRM\",\"isPartOf\":{\"@id\":\"https:\\\/\\\/www.livespace.io\\\/pl\\\/#website\"},\"datePublished\":\"2014-06-25T17:32:44+00:00\",\"dateModified\":\"2025-12-18T10:24:53+00:00\",\"breadcrumb\":{\"@id\":\"https:\\\/\\\/www.livespace.io\\\/pl\\\/produkt\\\/raporty-sprzedazowe\\\/cele-i-wyniki\\\/#breadcrumb\"},\"inLanguage\":\"pl-PL\",\"potentialAction\":[{\"@type\":\"ReadAction\",\"target\":[\"https:\\\/\\\/www.livespace.io\\\/pl\\\/produkt\\\/raporty-sprzedazowe\\\/cele-i-wyniki\\\/\"]}]},{\"@type\":\"BreadcrumbList\",\"@id\":\"https:\\\/\\\/www.livespace.io\\\/pl\\\/produkt\\\/raporty-sprzedazowe\\\/cele-i-wyniki\\\/#breadcrumb\",\"itemListElement\":[{\"@type\":\"ListItem\",\"position\":1,\"name\":\"Produkty i funkcje w Livespace CRM\",\"item\":\"https:\\\/\\\/www.livespace.io\\\/pl\\\/produkt\\\/\"},{\"@type\":\"ListItem\",\"position\":2,\"name\":\"Statystyki w CRM\",\"item\":\"https:\\\/\\\/www.livespace.io\\\/pl\\\/produkt\\\/raporty-sprzedazowe\\\/\"},{\"@type\":\"ListItem\",\"position\":3,\"name\":\"Karta cel\u00f3w i wynik\u00f3w\"}]},{\"@type\":\"WebSite\",\"@id\":\"https:\\\/\\\/www.livespace.io\\\/pl\\\/#website\",\"url\":\"https:\\\/\\\/www.livespace.io\\\/pl\\\/\",\"name\":\"Livespace CRM\",\"description\":\"sell smarter\",\"publisher\":{\"@id\":\"https:\\\/\\\/www.livespace.io\\\/pl\\\/#organization\"},\"potentialAction\":[{\"@type\":\"SearchAction\",\"target\":{\"@type\":\"EntryPoint\",\"urlTemplate\":\"https:\\\/\\\/www.livespace.io\\\/pl\\\/?s={search_term_string}\"},\"query-input\":{\"@type\":\"PropertyValueSpecification\",\"valueRequired\":true,\"valueName\":\"search_term_string\"}}],\"inLanguage\":\"pl-PL\"},{\"@type\":\"Organization\",\"@id\":\"https:\\\/\\\/www.livespace.io\\\/pl\\\/#organization\",\"name\":\"Livespace.io\",\"url\":\"https:\\\/\\\/www.livespace.io\\\/pl\\\/\",\"logo\":{\"@type\":\"ImageObject\",\"inLanguage\":\"pl-PL\",\"@id\":\"https:\\\/\\\/www.livespace.io\\\/pl\\\/#\\\/schema\\\/logo\\\/image\\\/\",\"url\":\"https:\\\/\\\/www.livespace.io\\\/wp-content\\\/uploads\\\/2021\\\/09\\\/livespace-logo.png\",\"contentUrl\":\"https:\\\/\\\/www.livespace.io\\\/wp-content\\\/uploads\\\/2021\\\/09\\\/livespace-logo.png\",\"width\":204,\"height\":54,\"caption\":\"Livespace.io\"},\"image\":{\"@id\":\"https:\\\/\\\/www.livespace.io\\\/pl\\\/#\\\/schema\\\/logo\\\/image\\\/\"}}]}<\/script>\n<!-- \/ Yoast SEO plugin. -->","yoast_head_json":{"title":"Karta cel\u00f3w i wynik\u00f3w | Poznaj funkcje Livespace CRM","robots":{"index":"index","follow":"follow","max-snippet":"max-snippet:-1","max-image-preview":"max-image-preview:large","max-video-preview":"max-video-preview:-1"},"canonical":"https:\/\/www.livespace.io\/pl\/produkt\/raporty-sprzedazowe\/cele-i-wyniki\/","og_locale":"pl_PL","og_type":"article","og_title":"Karta cel\u00f3w i wynik\u00f3w | Poznaj funkcje Livespace CRM","og_url":"https:\/\/www.livespace.io\/pl\/produkt\/raporty-sprzedazowe\/cele-i-wyniki\/","og_site_name":"Livespace CRM","article_modified_time":"2025-12-18T10:24:53+00:00","og_image":[{"width":1200,"height":628,"url":"https:\/\/www.livespace.io\/wp-content\/uploads\/2022\/06\/Livespace-sell-smarter-crm.png","type":"image\/png"}],"twitter_card":"summary_large_image","twitter_misc":{"Szacowany czas czytania":"2 minuty"},"schema":{"@context":"https:\/\/schema.org","@graph":[{"@type":"WebPage","@id":"https:\/\/www.livespace.io\/pl\/produkt\/raporty-sprzedazowe\/cele-i-wyniki\/","url":"https:\/\/www.livespace.io\/pl\/produkt\/raporty-sprzedazowe\/cele-i-wyniki\/","name":"Karta cel\u00f3w i wynik\u00f3w | Poznaj funkcje Livespace CRM","isPartOf":{"@id":"https:\/\/www.livespace.io\/pl\/#website"},"datePublished":"2014-06-25T17:32:44+00:00","dateModified":"2025-12-18T10:24:53+00:00","breadcrumb":{"@id":"https:\/\/www.livespace.io\/pl\/produkt\/raporty-sprzedazowe\/cele-i-wyniki\/#breadcrumb"},"inLanguage":"pl-PL","potentialAction":[{"@type":"ReadAction","target":["https:\/\/www.livespace.io\/pl\/produkt\/raporty-sprzedazowe\/cele-i-wyniki\/"]}]},{"@type":"BreadcrumbList","@id":"https:\/\/www.livespace.io\/pl\/produkt\/raporty-sprzedazowe\/cele-i-wyniki\/#breadcrumb","itemListElement":[{"@type":"ListItem","position":1,"name":"Produkty i funkcje w Livespace CRM","item":"https:\/\/www.livespace.io\/pl\/produkt\/"},{"@type":"ListItem","position":2,"name":"Statystyki w CRM","item":"https:\/\/www.livespace.io\/pl\/produkt\/raporty-sprzedazowe\/"},{"@type":"ListItem","position":3,"name":"Karta cel\u00f3w i wynik\u00f3w"}]},{"@type":"WebSite","@id":"https:\/\/www.livespace.io\/pl\/#website","url":"https:\/\/www.livespace.io\/pl\/","name":"Livespace CRM","description":"sell smarter","publisher":{"@id":"https:\/\/www.livespace.io\/pl\/#organization"},"potentialAction":[{"@type":"SearchAction","target":{"@type":"EntryPoint","urlTemplate":"https:\/\/www.livespace.io\/pl\/?s={search_term_string}"},"query-input":{"@type":"PropertyValueSpecification","valueRequired":true,"valueName":"search_term_string"}}],"inLanguage":"pl-PL"},{"@type":"Organization","@id":"https:\/\/www.livespace.io\/pl\/#organization","name":"Livespace.io","url":"https:\/\/www.livespace.io\/pl\/","logo":{"@type":"ImageObject","inLanguage":"pl-PL","@id":"https:\/\/www.livespace.io\/pl\/#\/schema\/logo\/image\/","url":"https:\/\/www.livespace.io\/wp-content\/uploads\/2021\/09\/livespace-logo.png","contentUrl":"https:\/\/www.livespace.io\/wp-content\/uploads\/2021\/09\/livespace-logo.png","width":204,"height":54,"caption":"Livespace.io"},"image":{"@id":"https:\/\/www.livespace.io\/pl\/#\/schema\/logo\/image\/"}}]}},"_links":{"self":[{"href":"https:\/\/www.livespace.io\/pl\/wp-json\/wp\/v2\/pages\/1805","targetHints":{"allow":["GET"]}}],"collection":[{"href":"https:\/\/www.livespace.io\/pl\/wp-json\/wp\/v2\/pages"}],"about":[{"href":"https:\/\/www.livespace.io\/pl\/wp-json\/wp\/v2\/types\/page"}],"author":[{"embeddable":true,"href":"https:\/\/www.livespace.io\/pl\/wp-json\/wp\/v2\/users\/1"}],"replies":[{"embeddable":true,"href":"https:\/\/www.livespace.io\/pl\/wp-json\/wp\/v2\/comments?post=1805"}],"version-history":[{"count":3,"href":"https:\/\/www.livespace.io\/pl\/wp-json\/wp\/v2\/pages\/1805\/revisions"}],"predecessor-version":[{"id":200515,"href":"https:\/\/www.livespace.io\/pl\/wp-json\/wp\/v2\/pages\/1805\/revisions\/200515"}],"up":[{"embeddable":true,"href":"https:\/\/www.livespace.io\/pl\/wp-json\/wp\/v2\/pages\/1815"}],"wp:attachment":[{"href":"https:\/\/www.livespace.io\/pl\/wp-json\/wp\/v2\/media?parent=1805"}],"curies":[{"name":"wp","href":"https:\/\/api.w.org\/{rel}","templated":true}]}}