{"id":15561,"date":"2017-09-14T12:57:36","date_gmt":"2017-09-14T10:57:36","guid":{"rendered":"http:\/\/www.livespace.app\/?page_id=15561\/"},"modified":"2023-07-24T12:53:03","modified_gmt":"2023-07-24T10:53:03","slug":"jak-rodo-wplynie-na-dzialania-sprzedazowe-old","status":"publish","type":"page","link":"https:\/\/www.livespace.io\/pl\/webinaria\/jak-rodo-wplynie-na-dzialania-sprzedazowe-old\/","title":{"rendered":"[OLD] Webinarium &#8211; Jak RODO wp\u0142ynie na dzia\u0142ania sprzeda\u017cowe"},"content":{"rendered":"<div id='av_section_1'  class='avia-section av-ajy0ljd-43c2c67d3fc8c1d8d3d45b760b415a54 main_color avia-section-default avia-no-shadow  avia-builder-el-0  el_before_av_three_fifth  avia-builder-el-first  avia-bg-style-fixed container_wrap fullsize'  ><div class='container av-section-cont-open' ><main  role=\"main\" itemprop=\"mainContentOfPage\"  class='template-page content  av-content-full alpha units'><div class='post-entry post-entry-type-page post-entry-15561'><div class='entry-content-wrapper clearfix'>\n<section  class='av_textblock_section av-9w36tex-b5c4ac30248be2a9981a7d35e7f53789 '   itemscope=\"itemscope\" itemtype=\"https:\/\/schema.org\/CreativeWork\" ><div class='avia_textblock'  itemprop=\"text\" ><h1 style=\"text-align: center;\">Webinarium \u2013\u00a0Jak RODO wp\u0142ynie na dzia\u0142ania sprzeda\u017cowe<\/h1>\n<\/div><\/section>\n<\/div><\/div><\/main><!-- close content main element --><\/div><\/div><div id='after_section_1'  class='main_color av_default_container_wrap container_wrap fullsize'  ><div class='container av-section-cont-open' ><div class='template-page content  av-content-full alpha units'><div class='post-entry post-entry-type-page post-entry-15561'><div class='entry-content-wrapper clearfix'>\n<div  class='flex_column av-9l334nd-0cc581bd5a091fb5b66ea91657ecdb91 av_three_fifth  avia-builder-el-2  el_after_av_section  el_before_av_two_fifth  avia-builder-el-first  first flex_column_div  '     ><p>\n<style type=\"text\/css\" data-created_by=\"avia_inline_auto\" id=\"style-css-av-949j59l-e4e768f463273feb0044ec391f9f6b6f\">\n#top .av-special-heading.av-949j59l-e4e768f463273feb0044ec391f9f6b6f{\npadding-bottom:10px;\n}\nbody .av-special-heading.av-949j59l-e4e768f463273feb0044ec391f9f6b6f .av-special-heading-tag .heading-char{\nfont-size:25px;\n}\n.av-special-heading.av-949j59l-e4e768f463273feb0044ec391f9f6b6f .av-subheading{\nfont-size:15px;\n}\n<\/style>\n<div  class='av-special-heading av-949j59l-e4e768f463273feb0044ec391f9f6b6f av-special-heading-h3 blockquote modern-quote  avia-builder-el-3  el_before_av_textblock  avia-builder-el-first '><h3 class='av-special-heading-tag '  itemprop=\"headline\"  >Szkolenie online<\/h3><div class=\"special-heading-border\"><div class=\"special-heading-inner-border\"><\/div><\/div><\/div><br \/>\n<section  class='av_textblock_section av-8mnksbt-6feb11062c96c17b80a6611fe787ccaa '   itemscope=\"itemscope\" itemtype=\"https:\/\/schema.org\/CreativeWork\" ><div class='avia_textblock'  itemprop=\"text\" ><p class=\"p1\">Zapraszamy do obejrzenia webinarium, podczas kt\u00f3rego wyja\u015bniamy,\u00a0jak pozyskiwa\u0107\u00a0dane klient\u00f3w i zarz\u0105dza\u0107 nimi\u00a0zgodnie z\u00a0przepisami, kt\u00f3re b\u0119d\u0105 obowi\u0105zywa\u0107 od momentu wej\u015bcia w \u017cycie RODO.<\/p>\n<p class=\"p1\"><b>Z webinarium dowiesz si\u0119:<\/b><\/p>\n<p class=\"p1\">1. Jak legalnie tworzy\u0107 bazy klient\u00f3w?<\/p>\n<p class=\"p1\">2. Jak bezpiecznie korzysta\u0107 z zewn\u0119trznych\u00a0baz kontakt\u00f3w?<\/p>\n<p class=\"p1\">3. Z jakich narz\u0119dzi do prospectingu mo\u017cna korzysta\u0107?<\/p>\n<p class=\"p1\">4. Jak bezpiecznie\u00a0przechowywa\u0107 dane klient\u00f3w?<\/p>\n<p class=\"p1\">5. Jak zarz\u0105dza\u0107 dost\u0119pem pracownik\u00f3w do danych klient\u00f3w?<\/p>\n<p class=\"p1\">6. Kto ponosi odpowiedzialno\u015b\u0107 za wyciek danych klient\u00f3w i\/lub niew\u0142a\u015bciwe ich wykorzystanie?<\/p>\n<p class=\"p1\"><strong>Czas trwania: 100 minut<\/strong><\/p>\n\n<style type=\"text\/css\" data-created_by=\"avia_inline_auto\" id=\"style-css-av-sxbh1l-3da16e1113a930f0bc3d7555c9b87859\">\n#top .hr.hr-invisible.av-sxbh1l-3da16e1113a930f0bc3d7555c9b87859{\nheight:10px;\n}\n<\/style>\n<div  class='hr av-sxbh1l-3da16e1113a930f0bc3d7555c9b87859 hr-invisible  avia-builder-el-5  avia-builder-el-no-sibling '><span class='hr-inner '><span class=\"hr-inner-style\"><\/span><\/span><\/div>\n<\/div><\/section><br \/>\n<div  class='avia-button-wrap av-7kg31ft-9f8b990e4dea777fdadd33d90cd4ec4f-wrap avia-button-center  avia-builder-el-6  el_after_av_textblock  avia-builder-el-last '><a href='#webinar-video'  class='avia-button av-7kg31ft-9f8b990e4dea777fdadd33d90cd4ec4f av-link-btn avia-icon_select-yes-left-icon avia-size-large avia-position-center avia-color-theme-color'   aria-label=\"Zobacz nagranie\"><span class='avia_button_icon avia_button_icon_left avia-iconfont avia-font-entypo-fontello' data-av_icon='\ue897' data-av_iconfont='entypo-fontello' ><\/span><span class='avia_iconbox_title' >Zobacz nagranie<\/span><\/a><\/div><\/p><\/div>\n\n<style type=\"text\/css\" data-created_by=\"avia_inline_auto\" id=\"style-css-av-75dgkp5-002dc2cd6c8a30b470954dc4c485fa41\">\n.flex_column.av-75dgkp5-002dc2cd6c8a30b470954dc4c485fa41{\nborder-radius:0px 0px 0px 0px;\npadding:0px 0px 0px 0px;\n}\n<\/style>\n<div  class='flex_column av-75dgkp5-002dc2cd6c8a30b470954dc4c485fa41 av_two_fifth  avia-builder-el-7  el_after_av_three_fifth  el_before_av_hr  flex_column_div av-zero-column-padding  '     ><p>\n<style type=\"text\/css\" data-created_by=\"avia_inline_auto\" id=\"style-css-av-6n43vop-352f82a43ffe032bfb504dc4880b42ab\">\n#top .av-special-heading.av-6n43vop-352f82a43ffe032bfb504dc4880b42ab{\npadding-bottom:10px;\n}\nbody .av-special-heading.av-6n43vop-352f82a43ffe032bfb504dc4880b42ab .av-special-heading-tag .heading-char{\nfont-size:25px;\n}\n.av-special-heading.av-6n43vop-352f82a43ffe032bfb504dc4880b42ab .av-subheading{\nfont-size:15px;\n}\n<\/style>\n<div  class='av-special-heading av-6n43vop-352f82a43ffe032bfb504dc4880b42ab av-special-heading-h3 blockquote modern-quote modern-centered  avia-builder-el-8  el_before_av_textblock  avia-builder-el-first '><h3 class='av-special-heading-tag '  itemprop=\"headline\"  >Organizator webinarium<\/h3><div class=\"special-heading-border\"><div class=\"special-heading-inner-border\"><\/div><\/div><\/div><br \/>\n<section  class='av_textblock_section av-633gt2h-6da39260fb3df199e3476117fff702cc '   itemscope=\"itemscope\" itemtype=\"https:\/\/schema.org\/CreativeWork\" ><div class='avia_textblock'  itemprop=\"text\" ><p><a href=\"https:\/\/www.livespace.io\/pl\/?utm_source=livespace&amp;utm_campaign=LS_RODO&amp;utm_medium=webinaria\" target=\"_blank\" rel=\"noopener\"><img decoding=\"async\" class=\" wp-image-106230 aligncenter\" src=\"https:\/\/www.livespace.io\/wp-content\/uploads\/2023\/02\/livespace-logo2x.png\" alt=\"\" width=\"299\" height=\"87\" srcset=\"https:\/\/www.livespace.io\/wp-content\/uploads\/2023\/02\/livespace-logo2x.png 440w, https:\/\/www.livespace.io\/wp-content\/uploads\/2023\/02\/livespace-logo2x-300x87.png 300w\" sizes=\"(max-width: 299px) 100vw, 299px\" \/><br \/>\n<\/a><\/p>\n<\/div><\/section><br \/>\n<div  class='hr av-5tqb16x-6448174facc7b8447d5ac926c4c86262 hr-default  avia-builder-el-10  el_after_av_textblock  el_before_av_heading '><span class='hr-inner '><span class=\"hr-inner-style\"><\/span><\/span><\/div><br \/>\n\n<style type=\"text\/css\" data-created_by=\"avia_inline_auto\" id=\"style-css-av-591ywp5-dbc34ec17bd8dd4b1a4068176db8ebec\">\n#top .av-special-heading.av-591ywp5-dbc34ec17bd8dd4b1a4068176db8ebec{\npadding-bottom:10px;\n}\nbody .av-special-heading.av-591ywp5-dbc34ec17bd8dd4b1a4068176db8ebec .av-special-heading-tag .heading-char{\nfont-size:25px;\n}\n.av-special-heading.av-591ywp5-dbc34ec17bd8dd4b1a4068176db8ebec .av-subheading{\nfont-size:15px;\n}\n<\/style>\n<div  class='av-special-heading av-591ywp5-dbc34ec17bd8dd4b1a4068176db8ebec av-special-heading-h3 blockquote modern-quote modern-centered  avia-builder-el-11  el_after_av_hr  el_before_av_textblock '><h3 class='av-special-heading-tag '  itemprop=\"headline\"  >Partner merytoryczny<\/h3><div class=\"special-heading-border\"><div class=\"special-heading-inner-border\"><\/div><\/div><\/div><br \/>\n<section  class='av_textblock_section av-4nozfrd-9590855e4ff6901f736c96bd086276bd '   itemscope=\"itemscope\" itemtype=\"https:\/\/schema.org\/CreativeWork\" ><div class='avia_textblock'  itemprop=\"text\" ><p><a href=\"http:\/\/www.snazykgranicki.pl\/\" target=\"_blank\" rel=\"noopener\"><img decoding=\"async\" class=\"aligncenter wp-image-16240\" src=\"https:\/\/www.livespace.io\/wp-content\/uploads\/2017\/09\/logo_SG_ok-1.png\" alt=\"Kancelaria Sna\u017cyk Granicki - logo\" width=\"275\" height=\"70\" srcset=\"https:\/\/www.livespace.io\/wp-content\/uploads\/2017\/09\/logo_SG_ok-1.png 325w, https:\/\/www.livespace.io\/wp-content\/uploads\/2017\/09\/logo_SG_ok-1-300x77.png 300w\" sizes=\"(max-width: 275px) 100vw, 275px\" \/><\/a><\/p>\n<\/div><\/section><\/p><\/div><div  class='hr av-47t2g21-cd02287aee928f993974b120f1802dcf hr-default  avia-builder-el-13  el_after_av_two_fifth  el_before_av_one_half '><span class='hr-inner '><span class=\"hr-inner-style\"><\/span><\/span><\/div><\/p>\n\n<style type=\"text\/css\" data-created_by=\"avia_inline_auto\" id=\"style-css-av-3sz0mfd-ce9945d531da0bf9211646d674b1e67b\">\n.flex_column.av-3sz0mfd-ce9945d531da0bf9211646d674b1e67b{\nborder-radius:0px 0px 0px 0px;\npadding:0px 0px 0px 0px;\n}\n<\/style>\n<div  class='flex_column av-3sz0mfd-ce9945d531da0bf9211646d674b1e67b av_one_half  avia-builder-el-14  el_after_av_hr  el_before_av_one_half  first flex_column_div av-zero-column-padding  '     ><section  class='av_textblock_section av-3drqz61-0043df96fb007c940005e5164a7ebf39 '   itemscope=\"itemscope\" itemtype=\"https:\/\/schema.org\/CreativeWork\" ><div class='avia_textblock'  itemprop=\"text\" ><p class=\"p1\"><b>Ekspert:<\/b><\/p>\n<p class=\"p1\"><img decoding=\"async\" class=\"alignleft wp-image-15551 size-full\" src=\"https:\/\/www.livespace.io\/wp-content\/uploads\/2017\/09\/Anna-Rak-1-e1505140935478.jpg\" alt=\"Anna Rak\" width=\"164\" height=\"180\" \/><\/p>\n<p class=\"p1\"><strong>Anna Rak\u2013Kozerska<\/strong><br \/>\n<strong>Starszy prawnik, Kancelaria Sna\u017cyk Granicki<\/strong><\/p>\n<p class=\"p1\">Specjalizuje si\u0119 w post\u0119powaniach s\u0105dowych i arbitra\u017cowych, zar\u00f3wno krajowych jak i mi\u0119dzynarodowych (w tym w sporach inwestycyjnych) oraz mediacji, ze szczeg\u00f3lnym uwzgl\u0119dnieniem spor\u00f3w gospodarczych, a tak\u017ce w prawie ochrony informacji i danych osobowych. Zajmuje si\u0119 r\u00f3wnie\u017c zagadnieniami zwi\u0105zanymi z prawem ochrony konkurencji i prawem korporacyjnym.<\/p>\n<\/div><\/section><\/div>\n\n<style type=\"text\/css\" data-created_by=\"avia_inline_auto\" id=\"style-css-av-b1s19l-0f605e2103c6d0cd9e4c2127ef2f2c05\">\n.flex_column.av-b1s19l-0f605e2103c6d0cd9e4c2127ef2f2c05{\nborder-radius:0px 0px 0px 0px;\npadding:0px 0px 0px 0px;\n}\n<\/style>\n<div  class='flex_column av-b1s19l-0f605e2103c6d0cd9e4c2127ef2f2c05 av_one_half  avia-builder-el-16  el_after_av_one_half  el_before_av_hr  flex_column_div av-zero-column-padding  '     ><section  class='av_textblock_section av-2ct10yx-42b921cdb8791be90e8d10a7e5581ac4 '   itemscope=\"itemscope\" itemtype=\"https:\/\/schema.org\/CreativeWork\" ><div class='avia_textblock'  itemprop=\"text\" ><p class=\"p1\">\u00a0<b>Prowadz\u0105ca:<\/b><\/p>\n<p class=\"p1\"><b><img decoding=\"async\" class=\"alignleft wp-image-15553 size-full\" src=\"https:\/\/www.livespace.io\/wp-content\/uploads\/2017\/09\/agnieszka-zawadka-e1505141403558.jpg\" alt=\"Agnieszka Zawadka\" width=\"164\" height=\"180\" \/>Agnieszka Zawadka<\/b><br \/>\n<b>CMO, Livespace<\/b><\/p>\n<p class=\"p1\">Ekspertka marketingu z dusz\u0105 pedagoga.\u00a0Wspiera klient\u00f3w w podejmowaniu decyzji zakupowych, a firmy w rozwijaniu biznesu. Entuzjastka dzielenia si\u0119 wiedz\u0105, nowych technologii oraz metodyk wspieraj\u0105cych ludzi, prac\u0119 i biznes.<\/p>\n<\/div><\/section><\/div>\n<div  class='hr av-231gk95-d41f3810b081e5b019b55e3afb82b73c hr-default  avia-builder-el-18  el_after_av_one_half  el_before_av_heading '><span class='hr-inner '><span class=\"hr-inner-style\"><\/span><\/span><\/div>\n\n<style type=\"text\/css\" data-created_by=\"avia_inline_auto\" id=\"style-css-av-1kzb7nt-6f9a65572761131c9a39e65108c0c257\">\n#top .av-special-heading.av-1kzb7nt-6f9a65572761131c9a39e65108c0c257{\npadding-bottom:10px;\n}\nbody .av-special-heading.av-1kzb7nt-6f9a65572761131c9a39e65108c0c257 .av-special-heading-tag .heading-char{\nfont-size:25px;\n}\n.av-special-heading.av-1kzb7nt-6f9a65572761131c9a39e65108c0c257 .av-subheading{\nfont-size:15px;\n}\n<\/style>\n<div  class='av-special-heading av-1kzb7nt-6f9a65572761131c9a39e65108c0c257 av-special-heading-h3 blockquote modern-quote  avia-builder-el-19  el_after_av_hr  el_before_av_codeblock '><h3 class='av-special-heading-tag '  itemprop=\"headline\"  >Zobacz nagranie i prezentacj\u0119<\/h3><div class=\"special-heading-border\"><div class=\"special-heading-inner-border\"><\/div><\/div><\/div>\n\n\n<div style='text-align:center' class='yasr-auto-insert-visitor'><\/div>","protected":false},"excerpt":{"rendered":"","protected":false},"author":10,"featured_media":0,"parent":953,"menu_order":0,"comment_status":"open","ping_status":"open","template":"","meta":{"_acf_changed":false,"inline_featured_image":false,"yasr_overall_rating":0,"yasr_post_is_review":"","yasr_auto_insert_disabled":"","yasr_review_type":"","footnotes":""},"class_list":["post-15561","page","type-page","status-publish","hentry"],"yasr_visitor_votes":{"stars_attributes":{"read_only":false,"span_bottom":false},"number_of_votes":0,"sum_votes":0},"acf":[],"yoast_head":"<!-- This site is optimized with the Yoast SEO plugin v27.3 - https:\/\/yoast.com\/product\/yoast-seo-wordpress\/ -->\n<title>Webinarium: Jak RODO wp\u0142ynie na dzia\u0142ania sprzeda\u017cowe<\/title>\n<meta name=\"description\" content=\"Z webinarium dowiesz si\u0119, jak pozyskiwa\u0107 dane klient\u00f3w oraz zarz\u0105dza\u0107 nimi zgodnie z prawem.\" \/>\n<meta name=\"robots\" content=\"index, follow, max-snippet:-1, max-image-preview:large, max-video-preview:-1\" \/>\n<link rel=\"canonical\" href=\"https:\/\/www.livespace.io\/pl\/webinaria\/jak-rodo-wplynie-na-dzialania-sprzedazowe-old\/\" \/>\n<meta property=\"og:locale\" content=\"pl_PL\" \/>\n<meta property=\"og:type\" content=\"article\" \/>\n<meta property=\"og:title\" content=\"Webinarium: Jak RODO wp\u0142ynie na dzia\u0142ania sprzeda\u017cowe\" \/>\n<meta property=\"og:description\" content=\"Z webinarium dowiesz si\u0119, jak pozyskiwa\u0107 dane klient\u00f3w oraz zarz\u0105dza\u0107 nimi zgodnie z prawem.\" \/>\n<meta property=\"og:url\" content=\"https:\/\/www.livespace.io\/pl\/webinaria\/jak-rodo-wplynie-na-dzialania-sprzedazowe-old\/\" \/>\n<meta property=\"og:site_name\" content=\"Livespace CRM\" \/>\n<meta property=\"article:modified_time\" content=\"2023-07-24T10:53:03+00:00\" \/>\n<meta property=\"og:image\" content=\"https:\/\/old.livespace.io\/wp-content\/uploads\/2023\/02\/livespace-logo2x.png\" \/>\n<meta name=\"twitter:card\" content=\"summary_large_image\" \/>\n<meta name=\"twitter:label1\" content=\"Szacowany czas czytania\" \/>\n\t<meta name=\"twitter:data1\" content=\"6 minut\" \/>\n<script type=\"application\/ld+json\" class=\"yoast-schema-graph\">{\"@context\":\"https:\\\/\\\/schema.org\",\"@graph\":[{\"@type\":\"WebPage\",\"@id\":\"https:\\\/\\\/www.livespace.io\\\/pl\\\/webinaria\\\/jak-rodo-wplynie-na-dzialania-sprzedazowe-old\\\/\",\"url\":\"https:\\\/\\\/www.livespace.io\\\/pl\\\/webinaria\\\/jak-rodo-wplynie-na-dzialania-sprzedazowe-old\\\/\",\"name\":\"Webinarium: Jak RODO wp\u0142ynie na dzia\u0142ania sprzeda\u017cowe\",\"isPartOf\":{\"@id\":\"https:\\\/\\\/www.livespace.io\\\/pl\\\/#website\"},\"primaryImageOfPage\":{\"@id\":\"https:\\\/\\\/www.livespace.io\\\/pl\\\/webinaria\\\/jak-rodo-wplynie-na-dzialania-sprzedazowe-old\\\/#primaryimage\"},\"image\":{\"@id\":\"https:\\\/\\\/www.livespace.io\\\/pl\\\/webinaria\\\/jak-rodo-wplynie-na-dzialania-sprzedazowe-old\\\/#primaryimage\"},\"thumbnailUrl\":\"https:\\\/\\\/www.livespace.io\\\/wp-content\\\/uploads\\\/2023\\\/02\\\/livespace-logo2x.png\",\"datePublished\":\"2017-09-14T10:57:36+00:00\",\"dateModified\":\"2023-07-24T10:53:03+00:00\",\"description\":\"Z webinarium dowiesz si\u0119, jak pozyskiwa\u0107 dane klient\u00f3w oraz zarz\u0105dza\u0107 nimi zgodnie z prawem.\",\"breadcrumb\":{\"@id\":\"https:\\\/\\\/www.livespace.io\\\/pl\\\/webinaria\\\/jak-rodo-wplynie-na-dzialania-sprzedazowe-old\\\/#breadcrumb\"},\"inLanguage\":\"pl-PL\",\"potentialAction\":[{\"@type\":\"ReadAction\",\"target\":[\"https:\\\/\\\/www.livespace.io\\\/pl\\\/webinaria\\\/jak-rodo-wplynie-na-dzialania-sprzedazowe-old\\\/\"]}]},{\"@type\":\"ImageObject\",\"inLanguage\":\"pl-PL\",\"@id\":\"https:\\\/\\\/www.livespace.io\\\/pl\\\/webinaria\\\/jak-rodo-wplynie-na-dzialania-sprzedazowe-old\\\/#primaryimage\",\"url\":\"https:\\\/\\\/www.livespace.io\\\/wp-content\\\/uploads\\\/2023\\\/02\\\/livespace-logo2x.png\",\"contentUrl\":\"https:\\\/\\\/www.livespace.io\\\/wp-content\\\/uploads\\\/2023\\\/02\\\/livespace-logo2x.png\"},{\"@type\":\"BreadcrumbList\",\"@id\":\"https:\\\/\\\/www.livespace.io\\\/pl\\\/webinaria\\\/jak-rodo-wplynie-na-dzialania-sprzedazowe-old\\\/#breadcrumb\",\"itemListElement\":[{\"@type\":\"ListItem\",\"position\":1,\"name\":\"Webinaria\",\"item\":\"https:\\\/\\\/www.livespace.io\\\/pl\\\/webinaria\\\/\"},{\"@type\":\"ListItem\",\"position\":2,\"name\":\"[OLD] Webinarium &#8211; Jak RODO wp\u0142ynie na dzia\u0142ania sprzeda\u017cowe\"}]},{\"@type\":\"WebSite\",\"@id\":\"https:\\\/\\\/www.livespace.io\\\/pl\\\/#website\",\"url\":\"https:\\\/\\\/www.livespace.io\\\/pl\\\/\",\"name\":\"Livespace CRM\",\"description\":\"sell smarter\",\"publisher\":{\"@id\":\"https:\\\/\\\/www.livespace.io\\\/pl\\\/#organization\"},\"potentialAction\":[{\"@type\":\"SearchAction\",\"target\":{\"@type\":\"EntryPoint\",\"urlTemplate\":\"https:\\\/\\\/www.livespace.io\\\/pl\\\/?s={search_term_string}\"},\"query-input\":{\"@type\":\"PropertyValueSpecification\",\"valueRequired\":true,\"valueName\":\"search_term_string\"}}],\"inLanguage\":\"pl-PL\"},{\"@type\":\"Organization\",\"@id\":\"https:\\\/\\\/www.livespace.io\\\/pl\\\/#organization\",\"name\":\"Livespace.io\",\"url\":\"https:\\\/\\\/www.livespace.io\\\/pl\\\/\",\"logo\":{\"@type\":\"ImageObject\",\"inLanguage\":\"pl-PL\",\"@id\":\"https:\\\/\\\/www.livespace.io\\\/pl\\\/#\\\/schema\\\/logo\\\/image\\\/\",\"url\":\"https:\\\/\\\/www.livespace.io\\\/wp-content\\\/uploads\\\/2021\\\/09\\\/livespace-logo.png\",\"contentUrl\":\"https:\\\/\\\/www.livespace.io\\\/wp-content\\\/uploads\\\/2021\\\/09\\\/livespace-logo.png\",\"width\":204,\"height\":54,\"caption\":\"Livespace.io\"},\"image\":{\"@id\":\"https:\\\/\\\/www.livespace.io\\\/pl\\\/#\\\/schema\\\/logo\\\/image\\\/\"}},false]}<\/script>\n<!-- \/ Yoast SEO plugin. -->","yoast_head_json":{"title":"Webinarium: Jak RODO wp\u0142ynie na dzia\u0142ania sprzeda\u017cowe","description":"Z webinarium dowiesz si\u0119, jak pozyskiwa\u0107 dane klient\u00f3w oraz zarz\u0105dza\u0107 nimi zgodnie z prawem.","robots":{"index":"index","follow":"follow","max-snippet":"max-snippet:-1","max-image-preview":"max-image-preview:large","max-video-preview":"max-video-preview:-1"},"canonical":"https:\/\/www.livespace.io\/pl\/webinaria\/jak-rodo-wplynie-na-dzialania-sprzedazowe-old\/","og_locale":"pl_PL","og_type":"article","og_title":"Webinarium: Jak RODO wp\u0142ynie na dzia\u0142ania sprzeda\u017cowe","og_description":"Z webinarium dowiesz si\u0119, jak pozyskiwa\u0107 dane klient\u00f3w oraz zarz\u0105dza\u0107 nimi zgodnie z prawem.","og_url":"https:\/\/www.livespace.io\/pl\/webinaria\/jak-rodo-wplynie-na-dzialania-sprzedazowe-old\/","og_site_name":"Livespace CRM","article_modified_time":"2023-07-24T10:53:03+00:00","og_image":[{"url":"https:\/\/old.livespace.io\/wp-content\/uploads\/2023\/02\/livespace-logo2x.png","type":"","width":"","height":""}],"twitter_card":"summary_large_image","twitter_misc":{"Szacowany czas czytania":"6 minut"},"schema":{"@context":"https:\/\/schema.org","@graph":[{"@type":"WebPage","@id":"https:\/\/www.livespace.io\/pl\/webinaria\/jak-rodo-wplynie-na-dzialania-sprzedazowe-old\/","url":"https:\/\/www.livespace.io\/pl\/webinaria\/jak-rodo-wplynie-na-dzialania-sprzedazowe-old\/","name":"Webinarium: Jak RODO wp\u0142ynie na dzia\u0142ania sprzeda\u017cowe","isPartOf":{"@id":"https:\/\/www.livespace.io\/pl\/#website"},"primaryImageOfPage":{"@id":"https:\/\/www.livespace.io\/pl\/webinaria\/jak-rodo-wplynie-na-dzialania-sprzedazowe-old\/#primaryimage"},"image":{"@id":"https:\/\/www.livespace.io\/pl\/webinaria\/jak-rodo-wplynie-na-dzialania-sprzedazowe-old\/#primaryimage"},"thumbnailUrl":"https:\/\/www.livespace.io\/wp-content\/uploads\/2023\/02\/livespace-logo2x.png","datePublished":"2017-09-14T10:57:36+00:00","dateModified":"2023-07-24T10:53:03+00:00","description":"Z webinarium dowiesz si\u0119, jak pozyskiwa\u0107 dane klient\u00f3w oraz zarz\u0105dza\u0107 nimi zgodnie z prawem.","breadcrumb":{"@id":"https:\/\/www.livespace.io\/pl\/webinaria\/jak-rodo-wplynie-na-dzialania-sprzedazowe-old\/#breadcrumb"},"inLanguage":"pl-PL","potentialAction":[{"@type":"ReadAction","target":["https:\/\/www.livespace.io\/pl\/webinaria\/jak-rodo-wplynie-na-dzialania-sprzedazowe-old\/"]}]},{"@type":"ImageObject","inLanguage":"pl-PL","@id":"https:\/\/www.livespace.io\/pl\/webinaria\/jak-rodo-wplynie-na-dzialania-sprzedazowe-old\/#primaryimage","url":"https:\/\/www.livespace.io\/wp-content\/uploads\/2023\/02\/livespace-logo2x.png","contentUrl":"https:\/\/www.livespace.io\/wp-content\/uploads\/2023\/02\/livespace-logo2x.png"},{"@type":"BreadcrumbList","@id":"https:\/\/www.livespace.io\/pl\/webinaria\/jak-rodo-wplynie-na-dzialania-sprzedazowe-old\/#breadcrumb","itemListElement":[{"@type":"ListItem","position":1,"name":"Webinaria","item":"https:\/\/www.livespace.io\/pl\/webinaria\/"},{"@type":"ListItem","position":2,"name":"[OLD] Webinarium &#8211; Jak RODO wp\u0142ynie na dzia\u0142ania sprzeda\u017cowe"}]},{"@type":"WebSite","@id":"https:\/\/www.livespace.io\/pl\/#website","url":"https:\/\/www.livespace.io\/pl\/","name":"Livespace CRM","description":"sell smarter","publisher":{"@id":"https:\/\/www.livespace.io\/pl\/#organization"},"potentialAction":[{"@type":"SearchAction","target":{"@type":"EntryPoint","urlTemplate":"https:\/\/www.livespace.io\/pl\/?s={search_term_string}"},"query-input":{"@type":"PropertyValueSpecification","valueRequired":true,"valueName":"search_term_string"}}],"inLanguage":"pl-PL"},{"@type":"Organization","@id":"https:\/\/www.livespace.io\/pl\/#organization","name":"Livespace.io","url":"https:\/\/www.livespace.io\/pl\/","logo":{"@type":"ImageObject","inLanguage":"pl-PL","@id":"https:\/\/www.livespace.io\/pl\/#\/schema\/logo\/image\/","url":"https:\/\/www.livespace.io\/wp-content\/uploads\/2021\/09\/livespace-logo.png","contentUrl":"https:\/\/www.livespace.io\/wp-content\/uploads\/2021\/09\/livespace-logo.png","width":204,"height":54,"caption":"Livespace.io"},"image":{"@id":"https:\/\/www.livespace.io\/pl\/#\/schema\/logo\/image\/"}},false]}},"_links":{"self":[{"href":"https:\/\/www.livespace.io\/pl\/wp-json\/wp\/v2\/pages\/15561","targetHints":{"allow":["GET"]}}],"collection":[{"href":"https:\/\/www.livespace.io\/pl\/wp-json\/wp\/v2\/pages"}],"about":[{"href":"https:\/\/www.livespace.io\/pl\/wp-json\/wp\/v2\/types\/page"}],"author":[{"embeddable":true,"href":"https:\/\/www.livespace.io\/pl\/wp-json\/wp\/v2\/users\/10"}],"replies":[{"embeddable":true,"href":"https:\/\/www.livespace.io\/pl\/wp-json\/wp\/v2\/comments?post=15561"}],"version-history":[{"count":0,"href":"https:\/\/www.livespace.io\/pl\/wp-json\/wp\/v2\/pages\/15561\/revisions"}],"up":[{"embeddable":true,"href":"https:\/\/www.livespace.io\/pl\/wp-json\/wp\/v2\/pages\/953"}],"wp:attachment":[{"href":"https:\/\/www.livespace.io\/pl\/wp-json\/wp\/v2\/media?parent=15561"}],"curies":[{"name":"wp","href":"https:\/\/api.w.org\/{rel}","templated":true}]}}