{"id":110192,"date":"2024-10-17T11:37:57","date_gmt":"2024-10-17T09:37:57","guid":{"rendered":"https:\/\/www.livespace.io\/?page_id=110192"},"modified":"2024-12-16T15:46:06","modified_gmt":"2024-12-16T14:46:06","slug":"optymalizacja-procesu-sprzedazy-i-lejka","status":"publish","type":"page","link":"https:\/\/www.livespace.io\/pl\/webinaria\/optymalizacja-procesu-sprzedazy-i-lejka\/","title":{"rendered":"Webinar: Optymalizacja procesu sprzeda\u017cy i lejka na 2025 r."},"content":{"rendered":"<div style='text-align:center' class='yasr-auto-insert-visitor'><\/div>","protected":false},"excerpt":{"rendered":"","protected":false},"author":77,"featured_media":0,"parent":953,"menu_order":0,"comment_status":"closed","ping_status":"closed","template":"template-webinar.php","meta":{"_acf_changed":false,"inline_featured_image":false,"yasr_overall_rating":0,"yasr_post_is_review":"","yasr_auto_insert_disabled":"","yasr_review_type":"","footnotes":""},"class_list":["post-110192","page","type-page","status-publish","hentry"],"yasr_visitor_votes":{"stars_attributes":{"read_only":false,"span_bottom":false},"number_of_votes":0,"sum_votes":0},"acf":[],"yoast_head":"<!-- This site is optimized with the Yoast SEO plugin v27.3 - https:\/\/yoast.com\/product\/yoast-seo-wordpress\/ -->\n<title>Webinar: Optymalizacja procesu sprzeda\u017cy i lejka na 2025 r. | Livespace CRM<\/title>\n<meta name=\"description\" content=\"Dowiedz si\u0119 na przyk\u0142adach jak przy pomocy automatyzacji i AI zwi\u0119kszy\u0107 produktywno\u015b\u0107 zespo\u0142u sprzeda\u017cy w firmie B2B.\" \/>\n<meta name=\"robots\" content=\"index, follow, max-snippet:-1, max-image-preview:large, max-video-preview:-1\" \/>\n<link rel=\"canonical\" href=\"https:\/\/www.livespace.io\/pl\/webinaria\/optymalizacja-procesu-sprzedazy-i-lejka\/\" \/>\n<meta property=\"og:locale\" content=\"pl_PL\" \/>\n<meta property=\"og:type\" content=\"article\" \/>\n<meta property=\"og:title\" content=\"Webinar: Optymalizacja procesu sprzeda\u017cy i lejka na 2025 r. | Livespace CRM\" \/>\n<meta property=\"og:description\" content=\"Dowiedz si\u0119 na przyk\u0142adach jak przy pomocy automatyzacji i AI zwi\u0119kszy\u0107 produktywno\u015b\u0107 zespo\u0142u sprzeda\u017cy w firmie B2B.\" \/>\n<meta property=\"og:url\" content=\"https:\/\/www.livespace.io\/pl\/webinaria\/optymalizacja-procesu-sprzedazy-i-lejka\/\" \/>\n<meta property=\"og:site_name\" content=\"Livespace CRM\" \/>\n<meta property=\"article:modified_time\" content=\"2024-12-16T14:46:06+00:00\" \/>\n<meta property=\"og:image\" content=\"https:\/\/www.livespace.io\/wp-content\/uploads\/2022\/06\/Livespace-sell-smarter-crm.png\" \/>\n\t<meta property=\"og:image:width\" content=\"1200\" \/>\n\t<meta property=\"og:image:height\" content=\"628\" \/>\n\t<meta property=\"og:image:type\" content=\"image\/png\" \/>\n<meta name=\"twitter:card\" content=\"summary_large_image\" \/>\n<script type=\"application\/ld+json\" class=\"yoast-schema-graph\">{\"@context\":\"https:\\\/\\\/schema.org\",\"@graph\":[{\"@type\":\"WebPage\",\"@id\":\"https:\\\/\\\/www.livespace.io\\\/pl\\\/webinaria\\\/optymalizacja-procesu-sprzedazy-i-lejka\\\/\",\"url\":\"https:\\\/\\\/www.livespace.io\\\/pl\\\/webinaria\\\/optymalizacja-procesu-sprzedazy-i-lejka\\\/\",\"name\":\"Webinar: Optymalizacja procesu sprzeda\u017cy i lejka na 2025 r. | Livespace CRM\",\"isPartOf\":{\"@id\":\"https:\\\/\\\/www.livespace.io\\\/pl\\\/#website\"},\"datePublished\":\"2024-10-17T09:37:57+00:00\",\"dateModified\":\"2024-12-16T14:46:06+00:00\",\"description\":\"Dowiedz si\u0119 na przyk\u0142adach jak przy pomocy automatyzacji i AI zwi\u0119kszy\u0107 produktywno\u015b\u0107 zespo\u0142u sprzeda\u017cy w firmie B2B.\",\"breadcrumb\":{\"@id\":\"https:\\\/\\\/www.livespace.io\\\/pl\\\/webinaria\\\/optymalizacja-procesu-sprzedazy-i-lejka\\\/#breadcrumb\"},\"inLanguage\":\"pl-PL\",\"potentialAction\":[{\"@type\":\"ReadAction\",\"target\":[\"https:\\\/\\\/www.livespace.io\\\/pl\\\/webinaria\\\/optymalizacja-procesu-sprzedazy-i-lejka\\\/\"]}]},{\"@type\":\"BreadcrumbList\",\"@id\":\"https:\\\/\\\/www.livespace.io\\\/pl\\\/webinaria\\\/optymalizacja-procesu-sprzedazy-i-lejka\\\/#breadcrumb\",\"itemListElement\":[{\"@type\":\"ListItem\",\"position\":1,\"name\":\"Webinaria\",\"item\":\"https:\\\/\\\/www.livespace.io\\\/pl\\\/webinaria\\\/\"},{\"@type\":\"ListItem\",\"position\":2,\"name\":\"Webinar: Optymalizacja procesu sprzeda\u017cy i lejka na 2025 r.\"}]},{\"@type\":\"WebSite\",\"@id\":\"https:\\\/\\\/www.livespace.io\\\/pl\\\/#website\",\"url\":\"https:\\\/\\\/www.livespace.io\\\/pl\\\/\",\"name\":\"Livespace CRM\",\"description\":\"sell smarter\",\"publisher\":{\"@id\":\"https:\\\/\\\/www.livespace.io\\\/pl\\\/#organization\"},\"potentialAction\":[{\"@type\":\"SearchAction\",\"target\":{\"@type\":\"EntryPoint\",\"urlTemplate\":\"https:\\\/\\\/www.livespace.io\\\/pl\\\/?s={search_term_string}\"},\"query-input\":{\"@type\":\"PropertyValueSpecification\",\"valueRequired\":true,\"valueName\":\"search_term_string\"}}],\"inLanguage\":\"pl-PL\"},{\"@type\":\"Organization\",\"@id\":\"https:\\\/\\\/www.livespace.io\\\/pl\\\/#organization\",\"name\":\"Livespace.io\",\"url\":\"https:\\\/\\\/www.livespace.io\\\/pl\\\/\",\"logo\":{\"@type\":\"ImageObject\",\"inLanguage\":\"pl-PL\",\"@id\":\"https:\\\/\\\/www.livespace.io\\\/pl\\\/#\\\/schema\\\/logo\\\/image\\\/\",\"url\":\"https:\\\/\\\/www.livespace.io\\\/wp-content\\\/uploads\\\/2021\\\/09\\\/livespace-logo.png\",\"contentUrl\":\"https:\\\/\\\/www.livespace.io\\\/wp-content\\\/uploads\\\/2021\\\/09\\\/livespace-logo.png\",\"width\":204,\"height\":54,\"caption\":\"Livespace.io\"},\"image\":{\"@id\":\"https:\\\/\\\/www.livespace.io\\\/pl\\\/#\\\/schema\\\/logo\\\/image\\\/\"}}]}<\/script>\n<!-- \/ Yoast SEO plugin. -->","yoast_head_json":{"title":"Webinar: Optymalizacja procesu sprzeda\u017cy i lejka na 2025 r. | Livespace CRM","description":"Dowiedz si\u0119 na przyk\u0142adach jak przy pomocy automatyzacji i AI zwi\u0119kszy\u0107 produktywno\u015b\u0107 zespo\u0142u sprzeda\u017cy w firmie B2B.","robots":{"index":"index","follow":"follow","max-snippet":"max-snippet:-1","max-image-preview":"max-image-preview:large","max-video-preview":"max-video-preview:-1"},"canonical":"https:\/\/www.livespace.io\/pl\/webinaria\/optymalizacja-procesu-sprzedazy-i-lejka\/","og_locale":"pl_PL","og_type":"article","og_title":"Webinar: Optymalizacja procesu sprzeda\u017cy i lejka na 2025 r. | Livespace CRM","og_description":"Dowiedz si\u0119 na przyk\u0142adach jak przy pomocy automatyzacji i AI zwi\u0119kszy\u0107 produktywno\u015b\u0107 zespo\u0142u sprzeda\u017cy w firmie B2B.","og_url":"https:\/\/www.livespace.io\/pl\/webinaria\/optymalizacja-procesu-sprzedazy-i-lejka\/","og_site_name":"Livespace CRM","article_modified_time":"2024-12-16T14:46:06+00:00","og_image":[{"width":1200,"height":628,"url":"https:\/\/www.livespace.io\/wp-content\/uploads\/2022\/06\/Livespace-sell-smarter-crm.png","type":"image\/png"}],"twitter_card":"summary_large_image","schema":{"@context":"https:\/\/schema.org","@graph":[{"@type":"WebPage","@id":"https:\/\/www.livespace.io\/pl\/webinaria\/optymalizacja-procesu-sprzedazy-i-lejka\/","url":"https:\/\/www.livespace.io\/pl\/webinaria\/optymalizacja-procesu-sprzedazy-i-lejka\/","name":"Webinar: Optymalizacja procesu sprzeda\u017cy i lejka na 2025 r. | Livespace CRM","isPartOf":{"@id":"https:\/\/www.livespace.io\/pl\/#website"},"datePublished":"2024-10-17T09:37:57+00:00","dateModified":"2024-12-16T14:46:06+00:00","description":"Dowiedz si\u0119 na przyk\u0142adach jak przy pomocy automatyzacji i AI zwi\u0119kszy\u0107 produktywno\u015b\u0107 zespo\u0142u sprzeda\u017cy w firmie B2B.","breadcrumb":{"@id":"https:\/\/www.livespace.io\/pl\/webinaria\/optymalizacja-procesu-sprzedazy-i-lejka\/#breadcrumb"},"inLanguage":"pl-PL","potentialAction":[{"@type":"ReadAction","target":["https:\/\/www.livespace.io\/pl\/webinaria\/optymalizacja-procesu-sprzedazy-i-lejka\/"]}]},{"@type":"BreadcrumbList","@id":"https:\/\/www.livespace.io\/pl\/webinaria\/optymalizacja-procesu-sprzedazy-i-lejka\/#breadcrumb","itemListElement":[{"@type":"ListItem","position":1,"name":"Webinaria","item":"https:\/\/www.livespace.io\/pl\/webinaria\/"},{"@type":"ListItem","position":2,"name":"Webinar: Optymalizacja procesu sprzeda\u017cy i lejka na 2025 r."}]},{"@type":"WebSite","@id":"https:\/\/www.livespace.io\/pl\/#website","url":"https:\/\/www.livespace.io\/pl\/","name":"Livespace CRM","description":"sell smarter","publisher":{"@id":"https:\/\/www.livespace.io\/pl\/#organization"},"potentialAction":[{"@type":"SearchAction","target":{"@type":"EntryPoint","urlTemplate":"https:\/\/www.livespace.io\/pl\/?s={search_term_string}"},"query-input":{"@type":"PropertyValueSpecification","valueRequired":true,"valueName":"search_term_string"}}],"inLanguage":"pl-PL"},{"@type":"Organization","@id":"https:\/\/www.livespace.io\/pl\/#organization","name":"Livespace.io","url":"https:\/\/www.livespace.io\/pl\/","logo":{"@type":"ImageObject","inLanguage":"pl-PL","@id":"https:\/\/www.livespace.io\/pl\/#\/schema\/logo\/image\/","url":"https:\/\/www.livespace.io\/wp-content\/uploads\/2021\/09\/livespace-logo.png","contentUrl":"https:\/\/www.livespace.io\/wp-content\/uploads\/2021\/09\/livespace-logo.png","width":204,"height":54,"caption":"Livespace.io"},"image":{"@id":"https:\/\/www.livespace.io\/pl\/#\/schema\/logo\/image\/"}}]}},"_links":{"self":[{"href":"https:\/\/www.livespace.io\/pl\/wp-json\/wp\/v2\/pages\/110192","targetHints":{"allow":["GET"]}}],"collection":[{"href":"https:\/\/www.livespace.io\/pl\/wp-json\/wp\/v2\/pages"}],"about":[{"href":"https:\/\/www.livespace.io\/pl\/wp-json\/wp\/v2\/types\/page"}],"author":[{"embeddable":true,"href":"https:\/\/www.livespace.io\/pl\/wp-json\/wp\/v2\/users\/77"}],"replies":[{"embeddable":true,"href":"https:\/\/www.livespace.io\/pl\/wp-json\/wp\/v2\/comments?post=110192"}],"version-history":[{"count":0,"href":"https:\/\/www.livespace.io\/pl\/wp-json\/wp\/v2\/pages\/110192\/revisions"}],"up":[{"embeddable":true,"href":"https:\/\/www.livespace.io\/pl\/wp-json\/wp\/v2\/pages\/953"}],"wp:attachment":[{"href":"https:\/\/www.livespace.io\/pl\/wp-json\/wp\/v2\/media?parent=110192"}],"curies":[{"name":"wp","href":"https:\/\/api.w.org\/{rel}","templated":true}]}}