{"id":108398,"date":"2024-04-29T16:00:34","date_gmt":"2024-04-29T14:00:34","guid":{"rendered":"https:\/\/www.livespace.io\/dla-partnerow\/apply\/"},"modified":"2024-04-30T13:53:18","modified_gmt":"2024-04-30T11:53:18","slug":"rejestracja","status":"publish","type":"page","link":"https:\/\/www.livespace.io\/pl\/dla-partnerow\/rejestracja\/","title":{"rendered":"Formularz &#8211; zosta\u0144 partnerem"},"content":{"rendered":"<div id='av_section_1'  class='avia-section av-kbemtt-58bde34277864ce58897f9f056e2c599 main_color avia-section-default avia-no-shadow  avia-builder-el-0  el_before_av_section  avia-builder-el-first  avia-bg-style-fixed container_wrap fullsize'  ><div class='container av-section-cont-open' ><main  role=\"main\" itemprop=\"mainContentOfPage\"  class='template-page content  av-content-full alpha units'><div class='post-entry post-entry-type-page post-entry-108398'><div class='entry-content-wrapper clearfix'>\n\n<section  class='av_textblock_section av-j923r5-a7eeaa3ae9c1c43da633c6798eb114be '   itemscope=\"itemscope\" itemtype=\"https:\/\/schema.org\/CreativeWork\" ><div class='avia_textblock'  itemprop=\"text\" ><h1 style=\"text-align: center;\"><strong>Zosta\u0144 partnerem Livespace<\/strong><\/h1>\n<\/div><\/section>\n<\/div><\/div><\/main><!-- close content main element --><\/div><\/div>\n<style type=\"text\/css\" data-created_by=\"avia_inline_auto\" id=\"style-css-av-lvl1a6xs-87403f76ecc4cb2c16d36d3a224c9509\">\n.avia-section.av-lvl1a6xs-87403f76ecc4cb2c16d36d3a224c9509{\nbackground-color:#f4f8fb;\nbackground-image:unset;\n}\n<\/style>\n<div id='av_section_2'  class='avia-section av-lvl1a6xs-87403f76ecc4cb2c16d36d3a224c9509 main_color avia-section-default avia-no-border-styling  avia-builder-el-3  el_after_av_section  avia-builder-el-last  avia-bg-style-scroll container_wrap fullsize'  ><div class='container av-section-cont-open' ><div class='template-page content  av-content-full alpha units'><div class='post-entry post-entry-type-page post-entry-108398'><div class='entry-content-wrapper clearfix'>\n\n<\/p>\n<div style='text-align:center' class='yasr-auto-insert-visitor'><\/div>","protected":false},"excerpt":{"rendered":"","protected":false},"author":1,"featured_media":103125,"parent":51256,"menu_order":0,"comment_status":"open","ping_status":"open","template":"","meta":{"_acf_changed":false,"inline_featured_image":false,"yasr_overall_rating":0,"yasr_post_is_review":"","yasr_auto_insert_disabled":"","yasr_review_type":"","footnotes":""},"class_list":["post-108398","page","type-page","status-publish","has-post-thumbnail","hentry"],"yasr_visitor_votes":{"stars_attributes":{"read_only":false,"span_bottom":false},"number_of_votes":0,"sum_votes":0},"acf":[],"yoast_head":"<!-- This site is optimized with the Yoast SEO plugin v27.3 - https:\/\/yoast.com\/product\/yoast-seo-wordpress\/ -->\n<title>Zosta\u0144 partnerem Livespace | Do\u0142\u0105cz do programu partnerskiego<\/title>\n<meta name=\"description\" content=\"Zdob\u0105d\u017a dodatkowe \u017ar\u00f3d\u0142o dochodu, polecaj\u0105c niezawodny CRM u\u017cywany przez tysi\u0105ce sprzedawc\u00f3w na ca\u0142ym \u015bwiecie.\" \/>\n<meta name=\"robots\" content=\"index, follow, max-snippet:-1, max-image-preview:large, max-video-preview:-1\" \/>\n<link rel=\"canonical\" href=\"https:\/\/www.livespace.io\/pl\/dla-partnerow\/rejestracja\/\" \/>\n<meta property=\"og:locale\" content=\"pl_PL\" \/>\n<meta property=\"og:type\" content=\"article\" \/>\n<meta property=\"og:title\" content=\"Livespace Partner Program\" \/>\n<meta property=\"og:description\" content=\"Get an additional source of income by recommending a reliable product used by thousands of salespeople around the world.\" \/>\n<meta property=\"og:url\" content=\"https:\/\/www.livespace.io\/pl\/dla-partnerow\/rejestracja\/\" \/>\n<meta property=\"og:site_name\" content=\"Livespace CRM\" \/>\n<meta property=\"article:modified_time\" content=\"2024-04-30T11:53:18+00:00\" \/>\n<meta property=\"og:image\" content=\"https:\/\/www.livespace.io\/wp-content\/uploads\/2022\/07\/Livespace-CRM-sell-smarter.jpg\" \/>\n\t<meta property=\"og:image:width\" content=\"1200\" \/>\n\t<meta property=\"og:image:height\" content=\"600\" \/>\n\t<meta property=\"og:image:type\" content=\"image\/jpeg\" \/>\n<meta name=\"twitter:card\" content=\"summary_large_image\" \/>\n<meta name=\"twitter:image\" content=\"https:\/\/www.livespace.io\/wp-content\/uploads\/2022\/07\/Livespace-CRM-sell-smarter.jpg\" \/>\n<meta name=\"twitter:label1\" content=\"Szacowany czas czytania\" \/>\n\t<meta name=\"twitter:data1\" content=\"1 minuta\" \/>\n<script type=\"application\/ld+json\" class=\"yoast-schema-graph\">{\"@context\":\"https:\\\/\\\/schema.org\",\"@graph\":[{\"@type\":\"WebPage\",\"@id\":\"https:\\\/\\\/www.livespace.io\\\/pl\\\/dla-partnerow\\\/rejestracja\\\/\",\"url\":\"https:\\\/\\\/www.livespace.io\\\/pl\\\/dla-partnerow\\\/rejestracja\\\/\",\"name\":\"Zosta\u0144 partnerem Livespace | Do\u0142\u0105cz do programu partnerskiego\",\"isPartOf\":{\"@id\":\"https:\\\/\\\/www.livespace.io\\\/pl\\\/#website\"},\"primaryImageOfPage\":{\"@id\":\"https:\\\/\\\/www.livespace.io\\\/pl\\\/dla-partnerow\\\/rejestracja\\\/#primaryimage\"},\"image\":{\"@id\":\"https:\\\/\\\/www.livespace.io\\\/pl\\\/dla-partnerow\\\/rejestracja\\\/#primaryimage\"},\"thumbnailUrl\":\"https:\\\/\\\/www.livespace.io\\\/wp-content\\\/uploads\\\/2022\\\/07\\\/Livespace-CRM-sell-smarter.jpg\",\"datePublished\":\"2024-04-29T14:00:34+00:00\",\"dateModified\":\"2024-04-30T11:53:18+00:00\",\"description\":\"Zdob\u0105d\u017a dodatkowe \u017ar\u00f3d\u0142o dochodu, polecaj\u0105c niezawodny CRM u\u017cywany przez tysi\u0105ce sprzedawc\u00f3w na ca\u0142ym \u015bwiecie.\",\"breadcrumb\":{\"@id\":\"https:\\\/\\\/www.livespace.io\\\/pl\\\/dla-partnerow\\\/rejestracja\\\/#breadcrumb\"},\"inLanguage\":\"pl-PL\",\"potentialAction\":[{\"@type\":\"ReadAction\",\"target\":[\"https:\\\/\\\/www.livespace.io\\\/pl\\\/dla-partnerow\\\/rejestracja\\\/\"]}]},{\"@type\":\"ImageObject\",\"inLanguage\":\"pl-PL\",\"@id\":\"https:\\\/\\\/www.livespace.io\\\/pl\\\/dla-partnerow\\\/rejestracja\\\/#primaryimage\",\"url\":\"https:\\\/\\\/www.livespace.io\\\/wp-content\\\/uploads\\\/2022\\\/07\\\/Livespace-CRM-sell-smarter.jpg\",\"contentUrl\":\"https:\\\/\\\/www.livespace.io\\\/wp-content\\\/uploads\\\/2022\\\/07\\\/Livespace-CRM-sell-smarter.jpg\",\"width\":1200,\"height\":600},{\"@type\":\"BreadcrumbList\",\"@id\":\"https:\\\/\\\/www.livespace.io\\\/pl\\\/dla-partnerow\\\/rejestracja\\\/#breadcrumb\",\"itemListElement\":[{\"@type\":\"ListItem\",\"position\":1,\"name\":\"Dla partner\u00f3w\",\"item\":\"https:\\\/\\\/www.livespace.io\\\/pl\\\/dla-partnerow\\\/\"},{\"@type\":\"ListItem\",\"position\":2,\"name\":\"Formularz &#8211; zosta\u0144 partnerem\"}]},{\"@type\":\"WebSite\",\"@id\":\"https:\\\/\\\/www.livespace.io\\\/pl\\\/#website\",\"url\":\"https:\\\/\\\/www.livespace.io\\\/pl\\\/\",\"name\":\"Livespace CRM\",\"description\":\"sell smarter\",\"publisher\":{\"@id\":\"https:\\\/\\\/www.livespace.io\\\/pl\\\/#organization\"},\"potentialAction\":[{\"@type\":\"SearchAction\",\"target\":{\"@type\":\"EntryPoint\",\"urlTemplate\":\"https:\\\/\\\/www.livespace.io\\\/pl\\\/?s={search_term_string}\"},\"query-input\":{\"@type\":\"PropertyValueSpecification\",\"valueRequired\":true,\"valueName\":\"search_term_string\"}}],\"inLanguage\":\"pl-PL\"},{\"@type\":\"Organization\",\"@id\":\"https:\\\/\\\/www.livespace.io\\\/pl\\\/#organization\",\"name\":\"Livespace.io\",\"url\":\"https:\\\/\\\/www.livespace.io\\\/pl\\\/\",\"logo\":{\"@type\":\"ImageObject\",\"inLanguage\":\"pl-PL\",\"@id\":\"https:\\\/\\\/www.livespace.io\\\/pl\\\/#\\\/schema\\\/logo\\\/image\\\/\",\"url\":\"https:\\\/\\\/www.livespace.io\\\/wp-content\\\/uploads\\\/2021\\\/09\\\/livespace-logo.png\",\"contentUrl\":\"https:\\\/\\\/www.livespace.io\\\/wp-content\\\/uploads\\\/2021\\\/09\\\/livespace-logo.png\",\"width\":204,\"height\":54,\"caption\":\"Livespace.io\"},\"image\":{\"@id\":\"https:\\\/\\\/www.livespace.io\\\/pl\\\/#\\\/schema\\\/logo\\\/image\\\/\"}}]}<\/script>\n<!-- \/ Yoast SEO plugin. -->","yoast_head_json":{"title":"Zosta\u0144 partnerem Livespace | Do\u0142\u0105cz do programu partnerskiego","description":"Zdob\u0105d\u017a dodatkowe \u017ar\u00f3d\u0142o dochodu, polecaj\u0105c niezawodny CRM u\u017cywany przez tysi\u0105ce sprzedawc\u00f3w na ca\u0142ym \u015bwiecie.","robots":{"index":"index","follow":"follow","max-snippet":"max-snippet:-1","max-image-preview":"max-image-preview:large","max-video-preview":"max-video-preview:-1"},"canonical":"https:\/\/www.livespace.io\/pl\/dla-partnerow\/rejestracja\/","og_locale":"pl_PL","og_type":"article","og_title":"Livespace Partner Program","og_description":"Get an additional source of income by recommending a reliable product used by thousands of salespeople around the world.","og_url":"https:\/\/www.livespace.io\/pl\/dla-partnerow\/rejestracja\/","og_site_name":"Livespace CRM","article_modified_time":"2024-04-30T11:53:18+00:00","og_image":[{"width":1200,"height":600,"url":"https:\/\/www.livespace.io\/wp-content\/uploads\/2022\/07\/Livespace-CRM-sell-smarter.jpg","type":"image\/jpeg"}],"twitter_card":"summary_large_image","twitter_image":"https:\/\/www.livespace.io\/wp-content\/uploads\/2022\/07\/Livespace-CRM-sell-smarter.jpg","twitter_misc":{"Szacowany czas czytania":"1 minuta"},"schema":{"@context":"https:\/\/schema.org","@graph":[{"@type":"WebPage","@id":"https:\/\/www.livespace.io\/pl\/dla-partnerow\/rejestracja\/","url":"https:\/\/www.livespace.io\/pl\/dla-partnerow\/rejestracja\/","name":"Zosta\u0144 partnerem Livespace | Do\u0142\u0105cz do programu partnerskiego","isPartOf":{"@id":"https:\/\/www.livespace.io\/pl\/#website"},"primaryImageOfPage":{"@id":"https:\/\/www.livespace.io\/pl\/dla-partnerow\/rejestracja\/#primaryimage"},"image":{"@id":"https:\/\/www.livespace.io\/pl\/dla-partnerow\/rejestracja\/#primaryimage"},"thumbnailUrl":"https:\/\/www.livespace.io\/wp-content\/uploads\/2022\/07\/Livespace-CRM-sell-smarter.jpg","datePublished":"2024-04-29T14:00:34+00:00","dateModified":"2024-04-30T11:53:18+00:00","description":"Zdob\u0105d\u017a dodatkowe \u017ar\u00f3d\u0142o dochodu, polecaj\u0105c niezawodny CRM u\u017cywany przez tysi\u0105ce sprzedawc\u00f3w na ca\u0142ym \u015bwiecie.","breadcrumb":{"@id":"https:\/\/www.livespace.io\/pl\/dla-partnerow\/rejestracja\/#breadcrumb"},"inLanguage":"pl-PL","potentialAction":[{"@type":"ReadAction","target":["https:\/\/www.livespace.io\/pl\/dla-partnerow\/rejestracja\/"]}]},{"@type":"ImageObject","inLanguage":"pl-PL","@id":"https:\/\/www.livespace.io\/pl\/dla-partnerow\/rejestracja\/#primaryimage","url":"https:\/\/www.livespace.io\/wp-content\/uploads\/2022\/07\/Livespace-CRM-sell-smarter.jpg","contentUrl":"https:\/\/www.livespace.io\/wp-content\/uploads\/2022\/07\/Livespace-CRM-sell-smarter.jpg","width":1200,"height":600},{"@type":"BreadcrumbList","@id":"https:\/\/www.livespace.io\/pl\/dla-partnerow\/rejestracja\/#breadcrumb","itemListElement":[{"@type":"ListItem","position":1,"name":"Dla partner\u00f3w","item":"https:\/\/www.livespace.io\/pl\/dla-partnerow\/"},{"@type":"ListItem","position":2,"name":"Formularz &#8211; zosta\u0144 partnerem"}]},{"@type":"WebSite","@id":"https:\/\/www.livespace.io\/pl\/#website","url":"https:\/\/www.livespace.io\/pl\/","name":"Livespace CRM","description":"sell smarter","publisher":{"@id":"https:\/\/www.livespace.io\/pl\/#organization"},"potentialAction":[{"@type":"SearchAction","target":{"@type":"EntryPoint","urlTemplate":"https:\/\/www.livespace.io\/pl\/?s={search_term_string}"},"query-input":{"@type":"PropertyValueSpecification","valueRequired":true,"valueName":"search_term_string"}}],"inLanguage":"pl-PL"},{"@type":"Organization","@id":"https:\/\/www.livespace.io\/pl\/#organization","name":"Livespace.io","url":"https:\/\/www.livespace.io\/pl\/","logo":{"@type":"ImageObject","inLanguage":"pl-PL","@id":"https:\/\/www.livespace.io\/pl\/#\/schema\/logo\/image\/","url":"https:\/\/www.livespace.io\/wp-content\/uploads\/2021\/09\/livespace-logo.png","contentUrl":"https:\/\/www.livespace.io\/wp-content\/uploads\/2021\/09\/livespace-logo.png","width":204,"height":54,"caption":"Livespace.io"},"image":{"@id":"https:\/\/www.livespace.io\/pl\/#\/schema\/logo\/image\/"}}]}},"_links":{"self":[{"href":"https:\/\/www.livespace.io\/pl\/wp-json\/wp\/v2\/pages\/108398","targetHints":{"allow":["GET"]}}],"collection":[{"href":"https:\/\/www.livespace.io\/pl\/wp-json\/wp\/v2\/pages"}],"about":[{"href":"https:\/\/www.livespace.io\/pl\/wp-json\/wp\/v2\/types\/page"}],"author":[{"embeddable":true,"href":"https:\/\/www.livespace.io\/pl\/wp-json\/wp\/v2\/users\/1"}],"replies":[{"embeddable":true,"href":"https:\/\/www.livespace.io\/pl\/wp-json\/wp\/v2\/comments?post=108398"}],"version-history":[{"count":0,"href":"https:\/\/www.livespace.io\/pl\/wp-json\/wp\/v2\/pages\/108398\/revisions"}],"up":[{"embeddable":true,"href":"https:\/\/www.livespace.io\/pl\/wp-json\/wp\/v2\/pages\/51256"}],"wp:featuredmedia":[{"embeddable":true,"href":"https:\/\/www.livespace.io\/pl\/wp-json\/wp\/v2\/media\/103125"}],"wp:attachment":[{"href":"https:\/\/www.livespace.io\/pl\/wp-json\/wp\/v2\/media?parent=108398"}],"curies":[{"name":"wp","href":"https:\/\/api.w.org\/{rel}","templated":true}]}}