{"id":107201,"date":"2023-07-17T16:32:25","date_gmt":"2023-07-17T14:32:25","guid":{"rendered":"https:\/\/www.livespace.io\/newsletter-copy\/"},"modified":"2024-05-09T15:25:27","modified_gmt":"2024-05-09T13:25:27","slug":"live-newsletter","status":"publish","type":"page","link":"https:\/\/www.livespace.io\/pl\/live-newsletter\/","title":{"rendered":"Do\u0142\u0105cz do naszej spo\u0142eczno\u015bci Live Event"},"content":{"rendered":"<div id='av_section_1'  class='avia-section av-77y3u1i-520e313db65fd1734204b4494741fb35 main_color avia-section-small avia-no-shadow  avia-builder-el-0  el_before_av_codeblock  avia-builder-el-first  avia-bg-style-fixed container_wrap fullsize'  ><div class='container av-section-cont-open' ><main  role=\"main\" itemprop=\"mainContentOfPage\"  class='template-page content  av-content-full alpha units'><div class='post-entry post-entry-type-page post-entry-107201'><div class='entry-content-wrapper clearfix'>\n<section  class='av_textblock_section av-jx5uu8wi-594c856ad1cd2c24208d457853abbf7e '   itemscope=\"itemscope\" itemtype=\"https:\/\/schema.org\/CreativeWork\" ><div class='avia_textblock'  itemprop=\"text\" ><h1 style=\"text-align: center;\">Do\u0142\u0105cz do naszej spo\u0142eczno\u015bci!<\/h1>\n<\/div><\/section>\n<\/div><\/div><\/main><!-- close content main element --><\/div><\/div><div id='after_section_1'  class='main_color av_default_container_wrap container_wrap fullsize'  ><div class='container av-section-cont-open' ><div class='template-page content  av-content-full alpha units'><div class='post-entry post-entry-type-page post-entry-107201'><div class='entry-content-wrapper clearfix'>\n\n<\/div><\/div><\/div><!-- close content main div --><\/div><\/div><div id='av-layout-grid-1'  class='av-layout-grid-container av-65d3jpy-4b0f622863be338d0bd737d29cbd4e69 entry-content-wrapper main_color av-flex-cells  avia-builder-el-3  el_after_av_codeblock  el_before_av_one_full  shd-container ls-content-container grid-row-not-first  container_wrap fullsize'  >\n\n<style type=\"text\/css\" data-created_by=\"avia_inline_auto\" id=\"style-css-av-1hwdz6t-ed895aff6bfa8750f7254168e90f6308\">\n.flex_cell.av-1hwdz6t-ed895aff6bfa8750f7254168e90f6308{\nvertical-align:top;\n}\n.responsive #top #wrap_all .flex_cell.av-1hwdz6t-ed895aff6bfa8750f7254168e90f6308{\npadding:30px 30px 30px 30px !important;\n}\n<\/style>\n<div class='flex_cell av-1hwdz6t-ed895aff6bfa8750f7254168e90f6308 av-gridrow-cell av_one_half no_margin  avia-builder-el-4  el_before_av_cell_one_half  avia-builder-el-first  content-align-top'  ><div class='flex_cell_inner'><section  class='av_textblock_section av-e0ap06-e84455a4c10d023538786cb220c512c8 '   itemscope=\"itemscope\" itemtype=\"https:\/\/schema.org\/CreativeWork\" ><div class='avia_textblock'  itemprop=\"text\" ><h2 style=\"text-align: center;\">Wype\u0142nij formularz<\/h2>\n<p style=\"text-align: center;\">Otrzymuj powiadomienia o kolejnych Live&#8217;ach!<\/p>\n<\/div><\/section><br \/>\n<section  class='av_textblock_section av-a6vuen9-f9349202aa135760c812980b5dc9270b '   itemscope=\"itemscope\" itemtype=\"https:\/\/schema.org\/CreativeWork\" ><div class='avia_textblock'  itemprop=\"text\" ><div class=\"wpforms-container wpforms-container-full\" id=\"wpforms-108453\"><form id=\"wpforms-form-108453\" class=\"wpforms-validate wpforms-form wpforms-ajax-form\" data-formid=\"108453\" method=\"post\" enctype=\"multipart\/form-data\" action=\"\/pl\/wp-json\/wp\/v2\/pages\/107201\" data-token=\"6e0951d27c9d7c3b18f631fcf7cd8513\" data-token-time=\"1775669690\"><noscript class=\"wpforms-error-noscript\">Aby wype\u0142ni\u0107 ten formularz, w\u0142\u0105cz obs\u0142ug\u0119 JavaScript w przegl\u0105darce.<\/noscript><div class=\"wpforms-field-container\"><div id=\"wpforms-108453-field_1-container\" class=\"wpforms-field wpforms-field-name\" data-field-id=\"1\"><label class=\"wpforms-field-label wpforms-label-hide\" for=\"wpforms-108453-field_1\">Imi\u0119 i nazwisko <span class=\"wpforms-required-label\">*<\/span><\/label><input type=\"text\" id=\"wpforms-108453-field_1\" class=\"wpforms-field-large wpforms-field-required\" name=\"wpforms[fields][1]\" placeholder=\"Imi\u0119 i nazwisko\" required><\/div><div id=\"wpforms-108453-field_2-container\" class=\"wpforms-field wpforms-field-email\" data-field-id=\"2\"><label class=\"wpforms-field-label wpforms-label-hide\" for=\"wpforms-108453-field_2\">Biznesowy adres email <span class=\"wpforms-required-label\">*<\/span><\/label><input type=\"email\" id=\"wpforms-108453-field_2\" class=\"wpforms-field-large wpforms-field-required\" name=\"wpforms[fields][2]\" placeholder=\"S\u0142u\u017cbowy adres email\" spellcheck=\"false\" required><\/div><div id=\"wpforms-108453-field_3-container\" class=\"wpforms-field wpforms-field-text\" data-field-id=\"3\"><label class=\"wpforms-field-label wpforms-label-hide\" for=\"wpforms-108453-field_3\">Nazwa firmy <span class=\"wpforms-required-label\">*<\/span><\/label><input type=\"text\" id=\"wpforms-108453-field_3\" class=\"wpforms-field-large wpforms-field-required\" name=\"wpforms[fields][3]\" placeholder=\"Nazwa firmy\" required><\/div><div id=\"wpforms-108453-field_4-container\" class=\"wpforms-field wpforms-field-checkbox\" data-field-id=\"4\"><label class=\"wpforms-field-label wpforms-label-hide\">Zgoda na komunikacj\u0119 email <span class=\"wpforms-required-label\">*<\/span><\/label><ul id=\"wpforms-108453-field_4\" class=\"wpforms-field-required\"><li class=\"choice-1 depth-1\"><input type=\"checkbox\" id=\"wpforms-108453-field_4_1\" name=\"wpforms[fields][4][]\" value=\"Zgoda na komunikacj\u0119 email\" required ><label class=\"wpforms-field-label-inline\" for=\"wpforms-108453-field_4_1\">Zgoda na komunikacj\u0119 email <span class=\"wpforms-required-label\">*<\/span><\/label><\/li><\/ul><div class=\"wpforms-field-description wpforms-disclaimer-description\"><small>Wyra\u017cam zgod\u0119 na otrzymywanie drog\u0105 elektroniczn\u0105 na podany adres e-mail informacji handlowych w rozumieniu art. 10 ust. 1 ustawy z dnia 18 lipca 2002 roku o \u015bwiadczeniu us\u0142ug drog\u0105 elektroniczn\u0105 od firmy Livespace S.A. z siedzib\u0105 w Warszawie, ul. Rejtana 17\/38, 02-516 Warszawa.<\/small><\/div><\/div><\/div><!-- .wpforms-field-container --><div class=\"wpforms-submit-container\" ><input type=\"hidden\" name=\"wpforms[id]\" value=\"108453\"><input type=\"hidden\" name=\"page_title\" value=\"\"><input type=\"hidden\" name=\"page_url\" value=\"https:\/\/www.livespace.io\/pl\/wp-json\/wp\/v2\/pages\/107201\"><input type=\"hidden\" name=\"url_referer\" value=\"\"><button type=\"submit\" name=\"wpforms[submit]\" id=\"wpforms-submit-108453\" class=\"wpforms-submit\" data-alt-text=\"Wysy\u0142am zg\u0142oszenie...\" data-submit-text=\"Zapisuj\u0119\u00a0si\u0119!\" aria-live=\"assertive\" value=\"wpforms-submit\">Zapisuj\u0119\u00a0si\u0119!<\/button><img decoding=\"async\" src=\"https:\/\/www.livespace.io\/wp-content\/plugins\/wpforms\/assets\/images\/submit-spin.svg\" class=\"wpforms-submit-spinner\" style=\"display: none;\" width=\"26\" height=\"26\" alt=\"Wczytywanie\"><\/div><\/form><\/div>  <!-- .wpforms-container -->\n<\/div><\/section><br \/>\n\n<style type=\"text\/css\" data-created_by=\"avia_inline_auto\" id=\"style-css-av-2vjy7xy-e987c711f8923c36059e1b8cfa7947b2\">\n.flex_column.av-2vjy7xy-e987c711f8923c36059e1b8cfa7947b2{\nborder-radius:0px 0px 0px 0px;\npadding:0px 0px 0px 0px;\n}\n<\/style>\n<div  class='flex_column av-2vjy7xy-e987c711f8923c36059e1b8cfa7947b2 av_one_full  avia-builder-el-7  el_after_av_textblock  avia-builder-el-last  ls-content-form-box first flex_column_div av-zero-column-padding  column-top-margin'     ><\/div><\/p>\n<\/div><\/div>\n<style type=\"text\/css\" data-created_by=\"avia_inline_auto\" id=\"style-css-av-3errwvq-0955fac23fbc5c592cddc7617f7e8b9e\">\n.flex_cell.av-3errwvq-0955fac23fbc5c592cddc7617f7e8b9e{\nvertical-align:top;\n}\n.responsive #top #wrap_all .flex_cell.av-3errwvq-0955fac23fbc5c592cddc7617f7e8b9e{\npadding:30px 30px 30px 30px !important;\n}\n<\/style>\n<div class='flex_cell av-3errwvq-0955fac23fbc5c592cddc7617f7e8b9e av-gridrow-cell av_one_half no_margin  avia-builder-el-8  el_after_av_cell_one_half  avia-builder-el-last  ls-content-right-col content-align-top'  ><div class='flex_cell_inner'><div  class='av_promobox av-1xu1imu-b5d624ec9769b9946effdb655eb2298e avia-button-no  avia-builder-el-9  avia-builder-el-no-sibling '><div class='avia-promocontent'><p>\n<img decoding=\"async\" class=\" wp-image-107186 aligncenter\" src=\"https:\/\/www.livespace.io\/wp-content\/uploads\/2023\/07\/powiadomienia.png\" alt=\"\" width=\"80\" height=\"80\" srcset=\"https:\/\/www.livespace.io\/wp-content\/uploads\/2023\/07\/powiadomienia.png 136w, https:\/\/www.livespace.io\/wp-content\/uploads\/2023\/07\/powiadomienia-80x80.png 80w, https:\/\/www.livespace.io\/wp-content\/uploads\/2023\/07\/powiadomienia-36x36.png 36w\" sizes=\"(max-width: 80px) 100vw, 80px\" \/><\/p>\n<h6 style=\"text-align: center;\">Powiadomienia o wydarzeniach organizowanych przez Livespace!<\/h6>\n<p><img decoding=\"async\" class=\"wp-image-107188 aligncenter\" src=\"https:\/\/www.livespace.io\/wp-content\/uploads\/2023\/07\/edukacja.png\" alt=\"\" width=\"80\" height=\"80\" srcset=\"https:\/\/www.livespace.io\/wp-content\/uploads\/2023\/07\/edukacja.png 136w, https:\/\/www.livespace.io\/wp-content\/uploads\/2023\/07\/edukacja-80x80.png 80w, https:\/\/www.livespace.io\/wp-content\/uploads\/2023\/07\/edukacja-36x36.png 36w\" sizes=\"(max-width: 80px) 100vw, 80px\" \/><\/p>\n<h6 style=\"text-align: center;\">Ekspertyzy i poradniki dotycz\u0105ce sprzeda\u017cy<\/h6>\n<p><img decoding=\"async\" class=\" wp-image-107190 aligncenter\" src=\"https:\/\/www.livespace.io\/wp-content\/uploads\/2023\/07\/wzrost-1.png\" alt=\"\" width=\"80\" height=\"80\" srcset=\"https:\/\/www.livespace.io\/wp-content\/uploads\/2023\/07\/wzrost-1.png 136w, https:\/\/www.livespace.io\/wp-content\/uploads\/2023\/07\/wzrost-1-80x80.png 80w, https:\/\/www.livespace.io\/wp-content\/uploads\/2023\/07\/wzrost-1-36x36.png 36w\" sizes=\"(max-width: 80px) 100vw, 80px\" \/><\/p>\n<h6 style=\"text-align: center;\">Aktualno\u015bci i trendy o\u00a0procesach\u00a0sprzeda\u017cy\u00a0B2B<\/h6>\n<p>\n<\/div><\/div>\n<\/div><\/div><\/div><div id='after_grid_row_1'  class='main_color av_default_container_wrap container_wrap fullsize'  ><div class='container av-section-cont-open' ><div class='template-page content  av-content-full alpha units'><div class='post-entry post-entry-type-page post-entry-107201'><div class='entry-content-wrapper clearfix'><div  class='flex_column av-5hrm9sm-f783110da26d8ba0a602fb6b657d6055 av_one_full  avia-builder-el-10  el_after_av_layout_row  el_before_av_one_full  avia-builder-el-first  first flex_column_div  '     ><section  class='av_textblock_section av-lk2l2tl7-be6750fa28252cc6086f20a56c1e944b '   itemscope=\"itemscope\" itemtype=\"https:\/\/schema.org\/CreativeWork\" ><div class='avia_textblock'  itemprop=\"text\" ><p>Subskrybuj\u0105c newsletter Livespace, bezpo\u015brednio do Twojej skrzynki odbiorczej trafi\u0105:<\/p>\n<p><strong>Ekspertyzy i poradniki dotycz\u0105ce sprzeda\u017cy<\/strong>: Ka\u017cda edycja naszego newslettera oferuje warto\u015bciowe tre\u015bci edukacyjne, kt\u00f3re pomog\u0105 Ci zrozumie\u0107 i skutecznie kierowa\u0107 swoim procesem sprzeda\u017cy. Oferujemy praktyczne wskaz\u00f3wki, analizy przypadk\u00f3w oraz dog\u0142\u0119bne analizy &#8211; wszystko to, co niezb\u0119dne, aby skutecznie porusza\u0107 si\u0119 po \u015bwiecie sprzeda\u017cy B2B!<\/p>\n<p><strong>Informacje i zapisy z naszych Live Event\u00f3w<\/strong>: Czy omin\u0119\u0142o Ci\u0119 nasze ostatnie wydarzenie na LinkedIn? Nic straconego! Dzi\u0119ki naszemu newsletterowi, nigdy nie ominie Ci\u0119 \u017cadne z naszych spotka\u0144. Wszystkie informacje o nadchodz\u0105cych wydarzeniach, a tak\u017ce zapisy z poprzednich, s\u0105 sta\u0142ym elementem naszych maili.<\/p>\n<p><strong>Narz\u0119dzia do optymalizacji proces\u00f3w sprzeda\u017cy<\/strong>: Przekazujemy Ci sprawdzone metody i techniki, kt\u00f3re pomog\u0105 Ci ulepszy\u0107 procesy sprzeda\u017cy, zwi\u0119kszaj\u0105c ich efektywno\u015b\u0107 i przynosz\u0105c wi\u0119ksze zyski.<\/p>\n<p><strong>Aktualno\u015bci z bran\u017cy<\/strong>: Pozostawaj na bie\u017c\u0105co z naj\u015bwie\u017cszymi trendami i wiadomo\u015bciami z sektora, kt\u00f3re pozwol\u0105 Ci utrzyma\u0107 przewag\u0119 konkurencyjn\u0105.<\/p>\n<\/div><\/section><\/div><\/p>\n\n<style type=\"text\/css\" data-created_by=\"avia_inline_auto\" id=\"style-css-av-8gng99h-b75e3bc2811b62caef63a141c7c975b2\">\n.flex_column.av-8gng99h-b75e3bc2811b62caef63a141c7c975b2{\nborder-radius:0px 0px 0px 0px;\npadding:0px 0px 0px 0px;\n}\n<\/style>\n<div  class='flex_column av-8gng99h-b75e3bc2811b62caef63a141c7c975b2 av_one_full  avia-builder-el-12  el_after_av_one_full  avia-builder-el-last  first flex_column_div av-zero-column-padding  column-top-margin'     ><\/div>\n<div style='text-align:center' class='yasr-auto-insert-visitor'><\/div>","protected":false},"excerpt":{"rendered":"","protected":false},"author":10,"featured_media":0,"parent":0,"menu_order":0,"comment_status":"open","ping_status":"open","template":"","meta":{"_acf_changed":false,"inline_featured_image":false,"yasr_overall_rating":0,"yasr_post_is_review":"","yasr_auto_insert_disabled":"","yasr_review_type":"","footnotes":""},"class_list":["post-107201","page","type-page","status-publish","hentry"],"yasr_visitor_votes":{"stars_attributes":{"read_only":false,"span_bottom":false},"number_of_votes":0,"sum_votes":0},"acf":[],"yoast_head":"<!-- This site is optimized with the Yoast SEO plugin v27.3 - https:\/\/yoast.com\/product\/yoast-seo-wordpress\/ -->\n<title>Do\u0142\u0105cz do naszej spo\u0142eczno\u015bci Live Event | Livespace CRM<\/title>\n<meta name=\"robots\" content=\"noindex, follow\" \/>\n<meta property=\"og:locale\" content=\"pl_PL\" \/>\n<meta property=\"og:type\" content=\"article\" \/>\n<meta property=\"og:title\" content=\"Do\u0142\u0105cz do naszej spo\u0142eczno\u015bci Live Event | Livespace CRM\" \/>\n<meta property=\"og:url\" content=\"https:\/\/www.livespace.io\/pl\/live-newsletter\/\" \/>\n<meta property=\"og:site_name\" content=\"Livespace CRM\" \/>\n<meta property=\"article:modified_time\" content=\"2024-05-09T13:25:27+00:00\" \/>\n<meta property=\"og:image\" content=\"https:\/\/old.livespace.io\/wp-content\/uploads\/2023\/07\/powiadomienia.png\" \/>\n<meta name=\"twitter:card\" content=\"summary_large_image\" \/>\n<script type=\"application\/ld+json\" class=\"yoast-schema-graph\">{\"@context\":\"https:\\\/\\\/schema.org\",\"@graph\":[{\"@type\":\"WebPage\",\"@id\":\"https:\\\/\\\/www.livespace.io\\\/pl\\\/live-newsletter\\\/\",\"url\":\"https:\\\/\\\/www.livespace.io\\\/pl\\\/live-newsletter\\\/\",\"name\":\"Do\u0142\u0105cz do naszej spo\u0142eczno\u015bci Live Event | Livespace CRM\",\"isPartOf\":{\"@id\":\"https:\\\/\\\/www.livespace.io\\\/pl\\\/#website\"},\"primaryImageOfPage\":{\"@id\":\"https:\\\/\\\/www.livespace.io\\\/pl\\\/live-newsletter\\\/#primaryimage\"},\"image\":{\"@id\":\"https:\\\/\\\/www.livespace.io\\\/pl\\\/live-newsletter\\\/#primaryimage\"},\"thumbnailUrl\":\"https:\\\/\\\/www.livespace.io\\\/wp-content\\\/uploads\\\/2023\\\/07\\\/powiadomienia.png\",\"datePublished\":\"2023-07-17T14:32:25+00:00\",\"dateModified\":\"2024-05-09T13:25:27+00:00\",\"inLanguage\":\"pl-PL\",\"potentialAction\":[{\"@type\":\"ReadAction\",\"target\":[\"https:\\\/\\\/www.livespace.io\\\/pl\\\/live-newsletter\\\/\"]}]},{\"@type\":\"ImageObject\",\"inLanguage\":\"pl-PL\",\"@id\":\"https:\\\/\\\/www.livespace.io\\\/pl\\\/live-newsletter\\\/#primaryimage\",\"url\":\"https:\\\/\\\/www.livespace.io\\\/wp-content\\\/uploads\\\/2023\\\/07\\\/powiadomienia.png\",\"contentUrl\":\"https:\\\/\\\/www.livespace.io\\\/wp-content\\\/uploads\\\/2023\\\/07\\\/powiadomienia.png\"},{\"@type\":\"WebSite\",\"@id\":\"https:\\\/\\\/www.livespace.io\\\/pl\\\/#website\",\"url\":\"https:\\\/\\\/www.livespace.io\\\/pl\\\/\",\"name\":\"Livespace CRM\",\"description\":\"sell smarter\",\"publisher\":{\"@id\":\"https:\\\/\\\/www.livespace.io\\\/pl\\\/#organization\"},\"potentialAction\":[{\"@type\":\"SearchAction\",\"target\":{\"@type\":\"EntryPoint\",\"urlTemplate\":\"https:\\\/\\\/www.livespace.io\\\/pl\\\/?s={search_term_string}\"},\"query-input\":{\"@type\":\"PropertyValueSpecification\",\"valueRequired\":true,\"valueName\":\"search_term_string\"}}],\"inLanguage\":\"pl-PL\"},{\"@type\":\"Organization\",\"@id\":\"https:\\\/\\\/www.livespace.io\\\/pl\\\/#organization\",\"name\":\"Livespace.io\",\"url\":\"https:\\\/\\\/www.livespace.io\\\/pl\\\/\",\"logo\":{\"@type\":\"ImageObject\",\"inLanguage\":\"pl-PL\",\"@id\":\"https:\\\/\\\/www.livespace.io\\\/pl\\\/#\\\/schema\\\/logo\\\/image\\\/\",\"url\":\"https:\\\/\\\/www.livespace.io\\\/wp-content\\\/uploads\\\/2021\\\/09\\\/livespace-logo.png\",\"contentUrl\":\"https:\\\/\\\/www.livespace.io\\\/wp-content\\\/uploads\\\/2021\\\/09\\\/livespace-logo.png\",\"width\":204,\"height\":54,\"caption\":\"Livespace.io\"},\"image\":{\"@id\":\"https:\\\/\\\/www.livespace.io\\\/pl\\\/#\\\/schema\\\/logo\\\/image\\\/\"}},false]}<\/script>\n<!-- \/ Yoast SEO plugin. -->","yoast_head_json":{"title":"Do\u0142\u0105cz do naszej spo\u0142eczno\u015bci Live Event | Livespace CRM","robots":{"index":"noindex","follow":"follow"},"og_locale":"pl_PL","og_type":"article","og_title":"Do\u0142\u0105cz do naszej spo\u0142eczno\u015bci Live Event | Livespace CRM","og_url":"https:\/\/www.livespace.io\/pl\/live-newsletter\/","og_site_name":"Livespace CRM","article_modified_time":"2024-05-09T13:25:27+00:00","og_image":[{"url":"https:\/\/old.livespace.io\/wp-content\/uploads\/2023\/07\/powiadomienia.png","type":"","width":"","height":""}],"twitter_card":"summary_large_image","schema":{"@context":"https:\/\/schema.org","@graph":[{"@type":"WebPage","@id":"https:\/\/www.livespace.io\/pl\/live-newsletter\/","url":"https:\/\/www.livespace.io\/pl\/live-newsletter\/","name":"Do\u0142\u0105cz do naszej spo\u0142eczno\u015bci Live Event | Livespace CRM","isPartOf":{"@id":"https:\/\/www.livespace.io\/pl\/#website"},"primaryImageOfPage":{"@id":"https:\/\/www.livespace.io\/pl\/live-newsletter\/#primaryimage"},"image":{"@id":"https:\/\/www.livespace.io\/pl\/live-newsletter\/#primaryimage"},"thumbnailUrl":"https:\/\/www.livespace.io\/wp-content\/uploads\/2023\/07\/powiadomienia.png","datePublished":"2023-07-17T14:32:25+00:00","dateModified":"2024-05-09T13:25:27+00:00","inLanguage":"pl-PL","potentialAction":[{"@type":"ReadAction","target":["https:\/\/www.livespace.io\/pl\/live-newsletter\/"]}]},{"@type":"ImageObject","inLanguage":"pl-PL","@id":"https:\/\/www.livespace.io\/pl\/live-newsletter\/#primaryimage","url":"https:\/\/www.livespace.io\/wp-content\/uploads\/2023\/07\/powiadomienia.png","contentUrl":"https:\/\/www.livespace.io\/wp-content\/uploads\/2023\/07\/powiadomienia.png"},{"@type":"WebSite","@id":"https:\/\/www.livespace.io\/pl\/#website","url":"https:\/\/www.livespace.io\/pl\/","name":"Livespace CRM","description":"sell smarter","publisher":{"@id":"https:\/\/www.livespace.io\/pl\/#organization"},"potentialAction":[{"@type":"SearchAction","target":{"@type":"EntryPoint","urlTemplate":"https:\/\/www.livespace.io\/pl\/?s={search_term_string}"},"query-input":{"@type":"PropertyValueSpecification","valueRequired":true,"valueName":"search_term_string"}}],"inLanguage":"pl-PL"},{"@type":"Organization","@id":"https:\/\/www.livespace.io\/pl\/#organization","name":"Livespace.io","url":"https:\/\/www.livespace.io\/pl\/","logo":{"@type":"ImageObject","inLanguage":"pl-PL","@id":"https:\/\/www.livespace.io\/pl\/#\/schema\/logo\/image\/","url":"https:\/\/www.livespace.io\/wp-content\/uploads\/2021\/09\/livespace-logo.png","contentUrl":"https:\/\/www.livespace.io\/wp-content\/uploads\/2021\/09\/livespace-logo.png","width":204,"height":54,"caption":"Livespace.io"},"image":{"@id":"https:\/\/www.livespace.io\/pl\/#\/schema\/logo\/image\/"}},false]}},"_links":{"self":[{"href":"https:\/\/www.livespace.io\/pl\/wp-json\/wp\/v2\/pages\/107201","targetHints":{"allow":["GET"]}}],"collection":[{"href":"https:\/\/www.livespace.io\/pl\/wp-json\/wp\/v2\/pages"}],"about":[{"href":"https:\/\/www.livespace.io\/pl\/wp-json\/wp\/v2\/types\/page"}],"author":[{"embeddable":true,"href":"https:\/\/www.livespace.io\/pl\/wp-json\/wp\/v2\/users\/10"}],"replies":[{"embeddable":true,"href":"https:\/\/www.livespace.io\/pl\/wp-json\/wp\/v2\/comments?post=107201"}],"version-history":[{"count":1,"href":"https:\/\/www.livespace.io\/pl\/wp-json\/wp\/v2\/pages\/107201\/revisions"}],"predecessor-version":[{"id":201411,"href":"https:\/\/www.livespace.io\/pl\/wp-json\/wp\/v2\/pages\/107201\/revisions\/201411"}],"wp:attachment":[{"href":"https:\/\/www.livespace.io\/pl\/wp-json\/wp\/v2\/media?parent=107201"}],"curies":[{"name":"wp","href":"https:\/\/api.w.org\/{rel}","templated":true}]}}