{"id":104836,"date":"2022-10-21T18:07:12","date_gmt":"2022-10-21T16:07:12","guid":{"rendered":"https:\/\/www.livespace.io\/zapier-demo-copy\/"},"modified":"2025-12-10T14:16:16","modified_gmt":"2025-12-10T13:16:16","slug":"webinar-demo","status":"publish","type":"page","link":"https:\/\/www.livespace.io\/pl\/webinar-demo\/","title":{"rendered":"Zapier &#8211; Webinar Demo PL"},"content":{"rendered":"<div id='av_section_1'  class='avia-section av-73z3rdz-5591906f0c0e522760821d2e1673e1b3 main_color avia-section-no-padding avia-no-border-styling  avia-builder-el-0  el_before_av_section  avia-builder-el-first  av-small-hide av-mini-hide avia-bg-style-parallax container_wrap fullsize'  ><div class='container av-section-cont-open' ><main  role=\"main\" itemprop=\"mainContentOfPage\"  class='template-page content  av-content-full alpha units'><div class='post-entry post-entry-type-page post-entry-104836'><div class='entry-content-wrapper clearfix'>\n\n<style type=\"text\/css\" data-created_by=\"avia_inline_auto\" id=\"style-css-av-6oyx687-4eb36f16840d2399ed1d03696c5093af\">\n#top .av_textblock_section.av-6oyx687-4eb36f16840d2399ed1d03696c5093af .avia_textblock{\ntext-align:center;\n}\n<\/style>\n<section  class='av_textblock_section av-6oyx687-4eb36f16840d2399ed1d03696c5093af '   itemscope=\"itemscope\" itemtype=\"https:\/\/schema.org\/CreativeWork\" ><div class='avia_textblock'  itemprop=\"text\" ><h1 style=\"text-align: center;\">Przyk\u0142ad formularza\u00a0zintegrowanego z Zapier<\/h1>\n<\/div><\/section>\n<\/div><\/div><\/main><!-- close content main element --><\/div><\/div><div id='av_section_2'  class='avia-section av-6amqcqv-29a43434cbb43ca376e2b6257d314dcd main_color avia-section-small avia-no-shadow  avia-builder-el-2  el_after_av_section  el_before_av_one_half  av-desktop-hide av-medium-hide avia-bg-style-parallax container_wrap fullsize'  ><div class='container av-section-cont-open' ><div class='template-page content  av-content-full alpha units'><div class='post-entry post-entry-type-page post-entry-104836'><div class='entry-content-wrapper clearfix'>\n\n<style type=\"text\/css\" data-created_by=\"avia_inline_auto\" id=\"style-css-av-kp4s1z-b01d70003304ed5419e28161850694d6\">\n#top .hr.hr-invisible.av-kp4s1z-b01d70003304ed5419e28161850694d6{\nheight:120px;\n}\n<\/style>\n<div  class='hr av-kp4s1z-b01d70003304ed5419e28161850694d6 hr-invisible  avia-builder-el-3  el_before_av_textblock  avia-builder-el-first '><span class='hr-inner '><span class=\"hr-inner-style\"><\/span><\/span><\/div>\n<section  class='av_textblock_section av-5aukwav-1957e6cf934cff76109adefb36a085a2 '   itemscope=\"itemscope\" itemtype=\"https:\/\/schema.org\/CreativeWork\" ><div class='avia_textblock'  itemprop=\"text\" ><h1 style=\"text-align: center;\">Wype\u0142nij formularz\u00a0kontaktowy\u00a0na stronie i dodaj szans\u0119 sprzeda\u017cy w Livespace CRM!<\/h1>\n<\/div><\/section>\n<\/div><\/div><\/div><!-- close content main div --><\/div><\/div><div id='after_section_2'  class='main_color av_default_container_wrap container_wrap fullsize'  ><div class='container av-section-cont-open' ><div class='template-page content  av-content-full alpha units'><div class='post-entry post-entry-type-page post-entry-104836'><div class='entry-content-wrapper clearfix'><\/p>\n<div  class='flex_column av-4rvkf47-6dc0ff7ee3684e6c9e89f25a134886c8 av_one_half  avia-builder-el-5  el_after_av_section  el_before_av_one_half  avia-builder-el-first  first flex_column_div  '     ><p><section  class='av_textblock_section av-4b1h5af-e0c67fa8448c444a74e504ac308af0d5 '   itemscope=\"itemscope\" itemtype=\"https:\/\/schema.org\/CreativeWork\" ><div class='avia_textblock'  itemprop=\"text\" ><p><b>Jak to dzia\u0142a?<\/b><\/p>\n<p>W momencie, gdy formularz kontaktowy na stronie zostanie wype\u0142niony, automatycznie zostanie dodana nowa szansa sprzeda\u017cy w Livespace.<\/p>\n<p>Proces jest realizowany poprzez integracj\u0119 Zapier oraz Livespace CRM.<\/p>\n<p>Dzi\u0119ki integracji mo\u017cesz m.in.:<\/p>\n<p>\n<style type=\"text\/css\" data-created_by=\"avia_inline_auto\" id=\"style-css-av-42mlxuv-bb02733f53aa9f9907e5879e2dbdc989\">\n.av_font_icon.av-42mlxuv-bb02733f53aa9f9907e5879e2dbdc989{\ncolor:#4ec802;\nborder-color:#4ec802;\n}\n.avia-svg-icon.av-42mlxuv-bb02733f53aa9f9907e5879e2dbdc989 svg:first-child{\nstroke:#4ec802;\nfill:#4ec802;\n}\n.av_font_icon.av-42mlxuv-bb02733f53aa9f9907e5879e2dbdc989 .av-icon-char{\nfont-size:20px;\nline-height:20px;\n}\n<\/style>\n<span  class='av_font_icon av-42mlxuv-bb02733f53aa9f9907e5879e2dbdc989 avia_animate_when_visible av-icon-style- avia-icon-pos-left avia-iconfont avia-font-entypo-fontello avia-icon-animate'><span class='av-icon-char' data-av_icon='\ue812' data-av_iconfont='entypo-fontello' aria-hidden=\"true\" ><\/span><\/span> automatycznie tworzy\u0107 szanse sprzeda\u017cy w Livespace<\/p>\n<p>\n<style type=\"text\/css\" data-created_by=\"avia_inline_auto\" id=\"style-css-av-3m6t2jr-a794da3841eb7b43ad3f62325e9eadb1\">\n.av_font_icon.av-3m6t2jr-a794da3841eb7b43ad3f62325e9eadb1{\ncolor:#4ec802;\nborder-color:#4ec802;\n}\n.avia-svg-icon.av-3m6t2jr-a794da3841eb7b43ad3f62325e9eadb1 svg:first-child{\nstroke:#4ec802;\nfill:#4ec802;\n}\n.av_font_icon.av-3m6t2jr-a794da3841eb7b43ad3f62325e9eadb1 .av-icon-char{\nfont-size:20px;\nline-height:20px;\n}\n<\/style>\n<span  class='av_font_icon av-3m6t2jr-a794da3841eb7b43ad3f62325e9eadb1 avia_animate_when_visible av-icon-style- avia-icon-pos-left avia-iconfont avia-font-entypo-fontello avia-icon-animate'><span class='av-icon-char' data-av_icon='\ue812' data-av_iconfont='entypo-fontello' aria-hidden=\"true\" ><\/span><\/span> dodawa\u0107 osoby i firmy na podstawie danych z innych aplikacji<\/p>\n<p>\n<style type=\"text\/css\" data-created_by=\"avia_inline_auto\" id=\"style-css-av-2vufp1j-fa07cdb3dccfafb4db4427bcea230ee3\">\n.av_font_icon.av-2vufp1j-fa07cdb3dccfafb4db4427bcea230ee3{\ncolor:#4ec802;\nborder-color:#4ec802;\n}\n.avia-svg-icon.av-2vufp1j-fa07cdb3dccfafb4db4427bcea230ee3 svg:first-child{\nstroke:#4ec802;\nfill:#4ec802;\n}\n.av_font_icon.av-2vufp1j-fa07cdb3dccfafb4db4427bcea230ee3 .av-icon-char{\nfont-size:20px;\nline-height:20px;\n}\n<\/style>\n<span  class='av_font_icon av-2vufp1j-fa07cdb3dccfafb4db4427bcea230ee3 avia_animate_when_visible av-icon-style- avia-icon-pos-left avia-iconfont avia-font-entypo-fontello avia-icon-animate'><span class='av-icon-char' data-av_icon='\ue812' data-av_iconfont='entypo-fontello' aria-hidden=\"true\" ><\/span><\/span> dodawa\u0107 nowe zadania<\/p>\n<\/div><\/section><br \/>\n\n<style type=\"text\/css\" data-created_by=\"avia_inline_auto\" id=\"style-css-av-2lwk1bb-52ee9ada7748a8186cbc39ed2c0588ca\">\n#top .hr.hr-invisible.av-2lwk1bb-52ee9ada7748a8186cbc39ed2c0588ca{\nheight:30px;\n}\n<\/style>\n<div  class='hr av-2lwk1bb-52ee9ada7748a8186cbc39ed2c0588ca hr-invisible  avia-builder-el-10  el_after_av_textblock  avia-builder-el-last '><span class='hr-inner '><span class=\"hr-inner-style\"><\/span><\/span><\/div><\/p><\/div>\n\n<style type=\"text\/css\" data-created_by=\"avia_inline_auto\" id=\"style-css-av-1pi7v8n-b58f3d82d64d0f26965f0277974e38df\">\n.flex_column.av-1pi7v8n-b58f3d82d64d0f26965f0277974e38df{\nborder-radius:0px 0px 0px 0px;\npadding:-300px 0px 0px 0px;\n}\n<\/style>\n<div  class='flex_column av-1pi7v8n-b58f3d82d64d0f26965f0277974e38df av_one_half  avia-builder-el-11  el_after_av_one_half  avia-builder-el-last  flex_column_div  '     ><div  class='av_promobox av-1aacsdj-5e0ee79cc76de0aa66852c31c0ab5e67 avia-button-no  avia-builder-el-12  avia-builder-el-no-sibling '><div class='avia-promocontent'><\/p>\n<h3 style=\"text-align: center;\">Wype\u0142nij formularz kontaktowy<\/h3>\n<p>\n<style type=\"text\/css\" data-created_by=\"avia_inline_auto\" id=\"style-css-av-ilp5pj-8ce0ec766d5862ff1dc5e034b54a5e69\">\n#top .hr.hr-invisible.av-ilp5pj-8ce0ec766d5862ff1dc5e034b54a5e69{\nheight:5px;\n}\n<\/style>\n<div  class='hr av-ilp5pj-8ce0ec766d5862ff1dc5e034b54a5e69 hr-invisible  avia-builder-el-13  avia-builder-el-no-sibling '><span class='hr-inner '><span class=\"hr-inner-style\"><\/span><\/span><\/div><\/p>\n<p><div class=\"wpforms-container wpforms-container-full wpf-center-off\" id=\"wpforms-104828\"><form id=\"wpforms-form-104828\" class=\"wpforms-validate wpforms-form\" data-formid=\"104828\" method=\"post\" enctype=\"multipart\/form-data\" action=\"\/pl\/wp-json\/wp\/v2\/pages\/104836\" data-token=\"1ed5e8d9429267298e75403aecd4eb45\" data-token-time=\"1778518945\"><noscript class=\"wpforms-error-noscript\">Aby wype\u0142ni\u0107 ten formularz, w\u0142\u0105cz obs\u0142ug\u0119 JavaScript w przegl\u0105darce.<\/noscript><div class=\"wpforms-field-container\"><div id=\"wpforms-104828-field_1-container\" class=\"wpforms-field wpforms-field-name\" data-field-id=\"1\"><label class=\"wpforms-field-label wpforms-label-hide\" for=\"wpforms-104828-field_1\">Imi\u0119 i nazwisko <span class=\"wpforms-required-label\">*<\/span><\/label><input type=\"text\" id=\"wpforms-104828-field_1\" class=\"wpforms-field-large wpforms-field-required\" name=\"wpforms[fields][1]\" placeholder=\"Imi\u0119 i nazwisko\" required><\/div><div id=\"wpforms-104828-field_2-container\" class=\"wpforms-field wpforms-field-phone\" data-field-id=\"2\"><label class=\"wpforms-field-label wpforms-label-hide\" for=\"wpforms-104828-field_2\">Telefon <span class=\"wpforms-required-label\">*<\/span><\/label><input type=\"tel\" id=\"wpforms-104828-field_2\" class=\"wpforms-field-large wpforms-field-required\" data-rule-int-phone-field=\"true\" name=\"wpforms[fields][2]\" placeholder=\"Telefon\" aria-label=\"Telefon\" required><\/div><div id=\"wpforms-104828-field_3-container\" class=\"wpforms-field wpforms-field-email\" data-field-id=\"3\"><label class=\"wpforms-field-label wpforms-label-hide\" for=\"wpforms-104828-field_3\">Email <span class=\"wpforms-required-label\">*<\/span><\/label><input type=\"email\" id=\"wpforms-104828-field_3\" class=\"wpforms-field-large wpforms-field-required\" name=\"wpforms[fields][3]\" placeholder=\"Email\" spellcheck=\"false\" required><\/div><div id=\"wpforms-104828-field_4-container\" class=\"wpforms-field wpforms-field-text\" data-field-id=\"4\"><label class=\"wpforms-field-label wpforms-label-hide\" for=\"wpforms-104828-field_4\">Nazwa firmy <span class=\"wpforms-required-label\">*<\/span><\/label><input type=\"text\" id=\"wpforms-104828-field_4\" class=\"wpforms-field-large wpforms-field-required\" name=\"wpforms[fields][4]\" placeholder=\"Nazwa firmy\" required><\/div><div id=\"wpforms-104828-field_11-container\" class=\"wpforms-field wpforms-field-select wpforms-field-select-style-classic\" data-field-id=\"11\"><label class=\"wpforms-field-label\" for=\"wpforms-104828-field_11\">Ile os\u00f3b b\u0119dzie u\u017cywa\u0142o CRM? <span class=\"wpforms-required-label\">*<\/span><\/label><select id=\"wpforms-104828-field_11\" class=\"wpforms-field-medium wpforms-field-required\" name=\"wpforms[fields][11]\" required=\"required\"><option value=\"Tylko ja\"  class=\"choice-1 depth-1\"  >Tylko ja<\/option><option value=\"2-4\"  class=\"choice-2 depth-1\"  >2-4<\/option><option value=\"5-9\"  class=\"choice-3 depth-1\"  >5-9<\/option><option value=\"10-24\"  class=\"choice-6 depth-1\"  >10-24<\/option><option value=\"25-50\"  class=\"choice-5 depth-1\"  >25-50<\/option><option value=\"51-100\"  class=\"choice-4 depth-1\"  >51-100<\/option><option value=\"powy\u017cej 100\"  class=\"choice-7 depth-1\"  >powy\u017cej 100<\/option><\/select><\/div><\/div><!-- .wpforms-field-container --><div class=\"wpforms-field wpforms-field-hp\"><label for=\"wpforms-104828-field-hp\" class=\"wpforms-field-label\">Phone<\/label><input type=\"text\" name=\"wpforms[hp]\" id=\"wpforms-104828-field-hp\" class=\"wpforms-field-medium\"><\/div><div class=\"wpforms-submit-container\" ><input type=\"hidden\" name=\"wpforms[id]\" value=\"104828\"><input type=\"hidden\" name=\"page_title\" value=\"\"><input type=\"hidden\" name=\"page_url\" value=\"https:\/\/www.livespace.io\/pl\/wp-json\/wp\/v2\/pages\/104836\"><input type=\"hidden\" name=\"url_referer\" value=\"\"><button type=\"submit\" name=\"wpforms[submit]\" id=\"wpforms-submit-104828\" class=\"wpforms-submit\" data-alt-text=\"Wysy\u0142anie\" data-submit-text=\"Um\u00f3w si\u0119 na prezentacj\u0119 on-line!\" aria-live=\"assertive\" value=\"wpforms-submit\">Um\u00f3w si\u0119 na prezentacj\u0119 on-line!<\/button><\/div><\/form><\/div>  <!-- .wpforms-container --><\/p>\n<p style=\"line-height: 12px; text-align: justify; color: #656565; font-size: 10px;\"><span style=\"font-family: Roboto; font-weight: 300; font-style: normal;\">Jest to przyk\u0142adowy formularz kontaktowy na potrzeby prezentacji dzia\u0142ania integracji Livespace CRM z Zapier. Dane wype\u0142nione w formularzu zostan\u0105 usuni\u0119te w przeci\u0105gu 24 godzin i nie b\u0119d\u0105 procesowane. Je\u017celi chcesz si\u0119 skontaktowa\u0107 z firm\u0105 Livespace, przejd\u017a do strony <a href=\"https:\/\/www.livespace.io\/pl\/kontakt\" target=\"_blank\" rel=\"noopener\">Kontakt<\/a>.\u00a0<\/span><\/p>\n<p>\n<\/div><\/div><\/div>\n<div style='text-align:center' class='yasr-auto-insert-visitor'><\/div>","protected":false},"excerpt":{"rendered":"","protected":false},"author":1,"featured_media":0,"parent":0,"menu_order":0,"comment_status":"closed","ping_status":"closed","template":"","meta":{"_acf_changed":false,"inline_featured_image":false,"yasr_overall_rating":0,"yasr_post_is_review":"","yasr_auto_insert_disabled":"","yasr_review_type":"","footnotes":""},"class_list":["post-104836","page","type-page","status-publish","hentry"],"yasr_visitor_votes":{"stars_attributes":{"read_only":false,"span_bottom":false},"number_of_votes":0,"sum_votes":0},"acf":[],"yoast_head":"<!-- This site is optimized with the Yoast SEO plugin v27.3 - https:\/\/yoast.com\/product\/yoast-seo-wordpress\/ -->\n<title>Zapier - Webinar Demo PL | Livespace CRM<\/title>\n<meta name=\"robots\" content=\"noindex, nofollow\" \/>\n<meta property=\"og:locale\" content=\"pl_PL\" \/>\n<meta property=\"og:type\" content=\"article\" \/>\n<meta property=\"og:title\" content=\"Zapier - Webinar Demo PL | Livespace CRM\" \/>\n<meta property=\"og:url\" content=\"https:\/\/www.livespace.io\/pl\/webinar-demo\/\" \/>\n<meta property=\"og:site_name\" content=\"Livespace CRM\" \/>\n<meta property=\"article:modified_time\" content=\"2025-12-10T13:16:16+00:00\" \/>\n<meta property=\"og:image\" content=\"https:\/\/www.livespace.io\/wp-content\/uploads\/2022\/06\/Livespace-sell-smarter-crm.png\" \/>\n\t<meta property=\"og:image:width\" content=\"1200\" \/>\n\t<meta property=\"og:image:height\" content=\"628\" \/>\n\t<meta property=\"og:image:type\" content=\"image\/png\" \/>\n<meta name=\"twitter:card\" content=\"summary_large_image\" \/>\n<meta name=\"twitter:label1\" content=\"Szacowany czas czytania\" \/>\n\t<meta name=\"twitter:data1\" content=\"1 minuta\" \/>\n<script type=\"application\/ld+json\" class=\"yoast-schema-graph\">{\"@context\":\"https:\\\/\\\/schema.org\",\"@graph\":[{\"@type\":\"WebPage\",\"@id\":\"https:\\\/\\\/www.livespace.io\\\/pl\\\/webinar-demo\\\/\",\"url\":\"https:\\\/\\\/www.livespace.io\\\/pl\\\/webinar-demo\\\/\",\"name\":\"Zapier - Webinar Demo PL | Livespace CRM\",\"isPartOf\":{\"@id\":\"https:\\\/\\\/www.livespace.io\\\/pl\\\/#website\"},\"datePublished\":\"2022-10-21T16:07:12+00:00\",\"dateModified\":\"2025-12-10T13:16:16+00:00\",\"inLanguage\":\"pl-PL\",\"potentialAction\":[{\"@type\":\"ReadAction\",\"target\":[\"https:\\\/\\\/www.livespace.io\\\/pl\\\/webinar-demo\\\/\"]}]},{\"@type\":\"WebSite\",\"@id\":\"https:\\\/\\\/www.livespace.io\\\/pl\\\/#website\",\"url\":\"https:\\\/\\\/www.livespace.io\\\/pl\\\/\",\"name\":\"Livespace CRM\",\"description\":\"sell smarter\",\"publisher\":{\"@id\":\"https:\\\/\\\/www.livespace.io\\\/pl\\\/#organization\"},\"potentialAction\":[{\"@type\":\"SearchAction\",\"target\":{\"@type\":\"EntryPoint\",\"urlTemplate\":\"https:\\\/\\\/www.livespace.io\\\/pl\\\/?s={search_term_string}\"},\"query-input\":{\"@type\":\"PropertyValueSpecification\",\"valueRequired\":true,\"valueName\":\"search_term_string\"}}],\"inLanguage\":\"pl-PL\"},{\"@type\":\"Organization\",\"@id\":\"https:\\\/\\\/www.livespace.io\\\/pl\\\/#organization\",\"name\":\"Livespace.io\",\"url\":\"https:\\\/\\\/www.livespace.io\\\/pl\\\/\",\"logo\":{\"@type\":\"ImageObject\",\"inLanguage\":\"pl-PL\",\"@id\":\"https:\\\/\\\/www.livespace.io\\\/pl\\\/#\\\/schema\\\/logo\\\/image\\\/\",\"url\":\"https:\\\/\\\/www.livespace.io\\\/wp-content\\\/uploads\\\/2021\\\/09\\\/livespace-logo.png\",\"contentUrl\":\"https:\\\/\\\/www.livespace.io\\\/wp-content\\\/uploads\\\/2021\\\/09\\\/livespace-logo.png\",\"width\":204,\"height\":54,\"caption\":\"Livespace.io\"},\"image\":{\"@id\":\"https:\\\/\\\/www.livespace.io\\\/pl\\\/#\\\/schema\\\/logo\\\/image\\\/\"}}]}<\/script>\n<!-- \/ Yoast SEO plugin. -->","yoast_head_json":{"title":"Zapier - Webinar Demo PL | Livespace CRM","robots":{"index":"noindex","follow":"nofollow"},"og_locale":"pl_PL","og_type":"article","og_title":"Zapier - Webinar Demo PL | Livespace CRM","og_url":"https:\/\/www.livespace.io\/pl\/webinar-demo\/","og_site_name":"Livespace CRM","article_modified_time":"2025-12-10T13:16:16+00:00","og_image":[{"width":1200,"height":628,"url":"https:\/\/www.livespace.io\/wp-content\/uploads\/2022\/06\/Livespace-sell-smarter-crm.png","type":"image\/png"}],"twitter_card":"summary_large_image","twitter_misc":{"Szacowany czas czytania":"1 minuta"},"schema":{"@context":"https:\/\/schema.org","@graph":[{"@type":"WebPage","@id":"https:\/\/www.livespace.io\/pl\/webinar-demo\/","url":"https:\/\/www.livespace.io\/pl\/webinar-demo\/","name":"Zapier - Webinar Demo PL | Livespace CRM","isPartOf":{"@id":"https:\/\/www.livespace.io\/pl\/#website"},"datePublished":"2022-10-21T16:07:12+00:00","dateModified":"2025-12-10T13:16:16+00:00","inLanguage":"pl-PL","potentialAction":[{"@type":"ReadAction","target":["https:\/\/www.livespace.io\/pl\/webinar-demo\/"]}]},{"@type":"WebSite","@id":"https:\/\/www.livespace.io\/pl\/#website","url":"https:\/\/www.livespace.io\/pl\/","name":"Livespace CRM","description":"sell smarter","publisher":{"@id":"https:\/\/www.livespace.io\/pl\/#organization"},"potentialAction":[{"@type":"SearchAction","target":{"@type":"EntryPoint","urlTemplate":"https:\/\/www.livespace.io\/pl\/?s={search_term_string}"},"query-input":{"@type":"PropertyValueSpecification","valueRequired":true,"valueName":"search_term_string"}}],"inLanguage":"pl-PL"},{"@type":"Organization","@id":"https:\/\/www.livespace.io\/pl\/#organization","name":"Livespace.io","url":"https:\/\/www.livespace.io\/pl\/","logo":{"@type":"ImageObject","inLanguage":"pl-PL","@id":"https:\/\/www.livespace.io\/pl\/#\/schema\/logo\/image\/","url":"https:\/\/www.livespace.io\/wp-content\/uploads\/2021\/09\/livespace-logo.png","contentUrl":"https:\/\/www.livespace.io\/wp-content\/uploads\/2021\/09\/livespace-logo.png","width":204,"height":54,"caption":"Livespace.io"},"image":{"@id":"https:\/\/www.livespace.io\/pl\/#\/schema\/logo\/image\/"}}]}},"_links":{"self":[{"href":"https:\/\/www.livespace.io\/pl\/wp-json\/wp\/v2\/pages\/104836","targetHints":{"allow":["GET"]}}],"collection":[{"href":"https:\/\/www.livespace.io\/pl\/wp-json\/wp\/v2\/pages"}],"about":[{"href":"https:\/\/www.livespace.io\/pl\/wp-json\/wp\/v2\/types\/page"}],"author":[{"embeddable":true,"href":"https:\/\/www.livespace.io\/pl\/wp-json\/wp\/v2\/users\/1"}],"replies":[{"embeddable":true,"href":"https:\/\/www.livespace.io\/pl\/wp-json\/wp\/v2\/comments?post=104836"}],"version-history":[{"count":3,"href":"https:\/\/www.livespace.io\/pl\/wp-json\/wp\/v2\/pages\/104836\/revisions"}],"predecessor-version":[{"id":200389,"href":"https:\/\/www.livespace.io\/pl\/wp-json\/wp\/v2\/pages\/104836\/revisions\/200389"}],"wp:attachment":[{"href":"https:\/\/www.livespace.io\/pl\/wp-json\/wp\/v2\/media?parent=104836"}],"curies":[{"name":"wp","href":"https:\/\/api.w.org\/{rel}","templated":true}]}}